{"id":707,"date":"2022-08-29T15:32:32","date_gmt":"2022-08-29T13:32:32","guid":{"rendered":"http:\/\/www.masandoia.com\/palais-masandoia\/"},"modified":"2022-09-06T12:08:04","modified_gmt":"2022-09-06T10:08:04","slug":"palais-masandoia","status":"publish","type":"page","link":"https:\/\/www.masandoia.com\/en\/","title":{"rendered":"Palais Masando\u00efa"},"content":{"rendered":"[vc_row full_width=&#8221;stretch_row_content&#8221; css=&#8221;.vc_custom_1662375728680{margin-top: -60px !important;margin-right: 0px !important;margin-bottom: 0px !important;margin-left: 0px !important;padding-top: 0px !important;padding-right: 0px !important;padding-bottom: 0px !important;padding-left: 0px !important;}&#8221;][vc_column css_animation=&#8221;none&#8221; css=&#8221;.vc_custom_1662375722150{margin-top: 0px !important;margin-right: 0px !important;margin-bottom: 0px !important;margin-left: 0px !important;padding-top: 0px !important;padding-right: 0px !important;padding-bottom: 0px !important;padding-left: 0px !important;}&#8221;][rev_slider_vc alias=&#8221;home&#8221;][\/vc_column][\/vc_row][vc_row][vc_column width=&#8221;1\/6&#8243; css=&#8221;.vc_custom_1661851071313{margin-top: 20px !important;margin-bottom: 20px !important;}&#8221;][\/vc_column][vc_column width=&#8221;2\/3&#8243;][vc_column_text]\n<h2 style=\"text-align: center;\">The Palais Masando\u00efa hotel, a magical stop on the edge of the Moroccan desert<\/h2>\n[\/vc_column_text][vc_column_text]\n<p style=\"text-align: left;\">The Masando\u00efa hotel is a magical and timeless place. Experience comfort and Moroccan hospitality in <strong>an exceptional hotel<\/strong> built on the edge of the Sahara. Tucked away just outside of Erfoud, this <strong>sumptuous hotel offers luxury and simplicity<\/strong>, and promises to make your visit through South Morocco a once in a lifetime experience.<\/p>\n<p>Enjoy the fresh aromas of mint tea in our traditional Moroccan lounge, the cosy atmosphere of the Bar des Artistes, the cool breeze of the blue patio, or the exquisite design of the spa. The hotel gardens, the pool, the Berber tent and the fire camp area also make this an idyllic and peaceful place.<\/p>\n<p>Its stunning architecture, polished look, and top-quality tailored service make it the most unique stop in the Merzouga region. This hidden gem offers a one-of-a-kind magical experience tailored to your needs.[\/vc_column_text][\/vc_column][vc_column width=&#8221;1\/6&#8243;][\/vc_column][\/vc_row][vc_row][vc_column width=&#8221;1\/6&#8243;][\/vc_column][vc_column width=&#8221;2\/3&#8243; css=&#8221;.vc_custom_1661852132363{margin-top: 20px !important;margin-bottom: 20px !important;}&#8221;][vc_separator color=&#8221;custom&#8221; border_width=&#8221;2&#8243; el_width=&#8221;10&#8243; accent_color=&#8221;#e5e5e5&#8243; el_class=&#8221;separator&#8221;][\/vc_column][vc_column width=&#8221;1\/6&#8243;][\/vc_column][\/vc_row][vc_row][vc_column width=&#8221;1\/6&#8243;][\/vc_column][vc_column width=&#8221;2\/3&#8243;][vc_column_text]\n<h2 style=\"text-align: center;\">SUITES &amp; ROOMS<\/h2>\n[\/vc_column_text][vc_row_inner][vc_column_inner el_class=&#8221;rooms&#8221; width=&#8221;1\/2&#8243; css=&#8221;.vc_custom_1661873453462{margin-right: 10px !important;margin-bottom: 10px !important;}&#8221;][vc_single_image image=&#8221;36&#8243; img_size=&#8221;700&#215;400&#8243; alignment=&#8221;center&#8221; onclick=&#8221;custom_link&#8221; css_animation=&#8221;none&#8221; link=&#8221;http:\/\/www.masandoia.com\/en\/deluxe-rooms\/&#8221;][vc_column_text]\n<h3 style=\"text-align: center;\"><a href=\"http:\/\/www.masandoia.com\/en\/deluxe-rooms\/\">DELUXE ROOMS \u2013 DOUBLE OR TWIN<\/a><\/h3>\n[\/vc_column_text][vc_btn title=&#8221;Check Details&#8221; style=&#8221;flat&#8221; shape=&#8221;square&#8221; color=&#8221;white&#8221; align=&#8221;center&#8221; i_align=&#8221;right&#8221; i_icon_fontawesome=&#8221;fa fa-angle-right&#8221; add_icon=&#8221;true&#8221; link=&#8221;url:http%3A%2F%2Fwww.masandoia.com%2Fen%2Fdeluxe-rooms%2F|||&#8221;][\/vc_column_inner][vc_column_inner el_class=&#8221;rooms&#8221; width=&#8221;1\/2&#8243; css=&#8221;.vc_custom_1661873459799{margin-top: 0px !important;margin-bottom: 10px !important;margin-left: 10px !important;}&#8221;][vc_single_image image=&#8221;40&#8243; img_size=&#8221;700&#215;400&#8243; alignment=&#8221;center&#8221; onclick=&#8221;custom_link&#8221; css_animation=&#8221;none&#8221; link=&#8221;http:\/\/www.masandoia.com\/en\/deluxe-suites-en\/&#8221;][vc_column_text]\n<h3 style=\"text-align: center;\"><a href=\"http:\/\/www.masandoia.com\/en\/deluxe-suites-en\/\">DELUXE SUITES<\/a><\/h3>\n[\/vc_column_text][vc_btn title=&#8221;Check Details&#8221; style=&#8221;flat&#8221; shape=&#8221;square&#8221; color=&#8221;white&#8221; align=&#8221;center&#8221; i_align=&#8221;right&#8221; i_icon_fontawesome=&#8221;fa fa-angle-right&#8221; add_icon=&#8221;true&#8221; link=&#8221;url:http%3A%2F%2Fwww.masandoia.com%2Fen%2Fdeluxe-suites-en%2F|||&#8221;][\/vc_column_inner][\/vc_row_inner][\/vc_column][vc_column width=&#8221;1\/6&#8243;][\/vc_column][\/vc_row][vc_row full_width=&#8221;stretch_row&#8221; css=&#8221;.vc_custom_1661855986029{background-color: #f2f2f2 !important;}&#8221;][vc_column width=&#8221;1\/6&#8243;][\/vc_column][vc_column width=&#8221;2\/3&#8243;][vc_row_inner][vc_column_inner width=&#8221;1\/2&#8243; css=&#8221;.vc_custom_1661856252275{margin-right: 0px !important;margin-bottom: 0px !important;padding-top: 5px !important;padding-right: 5px !important;padding-bottom: 5px !important;padding-left: 5px !important;}&#8221;][vc_column_text css=&#8221;.vc_custom_1662382892525{margin-bottom: 10px !important;}&#8221;]\n<h4>GALLERY<\/h4>\n[\/vc_column_text][vc_separator color=&#8221;custom&#8221; align=&#8221;align_left&#8221; border_width=&#8221;2&#8243; el_width=&#8221;10&#8243; accent_color=&#8221;#b89f80&#8243; el_class=&#8221;separator-left&#8221; css=&#8221;.vc_custom_1661856697227{margin-bottom: 20px !important;margin-left: 5px !important;}&#8221;][vc_gallery type=&#8221;image_grid&#8221; images=&#8221;56,64,58,57,62,63,60,59,61&#8243; img_size=&#8221;120&#215;100&#8243; el_class=&#8221;gallery-home&#8221;][\/vc_column_inner][vc_column_inner width=&#8221;1\/2&#8243; css=&#8221;.vc_custom_1661856259091{padding-top: 5px !important;padding-right: 5px !important;padding-bottom: 5px !important;padding-left: 5px !important;}&#8221;][vc_column_text css=&#8221;.vc_custom_1662382901421{margin-bottom: 10px !important;}&#8221;]\n<h4>GUIDED TOUR OF THE PALAIS<\/h4>\n[\/vc_column_text][vc_separator color=&#8221;custom&#8221; align=&#8221;align_left&#8221; border_width=&#8221;2&#8243; el_width=&#8221;10&#8243; accent_color=&#8221;#b89f80&#8243; el_class=&#8221;separator-left&#8221; css=&#8221;.vc_custom_1661856701723{margin-bottom: 20px !important;margin-left: 5px !important;}&#8221;][vc_video link=&#8221;https:\/\/vimeo.com\/64380209&#8243; align=&#8221;center&#8221;][vc_column_text]LUXURY, CALM &amp; DELIGHT.<\/p>\n<p>DISCOVER AN EXCEPTIONAL HOTEL AT THE SAHARA DESERT&#8217;S GATES.[\/vc_column_text][\/vc_column_inner][\/vc_row_inner][\/vc_column][vc_column width=&#8221;1\/6&#8243;][\/vc_column][\/vc_row][vc_row full_width=&#8221;stretch_row&#8221; css=&#8221;.vc_custom_1661863657099{background-image: url(http:\/\/www.masandoia.com\/wp-content\/uploads\/2022\/08\/luxe-calme-et-volupte-au-maroc-palais-masandoia.jpg?id=76) !important;background-position: center !important;background-repeat: no-repeat !important;background-size: cover !important;}&#8221; el_class=&#8221;white-color&#8221;][vc_column width=&#8221;1\/2&#8243; el_class=&#8221;white-color&#8221; css=&#8221;.vc_custom_1661863503148{margin-top: 20px !important;margin-right: 20px !important;margin-bottom: 20px !important;margin-left: 20px !important;}&#8221;][vc_column_text css=&#8221;.vc_custom_1662382947935{padding-top: 20px !important;padding-right: 20px !important;padding-bottom: 20px !important;padding-left: 20px !important;}&#8221;]\n<h3>Concierge service<\/h3>\n<p>Our concierge team is specially trained to provide individualized quality services throughout your stay as well as during activities and excursions. We do everything in our power to turn your wishes into reality.<\/p>\n<p>The <strong>Palais Masando\u00efa hotel<\/strong> is situated outside popular tourist areas. With only twelve rooms and three suites, it is the ideal place to discover the surrounding areas, to experience the richness of Moroccan culture and to discover the beauty of the desert.[\/vc_column_text][\/vc_column][vc_column width=&#8221;1\/2&#8243; css=&#8221;.vc_custom_1661863510716{margin-top: 20px !important;margin-right: 20px !important;margin-bottom: 20px !important;margin-left: 20px !important;}&#8221;][vc_column_text css=&#8221;.vc_custom_1662382963736{padding-top: 20px !important;padding-right: 20px !important;padding-left: 20px !important;}&#8221;]\n<h3>Private rental<\/h3>\n<p>The Palais Masando\u00efa can be rented in its entirety and transformed to host all types of events. From fairy-tale weddings to film productions, the hotel team easily adapts to the needs of its guests and carry out their requests, even the wildest ones.[\/vc_column_text][vc_btn title=&#8221;Learn more&#8221; style=&#8221;classic&#8221; shape=&#8221;square&#8221; color=&#8221;white&#8221; align=&#8221;center&#8221; link=&#8221;url:http%3A%2F%2Fwww.masandoia.com%2Fen%2Fyour-event%2F|title:Private%20rental||&#8221; css=&#8221;.vc_custom_1662458880662{padding-right: 20px !important;padding-bottom: 20px !important;padding-left: 20px !important;}&#8221;][\/vc_column][\/vc_row][vc_row][vc_column width=&#8221;1\/6&#8243;][\/vc_column][vc_column width=&#8221;2\/3&#8243;][vc_column_text]\n<h2 style=\"text-align: center;\">TESTIMONIALS<\/h2>\n[\/vc_column_text][vc_posts_slider type=&#8221;flexslider_slide&#8221; count=&#8221;All&#8221; interval=&#8221;10&#8243; slides_content=&#8221;teaser&#8221; slides_title=&#8221;1&#8243; link=&#8221;link_no&#8221; orderby=&#8221;date&#8221; posttypes=&#8221;post&#8221; categories=&#8221;testimonials&#8221; el_class=&#8221;temoignages&#8221;][\/vc_column][vc_column width=&#8221;1\/6&#8243;][\/vc_column][\/vc_row]\n","protected":false},"excerpt":{"rendered":"<p>[vc_row full_width=&#8221;stretch_row_content&#8221; css=&#8221;.vc_custom_1662375728680{margin-top: -60px !important;margin-right: 0px !important;margin-bottom: 0px !important;margin-left: 0px !important;padding-top: 0px !important;padding-right: 0px !important;padding-bottom: 0px !important;padding-left: 0px !important;}&#8221;][vc_column css_animation=&#8221;none&#8221; css=&#8221;.vc_custom_1662375722150{margin-top: 0px !important;margin-right: 0px !important;margin-bottom: 0px !important;margin-left: 0px !important;padding-top: 0px !important;padding-right: 0px !important;padding-bottom: 0px !important;padding-left: 0px !important;}&#8221;][rev_slider_vc alias=&#8221;home&#8221;][\/vc_column][\/vc_row][vc_row][vc_column width=&#8221;1\/6&#8243; css=&#8221;.vc_custom_1661851071313{margin-top: 20px !important;margin-bottom: 20px !important;}&#8221;][\/vc_column][vc_column width=&#8221;2\/3&#8243;][vc_column_text] The Palais Masando\u00efa hotel, a magical stop on the edge [&hellip;]<\/p>\n","protected":false},"author":1,"featured_media":0,"parent":0,"menu_order":0,"comment_status":"closed","ping_status":"open","template":"page-templates\/page_without-sidebar.php","meta":{"_acf_changed":false,"footnotes":""},"class_list":["post-707","page","type-page","status-publish","hentry"],"acf":[],"yoast_head":"<!-- This site is optimized with the Yoast SEO plugin v27.1.1 - https:\/\/yoast.com\/product\/yoast-seo-wordpress\/ -->\n<title>Palais Masando\u00efa | A magical stop on the edge of the Moroccan desert<\/title>\n<meta name=\"description\" content=\"The Masando\u00efa hotel is a magical and timeless place. Experience comfort and Moroccan hospitality in an exceptional hotel built on the edge of the Sahara. Tucked away just outside of Erfoud, this sumptuous hotel offers luxury and simplicity, and promises to make your visit through South Morocco a once in a lifetime experience.\" \/>\n<meta name=\"robots\" content=\"index, follow, max-snippet:-1, max-image-preview:large, max-video-preview:-1\" \/>\n<link rel=\"canonical\" href=\"https:\/\/www.masandoia.com\/en\/\" \/>\n<meta property=\"og:locale\" content=\"en_US\" \/>\n<meta property=\"og:type\" content=\"article\" \/>\n<meta property=\"og:title\" content=\"Palais Masando\u00efa | Un h\u00f4tel d\u2019exception aux portes du D\u00e9sert\" \/>\n<meta property=\"og:description\" content=\"L\u2019h\u00f4tel Palais Masando\u00efa est la promesse d\u2019une escale f\u00e9\u00e9rique et hors du temps aux portes du d\u00e9sert du Sahara, une parenth\u00e8se privil\u00e9gi\u00e9e durant laquelle tout devient possible.\" \/>\n<meta property=\"og:url\" content=\"https:\/\/www.masandoia.com\/en\/\" \/>\n<meta property=\"og:site_name\" content=\"Palais Masando\u00efa\" \/>\n<meta property=\"article:modified_time\" content=\"2022-09-06T10:08:04+00:00\" \/>\n<meta property=\"og:image\" content=\"http:\/\/www.masandoia.com\/wp-content\/uploads\/2022\/08\/hotel-palais-masandoia-exterieur-1-1024x448.jpg\" \/>\n<meta name=\"twitter:card\" content=\"summary_large_image\" \/>\n<meta name=\"twitter:title\" content=\"Palais Masando\u00efa | Un h\u00f4tel d\u2019exception aux portes du D\u00e9sert\" \/>\n<meta name=\"twitter:label1\" content=\"Est. reading time\" \/>\n\t<meta name=\"twitter:data1\" content=\"3 minutes\" \/>\n<script type=\"application\/ld+json\" class=\"yoast-schema-graph\">{\"@context\":\"https:\/\/schema.org\",\"@graph\":[{\"@type\":\"WebPage\",\"@id\":\"https:\/\/www.masandoia.com\/en\/\",\"url\":\"https:\/\/www.masandoia.com\/en\/\",\"name\":\"Palais Masando\u00efa | A magical stop on the edge of the Moroccan desert\",\"isPartOf\":{\"@id\":\"https:\/\/www.masandoia.com\/en\/#website\"},\"datePublished\":\"2022-08-29T13:32:32+00:00\",\"dateModified\":\"2022-09-06T10:08:04+00:00\",\"description\":\"The Masando\u00efa hotel is a magical and timeless place. Experience comfort and Moroccan hospitality in an exceptional hotel built on the edge of the Sahara. Tucked away just outside of Erfoud, this sumptuous hotel offers luxury and simplicity, and promises to make your visit through South Morocco a once in a lifetime experience.\",\"breadcrumb\":{\"@id\":\"https:\/\/www.masandoia.com\/en\/#breadcrumb\"},\"inLanguage\":\"en-US\",\"potentialAction\":[{\"@type\":\"ReadAction\",\"target\":[\"https:\/\/www.masandoia.com\/en\/\"]}]},{\"@type\":\"BreadcrumbList\",\"@id\":\"https:\/\/www.masandoia.com\/en\/#breadcrumb\",\"itemListElement\":[{\"@type\":\"ListItem\",\"position\":1,\"name\":\"Home\",\"item\":\"https:\/\/www.masandoia.com\/en\/\"},{\"@type\":\"ListItem\",\"position\":2,\"name\":\"Palais Masando\u00efa\"}]},{\"@type\":\"WebSite\",\"@id\":\"https:\/\/www.masandoia.com\/en\/#website\",\"url\":\"https:\/\/www.masandoia.com\/en\/\",\"name\":\"Palais Masando\u00efa\",\"description\":\"Boutique h\u00f4tel d&#039;exception \u00e0 Erfoud\",\"potentialAction\":[{\"@type\":\"SearchAction\",\"target\":{\"@type\":\"EntryPoint\",\"urlTemplate\":\"https:\/\/www.masandoia.com\/en\/?s={search_term_string}\"},\"query-input\":{\"@type\":\"PropertyValueSpecification\",\"valueRequired\":true,\"valueName\":\"search_term_string\"}}],\"inLanguage\":\"en-US\"}]}<\/script>\n<!-- \/ Yoast SEO plugin. -->","yoast_head_json":{"title":"Palais Masando\u00efa | A magical stop on the edge of the Moroccan desert","description":"The Masando\u00efa hotel is a magical and timeless place. Experience comfort and Moroccan hospitality in an exceptional hotel built on the edge of the Sahara. Tucked away just outside of Erfoud, this sumptuous hotel offers luxury and simplicity, and promises to make your visit through South Morocco a once in a lifetime experience.","robots":{"index":"index","follow":"follow","max-snippet":"max-snippet:-1","max-image-preview":"max-image-preview:large","max-video-preview":"max-video-preview:-1"},"canonical":"https:\/\/www.masandoia.com\/en\/","og_locale":"en_US","og_type":"article","og_title":"Palais Masando\u00efa | Un h\u00f4tel d\u2019exception aux portes du D\u00e9sert","og_description":"L\u2019h\u00f4tel Palais Masando\u00efa est la promesse d\u2019une escale f\u00e9\u00e9rique et hors du temps aux portes du d\u00e9sert du Sahara, une parenth\u00e8se privil\u00e9gi\u00e9e durant laquelle tout devient possible.","og_url":"https:\/\/www.masandoia.com\/en\/","og_site_name":"Palais Masando\u00efa","article_modified_time":"2022-09-06T10:08:04+00:00","og_image":[{"url":"http:\/\/www.masandoia.com\/wp-content\/uploads\/2022\/08\/hotel-palais-masandoia-exterieur-1-1024x448.jpg","type":"","width":"","height":""}],"twitter_card":"summary_large_image","twitter_title":"Palais Masando\u00efa | Un h\u00f4tel d\u2019exception aux portes du D\u00e9sert","twitter_misc":{"Est. reading time":"3 minutes"},"schema":{"@context":"https:\/\/schema.org","@graph":[{"@type":"WebPage","@id":"https:\/\/www.masandoia.com\/en\/","url":"https:\/\/www.masandoia.com\/en\/","name":"Palais Masando\u00efa | A magical stop on the edge of the Moroccan desert","isPartOf":{"@id":"https:\/\/www.masandoia.com\/en\/#website"},"datePublished":"2022-08-29T13:32:32+00:00","dateModified":"2022-09-06T10:08:04+00:00","description":"The Masando\u00efa hotel is a magical and timeless place. Experience comfort and Moroccan hospitality in an exceptional hotel built on the edge of the Sahara. Tucked away just outside of Erfoud, this sumptuous hotel offers luxury and simplicity, and promises to make your visit through South Morocco a once in a lifetime experience.","breadcrumb":{"@id":"https:\/\/www.masandoia.com\/en\/#breadcrumb"},"inLanguage":"en-US","potentialAction":[{"@type":"ReadAction","target":["https:\/\/www.masandoia.com\/en\/"]}]},{"@type":"BreadcrumbList","@id":"https:\/\/www.masandoia.com\/en\/#breadcrumb","itemListElement":[{"@type":"ListItem","position":1,"name":"Home","item":"https:\/\/www.masandoia.com\/en\/"},{"@type":"ListItem","position":2,"name":"Palais Masando\u00efa"}]},{"@type":"WebSite","@id":"https:\/\/www.masandoia.com\/en\/#website","url":"https:\/\/www.masandoia.com\/en\/","name":"Palais Masando\u00efa","description":"Boutique h\u00f4tel d&#039;exception \u00e0 Erfoud","potentialAction":[{"@type":"SearchAction","target":{"@type":"EntryPoint","urlTemplate":"https:\/\/www.masandoia.com\/en\/?s={search_term_string}"},"query-input":{"@type":"PropertyValueSpecification","valueRequired":true,"valueName":"search_term_string"}}],"inLanguage":"en-US"}]}},"_links":{"self":[{"href":"https:\/\/www.masandoia.com\/en\/wp-json\/wp\/v2\/pages\/707","targetHints":{"allow":["GET"]}}],"collection":[{"href":"https:\/\/www.masandoia.com\/en\/wp-json\/wp\/v2\/pages"}],"about":[{"href":"https:\/\/www.masandoia.com\/en\/wp-json\/wp\/v2\/types\/page"}],"author":[{"embeddable":true,"href":"https:\/\/www.masandoia.com\/en\/wp-json\/wp\/v2\/users\/1"}],"replies":[{"embeddable":true,"href":"https:\/\/www.masandoia.com\/en\/wp-json\/wp\/v2\/comments?post=707"}],"version-history":[{"count":2,"href":"https:\/\/www.masandoia.com\/en\/wp-json\/wp\/v2\/pages\/707\/revisions"}],"predecessor-version":[{"id":820,"href":"https:\/\/www.masandoia.com\/en\/wp-json\/wp\/v2\/pages\/707\/revisions\/820"}],"wp:attachment":[{"href":"https:\/\/www.masandoia.com\/en\/wp-json\/wp\/v2\/media?parent=707"}],"curies":[{"name":"wp","href":"https:\/\/api.w.org\/{rel}","templated":true}]}}