{"id":747,"date":"2022-08-30T17:13:46","date_gmt":"2022-08-30T15:13:46","guid":{"rendered":"http:\/\/www.masandoia.com\/hotel-exceptionnel-aux-portes-du-desert\/"},"modified":"2022-09-05T16:59:16","modified_gmt":"2022-09-05T14:59:16","slug":"exceptionnal-hotel-on-the-edge-of-the-desert","status":"publish","type":"page","link":"https:\/\/www.masandoia.com\/en\/exceptionnal-hotel-on-the-edge-of-the-desert\/","title":{"rendered":"THE PALAIS MASANDO\u00cfA, A ONE-OF-A-KIND HOTEL ON THE EDGE OF THE SAHARA DESERT"},"content":{"rendered":"[vc_row css=&#8221;.vc_custom_1661934283908{margin-top: 40px !important;}&#8221;][vc_column width=&#8221;1\/6&#8243;][\/vc_column][vc_column width=&#8221;2\/3&#8243;][vc_column_text]\n<blockquote><p><em><span style=\"font-size: 18px;\">\u00ab I have always loved the desert. One sits down on a desert sand dune, sees nothing, hears nothing. Yet through the silence something throbs, and gleams\u2026 \u00bb<\/span><\/em><\/p><\/blockquote>\n<p style=\"text-align: right;\">Antoine de Saint-Exupery<\/p>\n[\/vc_column_text][\/vc_column][vc_column width=&#8221;1\/6&#8243;][\/vc_column][\/vc_row][vc_row css=&#8221;.vc_custom_1661935472340{margin-top: 20px !important;}&#8221;][vc_column width=&#8221;1\/6&#8243;][\/vc_column][vc_column width=&#8221;2\/3&#8243;][vc_row_inner][vc_column_inner width=&#8221;1\/2&#8243; css=&#8221;.vc_custom_1661935455025{margin-bottom: 20px !important;padding-right: 10px !important;padding-left: 10px !important;}&#8221;][vc_column_text]Not far from the majestic dunes of Erg Chebbi hides <strong>a unique hotel : The Palais Masando\u00efa<\/strong>.<\/p>\n<p>Built on the outskirts of Erfoud and away from common tourist attractions, this exceptional hotel is the ideal location for those who love open spaces and wish to explore South Morocco\u2019s most unique locations.<\/p>\n<p>This intimate and welcoming oasis will no-doubt charm you with its magnificent decor and gorgeous array of colours.[\/vc_column_text][\/vc_column_inner][vc_column_inner width=&#8221;1\/2&#8243; css=&#8221;.vc_custom_1661935465961{margin-bottom: 20px !important;padding-right: 10px !important;padding-left: 10px !important;}&#8221;][vc_column_text]Located 45 minutes from the Errachidia airport and in one of the most pristine natural settings in the world, <strong>the Palais Masando\u00efa is an ode to comfort, luxury, Moroccan culture and absolute calm<\/strong>. Its top-quality service is unequalled <strong>in the Merzouga region<\/strong> and makes it the ideal place to stay, either before or after your desert adventures.<\/p>\n<p>With its <strong>luxurious rooms<\/strong>, <strong>personalized service<\/strong> and<strong> intimate setting<\/strong>, the <strong>Palais Masando\u00efa<\/strong> holds the secrets to ultimate relaxation on the edge of the Sahara desert.[\/vc_column_text][\/vc_column_inner][\/vc_row_inner][\/vc_column][vc_column width=&#8221;1\/6&#8243;][\/vc_column][\/vc_row][vc_row full_width=&#8221;stretch_row&#8221; css=&#8221;.vc_custom_1661937739728{margin-top: 40px !important;background-color: #f2f2f2 !important;}&#8221;][vc_column width=&#8221;1\/6&#8243;][\/vc_column][vc_column width=&#8221;2\/3&#8243;][vc_column_text]\n<h2 style=\"text-align: center;\">The Palais Masandoia, luxury and serenity in the south of Morocco<\/h2>\n[\/vc_column_text][vc_row_inner][vc_column_inner width=&#8221;2\/3&#8243;][vc_column_text]\n<h3>Patio, restaurant &amp; bar<\/h3>\n<p>This <strong>Palais Masando\u00efa<\/strong> is an oasis of calm that offers wellbeing, <strong>luxury and comfort<\/strong>, where tints of ochre, purple and blue change depending on the hours and the seasons. The Palais Masando\u00efa is built around a central courtyard and each room is easily accessible.<\/p>\n<p>At the heart of the hotel, the blue patio is bathed in sunlight during the day and cool refreshing shade in the evening. It is the perfect backdrop to enjoy a delicious breakfast or a candlelight diner.<\/p>\n<p>The <strong>Bar des Artistes<\/strong>, with its American charm and plush atmosphere, boasts an impressive wine list and an array of <strong>delicious cocktails<\/strong>, which can be prepared with or without alcohol. It offers a perfect setting to plan you next desert adventure.<\/p>\n<p>Just a few steps away lies a traditional Moroccan salon, the Salon Touareg, where you can take part in the traditional mint tea ritual and enjoy sophisticated dishes prepared with the best local products the Erfoud market has to offer. You can also discover the secrets of traditional Moroccan cooking in the adjoining restaurant and during <strong>many different events<\/strong>.[\/vc_column_text][\/vc_column_inner][vc_column_inner el_class=&#8221;gallery-home&#8221; width=&#8221;1\/3&#8243; css=&#8221;.vc_custom_1661937666102{margin-top: 40px !important;}&#8221;][vc_gallery type=&#8221;image_grid&#8221; images=&#8221;155,156,157,162,166,164,158,163,161,165,160,159&#8243; img_size=&#8221;90&#215;90&#8243;][\/vc_column_inner][\/vc_row_inner][\/vc_column][vc_column width=&#8221;1\/6&#8243;][\/vc_column][\/vc_row][vc_row full_width=&#8221;stretch_row_content&#8221; css=&#8221;.vc_custom_1661939743735{margin-bottom: 0px !important;padding-top: 0px !important;padding-right: 0px !important;padding-bottom: 0px !important;padding-left: 0px !important;}&#8221;][vc_column css=&#8221;.vc_custom_1661939748224{margin-top: 0px !important;margin-right: 0px !important;margin-bottom: 0px !important;margin-left: 0px !important;padding-top: 0px !important;padding-right: 0px !important;padding-bottom: 0px !important;padding-left: 0px !important;}&#8221;][vc_images_carousel images=&#8221;177,178,179,180,181,182,183,184,185&#8243; img_size=&#8221;full&#8221; onclick=&#8221;link_no&#8221; autoplay=&#8221;yes&#8221; wrap=&#8221;yes&#8221; el_class=&#8221;piscine-et-spa&#8221; css=&#8221;.vc_custom_1661939759020{margin-right: 0px !important;margin-bottom: 0px !important;margin-left: 0px !important;padding-right: 0px !important;padding-bottom: 0px !important;padding-left: 0px !important;}&#8221;][\/vc_column][\/vc_row][vc_row css=&#8221;.vc_custom_1661940413694{margin-top: 0px !important;margin-right: 0px !important;margin-bottom: 40px !important;margin-left: 0px !important;padding-top: 0px !important;padding-right: 0px !important;padding-left: 0px !important;}&#8221;][vc_column width=&#8221;1\/6&#8243; css=&#8221;.vc_custom_1661939699022{margin-top: 0px !important;margin-right: 0px !important;margin-left: 0px !important;padding-top: 0px !important;padding-right: 0px !important;padding-bottom: 0px !important;padding-left: 0px !important;}&#8221;][\/vc_column][vc_column width=&#8221;2\/3&#8243; css=&#8221;.vc_custom_1661939688831{margin-top: 0px !important;margin-right: 0px !important;margin-left: 0px !important;padding-top: 0px !important;padding-right: 0px !important;padding-bottom: 0px !important;padding-left: 0px !important;}&#8221;][vc_column_text]\n<h2>Swimming pools, Hammam &amp; Spa<\/h2>\n<p>The Palais Masando\u00efa is equipped with a<strong> superb indoor heated pool<\/strong> complete with <strong>Jacuzzi and spa<\/strong>. Its magical design and star-studded ceiling is sure to charm you. You will get a chance to unwind and treat yourself to traditional Moroccan body care treatments.<\/p>\n<p>The <strong>Palais Masando\u00efa<\/strong> also has a beautiful outdoor pool built in the heart of a palm garden. Surrounded by a solarium,<strong> this is the ideal place to lounge about during the day and admire the shimmering stars at nigh<\/strong>t. It also offers the perfect backdrop for long philosophical discussions under a moonlit sky.[\/vc_column_text][\/vc_column][vc_column width=&#8221;1\/6&#8243; css=&#8221;.vc_custom_1661939708455{margin-top: 0px !important;margin-right: 0px !important;margin-bottom: 0px !important;margin-left: 0px !important;padding-top: 0px !important;padding-right: 0px !important;padding-bottom: 0px !important;padding-left: 0px !important;}&#8221;][\/vc_column][\/vc_row][vc_row full_width=&#8221;stretch_row&#8221; css=&#8221;.vc_custom_1661940472873{padding-top: 20px !important;padding-bottom: 40px !important;background-color: #b89f80 !important;}&#8221;][vc_column width=&#8221;1\/6&#8243;][\/vc_column][vc_column width=&#8221;2\/3&#8243;][vc_row_inner][vc_column_inner width=&#8221;1\/6&#8243; css=&#8221;.vc_custom_1661940324699{margin-top: 70px !important;}&#8221;][vc_icon type=&#8221;material&#8221; icon_material=&#8221;vc-material vc-material-notifications&#8221; color=&#8221;white&#8221; size=&#8221;xl&#8221; align=&#8221;center&#8221; link=&#8221;url:http%3A%2F%2Fwww.masandoia.com%2Fcontactez-nous%2F|||&#8221;][\/vc_column_inner][vc_column_inner width=&#8221;5\/6&#8243;][vc_column_text el_class=&#8221;white-color&#8221;]\n<h2>An hotel with an intimate setting<\/h2>\n<p>The hotel was purposefully built to host only a limited amount of guests. With just twelve rooms and three suites, the hotel offers calm, luxury, discretion and <strong>personalized service<\/strong> in an intimate setting away from standard hotel chains.<\/p>\n<p>The service team is specifically trained to turn each wish into reality.[\/vc_column_text][\/vc_column_inner][\/vc_row_inner][\/vc_column][vc_column width=&#8221;1\/6&#8243;][\/vc_column][\/vc_row]\n","protected":false},"excerpt":{"rendered":"<p>[vc_row css=&#8221;.vc_custom_1661934283908{margin-top: 40px !important;}&#8221;][vc_column width=&#8221;1\/6&#8243;][\/vc_column][vc_column width=&#8221;2\/3&#8243;][vc_column_text] \u00ab I have always loved the desert. One sits down on a desert sand dune, sees nothing, hears nothing. Yet through the silence something throbs, and gleams\u2026 \u00bb Antoine de Saint-Exupery [\/vc_column_text][\/vc_column][vc_column width=&#8221;1\/6&#8243;][\/vc_column][\/vc_row][vc_row css=&#8221;.vc_custom_1661935472340{margin-top: 20px !important;}&#8221;][vc_column width=&#8221;1\/6&#8243;][\/vc_column][vc_column width=&#8221;2\/3&#8243;][vc_row_inner][vc_column_inner width=&#8221;1\/2&#8243; css=&#8221;.vc_custom_1661935455025{margin-bottom: 20px !important;padding-right: 10px !important;padding-left: 10px !important;}&#8221;][vc_column_text]Not far from the [&hellip;]<\/p>\n","protected":false},"author":1,"featured_media":0,"parent":0,"menu_order":0,"comment_status":"closed","ping_status":"closed","template":"page-templates\/page_without-sidebar.php","meta":{"_acf_changed":false,"footnotes":""},"class_list":["post-747","page","type-page","status-publish","hentry"],"acf":[],"yoast_head":"<!-- This site is optimized with the Yoast SEO plugin v27.1.1 - https:\/\/yoast.com\/product\/yoast-seo-wordpress\/ -->\n<title>Palais Masando\u00efa | THE PALAIS MASANDO\u00cfA, A ONE-OF-A-KIND HOTEL ON THE EDGE OF THE SAHARA DESERT<\/title>\n<meta name=\"description\" content=\"Built on the outskirts of Erfoud and away from common tourist attractions, this exceptional hotel is the ideal location for those who love open spaces and wish to explore South Morocco\u2019s most unique locations.\" \/>\n<meta name=\"robots\" content=\"index, follow, max-snippet:-1, max-image-preview:large, max-video-preview:-1\" \/>\n<link rel=\"canonical\" href=\"https:\/\/www.masandoia.com\/en\/exceptionnal-hotel-on-the-edge-of-the-desert\/\" \/>\n<meta property=\"og:locale\" content=\"en_US\" \/>\n<meta property=\"og:type\" content=\"article\" \/>\n<meta property=\"og:title\" content=\"Palais Masando\u00efa | THE PALAIS MASANDO\u00cfA, A ONE-OF-A-KIND HOTEL ON THE EDGE OF THE SAHARA DESERT\" \/>\n<meta property=\"og:description\" content=\"Situ\u00e9 \u00e0 45 minutes de l&#039;a\u00e9roport d&#039;Errachidia, le Palais Masando\u00efa vous propose un s\u00e9jour plac\u00e9 sous le signe du calme et du luxe.\" \/>\n<meta property=\"og:url\" content=\"https:\/\/www.masandoia.com\/en\/exceptionnal-hotel-on-the-edge-of-the-desert\/\" \/>\n<meta property=\"og:site_name\" content=\"Palais Masando\u00efa\" \/>\n<meta property=\"article:modified_time\" content=\"2022-09-05T14:59:16+00:00\" \/>\n<meta property=\"og:image\" content=\"https:\/\/www.masandoia.com\/wp-content\/uploads\/2022\/08\/pisicine-exterieure-palais-masandoia.jpg\" \/>\n\t<meta property=\"og:image:width\" content=\"1600\" \/>\n\t<meta property=\"og:image:height\" content=\"700\" \/>\n\t<meta property=\"og:image:type\" content=\"image\/jpeg\" \/>\n<meta name=\"twitter:card\" content=\"summary_large_image\" \/>\n<meta name=\"twitter:label1\" content=\"Est. reading time\" \/>\n\t<meta name=\"twitter:data1\" content=\"4 minutes\" \/>\n<script type=\"application\/ld+json\" class=\"yoast-schema-graph\">{\"@context\":\"https:\/\/schema.org\",\"@graph\":[{\"@type\":\"WebPage\",\"@id\":\"https:\/\/www.masandoia.com\/en\/exceptionnal-hotel-on-the-edge-of-the-desert\/\",\"url\":\"https:\/\/www.masandoia.com\/en\/exceptionnal-hotel-on-the-edge-of-the-desert\/\",\"name\":\"Palais Masando\u00efa | THE PALAIS MASANDO\u00cfA, A ONE-OF-A-KIND HOTEL ON THE EDGE OF THE SAHARA DESERT\",\"isPartOf\":{\"@id\":\"https:\/\/www.masandoia.com\/en\/#website\"},\"datePublished\":\"2022-08-30T15:13:46+00:00\",\"dateModified\":\"2022-09-05T14:59:16+00:00\",\"description\":\"Built on the outskirts of Erfoud and away from common tourist attractions, this exceptional hotel is the ideal location for those who love open spaces and wish to explore South Morocco\u2019s most unique locations.\",\"breadcrumb\":{\"@id\":\"https:\/\/www.masandoia.com\/en\/exceptionnal-hotel-on-the-edge-of-the-desert\/#breadcrumb\"},\"inLanguage\":\"en-US\",\"potentialAction\":[{\"@type\":\"ReadAction\",\"target\":[\"https:\/\/www.masandoia.com\/en\/exceptionnal-hotel-on-the-edge-of-the-desert\/\"]}]},{\"@type\":\"BreadcrumbList\",\"@id\":\"https:\/\/www.masandoia.com\/en\/exceptionnal-hotel-on-the-edge-of-the-desert\/#breadcrumb\",\"itemListElement\":[{\"@type\":\"ListItem\",\"position\":1,\"name\":\"Home\",\"item\":\"https:\/\/www.masandoia.com\/en\/\"},{\"@type\":\"ListItem\",\"position\":2,\"name\":\"THE PALAIS MASANDO\u00cfA, A ONE-OF-A-KIND HOTEL ON THE EDGE OF THE SAHARA DESERT\"}]},{\"@type\":\"WebSite\",\"@id\":\"https:\/\/www.masandoia.com\/en\/#website\",\"url\":\"https:\/\/www.masandoia.com\/en\/\",\"name\":\"Palais Masando\u00efa\",\"description\":\"Boutique h\u00f4tel d&#039;exception \u00e0 Erfoud\",\"potentialAction\":[{\"@type\":\"SearchAction\",\"target\":{\"@type\":\"EntryPoint\",\"urlTemplate\":\"https:\/\/www.masandoia.com\/en\/?s={search_term_string}\"},\"query-input\":{\"@type\":\"PropertyValueSpecification\",\"valueRequired\":true,\"valueName\":\"search_term_string\"}}],\"inLanguage\":\"en-US\"}]}<\/script>\n<!-- \/ Yoast SEO plugin. -->","yoast_head_json":{"title":"Palais Masando\u00efa | THE PALAIS MASANDO\u00cfA, A ONE-OF-A-KIND HOTEL ON THE EDGE OF THE SAHARA DESERT","description":"Built on the outskirts of Erfoud and away from common tourist attractions, this exceptional hotel is the ideal location for those who love open spaces and wish to explore South Morocco\u2019s most unique locations.","robots":{"index":"index","follow":"follow","max-snippet":"max-snippet:-1","max-image-preview":"max-image-preview:large","max-video-preview":"max-video-preview:-1"},"canonical":"https:\/\/www.masandoia.com\/en\/exceptionnal-hotel-on-the-edge-of-the-desert\/","og_locale":"en_US","og_type":"article","og_title":"Palais Masando\u00efa | THE PALAIS MASANDO\u00cfA, A ONE-OF-A-KIND HOTEL ON THE EDGE OF THE SAHARA DESERT","og_description":"Situ\u00e9 \u00e0 45 minutes de l'a\u00e9roport d'Errachidia, le Palais Masando\u00efa vous propose un s\u00e9jour plac\u00e9 sous le signe du calme et du luxe.","og_url":"https:\/\/www.masandoia.com\/en\/exceptionnal-hotel-on-the-edge-of-the-desert\/","og_site_name":"Palais Masando\u00efa","article_modified_time":"2022-09-05T14:59:16+00:00","og_image":[{"width":1600,"height":700,"url":"https:\/\/www.masandoia.com\/wp-content\/uploads\/2022\/08\/pisicine-exterieure-palais-masandoia.jpg","type":"image\/jpeg"}],"twitter_card":"summary_large_image","twitter_misc":{"Est. reading time":"4 minutes"},"schema":{"@context":"https:\/\/schema.org","@graph":[{"@type":"WebPage","@id":"https:\/\/www.masandoia.com\/en\/exceptionnal-hotel-on-the-edge-of-the-desert\/","url":"https:\/\/www.masandoia.com\/en\/exceptionnal-hotel-on-the-edge-of-the-desert\/","name":"Palais Masando\u00efa | THE PALAIS MASANDO\u00cfA, A ONE-OF-A-KIND HOTEL ON THE EDGE OF THE SAHARA DESERT","isPartOf":{"@id":"https:\/\/www.masandoia.com\/en\/#website"},"datePublished":"2022-08-30T15:13:46+00:00","dateModified":"2022-09-05T14:59:16+00:00","description":"Built on the outskirts of Erfoud and away from common tourist attractions, this exceptional hotel is the ideal location for those who love open spaces and wish to explore South Morocco\u2019s most unique locations.","breadcrumb":{"@id":"https:\/\/www.masandoia.com\/en\/exceptionnal-hotel-on-the-edge-of-the-desert\/#breadcrumb"},"inLanguage":"en-US","potentialAction":[{"@type":"ReadAction","target":["https:\/\/www.masandoia.com\/en\/exceptionnal-hotel-on-the-edge-of-the-desert\/"]}]},{"@type":"BreadcrumbList","@id":"https:\/\/www.masandoia.com\/en\/exceptionnal-hotel-on-the-edge-of-the-desert\/#breadcrumb","itemListElement":[{"@type":"ListItem","position":1,"name":"Home","item":"https:\/\/www.masandoia.com\/en\/"},{"@type":"ListItem","position":2,"name":"THE PALAIS MASANDO\u00cfA, A ONE-OF-A-KIND HOTEL ON THE EDGE OF THE SAHARA DESERT"}]},{"@type":"WebSite","@id":"https:\/\/www.masandoia.com\/en\/#website","url":"https:\/\/www.masandoia.com\/en\/","name":"Palais Masando\u00efa","description":"Boutique h\u00f4tel d&#039;exception \u00e0 Erfoud","potentialAction":[{"@type":"SearchAction","target":{"@type":"EntryPoint","urlTemplate":"https:\/\/www.masandoia.com\/en\/?s={search_term_string}"},"query-input":{"@type":"PropertyValueSpecification","valueRequired":true,"valueName":"search_term_string"}}],"inLanguage":"en-US"}]}},"_links":{"self":[{"href":"https:\/\/www.masandoia.com\/en\/wp-json\/wp\/v2\/pages\/747","targetHints":{"allow":["GET"]}}],"collection":[{"href":"https:\/\/www.masandoia.com\/en\/wp-json\/wp\/v2\/pages"}],"about":[{"href":"https:\/\/www.masandoia.com\/en\/wp-json\/wp\/v2\/types\/page"}],"author":[{"embeddable":true,"href":"https:\/\/www.masandoia.com\/en\/wp-json\/wp\/v2\/users\/1"}],"replies":[{"embeddable":true,"href":"https:\/\/www.masandoia.com\/en\/wp-json\/wp\/v2\/comments?post=747"}],"version-history":[{"count":2,"href":"https:\/\/www.masandoia.com\/en\/wp-json\/wp\/v2\/pages\/747\/revisions"}],"predecessor-version":[{"id":749,"href":"https:\/\/www.masandoia.com\/en\/wp-json\/wp\/v2\/pages\/747\/revisions\/749"}],"wp:attachment":[{"href":"https:\/\/www.masandoia.com\/en\/wp-json\/wp\/v2\/media?parent=747"}],"curies":[{"name":"wp","href":"https:\/\/api.w.org\/{rel}","templated":true}]}}