{"id":751,"date":"2022-08-30T17:09:31","date_gmt":"2022-08-30T15:09:31","guid":{"rendered":"http:\/\/www.masandoia.com\/activites-et-experiences\/"},"modified":"2022-09-06T12:09:16","modified_gmt":"2022-09-06T10:09:16","slug":"experiences-and-activities","status":"publish","type":"page","link":"https:\/\/www.masandoia.com\/en\/experiences-and-activities\/","title":{"rendered":"Experiences &#038; activities"},"content":{"rendered":"[vc_row][vc_column width=&#8221;1\/6&#8243;][\/vc_column][vc_column width=&#8221;2\/3&#8243;][vc_column_text]\n<h2 style=\"text-align: center;\">Discover our experiences and activity packages<\/h2>\n[\/vc_column_text][\/vc_column][vc_column width=&#8221;1\/6&#8243;][\/vc_column][\/vc_row][vc_row][vc_column width=&#8221;1\/6&#8243;][\/vc_column][vc_column width=&#8221;2\/3&#8243;][vc_column_text]\n<blockquote><p>No man can live this life and emerge unchanged. He will carry, however faint, the imprint of the desert, the brand which marks the nomad; and he will have within him the yearning to return, weak or insistent according to his nature. For this cruel land can cast a spell which no temperate clime can match.<\/p><\/blockquote>\n<p style=\"text-align: right;\">Wilfred Thesiger (Le D\u00e9sert des D\u00e9serts, Plon)<\/p>\n[\/vc_column_text][\/vc_column][vc_column width=&#8221;1\/6&#8243;][\/vc_column][\/vc_row][vc_row][vc_column width=&#8221;1\/6&#8243;][\/vc_column][vc_column width=&#8221;2\/3&#8243;][vc_column_text]While the desert can seem harsh and hostile is in fact fascinating and mysterious. The Palais Masando\u00efa offers different ways to discover and enjoy the desert, from sports to spiritual, cultural or even romantic activities, all planned according to your personal preferences. Each activity is specifically thought out to help you discover the great vastness of the Erg Chebbi and its surroundings.[\/vc_column_text][\/vc_column][vc_column width=&#8221;1\/6&#8243;][\/vc_column][\/vc_row][vc_row css=&#8221;.vc_custom_1661942332163{margin-top: 40px !important;}&#8221;][vc_column width=&#8221;1\/6&#8243;][\/vc_column][vc_column width=&#8221;2\/3&#8243;][vc_row_inner][vc_column_inner width=&#8221;1\/3&#8243;][vc_gallery interval=&#8221;3&#8243; images=&#8221;209,210,211,208,206&#8243; img_size=&#8221;full&#8221;][\/vc_column_inner][vc_column_inner el_class=&#8221;activites-list&#8221; width=&#8221;2\/3&#8243;][vc_toggle title=&#8221;4&#215;4 road trip&#8221; open=&#8221;true&#8221;]For those with a limited amount time, a one-day road trip is the ideal way to quickly explore the desert. The never-ending horizon has a soothing effect and is a guaranteed break from your usual routine. Allow yourself to be hypnotized by the desert, with its mirages, ochre-coloured dunes, small villages, and camel caravans.<\/p>\n<p>For breakfast, you\u2019ll get to choose between a picnic in a remote desert location and a traditional meal served in a beautiful stone inn built in a secret location![\/vc_toggle][vc_toggle title=&#8221;Desert immersion&#8221;]Spend two days travelling through the majestic dunes of Merzouga and experience the awe-inspiring beauty of a desert sunset. Enjoy diner around a fire camp under twinkling stars, fall asleep in a Berber tent and wake up to a magnificent golden sunrise.[\/vc_toggle][vc_toggle title=&#8221;Sunset diner in the desert&#8221;]Those who are a little more pressed for time can still enjoy a romantic desert sunset and a royal dinner under the stars before heading back to Masando\u00efa for the night.[\/vc_toggle][vc_toggle title=&#8221;Sunrise and yoga&#8221;]Early birds can opt for a 5h30 A.M. wake-up call and witness the sun rise while sitting on top of a sand dune. Extend your morning ritual with a yoga session and a Saharan breakfast. Satisfy both body and mind while contemplating some of the world\u2019s most exquisite landscapes.[\/vc_toggle][vc_toggle title=&#8221;Sand Baths&#8221;]Sand baths, also called psammotherapy or arenotherapy, are another great way to take care of your body during your desert vacation. This type of therapy, more commonly practised in Morocco, Tunisia, Algeria and Egypt, uses the healing benefits of hot sand to relieve joint pains and rheumatism, which are most commonly suffered by city-dwellers from the north of Morocco where the climate is humid. Because of the need for hot sand (70\u00b0 to 80\u00b0), sand baths are only available during summer months.[\/vc_toggle][vc_toggle title=&#8221;One-day treks&#8221;]The Erfoud region is the ideal location for hiking. From rocky paths, to sand dunes and soft ergs, explore the diversified terrains that South Morocco has to offer. You can choose from different routes depending on your experience level. Whether you are a beginner or an experienced hiker, you are sure to find a path that is right for you.[\/vc_toggle][vc_toggle title=&#8221;Explore the souks&#8221;]Souks are a great place to meet local artisans and storekeepers. Learn the old Moroccan art of bargaining and buy the perfect souvenir for a loved one (or yourself!). Carpets, woodwork, brass and leatherwork, fragrant exotic spices, there is so much to see and to choose from![\/vc_toggle][vc_toggle title=&#8221;Bivouac au milieu des dunes&#8221; el_class=&#8221;display-none&#8221;]D\u00e9couvrez le bivouac Al Masando\u00efa !<\/p>\n<p>Dormez une ou plusieurs nuits au milieu des plus belles dunes de l\u2019Erg Chebby. Profitez du couch\u00e9 et du lev\u00e9 de soleil dans un cadre idyllique.[\/vc_toggle][vc_btn title=&#8221;Download the brochure&#8221; style=&#8221;classic&#8221; shape=&#8221;square&#8221; color=&#8221;white&#8221; align=&#8221;center&#8221; i_align=&#8221;right&#8221; i_icon_fontawesome=&#8221;fa fa-file-pdf-o&#8221; add_icon=&#8221;true&#8221; link=&#8221;url:http%3A%2F%2Fwww.masandoia.com%2Fwp-content%2Fuploads%2F2022%2F09%2FPalais-Masandoia_Adventures-deals.pdf|title:Adventures%20deals|target:%20_blank|&#8221;][\/vc_column_inner][\/vc_row_inner][\/vc_column][vc_column width=&#8221;1\/6&#8243;][\/vc_column][\/vc_row][vc_row][vc_column width=&#8221;1\/6&#8243;][\/vc_column][vc_column width=&#8221;2\/3&#8243;][vc_column_text]The desert can be explored by day or by night, from the back of a camel or the seat of a helicopter. Masando\u00efa offers a multitude of activities to make your stay unforgettable: golf courses, daily orientation rallies, dune driving lesson given by a professional pilot, cooking classes given by a Moroccan chef, raids in dunes on quads or buggies, camel rides and helicopter flights over the Erg Chebbi. Do not hesitate to contact us prior to your stay and let our team help you plan your personalized vacation.[\/vc_column_text][vc_btn title=&#8221;Contact us&#8221; style=&#8221;classic&#8221; size=&#8221;lg&#8221; align=&#8221;center&#8221; link=&#8221;url:http%3A%2F%2Fwww.masandoia.com%2Fen%2Fcontact-us%2F|||&#8221; el_class=&#8221;custom-button&#8221;][\/vc_column][vc_column width=&#8221;1\/6&#8243;][\/vc_column][vc_column][\/vc_column][\/vc_row][vc_row full_width=&#8221;stretch_row&#8221; css=&#8221;.vc_custom_1662390938891{margin-top: 40px !important;background-color: #f2f2f2 !important;}&#8221; el_id=&#8221;yoga&#8221; el_class=&#8221;display-none&#8221;][vc_column][vc_column_text]The desert can be explored by day or by night, from the back of a camel or the seat of a helicopter. Masando\u00efa offers a multitude of activities to make your stay unforgettable: golf courses, daily orientation rallies, dune driving lesson given by a professional pilot, cooking classes given by a Moroccan chef, raids in dunes on quads or buggies, camel rides and helicopter flights over the Erg Chebbi. Do not hesitate to contact us prior to your stay and let our team help you plan your personalized vacation.[\/vc_column_text][vc_row_inner][vc_column_inner width=&#8221;1\/3&#8243;][vc_column_text]D\u00c9ROUL\u00c9 :<\/p>\n<ul>\n<li>6h-9h Pratique posturale<\/li>\n<li>9h Petit d\u00e9jeuner<\/li>\n<li>Temps libre jusqu\u2019\u00e0 11h30 : piscine, massage, hammam et bien d\u2019autres prestations seront possibles<\/li>\n<li>11h30 \u2013 13h30 Yoga Sutra : \u00c9tude des textes &amp; philosophie<\/li>\n<li>13h30 D\u00e9jeuner<\/li>\n<li>Temps libre jusqu\u2019\u00e0 16h30 : piscine, massage, hammam et bien d\u2019autres prestations seront possibles<\/li>\n<li>16h30 \u2013 18h30 Pratique du soir \/ chant &amp; m\u00e9ditation<\/li>\n<li>19h30 D\u00eener<\/li>\n<\/ul>\n[\/vc_column_text][\/vc_column_inner][vc_column_inner width=&#8221;2\/3&#8243;][vc_column_text]INFORMATIONS ET TARIFS :<\/p>\n<p><strong>Offre compl\u00e8te comprenant<\/strong> : 7 jours d\u2019h\u00e9bergement en pension compl\u00e8te dont une nuit en bivouac de luxe, billets d\u2019avion aller\/retour au d\u00e9part de Paris et stage de yoga : 1 517\u20ac.<\/p>\n<p><strong>Information billets d\u2019avion<\/strong> :<\/p>\n<p>Aller : Vendredi 28 f\u00e9vrier 2020, d\u00e9part de Paris Orly 17h50 \u2013 Errachidia 23h50 (1h50 d\u2019escale)<\/p>\n<p>Retour : Jeudi 05 mars, d\u00e9part Errachidia 8h45 \u2013 Paris Orly 15h10 (2h25 d\u2019escale)<\/p>\n<p>Pour plus d\u2019information sur les billets, merci de contacter miren@desertours.com<\/p>\n<p><strong>Offre libert\u00e9 comprenant<\/strong> : 7 jours d\u2019h\u00e9bergement en pension compl\u00e8te dont une nuit en bivouac de luxe et le stage de yoga (hors billet d\u2019avion) : 1 200\u20ac.<\/p>\n<p>Possibilit\u00e9 de rester quelques jours de plus au Maroc pour profiter des d\u00e9lices qu\u2019offrent le pays des mille et une nuits. Pour plus d\u2019informations merci de contacter l\u2019h\u00f4tel.<\/p>\n<p><strong>CONTACT<\/strong> :<br \/>\nIsabelle Croset<br \/>\ncroset.isabelle@orange.fr ou au +33.6.08.89.47.20[\/vc_column_text][\/vc_column_inner][\/vc_row_inner][\/vc_column][\/vc_row]\n","protected":false},"excerpt":{"rendered":"<p>[vc_row][vc_column width=&#8221;1\/6&#8243;][\/vc_column][vc_column width=&#8221;2\/3&#8243;][vc_column_text] Discover our experiences and activity packages [\/vc_column_text][\/vc_column][vc_column width=&#8221;1\/6&#8243;][\/vc_column][\/vc_row][vc_row][vc_column width=&#8221;1\/6&#8243;][\/vc_column][vc_column width=&#8221;2\/3&#8243;][vc_column_text] No man can live this life and emerge unchanged. He will carry, however faint, the imprint of the desert, the brand which marks the nomad; and he will have within him the yearning to return, weak or insistent according to his nature. [&hellip;]<\/p>\n","protected":false},"author":1,"featured_media":0,"parent":0,"menu_order":0,"comment_status":"closed","ping_status":"closed","template":"page-templates\/page_without-sidebar.php","meta":{"_acf_changed":false,"footnotes":""},"class_list":["post-751","page","type-page","status-publish","hentry"],"acf":[],"yoast_head":"<!-- This site is optimized with the Yoast SEO plugin v27.1.1 - https:\/\/yoast.com\/product\/yoast-seo-wordpress\/ -->\n<title>Palais Masando\u00efa | Experiences &amp; activities<\/title>\n<meta name=\"description\" content=\"Le Palais Masando\u00efa vous propose diverses activit\u00e9s (4x4 dans les dunes, trek d&#039;une journ\u00e9e, visite du souk, ...) ainsi que d&#039;organiser votre \u00e9v\u00e9nement.\" \/>\n<meta name=\"robots\" content=\"index, follow, max-snippet:-1, max-image-preview:large, max-video-preview:-1\" \/>\n<link rel=\"canonical\" href=\"https:\/\/www.masandoia.com\/en\/experiences-and-activities\/\" \/>\n<meta property=\"og:locale\" content=\"en_US\" \/>\n<meta property=\"og:type\" content=\"article\" \/>\n<meta property=\"og:title\" content=\"Palais Masando\u00efa | Experiences &amp; activities\" \/>\n<meta property=\"og:description\" content=\"Le Palais Masando\u00efa vous propose diverses activit\u00e9s (4x4 dans les dunes, trek d&#039;une journ\u00e9e, visite du souk, ...) ainsi que d&#039;organiser votre \u00e9v\u00e9nement.\" \/>\n<meta property=\"og:url\" content=\"https:\/\/www.masandoia.com\/en\/experiences-and-activities\/\" \/>\n<meta property=\"og:site_name\" content=\"Palais Masando\u00efa\" \/>\n<meta property=\"article:modified_time\" content=\"2022-09-06T10:09:16+00:00\" \/>\n<meta property=\"og:image\" content=\"https:\/\/www.masandoia.com\/wp-content\/uploads\/2022\/08\/activites-et-experiences-masandoia-trek-desert.jpg\" \/>\n\t<meta property=\"og:image:width\" content=\"365\" \/>\n\t<meta property=\"og:image:height\" content=\"600\" \/>\n\t<meta property=\"og:image:type\" content=\"image\/jpeg\" \/>\n<meta name=\"twitter:card\" content=\"summary_large_image\" \/>\n<meta name=\"twitter:title\" content=\"Palais Masando\u00efa | Experiences &amp; activities\" \/>\n<meta name=\"twitter:description\" content=\"Le Palais Masando\u00efa vous propose diverses activit\u00e9s (4x4 dans les dunes, trek d&#039;une journ\u00e9e, visite du souk, ...) ainsi que d&#039;organiser votre \u00e9v\u00e9nement.\" \/>\n<meta name=\"twitter:label1\" content=\"Est. reading time\" \/>\n\t<meta name=\"twitter:data1\" content=\"6 minutes\" \/>\n<script type=\"application\/ld+json\" class=\"yoast-schema-graph\">{\"@context\":\"https:\/\/schema.org\",\"@graph\":[{\"@type\":\"WebPage\",\"@id\":\"https:\/\/www.masandoia.com\/en\/experiences-and-activities\/\",\"url\":\"https:\/\/www.masandoia.com\/en\/experiences-and-activities\/\",\"name\":\"Palais Masando\u00efa | Experiences & activities\",\"isPartOf\":{\"@id\":\"https:\/\/www.masandoia.com\/en\/#website\"},\"datePublished\":\"2022-08-30T15:09:31+00:00\",\"dateModified\":\"2022-09-06T10:09:16+00:00\",\"description\":\"Le Palais Masando\u00efa vous propose diverses activit\u00e9s (4x4 dans les dunes, trek d'une journ\u00e9e, visite du souk, ...) ainsi que d'organiser votre \u00e9v\u00e9nement.\",\"breadcrumb\":{\"@id\":\"https:\/\/www.masandoia.com\/en\/experiences-and-activities\/#breadcrumb\"},\"inLanguage\":\"en-US\",\"potentialAction\":[{\"@type\":\"ReadAction\",\"target\":[\"https:\/\/www.masandoia.com\/en\/experiences-and-activities\/\"]}]},{\"@type\":\"BreadcrumbList\",\"@id\":\"https:\/\/www.masandoia.com\/en\/experiences-and-activities\/#breadcrumb\",\"itemListElement\":[{\"@type\":\"ListItem\",\"position\":1,\"name\":\"Home\",\"item\":\"https:\/\/www.masandoia.com\/en\/\"},{\"@type\":\"ListItem\",\"position\":2,\"name\":\"Experiences &#038; activities\"}]},{\"@type\":\"WebSite\",\"@id\":\"https:\/\/www.masandoia.com\/en\/#website\",\"url\":\"https:\/\/www.masandoia.com\/en\/\",\"name\":\"Palais Masando\u00efa\",\"description\":\"Boutique h\u00f4tel d&#039;exception \u00e0 Erfoud\",\"potentialAction\":[{\"@type\":\"SearchAction\",\"target\":{\"@type\":\"EntryPoint\",\"urlTemplate\":\"https:\/\/www.masandoia.com\/en\/?s={search_term_string}\"},\"query-input\":{\"@type\":\"PropertyValueSpecification\",\"valueRequired\":true,\"valueName\":\"search_term_string\"}}],\"inLanguage\":\"en-US\"}]}<\/script>\n<!-- \/ Yoast SEO plugin. -->","yoast_head_json":{"title":"Palais Masando\u00efa | Experiences & activities","description":"Le Palais Masando\u00efa vous propose diverses activit\u00e9s (4x4 dans les dunes, trek d'une journ\u00e9e, visite du souk, ...) ainsi que d'organiser votre \u00e9v\u00e9nement.","robots":{"index":"index","follow":"follow","max-snippet":"max-snippet:-1","max-image-preview":"max-image-preview:large","max-video-preview":"max-video-preview:-1"},"canonical":"https:\/\/www.masandoia.com\/en\/experiences-and-activities\/","og_locale":"en_US","og_type":"article","og_title":"Palais Masando\u00efa | Experiences & activities","og_description":"Le Palais Masando\u00efa vous propose diverses activit\u00e9s (4x4 dans les dunes, trek d'une journ\u00e9e, visite du souk, ...) ainsi que d'organiser votre \u00e9v\u00e9nement.","og_url":"https:\/\/www.masandoia.com\/en\/experiences-and-activities\/","og_site_name":"Palais Masando\u00efa","article_modified_time":"2022-09-06T10:09:16+00:00","og_image":[{"width":365,"height":600,"url":"https:\/\/www.masandoia.com\/wp-content\/uploads\/2022\/08\/activites-et-experiences-masandoia-trek-desert.jpg","type":"image\/jpeg"}],"twitter_card":"summary_large_image","twitter_title":"Palais Masando\u00efa | Experiences & activities","twitter_description":"Le Palais Masando\u00efa vous propose diverses activit\u00e9s (4x4 dans les dunes, trek d'une journ\u00e9e, visite du souk, ...) ainsi que d'organiser votre \u00e9v\u00e9nement.","twitter_misc":{"Est. reading time":"6 minutes"},"schema":{"@context":"https:\/\/schema.org","@graph":[{"@type":"WebPage","@id":"https:\/\/www.masandoia.com\/en\/experiences-and-activities\/","url":"https:\/\/www.masandoia.com\/en\/experiences-and-activities\/","name":"Palais Masando\u00efa | Experiences & activities","isPartOf":{"@id":"https:\/\/www.masandoia.com\/en\/#website"},"datePublished":"2022-08-30T15:09:31+00:00","dateModified":"2022-09-06T10:09:16+00:00","description":"Le Palais Masando\u00efa vous propose diverses activit\u00e9s (4x4 dans les dunes, trek d'une journ\u00e9e, visite du souk, ...) ainsi que d'organiser votre \u00e9v\u00e9nement.","breadcrumb":{"@id":"https:\/\/www.masandoia.com\/en\/experiences-and-activities\/#breadcrumb"},"inLanguage":"en-US","potentialAction":[{"@type":"ReadAction","target":["https:\/\/www.masandoia.com\/en\/experiences-and-activities\/"]}]},{"@type":"BreadcrumbList","@id":"https:\/\/www.masandoia.com\/en\/experiences-and-activities\/#breadcrumb","itemListElement":[{"@type":"ListItem","position":1,"name":"Home","item":"https:\/\/www.masandoia.com\/en\/"},{"@type":"ListItem","position":2,"name":"Experiences &#038; activities"}]},{"@type":"WebSite","@id":"https:\/\/www.masandoia.com\/en\/#website","url":"https:\/\/www.masandoia.com\/en\/","name":"Palais Masando\u00efa","description":"Boutique h\u00f4tel d&#039;exception \u00e0 Erfoud","potentialAction":[{"@type":"SearchAction","target":{"@type":"EntryPoint","urlTemplate":"https:\/\/www.masandoia.com\/en\/?s={search_term_string}"},"query-input":{"@type":"PropertyValueSpecification","valueRequired":true,"valueName":"search_term_string"}}],"inLanguage":"en-US"}]}},"_links":{"self":[{"href":"https:\/\/www.masandoia.com\/en\/wp-json\/wp\/v2\/pages\/751","targetHints":{"allow":["GET"]}}],"collection":[{"href":"https:\/\/www.masandoia.com\/en\/wp-json\/wp\/v2\/pages"}],"about":[{"href":"https:\/\/www.masandoia.com\/en\/wp-json\/wp\/v2\/types\/page"}],"author":[{"embeddable":true,"href":"https:\/\/www.masandoia.com\/en\/wp-json\/wp\/v2\/users\/1"}],"replies":[{"embeddable":true,"href":"https:\/\/www.masandoia.com\/en\/wp-json\/wp\/v2\/comments?post=751"}],"version-history":[{"count":2,"href":"https:\/\/www.masandoia.com\/en\/wp-json\/wp\/v2\/pages\/751\/revisions"}],"predecessor-version":[{"id":821,"href":"https:\/\/www.masandoia.com\/en\/wp-json\/wp\/v2\/pages\/751\/revisions\/821"}],"wp:attachment":[{"href":"https:\/\/www.masandoia.com\/en\/wp-json\/wp\/v2\/media?parent=751"}],"curies":[{"name":"wp","href":"https:\/\/api.w.org\/{rel}","templated":true}]}}