{"id":764,"date":"2022-08-30T17:12:59","date_gmt":"2022-08-30T15:12:59","guid":{"rendered":"http:\/\/www.masandoia.com\/conciergerie-du-palais\/"},"modified":"2022-09-06T12:10:04","modified_gmt":"2022-09-06T10:10:04","slug":"concierge-services","status":"publish","type":"page","link":"https:\/\/www.masandoia.com\/en\/concierge-services\/","title":{"rendered":"Concierge services"},"content":{"rendered":"[vc_row][vc_column width=&#8221;1\/6&#8243;][\/vc_column][vc_column width=&#8221;2\/3&#8243;][vc_row_inner][vc_column_inner width=&#8221;1\/3&#8243; css=&#8221;.vc_custom_1661949018702{margin-top: 40px !important;}&#8221;][vc_single_image image=&#8221;221&#8243; img_size=&#8221;full&#8221; alignment=&#8221;center&#8221;][\/vc_column_inner][vc_column_inner width=&#8221;2\/3&#8243;][vc_column_text]\n<h2>A team that is available and attentive<\/h2>\n<p>Our concierge team is specially trained to provide individualized quality services throughout your stay as well as during activities and excursions. We do everything in our power to turn your wishes into reality.[\/vc_column_text][vc_btn title=&#8221;Contact the hotel&#8221; style=&#8221;classic&#8221; shape=&#8221;square&#8221; align=&#8221;left&#8221; link=&#8221;url:http%3A%2F%2Fwww.masandoia.com%2Fen%2Fcontact-us%2F|||&#8221; el_class=&#8221;custom-button&#8221;][vc_separator color=&#8221;custom&#8221; border_width=&#8221;2&#8243; accent_color=&#8221;#efefef&#8221;][vc_column_text]The <strong>Palais Masando\u00efa hotel<\/strong> is situated outside popular tourist areas. With only twelve rooms and three suites, it is the ideal place to discover the surrounding areas, to experience the richness of Moroccan culture and to discover the beauty of the desert.[\/vc_column_text][vc_btn title=&#8221;Organize your event&#8221; style=&#8221;classic&#8221; shape=&#8221;square&#8221; align=&#8221;left&#8221; link=&#8221;url:http%3A%2F%2Fwww.masandoia.com%2Fen%2Fcontact-us%2F|title:Organize%20your%20event||&#8221; el_class=&#8221;custom-button&#8221;][\/vc_column_inner][\/vc_row_inner][\/vc_column][vc_column width=&#8221;1\/6&#8243;][\/vc_column][\/vc_row]\n","protected":false},"excerpt":{"rendered":"<p>[vc_row][vc_column width=&#8221;1\/6&#8243;][\/vc_column][vc_column width=&#8221;2\/3&#8243;][vc_row_inner][vc_column_inner width=&#8221;1\/3&#8243; css=&#8221;.vc_custom_1661949018702{margin-top: 40px !important;}&#8221;][vc_single_image image=&#8221;221&#8243; img_size=&#8221;full&#8221; alignment=&#8221;center&#8221;][\/vc_column_inner][vc_column_inner width=&#8221;2\/3&#8243;][vc_column_text] A team that is available and attentive Our concierge team is specially trained to provide individualized quality services throughout your stay as well as during activities and excursions. We do everything in our power to turn your wishes into reality.[\/vc_column_text][vc_btn title=&#8221;Contact the hotel&#8221; style=&#8221;classic&#8221; [&hellip;]<\/p>\n","protected":false},"author":1,"featured_media":0,"parent":0,"menu_order":0,"comment_status":"closed","ping_status":"closed","template":"page-templates\/page_without-sidebar.php","meta":{"_acf_changed":false,"footnotes":""},"class_list":["post-764","page","type-page","status-publish","hentry"],"acf":[],"yoast_head":"<!-- This site is optimized with the Yoast SEO plugin v27.1.1 - https:\/\/yoast.com\/product\/yoast-seo-wordpress\/ -->\n<title>Palais Masando\u00efa | Concierge services<\/title>\n<meta name=\"description\" content=\"Our concierge team is specially trained to provide individualized quality services throughout your stay as well as during activities and excursions. We do everything in our power to turn your wishes into reality.\" \/>\n<meta name=\"robots\" content=\"index, follow, max-snippet:-1, max-image-preview:large, max-video-preview:-1\" \/>\n<link rel=\"canonical\" href=\"https:\/\/www.masandoia.com\/en\/concierge-services\/\" \/>\n<meta property=\"og:locale\" content=\"en_US\" \/>\n<meta property=\"og:type\" content=\"article\" \/>\n<meta property=\"og:title\" content=\"Palais Masando\u00efa | Concierge services\" \/>\n<meta property=\"og:description\" content=\"Our concierge team is specially trained to provide individualized quality services throughout your stay as well as during activities and excursions. We do everything in our power to turn your wishes into reality.\" \/>\n<meta property=\"og:url\" content=\"https:\/\/www.masandoia.com\/en\/concierge-services\/\" \/>\n<meta property=\"og:site_name\" content=\"Palais Masando\u00efa\" \/>\n<meta property=\"article:modified_time\" content=\"2022-09-06T10:10:04+00:00\" \/>\n<meta property=\"og:image\" content=\"https:\/\/www.masandoia.com\/wp-content\/uploads\/2022\/08\/conciergerie-hotel-palais-masandoia.jpg\" \/>\n\t<meta property=\"og:image:width\" content=\"350\" \/>\n\t<meta property=\"og:image:height\" content=\"472\" \/>\n\t<meta property=\"og:image:type\" content=\"image\/jpeg\" \/>\n<meta name=\"twitter:card\" content=\"summary_large_image\" \/>\n<meta name=\"twitter:title\" content=\"Palais Masando\u00efa | Concierge services\" \/>\n<meta name=\"twitter:label1\" content=\"Est. reading time\" \/>\n\t<meta name=\"twitter:data1\" content=\"1 minute\" \/>\n<script type=\"application\/ld+json\" class=\"yoast-schema-graph\">{\"@context\":\"https:\/\/schema.org\",\"@graph\":[{\"@type\":\"WebPage\",\"@id\":\"https:\/\/www.masandoia.com\/en\/concierge-services\/\",\"url\":\"https:\/\/www.masandoia.com\/en\/concierge-services\/\",\"name\":\"Palais Masando\u00efa | Concierge services\",\"isPartOf\":{\"@id\":\"https:\/\/www.masandoia.com\/en\/#website\"},\"datePublished\":\"2022-08-30T15:12:59+00:00\",\"dateModified\":\"2022-09-06T10:10:04+00:00\",\"description\":\"Our concierge team is specially trained to provide individualized quality services throughout your stay as well as during activities and excursions. We do everything in our power to turn your wishes into reality.\",\"breadcrumb\":{\"@id\":\"https:\/\/www.masandoia.com\/en\/concierge-services\/#breadcrumb\"},\"inLanguage\":\"en-US\",\"potentialAction\":[{\"@type\":\"ReadAction\",\"target\":[\"https:\/\/www.masandoia.com\/en\/concierge-services\/\"]}]},{\"@type\":\"BreadcrumbList\",\"@id\":\"https:\/\/www.masandoia.com\/en\/concierge-services\/#breadcrumb\",\"itemListElement\":[{\"@type\":\"ListItem\",\"position\":1,\"name\":\"Home\",\"item\":\"https:\/\/www.masandoia.com\/en\/\"},{\"@type\":\"ListItem\",\"position\":2,\"name\":\"Concierge services\"}]},{\"@type\":\"WebSite\",\"@id\":\"https:\/\/www.masandoia.com\/en\/#website\",\"url\":\"https:\/\/www.masandoia.com\/en\/\",\"name\":\"Palais Masando\u00efa\",\"description\":\"Boutique h\u00f4tel d&#039;exception \u00e0 Erfoud\",\"potentialAction\":[{\"@type\":\"SearchAction\",\"target\":{\"@type\":\"EntryPoint\",\"urlTemplate\":\"https:\/\/www.masandoia.com\/en\/?s={search_term_string}\"},\"query-input\":{\"@type\":\"PropertyValueSpecification\",\"valueRequired\":true,\"valueName\":\"search_term_string\"}}],\"inLanguage\":\"en-US\"}]}<\/script>\n<!-- \/ Yoast SEO plugin. -->","yoast_head_json":{"title":"Palais Masando\u00efa | Concierge services","description":"Our concierge team is specially trained to provide individualized quality services throughout your stay as well as during activities and excursions. We do everything in our power to turn your wishes into reality.","robots":{"index":"index","follow":"follow","max-snippet":"max-snippet:-1","max-image-preview":"max-image-preview:large","max-video-preview":"max-video-preview:-1"},"canonical":"https:\/\/www.masandoia.com\/en\/concierge-services\/","og_locale":"en_US","og_type":"article","og_title":"Palais Masando\u00efa | Concierge services","og_description":"Our concierge team is specially trained to provide individualized quality services throughout your stay as well as during activities and excursions. We do everything in our power to turn your wishes into reality.","og_url":"https:\/\/www.masandoia.com\/en\/concierge-services\/","og_site_name":"Palais Masando\u00efa","article_modified_time":"2022-09-06T10:10:04+00:00","og_image":[{"width":350,"height":472,"url":"https:\/\/www.masandoia.com\/wp-content\/uploads\/2022\/08\/conciergerie-hotel-palais-masandoia.jpg","type":"image\/jpeg"}],"twitter_card":"summary_large_image","twitter_title":"Palais Masando\u00efa | Concierge services","twitter_misc":{"Est. reading time":"1 minute"},"schema":{"@context":"https:\/\/schema.org","@graph":[{"@type":"WebPage","@id":"https:\/\/www.masandoia.com\/en\/concierge-services\/","url":"https:\/\/www.masandoia.com\/en\/concierge-services\/","name":"Palais Masando\u00efa | Concierge services","isPartOf":{"@id":"https:\/\/www.masandoia.com\/en\/#website"},"datePublished":"2022-08-30T15:12:59+00:00","dateModified":"2022-09-06T10:10:04+00:00","description":"Our concierge team is specially trained to provide individualized quality services throughout your stay as well as during activities and excursions. We do everything in our power to turn your wishes into reality.","breadcrumb":{"@id":"https:\/\/www.masandoia.com\/en\/concierge-services\/#breadcrumb"},"inLanguage":"en-US","potentialAction":[{"@type":"ReadAction","target":["https:\/\/www.masandoia.com\/en\/concierge-services\/"]}]},{"@type":"BreadcrumbList","@id":"https:\/\/www.masandoia.com\/en\/concierge-services\/#breadcrumb","itemListElement":[{"@type":"ListItem","position":1,"name":"Home","item":"https:\/\/www.masandoia.com\/en\/"},{"@type":"ListItem","position":2,"name":"Concierge services"}]},{"@type":"WebSite","@id":"https:\/\/www.masandoia.com\/en\/#website","url":"https:\/\/www.masandoia.com\/en\/","name":"Palais Masando\u00efa","description":"Boutique h\u00f4tel d&#039;exception \u00e0 Erfoud","potentialAction":[{"@type":"SearchAction","target":{"@type":"EntryPoint","urlTemplate":"https:\/\/www.masandoia.com\/en\/?s={search_term_string}"},"query-input":{"@type":"PropertyValueSpecification","valueRequired":true,"valueName":"search_term_string"}}],"inLanguage":"en-US"}]}},"_links":{"self":[{"href":"https:\/\/www.masandoia.com\/en\/wp-json\/wp\/v2\/pages\/764","targetHints":{"allow":["GET"]}}],"collection":[{"href":"https:\/\/www.masandoia.com\/en\/wp-json\/wp\/v2\/pages"}],"about":[{"href":"https:\/\/www.masandoia.com\/en\/wp-json\/wp\/v2\/types\/page"}],"author":[{"embeddable":true,"href":"https:\/\/www.masandoia.com\/en\/wp-json\/wp\/v2\/users\/1"}],"replies":[{"embeddable":true,"href":"https:\/\/www.masandoia.com\/en\/wp-json\/wp\/v2\/comments?post=764"}],"version-history":[{"count":2,"href":"https:\/\/www.masandoia.com\/en\/wp-json\/wp\/v2\/pages\/764\/revisions"}],"predecessor-version":[{"id":822,"href":"https:\/\/www.masandoia.com\/en\/wp-json\/wp\/v2\/pages\/764\/revisions\/822"}],"wp:attachment":[{"href":"https:\/\/www.masandoia.com\/en\/wp-json\/wp\/v2\/media?parent=764"}],"curies":[{"name":"wp","href":"https:\/\/api.w.org\/{rel}","templated":true}]}}