{"id":768,"date":"2022-08-31T15:04:09","date_gmt":"2022-08-31T13:04:09","guid":{"rendered":"http:\/\/www.masandoia.com\/chambre-deluxe\/"},"modified":"2022-12-12T10:22:36","modified_gmt":"2022-12-12T09:22:36","slug":"deluxe-rooms","status":"publish","type":"page","link":"https:\/\/www.masandoia.com\/en\/deluxe-rooms\/","title":{"rendered":"Deluxe Rooms &#8211; Double or Twin"},"content":{"rendered":"[vc_row][vc_column width=&#8221;1\/6&#8243;][\/vc_column][vc_column width=&#8221;2\/3&#8243;][vc_row_inner][vc_column_inner width=&#8221;1\/3&#8243; css=&#8221;.vc_custom_1661951193434{margin-top: 40px !important;}&#8221;][vc_images_carousel images=&#8221;36,17,226,59,227&#8243; img_size=&#8221;full&#8221; autoplay=&#8221;yes&#8221; hide_pagination_control=&#8221;yes&#8221; wrap=&#8221;yes&#8221;][\/vc_column_inner][vc_column_inner width=&#8221;2\/3&#8243;][vc_column_text]\n<h2 style=\"text-align: center;\">DELUXE ROOMS \u2013 DOUBLE OR TWIN<\/h2>\n[\/vc_column_text][vc_text_separator title=&#8221;Start From 220.00\u20ac \/ Night&#8221; color=&#8221;custom&#8221; border_width=&#8221;2&#8243; accent_color=&#8221;#efefef&#8221; el_class=&#8221;tarif&#8221;][\/vc_column_inner][\/vc_row_inner][vc_row_inner][vc_column_inner width=&#8221;1\/6&#8243;][vc_icon type=&#8221;material&#8221; icon_material=&#8221;vc-material vc-material-local_hotel&#8221; color=&#8221;custom&#8221; size=&#8221;xl&#8221; align=&#8221;center&#8221; custom_color=&#8221;#4b4b4b&#8221;][vc_column_text]\n<p style=\"text-align: center;\">1 QUEEN SIZE BED<br \/>\nOR 2 SINGLE BEDS<\/p>\n[\/vc_column_text][\/vc_column_inner][vc_column_inner width=&#8221;1\/6&#8243;][vc_icon type=&#8221;material&#8221; icon_material=&#8221;vc-material vc-material-people&#8221; color=&#8221;custom&#8221; size=&#8221;xl&#8221; align=&#8221;center&#8221; custom_color=&#8221;#4b4b4b&#8221;][vc_column_text]\n<p style=\"text-align: center;\">FOR 2 PERSONS<\/p>\n[\/vc_column_text][\/vc_column_inner][vc_column_inner width=&#8221;1\/6&#8243;][vc_icon type=&#8221;material&#8221; icon_material=&#8221;vc-material vc-material-wifi&#8221; color=&#8221;custom&#8221; size=&#8221;xl&#8221; align=&#8221;center&#8221; custom_color=&#8221;#4b4b4b&#8221;][vc_column_text]\n<p style=\"text-align: center;\">WIFI<\/p>\n[\/vc_column_text][\/vc_column_inner][vc_column_inner width=&#8221;1\/6&#8243;][vc_icon type=&#8221;material&#8221; icon_material=&#8221;vc-material vc-material-home&#8221; color=&#8221;custom&#8221; size=&#8221;xl&#8221; align=&#8221;center&#8221; custom_color=&#8221;#4b4b4b&#8221;][vc_column_text]\n<p style=\"text-align: center;\">35 M\u00b2<\/p>\n[\/vc_column_text][\/vc_column_inner][vc_column_inner width=&#8221;1\/6&#8243;][vc_icon type=&#8221;material&#8221; icon_material=&#8221;vc-material vc-material-local_airport&#8221; color=&#8221;custom&#8221; size=&#8221;xl&#8221; align=&#8221;center&#8221; custom_color=&#8221;#4b4b4b&#8221;][vc_column_text]\n<p style=\"text-align: center;\">AIRPORT TRANSFER ON REQUEST<\/p>\n[\/vc_column_text][\/vc_column_inner][vc_column_inner width=&#8221;1\/6&#8243;][\/vc_column_inner][\/vc_row_inner][vc_row_inner][vc_column_inner][vc_separator color=&#8221;custom&#8221; border_width=&#8221;2&#8243; accent_color=&#8221;#efefef&#8221;][vc_column_text]\n<h3>The rooms of The Palais Masando\u00efa<\/h3>\n<p>The hotel offers twelve rooms and three suites. This small size ensures a high level of comfort and <strong>personalized treatment<\/strong>. Far different from the usual standardized hotel chains, the Masando\u00efa hotel offers services that are tailored to the individual needs of each guest.<\/p>\n<p>Each of our large rooms (twin or double, smoking or non-smoking) is decorated with care and combines the charm of traditional Moroccan decor with a more modern design. All of our rooms are comfortable and cosy and are bathed in sunlight throughout the day.[\/vc_column_text][vc_btn title=&#8221;BOOK&#8221; style=&#8221;classic&#8221; shape=&#8221;square&#8221; align=&#8221;center&#8221; link=&#8221;url:https%3A%2F%2Fwww.secure-direct-hotel-booking.com%2Fmodule_booking_engine%2Findex.php%3Fid_etab%3D8643afd3b8468f95f9aee21c7e36c4a9%26langue%3Denglish|title:BOOK|target:%20_blank|&#8221; el_class=&#8221;custom-button&#8221;][vc_separator color=&#8221;custom&#8221; border_width=&#8221;2&#8243; accent_color=&#8221;#efefef&#8221;][\/vc_column_inner][\/vc_row_inner][vc_row_inner][vc_column_inner width=&#8221;1\/3&#8243;][vc_column_text]<strong>The space<\/strong>[\/vc_column_text][\/vc_column_inner][vc_column_inner width=&#8221;1\/3&#8243;][vc_column_text]Accommodates: <strong>3<\/strong><br \/>\nBathroom: <strong>1<\/strong><br \/>\nBedroom: <strong>1<\/strong><br \/>\nBeds: <strong>1 Queen Size bed<\/strong> (Double)<br \/>\nor <strong>2 single beds<\/strong> (Twin)[\/vc_column_text][\/vc_column_inner][vc_column_inner width=&#8221;1\/3&#8243;][vc_column_text]Check In: <strong>02:00 pm<\/strong><br \/>\nCheck Out:<strong> 12:00 pm<br \/>\n<\/strong>[\/vc_column_text][\/vc_column_inner][\/vc_row_inner][vc_row_inner][vc_column_inner][vc_separator color=&#8221;custom&#8221; border_width=&#8221;2&#8243; accent_color=&#8221;#efefef&#8221;][\/vc_column_inner][\/vc_row_inner][vc_row_inner][vc_column_inner width=&#8221;1\/3&#8243;][vc_column_text]<strong>Amenities<\/strong>[\/vc_column_text][\/vc_column_inner][vc_column_inner width=&#8221;1\/3&#8243;][vc_column_text]Wifi: <strong>Yes<\/strong><br \/>\nHair Dryer: <strong>Yes<\/strong><br \/>\nAir Conditioning: <strong>Yes<\/strong><br \/>\nMini bar: <strong>Yes<\/strong>[\/vc_column_text][\/vc_column_inner][vc_column_inner width=&#8221;1\/3&#8243;][vc_column_text]Private parking: <strong>Yes<\/strong><br \/>\nTelevision: <strong>Yes<\/strong><br \/>\n(international channels)[\/vc_column_text][\/vc_column_inner][\/vc_row_inner][vc_row_inner][vc_column_inner][vc_separator color=&#8221;custom&#8221; border_width=&#8221;2&#8243; accent_color=&#8221;#efefef&#8221;][\/vc_column_inner][\/vc_row_inner][vc_row_inner][vc_column_inner][vc_btn title=&#8221;BOOK&#8221; style=&#8221;classic&#8221; shape=&#8221;square&#8221; align=&#8221;center&#8221; link=&#8221;url:https%3A%2F%2Fwww.secure-direct-hotel-booking.com%2Fmodule_booking_engine%2Findex.php%3Fid_etab%3D8643afd3b8468f95f9aee21c7e36c4a9%26langue%3Denglish|title:BOOK|target:%20_blank|&#8221; el_class=&#8221;custom-button&#8221;][vc_separator color=&#8221;custom&#8221; border_width=&#8221;2&#8243; accent_color=&#8221;#efefef&#8221;][\/vc_column_inner][\/vc_row_inner][vc_column_text]\n<h4>Description<\/h4>\n<p>After a relaxing hammam session, spend the rest of the day lounging about in the comfort of your room and do not forget to take advantage of the mini bar and basket of fresh fruits offered by the hotel.<\/p>\n<p>Each room is soundproofed and equipped with air conditioning, soft bedding and perfumed candles to ensure maximum relaxation after a busy day spent exploring the desert.<\/p>\n<p>Hotel rooms also feature direct telephone lines, free Wi-Fi and flat screen televisions with satellite cable.<\/p>\n<p>Our bathrooms are without a doubt our most famous characteristic. Each is designed following a traditional Moroccan form of art called zellige, which is used to decorate rooms using stunning mosaic tiles. Majorelle blue, pink, ochre, and other warm colours, each individual bathroom offers a different ambiance and is equipped with both shower and bath.<\/p>\n<p>Laundry and room service are available 7 days a week from 6h30 am. until 11h30 am.[\/vc_column_text][vc_btn title=&#8221;MAKE A RESERVATION&#8221; style=&#8221;classic&#8221; shape=&#8221;square&#8221; align=&#8221;center&#8221; link=&#8221;url:https%3A%2F%2Fwww.secure-direct-hotel-booking.com%2Fmodule_booking_engine%2Findex.php%3Fid_etab%3D8643afd3b8468f95f9aee21c7e36c4a9%26langue%3Denglish|title:MAKE%20A%20RESERVATION|target:%20_blank|&#8221; el_class=&#8221;custom-button&#8221;][\/vc_column][vc_column width=&#8221;1\/6&#8243;][\/vc_column][\/vc_row]\n","protected":false},"excerpt":{"rendered":"<p>[vc_row][vc_column width=&#8221;1\/6&#8243;][\/vc_column][vc_column width=&#8221;2\/3&#8243;][vc_row_inner][vc_column_inner width=&#8221;1\/3&#8243; css=&#8221;.vc_custom_1661951193434{margin-top: 40px !important;}&#8221;][vc_images_carousel images=&#8221;36,17,226,59,227&#8243; img_size=&#8221;full&#8221; autoplay=&#8221;yes&#8221; hide_pagination_control=&#8221;yes&#8221; wrap=&#8221;yes&#8221;][\/vc_column_inner][vc_column_inner width=&#8221;2\/3&#8243;][vc_column_text] DELUXE ROOMS \u2013 DOUBLE OR TWIN [\/vc_column_text][vc_text_separator title=&#8221;Start From 220.00\u20ac \/ Night&#8221; color=&#8221;custom&#8221; border_width=&#8221;2&#8243; accent_color=&#8221;#efefef&#8221; el_class=&#8221;tarif&#8221;][\/vc_column_inner][\/vc_row_inner][vc_row_inner][vc_column_inner width=&#8221;1\/6&#8243;][vc_icon type=&#8221;material&#8221; icon_material=&#8221;vc-material vc-material-local_hotel&#8221; color=&#8221;custom&#8221; size=&#8221;xl&#8221; align=&#8221;center&#8221; custom_color=&#8221;#4b4b4b&#8221;][vc_column_text] 1 QUEEN SIZE BED OR 2 SINGLE BEDS [\/vc_column_text][\/vc_column_inner][vc_column_inner width=&#8221;1\/6&#8243;][vc_icon type=&#8221;material&#8221; icon_material=&#8221;vc-material vc-material-people&#8221; color=&#8221;custom&#8221; size=&#8221;xl&#8221; align=&#8221;center&#8221; custom_color=&#8221;#4b4b4b&#8221;][vc_column_text] FOR [&hellip;]<\/p>\n","protected":false},"author":1,"featured_media":0,"parent":0,"menu_order":0,"comment_status":"closed","ping_status":"closed","template":"page-templates\/page_without-sidebar.php","meta":{"_acf_changed":false,"footnotes":""},"class_list":["post-768","page","type-page","status-publish","hentry"],"acf":[],"yoast_head":"<!-- This site is optimized with the Yoast SEO plugin v27.1.1 - https:\/\/yoast.com\/product\/yoast-seo-wordpress\/ -->\n<title>Palais Masando\u00efa | Deluxe Rooms - Double or Twin<\/title>\n<meta name=\"description\" content=\"The hotel offers twelve rooms and three suites. This small size ensures a high level of comfort and personalized treatment. Far different from the usual standardized hotel chains, the Masando\u00efa hotel offers services that are tailored to the individual needs of each guest.\" \/>\n<meta name=\"robots\" content=\"index, follow, max-snippet:-1, max-image-preview:large, max-video-preview:-1\" \/>\n<link rel=\"canonical\" href=\"https:\/\/www.masandoia.com\/en\/deluxe-rooms\/\" \/>\n<meta property=\"og:locale\" content=\"en_US\" \/>\n<meta property=\"og:type\" content=\"article\" \/>\n<meta property=\"og:title\" content=\"Palais Masando\u00efa | Deluxe Rooms - Double or Twin\" \/>\n<meta property=\"og:description\" content=\"The hotel offers twelve rooms and three suites. This small size ensures a high level of comfort and personalized treatment. Far different from the usual standardized hotel chains, the Masando\u00efa hotel offers services that are tailored to the individual needs of each guest.\" \/>\n<meta property=\"og:url\" content=\"https:\/\/www.masandoia.com\/en\/deluxe-rooms\/\" \/>\n<meta property=\"og:site_name\" content=\"Palais Masando\u00efa\" \/>\n<meta property=\"article:modified_time\" content=\"2022-12-12T09:22:36+00:00\" \/>\n<meta property=\"og:image\" content=\"https:\/\/www.masandoia.com\/wp-content\/uploads\/2022\/08\/hotel-palais-masandoia-chambre-deluxe-twin-ou-double.jpg\" \/>\n\t<meta property=\"og:image:width\" content=\"1140\" \/>\n\t<meta property=\"og:image:height\" content=\"757\" \/>\n\t<meta property=\"og:image:type\" content=\"image\/jpeg\" \/>\n<meta name=\"twitter:card\" content=\"summary_large_image\" \/>\n<meta name=\"twitter:label1\" content=\"Est. reading time\" \/>\n\t<meta name=\"twitter:data1\" content=\"3 minutes\" \/>\n<script type=\"application\/ld+json\" class=\"yoast-schema-graph\">{\"@context\":\"https:\/\/schema.org\",\"@graph\":[{\"@type\":\"WebPage\",\"@id\":\"https:\/\/www.masandoia.com\/en\/deluxe-rooms\/\",\"url\":\"https:\/\/www.masandoia.com\/en\/deluxe-rooms\/\",\"name\":\"Palais Masando\u00efa | Deluxe Rooms - Double or Twin\",\"isPartOf\":{\"@id\":\"https:\/\/www.masandoia.com\/en\/#website\"},\"datePublished\":\"2022-08-31T13:04:09+00:00\",\"dateModified\":\"2022-12-12T09:22:36+00:00\",\"description\":\"The hotel offers twelve rooms and three suites. This small size ensures a high level of comfort and personalized treatment. Far different from the usual standardized hotel chains, the Masando\u00efa hotel offers services that are tailored to the individual needs of each guest.\",\"breadcrumb\":{\"@id\":\"https:\/\/www.masandoia.com\/en\/deluxe-rooms\/#breadcrumb\"},\"inLanguage\":\"en-US\",\"potentialAction\":[{\"@type\":\"ReadAction\",\"target\":[\"https:\/\/www.masandoia.com\/en\/deluxe-rooms\/\"]}]},{\"@type\":\"BreadcrumbList\",\"@id\":\"https:\/\/www.masandoia.com\/en\/deluxe-rooms\/#breadcrumb\",\"itemListElement\":[{\"@type\":\"ListItem\",\"position\":1,\"name\":\"Home\",\"item\":\"https:\/\/www.masandoia.com\/en\/\"},{\"@type\":\"ListItem\",\"position\":2,\"name\":\"Deluxe Rooms &#8211; Double or Twin\"}]},{\"@type\":\"WebSite\",\"@id\":\"https:\/\/www.masandoia.com\/en\/#website\",\"url\":\"https:\/\/www.masandoia.com\/en\/\",\"name\":\"Palais Masando\u00efa\",\"description\":\"Boutique h\u00f4tel d&#039;exception \u00e0 Erfoud\",\"potentialAction\":[{\"@type\":\"SearchAction\",\"target\":{\"@type\":\"EntryPoint\",\"urlTemplate\":\"https:\/\/www.masandoia.com\/en\/?s={search_term_string}\"},\"query-input\":{\"@type\":\"PropertyValueSpecification\",\"valueRequired\":true,\"valueName\":\"search_term_string\"}}],\"inLanguage\":\"en-US\"}]}<\/script>\n<!-- \/ Yoast SEO plugin. -->","yoast_head_json":{"title":"Palais Masando\u00efa | Deluxe Rooms - Double or Twin","description":"The hotel offers twelve rooms and three suites. This small size ensures a high level of comfort and personalized treatment. Far different from the usual standardized hotel chains, the Masando\u00efa hotel offers services that are tailored to the individual needs of each guest.","robots":{"index":"index","follow":"follow","max-snippet":"max-snippet:-1","max-image-preview":"max-image-preview:large","max-video-preview":"max-video-preview:-1"},"canonical":"https:\/\/www.masandoia.com\/en\/deluxe-rooms\/","og_locale":"en_US","og_type":"article","og_title":"Palais Masando\u00efa | Deluxe Rooms - Double or Twin","og_description":"The hotel offers twelve rooms and three suites. This small size ensures a high level of comfort and personalized treatment. Far different from the usual standardized hotel chains, the Masando\u00efa hotel offers services that are tailored to the individual needs of each guest.","og_url":"https:\/\/www.masandoia.com\/en\/deluxe-rooms\/","og_site_name":"Palais Masando\u00efa","article_modified_time":"2022-12-12T09:22:36+00:00","og_image":[{"width":1140,"height":757,"url":"https:\/\/www.masandoia.com\/wp-content\/uploads\/2022\/08\/hotel-palais-masandoia-chambre-deluxe-twin-ou-double.jpg","type":"image\/jpeg"}],"twitter_card":"summary_large_image","twitter_misc":{"Est. reading time":"3 minutes"},"schema":{"@context":"https:\/\/schema.org","@graph":[{"@type":"WebPage","@id":"https:\/\/www.masandoia.com\/en\/deluxe-rooms\/","url":"https:\/\/www.masandoia.com\/en\/deluxe-rooms\/","name":"Palais Masando\u00efa | Deluxe Rooms - Double or Twin","isPartOf":{"@id":"https:\/\/www.masandoia.com\/en\/#website"},"datePublished":"2022-08-31T13:04:09+00:00","dateModified":"2022-12-12T09:22:36+00:00","description":"The hotel offers twelve rooms and three suites. This small size ensures a high level of comfort and personalized treatment. Far different from the usual standardized hotel chains, the Masando\u00efa hotel offers services that are tailored to the individual needs of each guest.","breadcrumb":{"@id":"https:\/\/www.masandoia.com\/en\/deluxe-rooms\/#breadcrumb"},"inLanguage":"en-US","potentialAction":[{"@type":"ReadAction","target":["https:\/\/www.masandoia.com\/en\/deluxe-rooms\/"]}]},{"@type":"BreadcrumbList","@id":"https:\/\/www.masandoia.com\/en\/deluxe-rooms\/#breadcrumb","itemListElement":[{"@type":"ListItem","position":1,"name":"Home","item":"https:\/\/www.masandoia.com\/en\/"},{"@type":"ListItem","position":2,"name":"Deluxe Rooms &#8211; Double or Twin"}]},{"@type":"WebSite","@id":"https:\/\/www.masandoia.com\/en\/#website","url":"https:\/\/www.masandoia.com\/en\/","name":"Palais Masando\u00efa","description":"Boutique h\u00f4tel d&#039;exception \u00e0 Erfoud","potentialAction":[{"@type":"SearchAction","target":{"@type":"EntryPoint","urlTemplate":"https:\/\/www.masandoia.com\/en\/?s={search_term_string}"},"query-input":{"@type":"PropertyValueSpecification","valueRequired":true,"valueName":"search_term_string"}}],"inLanguage":"en-US"}]}},"_links":{"self":[{"href":"https:\/\/www.masandoia.com\/en\/wp-json\/wp\/v2\/pages\/768","targetHints":{"allow":["GET"]}}],"collection":[{"href":"https:\/\/www.masandoia.com\/en\/wp-json\/wp\/v2\/pages"}],"about":[{"href":"https:\/\/www.masandoia.com\/en\/wp-json\/wp\/v2\/types\/page"}],"author":[{"embeddable":true,"href":"https:\/\/www.masandoia.com\/en\/wp-json\/wp\/v2\/users\/1"}],"replies":[{"embeddable":true,"href":"https:\/\/www.masandoia.com\/en\/wp-json\/wp\/v2\/comments?post=768"}],"version-history":[{"count":2,"href":"https:\/\/www.masandoia.com\/en\/wp-json\/wp\/v2\/pages\/768\/revisions"}],"predecessor-version":[{"id":983,"href":"https:\/\/www.masandoia.com\/en\/wp-json\/wp\/v2\/pages\/768\/revisions\/983"}],"wp:attachment":[{"href":"https:\/\/www.masandoia.com\/en\/wp-json\/wp\/v2\/media?parent=768"}],"curies":[{"name":"wp","href":"https:\/\/api.w.org\/{rel}","templated":true}]}}