{"id":800,"date":"2022-08-30T17:16:05","date_gmt":"2022-08-30T15:16:05","guid":{"rendered":"http:\/\/www.masandoia.com\/votre-evenement\/"},"modified":"2022-09-06T12:11:42","modified_gmt":"2022-09-06T10:11:42","slug":"your-event","status":"publish","type":"page","link":"https:\/\/www.masandoia.com\/en\/your-event\/","title":{"rendered":"PRIVATIZATION OF THE HOTEL AND PERSONALIZED EVENT"},"content":{"rendered":"[vc_row][vc_column width=&#8221;1\/6&#8243;][\/vc_column][vc_column width=&#8221;2\/3&#8243;][vc_column_text]\n<h2 style=\"text-align: center;\">According to your needs, the Palais will transfrom itself for a custom made event.<\/h2>\n[\/vc_column_text][\/vc_column][vc_column width=&#8221;1\/6&#8243;][\/vc_column][\/vc_row][vc_row][vc_column width=&#8221;1\/6&#8243;][\/vc_column][vc_column width=&#8221;2\/3&#8243;][vc_row_inner][vc_column_inner width=&#8221;1\/2&#8243;][vc_column_text]\n<h3>A peaceful place for actors\u2026<\/h3>\n<p>Whatever the event, the Palais Masando\u00efa hotel can be transformed and converted according to your wishes and offer you personalized services.<\/p>\n<p>For example, many movies have been filmed at the hotel in the past years.<\/p>\n<p>From March to April 2014, the hotel welcomed the crew of The White Knights, by Joachim Lafosse. The hotel was rented in its entirety so that actors Vincent Lindon, Louise Bourgoing, Valerie Donzelli and the rest of the filming team could enjoy a quiet and intimate stay.<\/p>\n<p>Later the same year, we hosted the crew of The New Adventures of Aladin. Lead actor Kev Adams, director Arthur Bensaquen and the film\u2019s producer enjoyed a private weeklong stay with full room and board.<\/p>\n<p>In June 2015, the hotel welcomed the crew from the American movie Billy Lynn\u2019s Long Halftime Walk, directed by Oscar winner Ang Lee. The actors, including Vin Diesel, and the producers (Sony) were guests at the hotel for two weeks.<\/p>\n<p>Lastly, in May 2016, the French film \u201cLa promesse de l\u2019aube\u201d, featuring Charlotte Gainsbourg, was filmed at the hotel, which was rented in its entirety for one week.<\/p>\n<p>We are now accustomed to working hand in hand with production companies to ensure logistics and answer the needs of actors and filming crew.<\/p>\n<p><strong>On each of these occasions, The Palais Masando\u00efa hotel and its team were given a chance to shine and to demonstrate creativity and flexibility.<\/strong>[\/vc_column_text][vc_column_text el_class=&#8221;display-none&#8221;]Le personnel de Masando\u00efa est d\u00e9sormais habitu\u00e9 \u00e0 \u0153uvrer main dans la main avec les <strong>soci\u00e9t\u00e9s de production<\/strong> pour assurer la logistique et r\u00e9pondre aux besoins des acteurs et des \u00e9quipes de tournage.<\/p>\n<p><strong>Ces diff\u00e9rentes exp\u00e9riences ont \u00e9t\u00e9 l\u2019occasion de d\u00e9montrer \u00e0 la fois la souplesse et la cr\u00e9ativit\u00e9 de l\u2019\u00e9quipe de l\u2019h\u00f4tel.<\/strong>[\/vc_column_text][\/vc_column_inner][vc_column_inner width=&#8221;1\/2&#8243; css=&#8221;.vc_custom_1661959349031{margin-top: 40px !important;}&#8221;][vc_images_carousel images=&#8221;280,281,282,283&#8243; img_size=&#8221;full&#8221; onclick=&#8221;link_no&#8221; mode=&#8221;vertical&#8221; speed=&#8221;3000&#8243; autoplay=&#8221;yes&#8221; hide_pagination_control=&#8221;yes&#8221; wrap=&#8221;yes&#8221;][\/vc_column_inner][\/vc_row_inner][vc_btn title=&#8221;Organize your event&#8221; style=&#8221;classic&#8221; shape=&#8221;square&#8221; align=&#8221;center&#8221; link=&#8221;url:http%3A%2F%2Fwww.masandoia.com%2Fen%2Fcontact-us%2F|title:Organize%20your%20event||&#8221; el_class=&#8221;custom-button&#8221;][\/vc_column][vc_column width=&#8221;1\/6&#8243;][\/vc_column][\/vc_row][vc_row full_width=&#8221;stretch_row&#8221; css=&#8221;.vc_custom_1661958980175{background-color: #efefef !important;}&#8221;][vc_column width=&#8221;1\/6&#8243;][\/vc_column][vc_column width=&#8221;2\/3&#8243;][vc_column_text]\n<h2>Services provided by the Palais Masando\u00efa team<\/h2>\n[\/vc_column_text][vc_row_inner][vc_column_inner width=&#8221;1\/2&#8243;][vc_column_text]\n<h4>SCREENING ROOM<\/h4>\n<p>During the filming of Billy Lynn\u2019s Long Halftime Walk in 2015 the hotel pool was transformed into a screening room where producers could watch scenes filmed earlier that day.<\/p>\n<p>&nbsp;<\/p>\n<h4>FITNESS ROOM<\/h4>\n<p>During that time, the spa was also converted into a fitness room. The equipment was flown to the hotel at the request of the production team specifically so that actor Vin Diesel could continue his training sessions.<\/p>\n<p>&nbsp;<\/p>\n<h4>EDITING ROOM<\/h4>\n<p>The hotel offices were once converted into an editing room to allow technicians to work on the movie around the clock.<\/p>\n<p>&nbsp;<\/p>\n<h4>COCKTAIL RECEPTIONS<\/h4>\n<p>Cocktail receptions were organized daily during the filming of each of those movies. On one of those special occasions, the hotel was even prepared to host 100 guests.[\/vc_column_text][\/vc_column_inner][vc_column_inner width=&#8221;1\/2&#8243;][vc_column_text]\n<h4>A PARADISE FOR FAMILIES<\/h4>\n<p>Since the filming of The White Knight took several weeks, the actors brought their children to hotel during summer break. The hotel team set up an immense tent in the garden for the children to sleep in.<\/p>\n<p>We also transformed part of the bar into a small theatre so the kids could enjoy movies.<\/p>\n<p>&nbsp;<\/p>\n<h4>NEW YEAR\u2019S EVE<\/h4>\n<p>The Masando\u00efa Hotel also knows how to celebrate and once organized a special New Year\u2019s Eve diner party. The menu was created by a Moroccan chef and featured foie gras imported from France, oysters and salmon.<\/p>\n<p>&nbsp;<\/p>\n<h4>BUSINESS LUNCHEON<\/h4>\n<p>During the Salon International des Dattes (International Date Fair) at the end of October, the hotel organized a private evening catered by a Moroccan chef.[\/vc_column_text][\/vc_column_inner][\/vc_row_inner][vc_column_text]\n<h4>NOTHING IS IMPOSSIBLE<\/h4>\n<p>Feel like some sushis? The hotel can make that happen!<\/p>\n<p>The Palais Masando\u00efa hotel can also organize DJ nights with full bar amidst sand dunes complete with bonfires. Experience an unforgettable night dancing under the stars to sound of live Berber music and funky electro-house beats.The hotel is responsible for transporting guests to and from the party\u2019s secret location. After a night of partying enjoy a delicious brunch in the middle of a desert oasis.<\/p>\n<p>During such festive evenings, the transfer of the guests to the place kept confidential is taken care of, as well as their return to the hotel at the desired time.<\/p>\n<p><strong>Always feel free to communicate your wishes. Everything is possible at the Palais Masando\u00efa hotel; the only limit is your imagination<\/strong>.[\/vc_column_text][vc_btn title=&#8221;Organize your event&#8221; style=&#8221;classic&#8221; shape=&#8221;square&#8221; size=&#8221;lg&#8221; align=&#8221;center&#8221; link=&#8221;url:http%3A%2F%2Fwww.masandoia.com%2Fen%2Fcontact-us%2F|title:Organize%20your%20event||&#8221; el_class=&#8221;custom-button&#8221;][\/vc_column][vc_column width=&#8221;1\/6&#8243;][\/vc_column][\/vc_row]\n","protected":false},"excerpt":{"rendered":"<p>[vc_row][vc_column width=&#8221;1\/6&#8243;][\/vc_column][vc_column width=&#8221;2\/3&#8243;][vc_column_text] According to your needs, the Palais will transfrom itself for a custom made event. [\/vc_column_text][\/vc_column][vc_column width=&#8221;1\/6&#8243;][\/vc_column][\/vc_row][vc_row][vc_column width=&#8221;1\/6&#8243;][\/vc_column][vc_column width=&#8221;2\/3&#8243;][vc_row_inner][vc_column_inner width=&#8221;1\/2&#8243;][vc_column_text] A peaceful place for actors\u2026 Whatever the event, the Palais Masando\u00efa hotel can be transformed and converted according to your wishes and offer you personalized services. For example, many movies have been filmed [&hellip;]<\/p>\n","protected":false},"author":1,"featured_media":0,"parent":0,"menu_order":0,"comment_status":"closed","ping_status":"closed","template":"page-templates\/page_without-sidebar.php","meta":{"_acf_changed":false,"footnotes":""},"class_list":["post-800","page","type-page","status-publish","hentry"],"acf":[],"yoast_head":"<!-- This site is optimized with the Yoast SEO plugin v27.1.1 - https:\/\/yoast.com\/product\/yoast-seo-wordpress\/ -->\n<title>Palais Masando\u00efa | PRIVATIZATION OF THE HOTEL<\/title>\n<meta name=\"description\" content=\"On each of these occasions, The Palais Masando\u00efa hotel and its team were given a chance to shine and to demonstrate creativity and flexibility.\" \/>\n<meta name=\"robots\" content=\"index, follow, max-snippet:-1, max-image-preview:large, max-video-preview:-1\" \/>\n<link rel=\"canonical\" href=\"https:\/\/www.masandoia.com\/en\/your-event\/\" \/>\n<meta property=\"og:locale\" content=\"en_US\" \/>\n<meta property=\"og:type\" content=\"article\" \/>\n<meta property=\"og:title\" content=\"Palais Masando\u00efa | PRIVATIZATION OF THE HOTEL\" \/>\n<meta property=\"og:description\" content=\"On each of these occasions, The Palais Masando\u00efa hotel and its team were given a chance to shine and to demonstrate creativity and flexibility.\" \/>\n<meta property=\"og:url\" content=\"https:\/\/www.masandoia.com\/en\/your-event\/\" \/>\n<meta property=\"og:site_name\" content=\"Palais Masando\u00efa\" \/>\n<meta property=\"article:modified_time\" content=\"2022-09-06T10:11:42+00:00\" \/>\n<meta property=\"og:image\" content=\"https:\/\/www.masandoia.com\/wp-content\/uploads\/2022\/08\/affiche-film-un-jour-dans-la-vie-de-billy-lynn.jpg\" \/>\n\t<meta property=\"og:image:width\" content=\"540\" \/>\n\t<meta property=\"og:image:height\" content=\"720\" \/>\n\t<meta property=\"og:image:type\" content=\"image\/jpeg\" \/>\n<meta name=\"twitter:card\" content=\"summary_large_image\" \/>\n<meta name=\"twitter:label1\" content=\"Est. reading time\" \/>\n\t<meta name=\"twitter:data1\" content=\"4 minutes\" \/>\n<script type=\"application\/ld+json\" class=\"yoast-schema-graph\">{\"@context\":\"https:\/\/schema.org\",\"@graph\":[{\"@type\":\"WebPage\",\"@id\":\"https:\/\/www.masandoia.com\/en\/your-event\/\",\"url\":\"https:\/\/www.masandoia.com\/en\/your-event\/\",\"name\":\"Palais Masando\u00efa | PRIVATIZATION OF THE HOTEL\",\"isPartOf\":{\"@id\":\"https:\/\/www.masandoia.com\/en\/#website\"},\"datePublished\":\"2022-08-30T15:16:05+00:00\",\"dateModified\":\"2022-09-06T10:11:42+00:00\",\"description\":\"On each of these occasions, The Palais Masando\u00efa hotel and its team were given a chance to shine and to demonstrate creativity and flexibility.\",\"breadcrumb\":{\"@id\":\"https:\/\/www.masandoia.com\/en\/your-event\/#breadcrumb\"},\"inLanguage\":\"en-US\",\"potentialAction\":[{\"@type\":\"ReadAction\",\"target\":[\"https:\/\/www.masandoia.com\/en\/your-event\/\"]}]},{\"@type\":\"BreadcrumbList\",\"@id\":\"https:\/\/www.masandoia.com\/en\/your-event\/#breadcrumb\",\"itemListElement\":[{\"@type\":\"ListItem\",\"position\":1,\"name\":\"Home\",\"item\":\"https:\/\/www.masandoia.com\/en\/\"},{\"@type\":\"ListItem\",\"position\":2,\"name\":\"PRIVATIZATION OF THE HOTEL AND PERSONALIZED EVENT\"}]},{\"@type\":\"WebSite\",\"@id\":\"https:\/\/www.masandoia.com\/en\/#website\",\"url\":\"https:\/\/www.masandoia.com\/en\/\",\"name\":\"Palais Masando\u00efa\",\"description\":\"Boutique h\u00f4tel d&#039;exception \u00e0 Erfoud\",\"potentialAction\":[{\"@type\":\"SearchAction\",\"target\":{\"@type\":\"EntryPoint\",\"urlTemplate\":\"https:\/\/www.masandoia.com\/en\/?s={search_term_string}\"},\"query-input\":{\"@type\":\"PropertyValueSpecification\",\"valueRequired\":true,\"valueName\":\"search_term_string\"}}],\"inLanguage\":\"en-US\"}]}<\/script>\n<!-- \/ Yoast SEO plugin. -->","yoast_head_json":{"title":"Palais Masando\u00efa | PRIVATIZATION OF THE HOTEL","description":"On each of these occasions, The Palais Masando\u00efa hotel and its team were given a chance to shine and to demonstrate creativity and flexibility.","robots":{"index":"index","follow":"follow","max-snippet":"max-snippet:-1","max-image-preview":"max-image-preview:large","max-video-preview":"max-video-preview:-1"},"canonical":"https:\/\/www.masandoia.com\/en\/your-event\/","og_locale":"en_US","og_type":"article","og_title":"Palais Masando\u00efa | PRIVATIZATION OF THE HOTEL","og_description":"On each of these occasions, The Palais Masando\u00efa hotel and its team were given a chance to shine and to demonstrate creativity and flexibility.","og_url":"https:\/\/www.masandoia.com\/en\/your-event\/","og_site_name":"Palais Masando\u00efa","article_modified_time":"2022-09-06T10:11:42+00:00","og_image":[{"width":540,"height":720,"url":"https:\/\/www.masandoia.com\/wp-content\/uploads\/2022\/08\/affiche-film-un-jour-dans-la-vie-de-billy-lynn.jpg","type":"image\/jpeg"}],"twitter_card":"summary_large_image","twitter_misc":{"Est. reading time":"4 minutes"},"schema":{"@context":"https:\/\/schema.org","@graph":[{"@type":"WebPage","@id":"https:\/\/www.masandoia.com\/en\/your-event\/","url":"https:\/\/www.masandoia.com\/en\/your-event\/","name":"Palais Masando\u00efa | PRIVATIZATION OF THE HOTEL","isPartOf":{"@id":"https:\/\/www.masandoia.com\/en\/#website"},"datePublished":"2022-08-30T15:16:05+00:00","dateModified":"2022-09-06T10:11:42+00:00","description":"On each of these occasions, The Palais Masando\u00efa hotel and its team were given a chance to shine and to demonstrate creativity and flexibility.","breadcrumb":{"@id":"https:\/\/www.masandoia.com\/en\/your-event\/#breadcrumb"},"inLanguage":"en-US","potentialAction":[{"@type":"ReadAction","target":["https:\/\/www.masandoia.com\/en\/your-event\/"]}]},{"@type":"BreadcrumbList","@id":"https:\/\/www.masandoia.com\/en\/your-event\/#breadcrumb","itemListElement":[{"@type":"ListItem","position":1,"name":"Home","item":"https:\/\/www.masandoia.com\/en\/"},{"@type":"ListItem","position":2,"name":"PRIVATIZATION OF THE HOTEL AND PERSONALIZED EVENT"}]},{"@type":"WebSite","@id":"https:\/\/www.masandoia.com\/en\/#website","url":"https:\/\/www.masandoia.com\/en\/","name":"Palais Masando\u00efa","description":"Boutique h\u00f4tel d&#039;exception \u00e0 Erfoud","potentialAction":[{"@type":"SearchAction","target":{"@type":"EntryPoint","urlTemplate":"https:\/\/www.masandoia.com\/en\/?s={search_term_string}"},"query-input":{"@type":"PropertyValueSpecification","valueRequired":true,"valueName":"search_term_string"}}],"inLanguage":"en-US"}]}},"_links":{"self":[{"href":"https:\/\/www.masandoia.com\/en\/wp-json\/wp\/v2\/pages\/800","targetHints":{"allow":["GET"]}}],"collection":[{"href":"https:\/\/www.masandoia.com\/en\/wp-json\/wp\/v2\/pages"}],"about":[{"href":"https:\/\/www.masandoia.com\/en\/wp-json\/wp\/v2\/types\/page"}],"author":[{"embeddable":true,"href":"https:\/\/www.masandoia.com\/en\/wp-json\/wp\/v2\/users\/1"}],"replies":[{"embeddable":true,"href":"https:\/\/www.masandoia.com\/en\/wp-json\/wp\/v2\/comments?post=800"}],"version-history":[{"count":2,"href":"https:\/\/www.masandoia.com\/en\/wp-json\/wp\/v2\/pages\/800\/revisions"}],"predecessor-version":[{"id":823,"href":"https:\/\/www.masandoia.com\/en\/wp-json\/wp\/v2\/pages\/800\/revisions\/823"}],"wp:attachment":[{"href":"https:\/\/www.masandoia.com\/en\/wp-json\/wp\/v2\/media?parent=800"}],"curies":[{"name":"wp","href":"https:\/\/api.w.org\/{rel}","templated":true}]}}