{"id":804,"date":"2022-08-30T17:11:21","date_gmt":"2022-08-30T15:11:21","guid":{"rendered":"http:\/\/www.masandoia.com\/contact\/"},"modified":"2022-09-06T11:23:12","modified_gmt":"2022-09-06T09:23:12","slug":"contact-us","status":"publish","type":"page","link":"https:\/\/www.masandoia.com\/en\/contact-us\/","title":{"rendered":"Contact us"},"content":{"rendered":"[vc_row][vc_column width=&#8221;1\/6&#8243;][\/vc_column][vc_column width=&#8221;2\/3&#8243;][vc_row_inner][vc_column_inner width=&#8221;1\/3&#8243; css=&#8221;.vc_custom_1661960872532{margin-right: 20px !important;padding-right: 20px !important;}&#8221;][vc_column_text]\n<h4>Need information ?<\/h4>\n<p>Our team stays at your disposal for any questions. If you have a special request or need advice, contact us![\/vc_column_text][vc_column_text css=&#8221;.vc_custom_1662456089594{margin-top: 40px !important;}&#8221;]\n<h4>Contact us<\/h4>\n<p><i class=\"fa fa-map-marker gdlr-icon\"><\/i> Palais Masando\u00efa &#8211; Road Er Rachida Km 5 &#8211; Erfoud, Maroc<\/p>\n<p><i class=\"fa fa-phone\"><\/i> 00 212 (0)5 35 57 60 48<\/p>\n<p><i class=\"fa fa-fax\"><\/i> 00 212 (0)5 35 57 60 44 (Fax)<\/p>\n<p><i class=\"fa fa-envelope\"><\/i> contact(a)masandoia.com[\/vc_column_text][vc_column_text css=&#8221;.vc_custom_1662456113690{margin-top: 40px !important;margin-bottom: 5px !important;}&#8221;]\n<h4>Join us on social networks<\/h4>\n[\/vc_column_text][vc_icon type=&#8221;monosocial&#8221; icon_monosocial=&#8221;vc-mono vc-mono-facebook&#8221; color=&#8221;custom&#8221; align=&#8221;center&#8221; custom_color=&#8221;#444444&#8243; link=&#8221;url:https%3A%2F%2Fwww.facebook.com%2Fpalais.masandoia%2F||target:%20_blank|&#8221; el_class=&#8221;align-icon&#8221;][vc_icon type=&#8221;monosocial&#8221; icon_monosocial=&#8221;vc-mono vc-mono-instagram&#8221; color=&#8221;custom&#8221; align=&#8221;center&#8221; custom_color=&#8221;#444444&#8243; link=&#8221;url:https%3A%2F%2Fwww.instagram.com%2Fhotelpalaismasandoia%2F||target:%20_blank|&#8221; el_class=&#8221;align-icon&#8221;][vc_icon type=&#8221;monosocial&#8221; icon_monosocial=&#8221;vc-mono vc-mono-twitterbird&#8221; color=&#8221;custom&#8221; align=&#8221;center&#8221; custom_color=&#8221;#444444&#8243; link=&#8221;url:https%3A%2F%2Ftwitter.com%2Fmasandoia%2F||target:%20_blank|&#8221; el_class=&#8221;align-icon&#8221;][vc_column_text css=&#8221;.vc_custom_1662456127153{margin-top: 40px !important;}&#8221;]\n<h4>Recommanded on Tripadvisor<\/h4>\n[\/vc_column_text][vc_raw_html]JTNDZGl2JTIwY2xhc3MlM0QlMjJ0ZXh0d2lkZ2V0JTIwY3VzdG9tLWh0bWwtd2lkZ2V0JTIyJTNFJTNDZGl2JTIwaWQlM0QlMjJUQV9jZXJ0aWZpY2F0ZU9mRXhjZWxsZW5jZTUwMyUyMiUyMGNsYXNzJTNEJTIyVEFfY2VydGlmaWNhdGVPZkV4Y2VsbGVuY2UlMjIlM0UlM0NkaXYlMjBpZCUzRCUyMkNEU1dJRENPRSUyMiUyMGNsYXNzJTNEJTIyd2lkQ09FJTIwY3hfYnJhbmRfcmVmcmVzaCUyMCUyMiUzRSUyMCUzQ2ElMjBjbGFzcyUzRCUyMndpZENPRUNsaWNrV3JhcCUyMiUyMHRhcmdldCUzRCUyMl9ibGFuayUyMiUyMGhyZWYlM0QlMjJodHRwcyUzQSUyRiUyRnd3dy50cmlwYWR2aXNvci5mciUyRkhvdGVsX1Jldmlldy1nMzE3MDcwLWQ0MzUxOTI5LVJldmlld3MtUGFsYWlzX01hc2FuZG9pYS1FcmZvdWRfTWVrbmVzX1RhZmlsYWxldF9SZWdpb24uaHRtbCUyMiUyMG9uY2xpY2slM0QlMjJ0YS5jZHMuaGFuZGxlVEFMaW5rJTI4MTQzNDglMkN0aGlzJTI5JTNCcmV0dXJuJTIwdHJ1ZSUzQiUyMiUzRSUzQyUyRmElM0UlMjAlM0NkaXYlMjBjbGFzcyUzRCUyMndpZENPRVRpdGxlJTIyJTNFJTIwQXR0ZXN0YXRpb24lMjBkJTI3RXhjZWxsZW5jZSUyMCUzQ3NwYW4lMjBjbGFzcyUzRCUyMndpZENPRURhdGVUZXh0JTIyJTNFMjAxNyUzQyUyRnNwYW4lM0UlMjAlM0MlMkZkaXYlM0UlMjAlM0NkaXYlMjBjbGFzcyUzRCUyMndpZENPRVJlYWRSZXZpZXdzJTIyJTNFJTIwTGlzZXolMjBsZXMlMjBhdmlzJTIwJTNDJTJGZGl2JTNFJTIwJTNDZGl2JTIwY2xhc3MlM0QlMjJ3aWRDT0VMb2dvJTIyJTNFJTIwJTNDYSUyMHRhcmdldCUzRCUyMl9ibGFuayUyMiUyMGhyZWYlM0QlMjJodHRwcyUzQSUyRiUyRnd3dy50cmlwYWR2aXNvci5mciUyRkhvdGVsX1Jldmlldy1nMzE3MDcwLWQ0MzUxOTI5LVJldmlld3MtUGFsYWlzX01hc2FuZG9pYS1FcmZvdWRfTWVrbmVzX1RhZmlsYWxldF9SZWdpb24uaHRtbCUyMiUyMHJlbCUzRCUyMm5vZm9sbG93JTIyJTNFJTNDaW1nJTIwc3JjJTNEJTIyaHR0cHMlM0ElMkYlMkZ3d3cudHJpcGFkdmlzb3IuZnIlMkZpbWclMkZjZHNpJTJGaW1nMiUyRmF3YXJkcyUyRnYyJTJGY29lLTE0MzQ4LTIucG5nJTIyJTIwYWx0JTNEJTIyVHJpcGFkdmlzb3IlMjIlMjBjbGFzcyUzRCUyMndpZENPRUltZyUyMiUyMGlkJTNEJTIyQ0RTV0lEQ09FTE9HTyUyMiUzRSUzQyUyRmElM0UlMjAlM0MlMkZkaXYlM0UlMjAlM0MlMkZkaXYlM0UlM0MlMjEtLSUyRiUyMCUyM0NEU1dJRENPRS0tJTNFJTIwJTNDJTJGZGl2JTNFJTBBJTNDc2NyaXB0JTIwYXN5bmMlM0QlMjIlMjIlMjBzcmMlM0QlMjJodHRwcyUzQSUyRiUyRnd3dy5qc2NhY2hlLmNvbSUyRndlanMlM0Z3dHlwZSUzRGNlcnRpZmljYXRlT2ZFeGNlbGxlbmNlJTI2YW1wJTNCdW5pcSUzRDUwMyUyNmFtcCUzQmxvY2F0aW9uSWQlM0Q0MzUxOTI5JTI2YW1wJTNCbGFuZyUzRGZyJTI2YW1wJTNCeWVhciUzRDIwMTclMjZhbXAlM0JkaXNwbGF5X3ZlcnNpb24lM0QyJTIyJTNFJTNDJTJGc2NyaXB0JTNFJTNDJTJGZGl2JTNF[\/vc_raw_html][\/vc_column_inner][vc_column_inner width=&#8221;2\/3&#8243;][vc_column_text]\n<h3>Please fill the form below to contact us.<\/h3>\n[\/vc_column_text][vc_column_text]\n<div class=\"wpcf7 no-js\" id=\"wpcf7-f808-o1\" lang=\"en-US\" dir=\"ltr\" data-wpcf7-id=\"808\">\n<div class=\"screen-reader-response\"><p role=\"status\" aria-live=\"polite\" aria-atomic=\"true\"><\/p> <ul><\/ul><\/div>\n<form action=\"\/en\/wp-json\/wp\/v2\/pages\/804#wpcf7-f808-o1\" method=\"post\" class=\"wpcf7-form init\" aria-label=\"Contact form\" novalidate=\"novalidate\" data-status=\"init\">\n<fieldset class=\"hidden-fields-container\"><input type=\"hidden\" name=\"_wpcf7\" value=\"808\" \/><input type=\"hidden\" name=\"_wpcf7_version\" value=\"6.1.5\" \/><input type=\"hidden\" name=\"_wpcf7_locale\" value=\"en_US\" \/><input type=\"hidden\" name=\"_wpcf7_unit_tag\" value=\"wpcf7-f808-o1\" \/><input type=\"hidden\" name=\"_wpcf7_container_post\" value=\"0\" \/><input type=\"hidden\" name=\"_wpcf7_posted_data_hash\" value=\"\" \/>\n<\/fieldset>\n<p><label> Your name*<br \/>\n<span class=\"wpcf7-form-control-wrap\" data-name=\"votre-nom\"><input size=\"40\" maxlength=\"400\" class=\"wpcf7-form-control wpcf7-text wpcf7-validates-as-required\" aria-required=\"true\" aria-invalid=\"false\" value=\"\" type=\"text\" name=\"votre-nom\" \/><\/span> <\/label>\n<\/p>\n<p><label> Your firstname*<br \/>\n<span class=\"wpcf7-form-control-wrap\" data-name=\"votre-prenom\"><input size=\"40\" maxlength=\"400\" class=\"wpcf7-form-control wpcf7-text wpcf7-validates-as-required\" aria-required=\"true\" aria-invalid=\"false\" value=\"\" type=\"text\" name=\"votre-prenom\" \/><\/span> <\/label>\n<\/p>\n<p><label> Your email*<br \/>\n<span class=\"wpcf7-form-control-wrap\" data-name=\"votre-email\"><input size=\"40\" maxlength=\"400\" class=\"wpcf7-form-control wpcf7-email wpcf7-validates-as-required wpcf7-text wpcf7-validates-as-email\" aria-required=\"true\" aria-invalid=\"false\" value=\"\" type=\"email\" name=\"votre-email\" \/><\/span> <\/label>\n<\/p>\n<p><label> Your phone number<br \/>\n<span class=\"wpcf7-form-control-wrap\" data-name=\"votre-numero\"><input size=\"40\" maxlength=\"400\" class=\"wpcf7-form-control wpcf7-text\" aria-invalid=\"false\" value=\"\" type=\"text\" name=\"votre-numero\" \/><\/span> <\/label>\n<\/p>\n<p><label> Your message<br \/>\n<span class=\"wpcf7-form-control-wrap\" data-name=\"votre-message\"><textarea cols=\"40\" rows=\"10\" maxlength=\"2000\" class=\"wpcf7-form-control wpcf7-textarea\" aria-invalid=\"false\" name=\"votre-message\"><\/textarea><\/span> <\/label>\n<\/p>\n<p><span class=\"wpcf7-form-control-wrap\" data-name=\"checkbox-45\"><span class=\"wpcf7-form-control wpcf7-checkbox wpcf7-validates-as-required\"><span class=\"wpcf7-list-item first last\"><input type=\"checkbox\" name=\"checkbox-45[]\" value=\"By submitting this form, you agree that the informations entered in this form will be processed and used to allow us to contact you again or in the context of the commercial relationship that results from this information request.\" \/><span class=\"wpcf7-list-item-label\">By submitting this form, you agree that the informations entered in this form will be processed and used to allow us to contact you again or in the context of the commercial relationship that results from this information request.<\/span><\/span><\/span><\/span>\n<\/p>\n<p><span id=\"wpcf7-69fe127795d3f-wrapper\" class=\"wpcf7-form-control-wrap email-confirmation-wrap\" style=\"display:none !important; visibility:hidden !important;\"><label for=\"wpcf7-69fe127795d3f-field\" class=\"hp-message\">Please leave this field empty.<\/label><input id=\"wpcf7-69fe127795d3f-field\"  class=\"wpcf7-form-control wpcf7-text\" type=\"text\" name=\"email-confirmation\" value=\"\" size=\"40\" tabindex=\"-1\" autocomplete=\"new-password\" \/><\/span>\n<\/p>\n<p><input class=\"wpcf7-form-control wpcf7-submit has-spinner\" type=\"submit\" value=\"Send\" \/>\n<\/p><div class=\"wpcf7-response-output\" aria-hidden=\"true\"><\/div>\n<\/form>\n<\/div>\n[\/vc_column_text][\/vc_column_inner][\/vc_row_inner][\/vc_column][vc_column width=&#8221;1\/6&#8243;][\/vc_column][\/vc_row]\n","protected":false},"excerpt":{"rendered":"<p>[vc_row][vc_column width=&#8221;1\/6&#8243;][\/vc_column][vc_column width=&#8221;2\/3&#8243;][vc_row_inner][vc_column_inner width=&#8221;1\/3&#8243; css=&#8221;.vc_custom_1661960872532{margin-right: 20px !important;padding-right: 20px !important;}&#8221;][vc_column_text] Need information ? Our team stays at your disposal for any questions. If you have a special request or need advice, contact us![\/vc_column_text][vc_column_text css=&#8221;.vc_custom_1662456089594{margin-top: 40px !important;}&#8221;] Contact us Palais Masando\u00efa &#8211; Road Er Rachida Km 5 &#8211; Erfoud, Maroc 00 212 (0)5 35 57 60 48 [&hellip;]<\/p>\n","protected":false},"author":1,"featured_media":0,"parent":0,"menu_order":0,"comment_status":"closed","ping_status":"closed","template":"page-templates\/page_without-sidebar.php","meta":{"_acf_changed":false,"footnotes":""},"class_list":["post-804","page","type-page","status-publish","hentry"],"acf":[],"yoast_head":"<!-- This site is optimized with the Yoast SEO plugin v27.1.1 - https:\/\/yoast.com\/product\/yoast-seo-wordpress\/ -->\n<title>Palais Masando\u00efa | Contact us<\/title>\n<meta name=\"description\" content=\"Notre \u00e9quipe est \u00e0 votre disposition pour r\u00e9pondre \u00e0 toutes vos questions. Une demande Our team stays at your disposal for any questions. If you have a special request or need advice, contact us!\" \/>\n<meta name=\"robots\" content=\"index, follow, max-snippet:-1, max-image-preview:large, max-video-preview:-1\" \/>\n<link rel=\"canonical\" href=\"https:\/\/www.masandoia.com\/en\/contact-us\/\" \/>\n<meta property=\"og:locale\" content=\"en_US\" \/>\n<meta property=\"og:type\" content=\"article\" \/>\n<meta property=\"og:title\" content=\"Palais Masando\u00efa | Contact us\" \/>\n<meta property=\"og:description\" content=\"Notre \u00e9quipe est \u00e0 votre disposition pour r\u00e9pondre \u00e0 toutes vos questions. Une demande Our team stays at your disposal for any questions. If you have a special request or need advice, contact us!\" \/>\n<meta property=\"og:url\" content=\"https:\/\/www.masandoia.com\/en\/contact-us\/\" \/>\n<meta property=\"og:site_name\" content=\"Palais Masando\u00efa\" \/>\n<meta property=\"article:modified_time\" content=\"2022-09-06T09:23:12+00:00\" \/>\n<meta property=\"og:image\" content=\"https:\/\/www.masandoia.com\/wp-content\/uploads\/2022\/08\/hotel-exception-maroc-palais-masandoia.jpg\" \/>\n\t<meta property=\"og:image:width\" content=\"2000\" \/>\n\t<meta property=\"og:image:height\" content=\"1333\" \/>\n\t<meta property=\"og:image:type\" content=\"image\/jpeg\" \/>\n<meta name=\"twitter:card\" content=\"summary_large_image\" \/>\n<meta name=\"twitter:label1\" content=\"Est. reading time\" \/>\n\t<meta name=\"twitter:data1\" content=\"1 minute\" \/>\n<script type=\"application\/ld+json\" class=\"yoast-schema-graph\">{\"@context\":\"https:\/\/schema.org\",\"@graph\":[{\"@type\":\"WebPage\",\"@id\":\"https:\/\/www.masandoia.com\/en\/contact-us\/\",\"url\":\"https:\/\/www.masandoia.com\/en\/contact-us\/\",\"name\":\"Palais Masando\u00efa | Contact us\",\"isPartOf\":{\"@id\":\"https:\/\/www.masandoia.com\/en\/#website\"},\"datePublished\":\"2022-08-30T15:11:21+00:00\",\"dateModified\":\"2022-09-06T09:23:12+00:00\",\"description\":\"Notre \u00e9quipe est \u00e0 votre disposition pour r\u00e9pondre \u00e0 toutes vos questions. Une demande Our team stays at your disposal for any questions. If you have a special request or need advice, contact us!\",\"breadcrumb\":{\"@id\":\"https:\/\/www.masandoia.com\/en\/contact-us\/#breadcrumb\"},\"inLanguage\":\"en-US\",\"potentialAction\":[{\"@type\":\"ReadAction\",\"target\":[\"https:\/\/www.masandoia.com\/en\/contact-us\/\"]}]},{\"@type\":\"BreadcrumbList\",\"@id\":\"https:\/\/www.masandoia.com\/en\/contact-us\/#breadcrumb\",\"itemListElement\":[{\"@type\":\"ListItem\",\"position\":1,\"name\":\"Home\",\"item\":\"https:\/\/www.masandoia.com\/en\/\"},{\"@type\":\"ListItem\",\"position\":2,\"name\":\"Contact us\"}]},{\"@type\":\"WebSite\",\"@id\":\"https:\/\/www.masandoia.com\/en\/#website\",\"url\":\"https:\/\/www.masandoia.com\/en\/\",\"name\":\"Palais Masando\u00efa\",\"description\":\"Boutique h\u00f4tel d&#039;exception \u00e0 Erfoud\",\"potentialAction\":[{\"@type\":\"SearchAction\",\"target\":{\"@type\":\"EntryPoint\",\"urlTemplate\":\"https:\/\/www.masandoia.com\/en\/?s={search_term_string}\"},\"query-input\":{\"@type\":\"PropertyValueSpecification\",\"valueRequired\":true,\"valueName\":\"search_term_string\"}}],\"inLanguage\":\"en-US\"}]}<\/script>\n<!-- \/ Yoast SEO plugin. -->","yoast_head_json":{"title":"Palais Masando\u00efa | Contact us","description":"Notre \u00e9quipe est \u00e0 votre disposition pour r\u00e9pondre \u00e0 toutes vos questions. Une demande Our team stays at your disposal for any questions. If you have a special request or need advice, contact us!","robots":{"index":"index","follow":"follow","max-snippet":"max-snippet:-1","max-image-preview":"max-image-preview:large","max-video-preview":"max-video-preview:-1"},"canonical":"https:\/\/www.masandoia.com\/en\/contact-us\/","og_locale":"en_US","og_type":"article","og_title":"Palais Masando\u00efa | Contact us","og_description":"Notre \u00e9quipe est \u00e0 votre disposition pour r\u00e9pondre \u00e0 toutes vos questions. Une demande Our team stays at your disposal for any questions. If you have a special request or need advice, contact us!","og_url":"https:\/\/www.masandoia.com\/en\/contact-us\/","og_site_name":"Palais Masando\u00efa","article_modified_time":"2022-09-06T09:23:12+00:00","og_image":[{"width":2000,"height":1333,"url":"https:\/\/www.masandoia.com\/wp-content\/uploads\/2022\/08\/hotel-exception-maroc-palais-masandoia.jpg","type":"image\/jpeg"}],"twitter_card":"summary_large_image","twitter_misc":{"Est. reading time":"1 minute"},"schema":{"@context":"https:\/\/schema.org","@graph":[{"@type":"WebPage","@id":"https:\/\/www.masandoia.com\/en\/contact-us\/","url":"https:\/\/www.masandoia.com\/en\/contact-us\/","name":"Palais Masando\u00efa | Contact us","isPartOf":{"@id":"https:\/\/www.masandoia.com\/en\/#website"},"datePublished":"2022-08-30T15:11:21+00:00","dateModified":"2022-09-06T09:23:12+00:00","description":"Notre \u00e9quipe est \u00e0 votre disposition pour r\u00e9pondre \u00e0 toutes vos questions. Une demande Our team stays at your disposal for any questions. If you have a special request or need advice, contact us!","breadcrumb":{"@id":"https:\/\/www.masandoia.com\/en\/contact-us\/#breadcrumb"},"inLanguage":"en-US","potentialAction":[{"@type":"ReadAction","target":["https:\/\/www.masandoia.com\/en\/contact-us\/"]}]},{"@type":"BreadcrumbList","@id":"https:\/\/www.masandoia.com\/en\/contact-us\/#breadcrumb","itemListElement":[{"@type":"ListItem","position":1,"name":"Home","item":"https:\/\/www.masandoia.com\/en\/"},{"@type":"ListItem","position":2,"name":"Contact us"}]},{"@type":"WebSite","@id":"https:\/\/www.masandoia.com\/en\/#website","url":"https:\/\/www.masandoia.com\/en\/","name":"Palais Masando\u00efa","description":"Boutique h\u00f4tel d&#039;exception \u00e0 Erfoud","potentialAction":[{"@type":"SearchAction","target":{"@type":"EntryPoint","urlTemplate":"https:\/\/www.masandoia.com\/en\/?s={search_term_string}"},"query-input":{"@type":"PropertyValueSpecification","valueRequired":true,"valueName":"search_term_string"}}],"inLanguage":"en-US"}]}},"_links":{"self":[{"href":"https:\/\/www.masandoia.com\/en\/wp-json\/wp\/v2\/pages\/804","targetHints":{"allow":["GET"]}}],"collection":[{"href":"https:\/\/www.masandoia.com\/en\/wp-json\/wp\/v2\/pages"}],"about":[{"href":"https:\/\/www.masandoia.com\/en\/wp-json\/wp\/v2\/types\/page"}],"author":[{"embeddable":true,"href":"https:\/\/www.masandoia.com\/en\/wp-json\/wp\/v2\/users\/1"}],"replies":[{"embeddable":true,"href":"https:\/\/www.masandoia.com\/en\/wp-json\/wp\/v2\/comments?post=804"}],"version-history":[{"count":2,"href":"https:\/\/www.masandoia.com\/en\/wp-json\/wp\/v2\/pages\/804\/revisions"}],"predecessor-version":[{"id":807,"href":"https:\/\/www.masandoia.com\/en\/wp-json\/wp\/v2\/pages\/804\/revisions\/807"}],"wp:attachment":[{"href":"https:\/\/www.masandoia.com\/en\/wp-json\/wp\/v2\/media?parent=804"}],"curies":[{"name":"wp","href":"https:\/\/api.w.org\/{rel}","templated":true}]}}