{"id":811,"date":"2022-09-02T12:12:50","date_gmt":"2022-09-02T10:12:50","guid":{"rendered":"http:\/\/www.masandoia.com\/mentions-legales\/"},"modified":"2022-09-06T11:52:55","modified_gmt":"2022-09-06T09:52:55","slug":"legal-notice","status":"publish","type":"page","link":"https:\/\/www.masandoia.com\/en\/legal-notice\/","title":{"rendered":"LEGAL NOTICE"},"content":{"rendered":"[vc_row][vc_column width=&#8221;1\/6&#8243;][\/vc_column][vc_column width=&#8221;2\/3&#8243;][vc_column_text]\n<h2 style=\"text-align: center;\">LEGAL NOTICE<\/h2>\n[\/vc_column_text][\/vc_column][vc_column width=&#8221;1\/6&#8243;][\/vc_column][\/vc_row][vc_row][vc_column width=&#8221;1\/6&#8243;][\/vc_column][vc_column width=&#8221;2\/3&#8243;][vc_column_text]\n<h3>Soci\u00e9t\u00e9 \u00e9ditrice du site<\/h3>\n<p>Le pr\u00e9sente site internet est \u00e9dit\u00e9 par la soci\u00e9t\u00e9 de droit marocains KOSOA S.A.R.L au capital de 300.000 .00 DH et enregistr\u00e9e au registre du commerce sous le num\u00e9ro 9535\/2013.<\/p>\n<p>&nbsp;<\/p>\n<h3>Si\u00e8ge social KOSOA S.A.R.L<\/h3>\n<ul>\n<li>Zone touristique C.R AARAB Sebah Ziz Erfoud \u2013 Province d\u2019Errachidia \u2013 KM 5 Route d\u2019Errachidia<\/li>\n<li>Contact t\u00e9l\u00e9phonique : 00 212 (0)5 35 57 60 48<\/li>\n<\/ul>\n<p>Directeur de la publication et \u00e9ditorial : KOSOA S.A.R.L \u2013 contact(a)masandoia.com<\/p>\n<p>Webmaster : La Weiz \u2013 contact(a)masandoia.com<\/p>\n<p>&nbsp;<\/p>\n<h3>H\u00e9bergement du site<\/h3>\n<ul>\n<li>Soci\u00e9t\u00e9 OVH<\/li>\n<li>SAS au capital de 10 069 020 \u20ac<\/li>\n<li>RCS Lille M\u00e9tropole 424 761 419 00045<\/li>\n<li>Code APE 2620Z<\/li>\n<li>N\u00b0 TVA : FR 22 424 761 419<\/li>\n<li>Si\u00e8ge social : 2 rue Kellermann \u2013 59100 Roubaix \u2013 France<\/li>\n<li>T\u00e9l : +33 9 72 10 10 07<\/li>\n<\/ul>\n<p>&nbsp;<\/p>\n<h3>Cr\u00e9dits photos &amp; vid\u00e9os<\/h3>\n<p>\u00a9 Flash-Sport | \u00a9 31.22 Productions | \u00a9 KOSOA S.A.R.L<\/p>\n<p>&nbsp;<\/p>\n<h3>Limitation de responsabilit\u00e9<\/h3>\n<p>L\u2019utilisateur reconna\u00eet avoir pris connaissance des pr\u00e9sentes conditions d\u2019utilisation et s\u2019engage \u00e0 les respecter. L\u2019utilisateur du site Internet \u00ab<strong>www.masandoia.com<\/strong>\u00bb reconna\u00eet disposer de la comp\u00e9tence et des moyens n\u00e9cessaires pour acc\u00e9der et utiliser ce site. L\u2019utilisateur du site Internet \u00abwww.masandoia.com\u00bb reconna\u00eet avoir v\u00e9rifi\u00e9 que la configuration informatique utilis\u00e9e ne contient aucun virus et qu\u2019elle est en parfait \u00e9tat de fonctionnement.<\/p>\n<p>KOSOA S.A.R.L, propri\u00e9taire du site www.masandoia.com met tout en \u0153uvre pour offrir aux utilisateurs des informations et\/ou des outils disponibles et v\u00e9rifi\u00e9s mais ne saurait \u00eatre tenu pour responsable des erreurs, d\u2019une absence de disponibilit\u00e9 des fonctionnalit\u00e9s et\/ou de la pr\u00e9sence de virus sur son site.<\/p>\n<p>Les informations contenues sur le site www.masandoia.com sont aussi pr\u00e9cises que possible, le site est r\u00e9guli\u00e8rement remis \u00e0 jour dans ce sens. Toutefois, le site peut contenir des inexactitudes, des omissions ou des lacunes. C\u2019est pourquoi, les informations communiqu\u00e9es sur ce site sont pr\u00e9sent\u00e9es \u00e0 titre indicatif et g\u00e9n\u00e9ral et sont susceptibles d\u2019\u00e9voluer. Par ailleurs, les renseignements figurant sur le pr\u00e9sent site ne sont pas exhaustifs. Ils sont donn\u00e9s sous r\u00e9serve de modifications ayant \u00e9t\u00e9 apport\u00e9es depuis leur mise en ligne. Enfin, malgr\u00e9 les mises \u00e0 jour du contenu du site, KOSOA S.A.R.L -propri\u00e9taire du pr\u00e9sent site- ne peut \u00eatre tenu pour responsable de la modification des dispositions administratives et juridiques survenant apr\u00e8s la publication.<\/p>\n<p>Les photos pr\u00e9sent\u00e9es sur ce site sont non-contractuelles.<\/p>\n<p>&nbsp;<\/p>\n<h3>Droits d\u2019acc\u00e8s<\/h3>\n<p>Conform\u00e9ment aux dispositions l\u00e9gales relatives \u00e0 l\u2019informatique, aux fichiers et aux libert\u00e9s, les internautes disposent d\u2019un droit d\u2019acc\u00e8s, de rectification, de modification et de suppression concernant les donn\u00e9es qui les concernent personnellement.<\/p>\n<p>Ce droit peut \u00eatre exerc\u00e9 par voie postale aupr\u00e8s de l\u2019\u00e9tablissement \u00e0 l\u2019adresse suivantes : Palais Masando\u00efa, Route d\u2019Er Rachidia \u2013 km 5 \u2013 Erfoud, Maroc ; ou par voie \u00e9lectronique via le formulaire de contact disponible sur le site. Une pi\u00e8ce d\u2019identit\u00e9 pourra vous \u00eatre demand\u00e9e.<\/p>\n<p>Notez que les informations personnelles collect\u00e9es peuvent dans certains cas \u00eatre confi\u00e9es \u00e0 des tiers, afin notamment de garantir la bonne ex\u00e9cution de la prestation command\u00e9e par l\u2019utilisateur.<\/p>\n<p>&nbsp;<\/p>\n<p>Pour de plus amples informations, nous vous invitons \u00e0 consulter notre politique de protection des donn\u00e9es personnelles ainsi que notre politique de gestion des cookies.[\/vc_column_text][\/vc_column][vc_column width=&#8221;1\/6&#8243;][\/vc_column][\/vc_row]\n","protected":false},"excerpt":{"rendered":"<p>[vc_row][vc_column width=&#8221;1\/6&#8243;][\/vc_column][vc_column width=&#8221;2\/3&#8243;][vc_column_text] LEGAL NOTICE [\/vc_column_text][\/vc_column][vc_column width=&#8221;1\/6&#8243;][\/vc_column][\/vc_row][vc_row][vc_column width=&#8221;1\/6&#8243;][\/vc_column][vc_column width=&#8221;2\/3&#8243;][vc_column_text] Soci\u00e9t\u00e9 \u00e9ditrice du site Le pr\u00e9sente site internet est \u00e9dit\u00e9 par la soci\u00e9t\u00e9 de droit marocains KOSOA S.A.R.L au capital de 300.000 .00 DH et enregistr\u00e9e au registre du commerce sous le num\u00e9ro 9535\/2013. &nbsp; Si\u00e8ge social KOSOA S.A.R.L Zone touristique C.R AARAB Sebah Ziz Erfoud [&hellip;]<\/p>\n","protected":false},"author":1,"featured_media":0,"parent":0,"menu_order":0,"comment_status":"closed","ping_status":"closed","template":"page-templates\/page_without-sidebar.php","meta":{"_acf_changed":false,"footnotes":""},"class_list":["post-811","page","type-page","status-publish","hentry"],"acf":[],"yoast_head":"<!-- This site is optimized with the Yoast SEO plugin v27.1.1 - https:\/\/yoast.com\/product\/yoast-seo-wordpress\/ -->\n<title>LEGAL NOTICE - Palais Masando\u00efa<\/title>\n<meta name=\"robots\" content=\"index, follow, max-snippet:-1, max-image-preview:large, max-video-preview:-1\" \/>\n<link rel=\"canonical\" href=\"https:\/\/www.masandoia.com\/en\/legal-notice\/\" \/>\n<meta property=\"og:locale\" content=\"en_US\" \/>\n<meta property=\"og:type\" content=\"article\" \/>\n<meta property=\"og:title\" content=\"LEGAL NOTICE - Palais Masando\u00efa\" \/>\n<meta property=\"og:description\" content=\"[vc_row][vc_column width=&#8221;1\/6&#8243;][\/vc_column][vc_column width=&#8221;2\/3&#8243;][vc_column_text] LEGAL NOTICE [\/vc_column_text][\/vc_column][vc_column width=&#8221;1\/6&#8243;][\/vc_column][\/vc_row][vc_row][vc_column width=&#8221;1\/6&#8243;][\/vc_column][vc_column width=&#8221;2\/3&#8243;][vc_column_text] Soci\u00e9t\u00e9 \u00e9ditrice du site Le pr\u00e9sente site internet est \u00e9dit\u00e9 par la soci\u00e9t\u00e9 de droit marocains KOSOA S.A.R.L au capital de 300.000 .00 DH et enregistr\u00e9e au registre du commerce sous le num\u00e9ro 9535\/2013. &nbsp; Si\u00e8ge social KOSOA S.A.R.L Zone touristique C.R AARAB Sebah Ziz Erfoud [&hellip;]\" \/>\n<meta property=\"og:url\" content=\"https:\/\/www.masandoia.com\/en\/legal-notice\/\" \/>\n<meta property=\"og:site_name\" content=\"Palais Masando\u00efa\" \/>\n<meta property=\"article:modified_time\" content=\"2022-09-06T09:52:55+00:00\" \/>\n<meta name=\"twitter:card\" content=\"summary_large_image\" \/>\n<meta name=\"twitter:label1\" content=\"Est. reading time\" \/>\n\t<meta name=\"twitter:data1\" content=\"3 minutes\" \/>\n<script type=\"application\/ld+json\" class=\"yoast-schema-graph\">{\"@context\":\"https:\/\/schema.org\",\"@graph\":[{\"@type\":\"WebPage\",\"@id\":\"https:\/\/www.masandoia.com\/en\/legal-notice\/\",\"url\":\"https:\/\/www.masandoia.com\/en\/legal-notice\/\",\"name\":\"LEGAL NOTICE - Palais Masando\u00efa\",\"isPartOf\":{\"@id\":\"https:\/\/www.masandoia.com\/en\/#website\"},\"datePublished\":\"2022-09-02T10:12:50+00:00\",\"dateModified\":\"2022-09-06T09:52:55+00:00\",\"breadcrumb\":{\"@id\":\"https:\/\/www.masandoia.com\/en\/legal-notice\/#breadcrumb\"},\"inLanguage\":\"en-US\",\"potentialAction\":[{\"@type\":\"ReadAction\",\"target\":[\"https:\/\/www.masandoia.com\/en\/legal-notice\/\"]}]},{\"@type\":\"BreadcrumbList\",\"@id\":\"https:\/\/www.masandoia.com\/en\/legal-notice\/#breadcrumb\",\"itemListElement\":[{\"@type\":\"ListItem\",\"position\":1,\"name\":\"Home\",\"item\":\"https:\/\/www.masandoia.com\/en\/\"},{\"@type\":\"ListItem\",\"position\":2,\"name\":\"LEGAL NOTICE\"}]},{\"@type\":\"WebSite\",\"@id\":\"https:\/\/www.masandoia.com\/en\/#website\",\"url\":\"https:\/\/www.masandoia.com\/en\/\",\"name\":\"Palais Masando\u00efa\",\"description\":\"Boutique h\u00f4tel d&#039;exception \u00e0 Erfoud\",\"potentialAction\":[{\"@type\":\"SearchAction\",\"target\":{\"@type\":\"EntryPoint\",\"urlTemplate\":\"https:\/\/www.masandoia.com\/en\/?s={search_term_string}\"},\"query-input\":{\"@type\":\"PropertyValueSpecification\",\"valueRequired\":true,\"valueName\":\"search_term_string\"}}],\"inLanguage\":\"en-US\"}]}<\/script>\n<!-- \/ Yoast SEO plugin. -->","yoast_head_json":{"title":"LEGAL NOTICE - Palais Masando\u00efa","robots":{"index":"index","follow":"follow","max-snippet":"max-snippet:-1","max-image-preview":"max-image-preview:large","max-video-preview":"max-video-preview:-1"},"canonical":"https:\/\/www.masandoia.com\/en\/legal-notice\/","og_locale":"en_US","og_type":"article","og_title":"LEGAL NOTICE - Palais Masando\u00efa","og_description":"[vc_row][vc_column width=&#8221;1\/6&#8243;][\/vc_column][vc_column width=&#8221;2\/3&#8243;][vc_column_text] LEGAL NOTICE [\/vc_column_text][\/vc_column][vc_column width=&#8221;1\/6&#8243;][\/vc_column][\/vc_row][vc_row][vc_column width=&#8221;1\/6&#8243;][\/vc_column][vc_column width=&#8221;2\/3&#8243;][vc_column_text] Soci\u00e9t\u00e9 \u00e9ditrice du site Le pr\u00e9sente site internet est \u00e9dit\u00e9 par la soci\u00e9t\u00e9 de droit marocains KOSOA S.A.R.L au capital de 300.000 .00 DH et enregistr\u00e9e au registre du commerce sous le num\u00e9ro 9535\/2013. &nbsp; Si\u00e8ge social KOSOA S.A.R.L Zone touristique C.R AARAB Sebah Ziz Erfoud [&hellip;]","og_url":"https:\/\/www.masandoia.com\/en\/legal-notice\/","og_site_name":"Palais Masando\u00efa","article_modified_time":"2022-09-06T09:52:55+00:00","twitter_card":"summary_large_image","twitter_misc":{"Est. reading time":"3 minutes"},"schema":{"@context":"https:\/\/schema.org","@graph":[{"@type":"WebPage","@id":"https:\/\/www.masandoia.com\/en\/legal-notice\/","url":"https:\/\/www.masandoia.com\/en\/legal-notice\/","name":"LEGAL NOTICE - Palais Masando\u00efa","isPartOf":{"@id":"https:\/\/www.masandoia.com\/en\/#website"},"datePublished":"2022-09-02T10:12:50+00:00","dateModified":"2022-09-06T09:52:55+00:00","breadcrumb":{"@id":"https:\/\/www.masandoia.com\/en\/legal-notice\/#breadcrumb"},"inLanguage":"en-US","potentialAction":[{"@type":"ReadAction","target":["https:\/\/www.masandoia.com\/en\/legal-notice\/"]}]},{"@type":"BreadcrumbList","@id":"https:\/\/www.masandoia.com\/en\/legal-notice\/#breadcrumb","itemListElement":[{"@type":"ListItem","position":1,"name":"Home","item":"https:\/\/www.masandoia.com\/en\/"},{"@type":"ListItem","position":2,"name":"LEGAL NOTICE"}]},{"@type":"WebSite","@id":"https:\/\/www.masandoia.com\/en\/#website","url":"https:\/\/www.masandoia.com\/en\/","name":"Palais Masando\u00efa","description":"Boutique h\u00f4tel d&#039;exception \u00e0 Erfoud","potentialAction":[{"@type":"SearchAction","target":{"@type":"EntryPoint","urlTemplate":"https:\/\/www.masandoia.com\/en\/?s={search_term_string}"},"query-input":{"@type":"PropertyValueSpecification","valueRequired":true,"valueName":"search_term_string"}}],"inLanguage":"en-US"}]}},"_links":{"self":[{"href":"https:\/\/www.masandoia.com\/en\/wp-json\/wp\/v2\/pages\/811","targetHints":{"allow":["GET"]}}],"collection":[{"href":"https:\/\/www.masandoia.com\/en\/wp-json\/wp\/v2\/pages"}],"about":[{"href":"https:\/\/www.masandoia.com\/en\/wp-json\/wp\/v2\/types\/page"}],"author":[{"embeddable":true,"href":"https:\/\/www.masandoia.com\/en\/wp-json\/wp\/v2\/users\/1"}],"replies":[{"embeddable":true,"href":"https:\/\/www.masandoia.com\/en\/wp-json\/wp\/v2\/comments?post=811"}],"version-history":[{"count":2,"href":"https:\/\/www.masandoia.com\/en\/wp-json\/wp\/v2\/pages\/811\/revisions"}],"predecessor-version":[{"id":818,"href":"https:\/\/www.masandoia.com\/en\/wp-json\/wp\/v2\/pages\/811\/revisions\/818"}],"wp:attachment":[{"href":"https:\/\/www.masandoia.com\/en\/wp-json\/wp\/v2\/media?parent=811"}],"curies":[{"name":"wp","href":"https:\/\/api.w.org\/{rel}","templated":true}]}}