{"id":826,"date":"2022-08-29T15:32:32","date_gmt":"2022-08-29T13:32:32","guid":{"rendered":"http:\/\/www.masandoia.com\/palais-masandoia\/"},"modified":"2022-09-07T11:45:45","modified_gmt":"2022-09-07T09:45:45","slug":"palais-masandoia","status":"publish","type":"page","link":"https:\/\/www.masandoia.com\/es\/","title":{"rendered":"Palais Masando\u00efa"},"content":{"rendered":"[vc_row full_width=\u00bbstretch_row_content\u00bb css=\u00bb.vc_custom_1662375728680{margin-top: -60px !important;margin-right: 0px !important;margin-bottom: 0px !important;margin-left: 0px !important;padding-top: 0px !important;padding-right: 0px !important;padding-bottom: 0px !important;padding-left: 0px !important;}\u00bb][vc_column css_animation=\u00bbnone\u00bb css=\u00bb.vc_custom_1662375722150{margin-top: 0px !important;margin-right: 0px !important;margin-bottom: 0px !important;margin-left: 0px !important;padding-top: 0px !important;padding-right: 0px !important;padding-bottom: 0px !important;padding-left: 0px !important;}\u00bb][rev_slider_vc alias=\u00bbbienvenido\u00bb][\/vc_column][\/vc_row][vc_row][vc_column width=\u00bb1\/6&#8243; css=\u00bb.vc_custom_1661851071313{margin-top: 20px !important;margin-bottom: 20px !important;}\u00bb][\/vc_column][vc_column width=\u00bb2\/3&#8243;][vc_column_text]\n<h2 style=\"text-align: center;\">Palais Masando\u00efa, escala de ensue\u00f1o a las puertas del desierto marroqu\u00ed<\/h2>\n[\/vc_column_text][vc_column_text]\n<p style=\"text-align: left;\">El Palais Masandoia es la promesa de una escala de ensue\u00f1o y fuera del tiempo a las puertas del desierto del Sahara. A salvo de las miradas indiscretas a la salida de Erfoud, el hotel propone todo lo que har\u00e1 de una estancia por el sur de Marruecos, un par\u00e9ntesis privilegiado durante el cual todo es posible.<\/p>\n<p>Los aromas del t\u00e9 a la menta del sal\u00f3n tradicional, el ambiente elegante del Bar de los Artistas, el brillo del patio azul o el dise\u00f1o m\u00e1gico del spa son algunos de los ambientes refinados que se armonizan para ofrecer el lujo en toda su simplicidad: confort absoluto y hospitalidad marroqu\u00ed, est\u00e1n reunidos en un hotel de excepci\u00f3n al borde del Sahara. En los jardines de Masandoia, la piscina, la jaima berebere y el rinc\u00f3n \u201choguera\u201d completan de maravilla este cuadro id\u00edlico donde todo no es serenidad.<\/p>\n<p>A proximidad del desierto, arquitectura suntuosa, decoraci\u00f3n prolija, prestaciones de alta gama y servicios a la carta: el Palais Masandoia no tiene equivalente en la regi\u00f3n de Merzouga.<\/p>\n<p>Como un tesoro escondido al servicio de sus hu\u00e9spedes, este palacio de excepci\u00f3n abre sus puertas para una experiencia \u00fanica, una parada a la vez m\u00e1gica y a medida.[\/vc_column_text][\/vc_column][vc_column width=\u00bb1\/6&#8243;][\/vc_column][\/vc_row][vc_row][vc_column width=\u00bb1\/6&#8243;][\/vc_column][vc_column width=\u00bb2\/3&#8243; css=\u00bb.vc_custom_1661852132363{margin-top: 20px !important;margin-bottom: 20px !important;}\u00bb][vc_separator color=\u00bbcustom\u00bb border_width=\u00bb2&#8243; el_width=\u00bb10&#8243; accent_color=\u00bb#e5e5e5&#8243; el_class=\u00bbseparator\u00bb][\/vc_column][vc_column width=\u00bb1\/6&#8243;][\/vc_column][\/vc_row][vc_row][vc_column width=\u00bb1\/6&#8243;][\/vc_column][vc_column width=\u00bb2\/3&#8243;][vc_column_text]\n<h2 style=\"text-align: center;\">SUITES &amp; HABITACIONES<\/h2>\n[\/vc_column_text][vc_row_inner][vc_column_inner el_class=\u00bbrooms\u00bb width=\u00bb1\/2&#8243; css=\u00bb.vc_custom_1661873453462{margin-right: 10px !important;margin-bottom: 10px !important;}\u00bb][vc_single_image image=\u00bb36&#8243; img_size=\u00bb700&#215;400&#8243; alignment=\u00bbcenter\u00bb onclick=\u00bbcustom_link\u00bb css_animation=\u00bbnone\u00bb link=\u00bbhttp:\/\/www.masandoia.com\/es\/habitaciones-deluxe\/\u00bb][vc_column_text]\n<h3 style=\"text-align: center;\"><a href=\"http:\/\/www.masandoia.com\/es\/habitaciones-deluxe\/\">HABITACIONES DELUXE \u2013 DOBLE O TWIN<\/a><\/h3>\n[\/vc_column_text][vc_btn title=\u00bbM\u00e1s informaci\u00f3n\u00bb style=\u00bbflat\u00bb shape=\u00bbsquare\u00bb color=\u00bbwhite\u00bb align=\u00bbcenter\u00bb i_align=\u00bbright\u00bb i_icon_fontawesome=\u00bbfa fa-angle-right\u00bb add_icon=\u00bbtrue\u00bb link=\u00bburl:http%3A%2F%2Fwww.masandoia.com%2Fes%2Fhabitaciones-deluxe%2F|title:M%C3%A1s%20informaci%C3%B3n||\u00bb][\/vc_column_inner][vc_column_inner el_class=\u00bbrooms\u00bb width=\u00bb1\/2&#8243; css=\u00bb.vc_custom_1661873459799{margin-top: 0px !important;margin-bottom: 10px !important;margin-left: 10px !important;}\u00bb][vc_single_image image=\u00bb40&#8243; img_size=\u00bb700&#215;400&#8243; alignment=\u00bbcenter\u00bb onclick=\u00bbcustom_link\u00bb css_animation=\u00bbnone\u00bb link=\u00bbhttp:\/\/www.masandoia.com\/es\/suites-deluxe\/\u00bb][vc_column_text]\n<h3 style=\"text-align: center;\"><a href=\"http:\/\/www.masandoia.com\/es\/suites-deluxe\/\">SUITES DELUXE<\/a><\/h3>\n[\/vc_column_text][vc_btn title=\u00bbM\u00e1s informaci\u00f3n\u00bb style=\u00bbflat\u00bb shape=\u00bbsquare\u00bb color=\u00bbwhite\u00bb align=\u00bbcenter\u00bb i_align=\u00bbright\u00bb i_icon_fontawesome=\u00bbfa fa-angle-right\u00bb add_icon=\u00bbtrue\u00bb link=\u00bburl:http%3A%2F%2Fwww.masandoia.com%2Fes%2Fsuites-deluxe%2F|title:M%C3%A1s%20informaci%C3%B3n||\u00bb][\/vc_column_inner][\/vc_row_inner][\/vc_column][vc_column width=\u00bb1\/6&#8243;][\/vc_column][\/vc_row][vc_row full_width=\u00bbstretch_row\u00bb css=\u00bb.vc_custom_1661855986029{background-color: #f2f2f2 !important;}\u00bb][vc_column width=\u00bb1\/6&#8243;][\/vc_column][vc_column width=\u00bb2\/3&#8243;][vc_row_inner][vc_column_inner width=\u00bb1\/2&#8243; css=\u00bb.vc_custom_1661856252275{margin-right: 0px !important;margin-bottom: 0px !important;padding-top: 5px !important;padding-right: 5px !important;padding-bottom: 5px !important;padding-left: 5px !important;}\u00bb][vc_column_text css=\u00bb.vc_custom_1662471624666{margin-bottom: 10px !important;}\u00bb]\n<h4>GALER\u00cdA<\/h4>\n[\/vc_column_text][vc_separator color=\u00bbcustom\u00bb align=\u00bbalign_left\u00bb border_width=\u00bb2&#8243; el_width=\u00bb10&#8243; accent_color=\u00bb#b89f80&#8243; el_class=\u00bbseparator-left\u00bb css=\u00bb.vc_custom_1661856697227{margin-bottom: 20px !important;margin-left: 5px !important;}\u00bb][vc_gallery type=\u00bbimage_grid\u00bb images=\u00bb56,64,58,57,62,63,60,59,61&#8243; img_size=\u00bb120&#215;100&#8243; el_class=\u00bbgallery-home\u00bb][\/vc_column_inner][vc_column_inner width=\u00bb1\/2&#8243; css=\u00bb.vc_custom_1661856259091{padding-top: 5px !important;padding-right: 5px !important;padding-bottom: 5px !important;padding-left: 5px !important;}\u00bb][vc_column_text css=\u00bb.vc_custom_1662471632258{margin-bottom: 10px !important;}\u00bb]\n<h4>VISITA DEL PALAIS<\/h4>\n[\/vc_column_text][vc_separator color=\u00bbcustom\u00bb align=\u00bbalign_left\u00bb border_width=\u00bb2&#8243; el_width=\u00bb10&#8243; accent_color=\u00bb#b89f80&#8243; el_class=\u00bbseparator-left\u00bb css=\u00bb.vc_custom_1661856701723{margin-bottom: 20px !important;margin-left: 5px !important;}\u00bb][vc_video link=\u00bbhttps:\/\/vimeo.com\/64380209&#8243; align=\u00bbcenter\u00bb][vc_column_text]LUJO, TRANQUILIDAD Y PLACER.<\/p>\n<p>DESCUBRID UN HOTEL DE EXCEPCI\u00d3N A LAS PUERTAS DEL DESIERTO.[\/vc_column_text][\/vc_column_inner][\/vc_row_inner][\/vc_column][vc_column width=\u00bb1\/6&#8243;][\/vc_column][\/vc_row][vc_row full_width=\u00bbstretch_row\u00bb css=\u00bb.vc_custom_1661863657099{background-image: url(http:\/\/www.masandoia.com\/wp-content\/uploads\/2022\/08\/luxe-calme-et-volupte-au-maroc-palais-masandoia.jpg?id=76) !important;background-position: center !important;background-repeat: no-repeat !important;background-size: cover !important;}\u00bb el_class=\u00bbwhite-color\u00bb][vc_column width=\u00bb1\/2&#8243; el_class=\u00bbwhite-color\u00bb css=\u00bb.vc_custom_1661863503148{margin-top: 20px !important;margin-right: 20px !important;margin-bottom: 20px !important;margin-left: 20px !important;}\u00bb][vc_column_text css=\u00bb.vc_custom_1662471682012{padding-top: 20px !important;padding-right: 20px !important;padding-bottom: 20px !important;padding-left: 20px !important;}\u00bb]\n<h3>Conciergerie<\/h3>\n<p>Con solo doce habitaciones y tres suites apartado de los circuitos tur\u00edsticos, y con un personal apasionado, el hotel es el punto de partida ideal para planificar con tranquilidad el descubrimiento de los grandes espacios cercanos, de la cultura sud-marroqu\u00ed y de las actividades a practicar en el desierto.[\/vc_column_text][\/vc_column][vc_column width=\u00bb1\/2&#8243; css=\u00bb.vc_custom_1661863510716{margin-top: 20px !important;margin-right: 20px !important;margin-bottom: 20px !important;margin-left: 20px !important;}\u00bb][vc_column_text css=\u00bb.vc_custom_1662471698182{padding-top: 20px !important;padding-right: 20px !important;padding-left: 20px !important;}\u00bb]\n<h3>Privatizaci\u00f3n del hotel<\/h3>\n<p>Completamente privatizable, el palacio Masando\u00efa puede ser al igual el lugar de cualquier tipo de evento: desde una boda de ensue\u00f1o hasta un rodaje de pel\u00edcula como ya ha acogido, el equipo sabe adaptarse y convertir las ideas m\u00e1s locas en momentos inolvidables a compartir.[\/vc_column_text][vc_btn title=\u00bbReservad\u00bb style=\u00bbclassic\u00bb shape=\u00bbsquare\u00bb color=\u00bbwhite\u00bb align=\u00bbcenter\u00bb link=\u00bburl:http%3A%2F%2Fwww.masandoia.com%2Fes%2Fvuestro-evento%2F|title:Private%20rental||\u00bb css=\u00bb.vc_custom_1662543938006{padding-right: 20px !important;padding-bottom: 20px !important;padding-left: 20px !important;}\u00bb][\/vc_column][\/vc_row][vc_row][vc_column width=\u00bb1\/6&#8243;][\/vc_column][vc_column width=\u00bb2\/3&#8243;][vc_column_text]\n<h2 style=\"text-align: center;\">TESTIMONIOS<\/h2>\n[\/vc_column_text][vc_posts_slider type=\u00bbflexslider_slide\u00bb count=\u00bbAll\u00bb interval=\u00bb10&#8243; slides_content=\u00bbteaser\u00bb slides_title=\u00bb1&#8243; link=\u00bblink_no\u00bb orderby=\u00bbdate\u00bb posttypes=\u00bbpost\u00bb categories=\u00bbtestimonios\u00bb el_class=\u00bbtemoignages\u00bb][\/vc_column][vc_column width=\u00bb1\/6&#8243;][\/vc_column][\/vc_row]\n","protected":false},"excerpt":{"rendered":"<p>[vc_row full_width=\u00bbstretch_row_content\u00bb css=\u00bb.vc_custom_1662375728680{margin-top: -60px !important;margin-right: 0px !important;margin-bottom: 0px !important;margin-left: 0px !important;padding-top: 0px !important;padding-right: 0px !important;padding-bottom: 0px !important;padding-left: 0px !important;}\u00bb][vc_column css_animation=\u00bbnone\u00bb css=\u00bb.vc_custom_1662375722150{margin-top: 0px !important;margin-right: 0px !important;margin-bottom: 0px !important;margin-left: 0px !important;padding-top: 0px !important;padding-right: 0px !important;padding-bottom: 0px !important;padding-left: 0px !important;}\u00bb][rev_slider_vc alias=\u00bbbienvenido\u00bb][\/vc_column][\/vc_row][vc_row][vc_column width=\u00bb1\/6&#8243; css=\u00bb.vc_custom_1661851071313{margin-top: 20px !important;margin-bottom: 20px !important;}\u00bb][\/vc_column][vc_column width=\u00bb2\/3&#8243;][vc_column_text] Palais Masando\u00efa, escala de ensue\u00f1o a las puertas del desierto [&hellip;]<\/p>\n","protected":false},"author":1,"featured_media":0,"parent":0,"menu_order":0,"comment_status":"closed","ping_status":"open","template":"page-templates\/page_without-sidebar.php","meta":{"_acf_changed":false,"footnotes":""},"class_list":["post-826","page","type-page","status-publish","hentry"],"acf":[],"yoast_head":"<!-- This site is optimized with the Yoast SEO plugin v27.1.1 - https:\/\/yoast.com\/product\/yoast-seo-wordpress\/ -->\n<title>Palais Masando\u00efa | Hotel de excepcion en Erfoud<\/title>\n<meta name=\"description\" content=\"The Masando\u00efa hotel is a magical and timeless place. Experience comfort and Moroccan hospitality in an exceptional hotel built on the edge of the Sahara.\" \/>\n<meta name=\"robots\" content=\"index, follow, max-snippet:-1, max-image-preview:large, max-video-preview:-1\" \/>\n<link rel=\"canonical\" href=\"https:\/\/www.masandoia.com\/es\/\" \/>\n<meta property=\"og:locale\" content=\"es_ES\" \/>\n<meta property=\"og:type\" content=\"article\" \/>\n<meta property=\"og:title\" content=\"Palais Masando\u00efa | Hotel de excepcion a las puertas del desierto\" \/>\n<meta property=\"og:description\" content=\"El Palais Masandoia es la promesa de una escala de ensue\u00f1o y fuera del tiempo a las puertas del desierto del Sahara.\" \/>\n<meta property=\"og:url\" content=\"https:\/\/www.masandoia.com\/es\/\" \/>\n<meta property=\"og:site_name\" content=\"Palais Masando\u00efa\" \/>\n<meta property=\"article:modified_time\" content=\"2022-09-07T09:45:45+00:00\" \/>\n<meta property=\"og:image\" content=\"http:\/\/www.masandoia.com\/wp-content\/uploads\/2022\/08\/hotel-palais-masandoia-exterieur-1-1024x448.jpg\" \/>\n<meta name=\"twitter:card\" content=\"summary_large_image\" \/>\n<meta name=\"twitter:title\" content=\"Palais Masando\u00efa | Hotel de excepcion a las puertas del desierto\" \/>\n<meta name=\"twitter:label1\" content=\"Tiempo de lectura\" \/>\n\t<meta name=\"twitter:data1\" content=\"4 minutos\" \/>\n<script type=\"application\/ld+json\" class=\"yoast-schema-graph\">{\"@context\":\"https:\/\/schema.org\",\"@graph\":[{\"@type\":\"WebPage\",\"@id\":\"https:\/\/www.masandoia.com\/es\/\",\"url\":\"https:\/\/www.masandoia.com\/es\/\",\"name\":\"Palais Masando\u00efa | Hotel de excepcion en Erfoud\",\"isPartOf\":{\"@id\":\"https:\/\/www.masandoia.com\/es\/#website\"},\"datePublished\":\"2022-08-29T13:32:32+00:00\",\"dateModified\":\"2022-09-07T09:45:45+00:00\",\"description\":\"The Masando\u00efa hotel is a magical and timeless place. Experience comfort and Moroccan hospitality in an exceptional hotel built on the edge of the Sahara.\",\"breadcrumb\":{\"@id\":\"https:\/\/www.masandoia.com\/es\/#breadcrumb\"},\"inLanguage\":\"es\",\"potentialAction\":[{\"@type\":\"ReadAction\",\"target\":[\"https:\/\/www.masandoia.com\/es\/\"]}]},{\"@type\":\"BreadcrumbList\",\"@id\":\"https:\/\/www.masandoia.com\/es\/#breadcrumb\",\"itemListElement\":[{\"@type\":\"ListItem\",\"position\":1,\"name\":\"Home\",\"item\":\"https:\/\/www.masandoia.com\/es\/\"},{\"@type\":\"ListItem\",\"position\":2,\"name\":\"Palais Masando\u00efa\"}]},{\"@type\":\"WebSite\",\"@id\":\"https:\/\/www.masandoia.com\/es\/#website\",\"url\":\"https:\/\/www.masandoia.com\/es\/\",\"name\":\"Palais Masando\u00efa\",\"description\":\"Boutique h\u00f4tel d&#039;exception \u00e0 Erfoud\",\"potentialAction\":[{\"@type\":\"SearchAction\",\"target\":{\"@type\":\"EntryPoint\",\"urlTemplate\":\"https:\/\/www.masandoia.com\/es\/?s={search_term_string}\"},\"query-input\":{\"@type\":\"PropertyValueSpecification\",\"valueRequired\":true,\"valueName\":\"search_term_string\"}}],\"inLanguage\":\"es\"}]}<\/script>\n<!-- \/ Yoast SEO plugin. -->","yoast_head_json":{"title":"Palais Masando\u00efa | Hotel de excepcion en Erfoud","description":"The Masando\u00efa hotel is a magical and timeless place. Experience comfort and Moroccan hospitality in an exceptional hotel built on the edge of the Sahara.","robots":{"index":"index","follow":"follow","max-snippet":"max-snippet:-1","max-image-preview":"max-image-preview:large","max-video-preview":"max-video-preview:-1"},"canonical":"https:\/\/www.masandoia.com\/es\/","og_locale":"es_ES","og_type":"article","og_title":"Palais Masando\u00efa | Hotel de excepcion a las puertas del desierto","og_description":"El Palais Masandoia es la promesa de una escala de ensue\u00f1o y fuera del tiempo a las puertas del desierto del Sahara.","og_url":"https:\/\/www.masandoia.com\/es\/","og_site_name":"Palais Masando\u00efa","article_modified_time":"2022-09-07T09:45:45+00:00","og_image":[{"url":"http:\/\/www.masandoia.com\/wp-content\/uploads\/2022\/08\/hotel-palais-masandoia-exterieur-1-1024x448.jpg","type":"","width":"","height":""}],"twitter_card":"summary_large_image","twitter_title":"Palais Masando\u00efa | Hotel de excepcion a las puertas del desierto","twitter_misc":{"Tiempo de lectura":"4 minutos"},"schema":{"@context":"https:\/\/schema.org","@graph":[{"@type":"WebPage","@id":"https:\/\/www.masandoia.com\/es\/","url":"https:\/\/www.masandoia.com\/es\/","name":"Palais Masando\u00efa | Hotel de excepcion en Erfoud","isPartOf":{"@id":"https:\/\/www.masandoia.com\/es\/#website"},"datePublished":"2022-08-29T13:32:32+00:00","dateModified":"2022-09-07T09:45:45+00:00","description":"The Masando\u00efa hotel is a magical and timeless place. Experience comfort and Moroccan hospitality in an exceptional hotel built on the edge of the Sahara.","breadcrumb":{"@id":"https:\/\/www.masandoia.com\/es\/#breadcrumb"},"inLanguage":"es","potentialAction":[{"@type":"ReadAction","target":["https:\/\/www.masandoia.com\/es\/"]}]},{"@type":"BreadcrumbList","@id":"https:\/\/www.masandoia.com\/es\/#breadcrumb","itemListElement":[{"@type":"ListItem","position":1,"name":"Home","item":"https:\/\/www.masandoia.com\/es\/"},{"@type":"ListItem","position":2,"name":"Palais Masando\u00efa"}]},{"@type":"WebSite","@id":"https:\/\/www.masandoia.com\/es\/#website","url":"https:\/\/www.masandoia.com\/es\/","name":"Palais Masando\u00efa","description":"Boutique h\u00f4tel d&#039;exception \u00e0 Erfoud","potentialAction":[{"@type":"SearchAction","target":{"@type":"EntryPoint","urlTemplate":"https:\/\/www.masandoia.com\/es\/?s={search_term_string}"},"query-input":{"@type":"PropertyValueSpecification","valueRequired":true,"valueName":"search_term_string"}}],"inLanguage":"es"}]}},"_links":{"self":[{"href":"https:\/\/www.masandoia.com\/es\/wp-json\/wp\/v2\/pages\/826","targetHints":{"allow":["GET"]}}],"collection":[{"href":"https:\/\/www.masandoia.com\/es\/wp-json\/wp\/v2\/pages"}],"about":[{"href":"https:\/\/www.masandoia.com\/es\/wp-json\/wp\/v2\/types\/page"}],"author":[{"embeddable":true,"href":"https:\/\/www.masandoia.com\/es\/wp-json\/wp\/v2\/users\/1"}],"replies":[{"embeddable":true,"href":"https:\/\/www.masandoia.com\/es\/wp-json\/wp\/v2\/comments?post=826"}],"version-history":[{"count":2,"href":"https:\/\/www.masandoia.com\/es\/wp-json\/wp\/v2\/pages\/826\/revisions"}],"predecessor-version":[{"id":893,"href":"https:\/\/www.masandoia.com\/es\/wp-json\/wp\/v2\/pages\/826\/revisions\/893"}],"wp:attachment":[{"href":"https:\/\/www.masandoia.com\/es\/wp-json\/wp\/v2\/media?parent=826"}],"curies":[{"name":"wp","href":"https:\/\/api.w.org\/{rel}","templated":true}]}}