{"id":850,"date":"2022-08-30T17:09:31","date_gmt":"2022-08-30T15:09:31","guid":{"rendered":"http:\/\/www.masandoia.com\/experiences-and-activities\/"},"modified":"2022-09-07T11:46:39","modified_gmt":"2022-09-07T09:46:39","slug":"actividades-y-experiencias","status":"publish","type":"page","link":"https:\/\/www.masandoia.com\/es\/actividades-y-experiencias\/","title":{"rendered":"ACTIVIDADES Y EXPERIENCIAS"},"content":{"rendered":"[vc_row][vc_column width=\u00bb1\/6&#8243;][\/vc_column][vc_column width=\u00bb2\/3&#8243;][vc_column_text]\n<h2 style=\"text-align: center;\">Descubrid nuestras experiencias y actividades a medida<\/h2>\n[\/vc_column_text][\/vc_column][vc_column width=\u00bb1\/6&#8243;][\/vc_column][\/vc_row][vc_row][vc_column width=\u00bb1\/6&#8243;][\/vc_column][vc_column width=\u00bb2\/3&#8243;][vc_column_text]\n<blockquote><p>Ning\u00fan hombre puede sumergirse en esa vida y no experimentar un cambio. Llevar\u00e1, por muy levemente que sea, la impronta del desierto, la marca que se\u00f1ala al n\u00f3mada; y guardar\u00e1 en su interior el anhelo de volver, d\u00e9bil o insistente seg\u00fan su naturaleza. Porque esta tierra cruel puede tener un hechizo que ning\u00fan clima templado es capaz de igualar.<\/p><\/blockquote>\n<p style=\"text-align: right;\">Wilfred Thesiger (Le D\u00e9sert des D\u00e9serts, Plon)<\/p>\n[\/vc_column_text][\/vc_column][vc_column width=\u00bb1\/6&#8243;][\/vc_column][\/vc_row][vc_row][vc_column width=\u00bb1\/6&#8243;][\/vc_column][vc_column width=\u00bb2\/3&#8243;][vc_column_text]Aunque el desierto parezca hostil, no deja de ser a\u00fan m\u00e1s fascinante y misterioso. El personal de Masandoia os podr\u00e1 proponer seg\u00fan vuestras aspiraciones, diferentes maneras de vivir la experiencia del desierto: deportiva, espiritual, cultural o rom\u00e1ntica, el enfoque de los grandes espacios des\u00e9rticos se hace a medida y reserva bonitas sorpresas para los que quieran jugar a perderse en la inmensidad del Erg Chebbi y sus alrededores.[\/vc_column_text][\/vc_column][vc_column width=\u00bb1\/6&#8243;][\/vc_column][\/vc_row][vc_row css=\u00bb.vc_custom_1661942332163{margin-top: 40px !important;}\u00bb][vc_column width=\u00bb1\/6&#8243;][\/vc_column][vc_column width=\u00bb2\/3&#8243;][vc_row_inner][vc_column_inner width=\u00bb1\/3&#8243;][vc_gallery interval=\u00bb3&#8243; images=\u00bb209,210,211,208,206&#8243; img_size=\u00bbfull\u00bb][\/vc_column_inner][vc_column_inner el_class=\u00bbactivites-list\u00bb width=\u00bb2\/3&#8243;][vc_toggle title=\u00bbRoad trip en 4&#215;4&#8243; open=\u00bbtrue\u00bb]Durante una corta estancia y para tener una visi\u00f3n r\u00e1pida el road trip de un d\u00eda en 4\u00d74 es la opci\u00f3n id\u00f3nea. Desde los primeros kil\u00f3metros por pista, el horizonte sin final a la vista, actual como un remedio: el efecto est\u00e1 garantizado, el cambio de aire es inmediato. Espejismos, dunas de color ocre, pueblos dispersados, caravanas de dromedarios, uno se queda hipnotizado por la riqueza del desierto.<\/p>\n<p>\u00a1La pausa del almuerzo se hace seg\u00fan su elecci\u00f3n: picnic aventurero en mitad de la nada o men\u00fa tradicional en un albergue de piedra cuya direcci\u00f3n es confidencial y la belleza impactante![\/vc_toggle][vc_toggle title=\u00bbInmersi\u00f3n en el desierto\u00bb]Para probar el gran atractivo y el deseo que suscita el desierto, direcci\u00f3n el gran sud marroqu\u00ed durante dos d\u00edas a trav\u00e9s de las dunas inmensas de Merzouga. El momento culminante tiene lugar al anochecer: dormir en el desierto es un instante espectacular el cual no se puede describir. Cenar alrededor de una hoguera, cautivarse por la inmensidad que proporciona la observaci\u00f3n continua de la b\u00f3veda celeste, dormirse bajo una jaima de lujo berebere y abrir los ojos al alba dorada, he aqu\u00ed una experiencia a no perderse.[\/vc_toggle][vc_toggle title=\u00bbAtardecer en las dunas y cena\u00bb]Aunque se cuente con poco tiempo, admirar la puesta del sol en las dunas es posible, durante una cena tradicional alrededor de una hoguera bajo una lluvia de estrellas, antes de volver por la noche al Palais Masandoia. Este par\u00e9ntesis m\u00e1gico fuera del tiempo es inolvidable y es id\u00f3neo para las escapadas rom\u00e1nticas\u2026[\/vc_toggle][vc_toggle title=\u00bbAmanecer y yoga en las dunas\u00bb]Para los madrugadores, adeptos al saludo al sol, el despertar estar\u00e1 previsto alrededor de las 5:30 para observar el poder del alba desde lo alto de una duna. Una sesi\u00f3n de yoga en este \u00e1mbito \u00fanico y un desayuno saharaui alargan esta ma\u00f1ana bajo el s\u00edmbolo de la plenitud. El cuerpo y el esp\u00edritu est\u00e1n colmados y la contemplaci\u00f3n de este paisaje sin fin sublimara la pr\u00e1ctica de las posturas realizadas en la arena.[\/vc_toggle][vc_toggle title=\u00bbBa\u00f1o de arena o sesi\u00f3n de \u201cpsamoterapia\u201d\u00bb]Otra posibilidad para cuidar su cuerpo en el desierto, es el ba\u00f1o de arena o la \u201cpsamoterapia\u201d, la cual utiliza los beneficios de la arena del Sahara, principalmente en Marruecos, en Argelia, en T\u00fanez y en Egipto. Los \u201cba\u00f1os de arena\u201d son una pr\u00e1ctica conocida en la cual la arena y el calor son fomentados con fines curativos para tratar los dolores de articulaciones o particularmente los reumatismos que sufren los urbanos de las principales ciudades del norte de Marruecos con un clima h\u00famedo. La inmersi\u00f3n en una arena caliente (70\u00b0 a 80\u00b0) tiene lugar durante el periodo estival durante la cual las temperaturas son muy altas.[\/vc_toggle][vc_toggle title=\u00bbTrekking de un d\u00eda\u00bb]La regi\u00f3n de Erfoud es un terreno de juego propenso a las excursiones pedestres. Caminos pedregosos, dunas, caminos de arena blanda, la diversidad de la tierra se presta maravillosamente al andar. Recorridos diferentes pueden ser estudiados en funci\u00f3n del nivel de pr\u00e1ctica. Ne\u00f3fitas o expertas encontraran camino a sus pies.[\/vc_toggle][vc_toggle title=\u00bbCaminar entre los comerciantes en el mercado\u00bb]Ir al encuentro de los artesanos y de los comerciantes emblem\u00e1ticos es un verdadero placer y una bonita ocasi\u00f3n para permitirse un recuerdo del saber-hacer local: alfombras, art\u00edculos de madera, de acero, cuero y otros art\u00edculos ba\u00f1ados en un aroma ex\u00f3tico son a regatear, seg\u00fan la pura tradici\u00f3n marroqu\u00ed.[\/vc_toggle][vc_btn title=\u00bbDescargar el folleto\u00bb style=\u00bbclassic\u00bb shape=\u00bbsquare\u00bb color=\u00bbwhite\u00bb align=\u00bbcenter\u00bb i_align=\u00bbright\u00bb i_icon_fontawesome=\u00bbfa fa-file-pdf-o\u00bb add_icon=\u00bbtrue\u00bb link=\u00bburl:http%3A%2F%2Fwww.masandoia.com%2Fwp-content%2Fuploads%2F2022%2F09%2FPalais-Masandoia_Ofertas-de-aventura.pdf|title:Descargar%20el%20folleto|target:%20_blank|\u00bb][\/vc_column_inner][\/vc_row_inner][\/vc_column][vc_column width=\u00bb1\/6&#8243;][\/vc_column][\/vc_row][vc_row][vc_column width=\u00bb1\/6&#8243;][\/vc_column][vc_column width=\u00bb2\/3&#8243;][vc_column_text]El desierto y sus paisajes desconcertantes se descubren tanto de d\u00eda como de noche, encima de un dromedario como en un helic\u00f3ptero. Entre los diferentes campos posibles pod\u00e9is disfrutar de vuestra estancia en Masandoia por las m\u00faltiples actividades seg\u00fan sus deseos: clases de golf, d\u00eda de rally-raid de orientaci\u00f3n; curso de conducci\u00f3n en las dunas con un piloto profesional, clases de cocina con un chef marroqu\u00ed, raid en las dunas en quad o en bug\u00ed, un paseo en dromedarios u un vuelo por encima de las dunas en Helic\u00f3ptero, no dud\u00e9is en contactar con nuestro equipo con antelaci\u00f3n a vuestra venida para organizar vuestra estancia a medida.[\/vc_column_text][vc_btn title=\u00bbCont\u00e1ctanos\u00bb style=\u00bbclassic\u00bb size=\u00bblg\u00bb align=\u00bbcenter\u00bb link=\u00bburl:http%3A%2F%2Fwww.masandoia.com%2Fes%2Fcontacto%2F|||\u00bb el_class=\u00bbcustom-button\u00bb][\/vc_column][vc_column width=\u00bb1\/6&#8243;][\/vc_column][\/vc_row]\n","protected":false},"excerpt":{"rendered":"<p>[vc_row][vc_column width=\u00bb1\/6&#8243;][\/vc_column][vc_column width=\u00bb2\/3&#8243;][vc_column_text] Descubrid nuestras experiencias y actividades a medida [\/vc_column_text][\/vc_column][vc_column width=\u00bb1\/6&#8243;][\/vc_column][\/vc_row][vc_row][vc_column width=\u00bb1\/6&#8243;][\/vc_column][vc_column width=\u00bb2\/3&#8243;][vc_column_text] Ning\u00fan hombre puede sumergirse en esa vida y no experimentar un cambio. Llevar\u00e1, por muy levemente que sea, la impronta del desierto, la marca que se\u00f1ala al n\u00f3mada; y guardar\u00e1 en su interior el anhelo de volver, d\u00e9bil o insistente seg\u00fan [&hellip;]<\/p>\n","protected":false},"author":1,"featured_media":0,"parent":0,"menu_order":0,"comment_status":"closed","ping_status":"closed","template":"page-templates\/page_without-sidebar.php","meta":{"_acf_changed":false,"footnotes":""},"class_list":["post-850","page","type-page","status-publish","hentry"],"acf":[],"yoast_head":"<!-- This site is optimized with the Yoast SEO plugin v27.1.1 - https:\/\/yoast.com\/product\/yoast-seo-wordpress\/ -->\n<title>Palais Masando\u00efa | ACTIVIDADES Y EXPERIENCIAS<\/title>\n<meta name=\"description\" content=\"Aunque el desierto parezca hostil, no deja de ser a\u00fan m\u00e1s fascinante y misterioso.\" \/>\n<meta name=\"robots\" content=\"index, follow, max-snippet:-1, max-image-preview:large, max-video-preview:-1\" \/>\n<link rel=\"canonical\" href=\"https:\/\/www.masandoia.com\/es\/actividades-y-experiencias\/\" \/>\n<meta property=\"og:locale\" content=\"es_ES\" \/>\n<meta property=\"og:type\" content=\"article\" \/>\n<meta property=\"og:title\" content=\"Palais Masando\u00efa | ACTIVIDADES Y EXPERIENCIAS\" \/>\n<meta property=\"og:description\" content=\"Aunque el desierto parezca hostil, no deja de ser a\u00fan m\u00e1s fascinante y misterioso.\" \/>\n<meta property=\"og:url\" content=\"https:\/\/www.masandoia.com\/es\/actividades-y-experiencias\/\" \/>\n<meta property=\"og:site_name\" content=\"Palais Masando\u00efa\" \/>\n<meta property=\"article:modified_time\" content=\"2022-09-07T09:46:39+00:00\" \/>\n<meta property=\"og:image\" content=\"https:\/\/www.masandoia.com\/wp-content\/uploads\/2022\/08\/activites-et-experiences-masandoia-trek-desert.jpg\" \/>\n\t<meta property=\"og:image:width\" content=\"365\" \/>\n\t<meta property=\"og:image:height\" content=\"600\" \/>\n\t<meta property=\"og:image:type\" content=\"image\/jpeg\" \/>\n<meta name=\"twitter:card\" content=\"summary_large_image\" \/>\n<meta name=\"twitter:title\" content=\"Palais Masando\u00efa | ACTIVIDADES Y EXPERIENCIAS\" \/>\n<meta name=\"twitter:description\" content=\"Le Palais Masando\u00efa vous propose diverses activit\u00e9s (4x4 dans les dunes, trek d&#039;une journ\u00e9e, visite du souk, ...) ainsi que d&#039;organiser votre \u00e9v\u00e9nement.\" \/>\n<meta name=\"twitter:label1\" content=\"Tiempo de lectura\" \/>\n\t<meta name=\"twitter:data1\" content=\"5 minutos\" \/>\n<script type=\"application\/ld+json\" class=\"yoast-schema-graph\">{\"@context\":\"https:\/\/schema.org\",\"@graph\":[{\"@type\":\"WebPage\",\"@id\":\"https:\/\/www.masandoia.com\/es\/actividades-y-experiencias\/\",\"url\":\"https:\/\/www.masandoia.com\/es\/actividades-y-experiencias\/\",\"name\":\"Palais Masando\u00efa | ACTIVIDADES Y EXPERIENCIAS\",\"isPartOf\":{\"@id\":\"https:\/\/www.masandoia.com\/es\/#website\"},\"datePublished\":\"2022-08-30T15:09:31+00:00\",\"dateModified\":\"2022-09-07T09:46:39+00:00\",\"description\":\"Aunque el desierto parezca hostil, no deja de ser a\u00fan m\u00e1s fascinante y misterioso.\",\"breadcrumb\":{\"@id\":\"https:\/\/www.masandoia.com\/es\/actividades-y-experiencias\/#breadcrumb\"},\"inLanguage\":\"es\",\"potentialAction\":[{\"@type\":\"ReadAction\",\"target\":[\"https:\/\/www.masandoia.com\/es\/actividades-y-experiencias\/\"]}]},{\"@type\":\"BreadcrumbList\",\"@id\":\"https:\/\/www.masandoia.com\/es\/actividades-y-experiencias\/#breadcrumb\",\"itemListElement\":[{\"@type\":\"ListItem\",\"position\":1,\"name\":\"Home\",\"item\":\"https:\/\/www.masandoia.com\/es\/\"},{\"@type\":\"ListItem\",\"position\":2,\"name\":\"ACTIVIDADES Y EXPERIENCIAS\"}]},{\"@type\":\"WebSite\",\"@id\":\"https:\/\/www.masandoia.com\/es\/#website\",\"url\":\"https:\/\/www.masandoia.com\/es\/\",\"name\":\"Palais Masando\u00efa\",\"description\":\"Boutique h\u00f4tel d&#039;exception \u00e0 Erfoud\",\"potentialAction\":[{\"@type\":\"SearchAction\",\"target\":{\"@type\":\"EntryPoint\",\"urlTemplate\":\"https:\/\/www.masandoia.com\/es\/?s={search_term_string}\"},\"query-input\":{\"@type\":\"PropertyValueSpecification\",\"valueRequired\":true,\"valueName\":\"search_term_string\"}}],\"inLanguage\":\"es\"}]}<\/script>\n<!-- \/ Yoast SEO plugin. -->","yoast_head_json":{"title":"Palais Masando\u00efa | ACTIVIDADES Y EXPERIENCIAS","description":"Aunque el desierto parezca hostil, no deja de ser a\u00fan m\u00e1s fascinante y misterioso.","robots":{"index":"index","follow":"follow","max-snippet":"max-snippet:-1","max-image-preview":"max-image-preview:large","max-video-preview":"max-video-preview:-1"},"canonical":"https:\/\/www.masandoia.com\/es\/actividades-y-experiencias\/","og_locale":"es_ES","og_type":"article","og_title":"Palais Masando\u00efa | ACTIVIDADES Y EXPERIENCIAS","og_description":"Aunque el desierto parezca hostil, no deja de ser a\u00fan m\u00e1s fascinante y misterioso.","og_url":"https:\/\/www.masandoia.com\/es\/actividades-y-experiencias\/","og_site_name":"Palais Masando\u00efa","article_modified_time":"2022-09-07T09:46:39+00:00","og_image":[{"width":365,"height":600,"url":"https:\/\/www.masandoia.com\/wp-content\/uploads\/2022\/08\/activites-et-experiences-masandoia-trek-desert.jpg","type":"image\/jpeg"}],"twitter_card":"summary_large_image","twitter_title":"Palais Masando\u00efa | ACTIVIDADES Y EXPERIENCIAS","twitter_description":"Le Palais Masando\u00efa vous propose diverses activit\u00e9s (4x4 dans les dunes, trek d'une journ\u00e9e, visite du souk, ...) ainsi que d'organiser votre \u00e9v\u00e9nement.","twitter_misc":{"Tiempo de lectura":"5 minutos"},"schema":{"@context":"https:\/\/schema.org","@graph":[{"@type":"WebPage","@id":"https:\/\/www.masandoia.com\/es\/actividades-y-experiencias\/","url":"https:\/\/www.masandoia.com\/es\/actividades-y-experiencias\/","name":"Palais Masando\u00efa | ACTIVIDADES Y EXPERIENCIAS","isPartOf":{"@id":"https:\/\/www.masandoia.com\/es\/#website"},"datePublished":"2022-08-30T15:09:31+00:00","dateModified":"2022-09-07T09:46:39+00:00","description":"Aunque el desierto parezca hostil, no deja de ser a\u00fan m\u00e1s fascinante y misterioso.","breadcrumb":{"@id":"https:\/\/www.masandoia.com\/es\/actividades-y-experiencias\/#breadcrumb"},"inLanguage":"es","potentialAction":[{"@type":"ReadAction","target":["https:\/\/www.masandoia.com\/es\/actividades-y-experiencias\/"]}]},{"@type":"BreadcrumbList","@id":"https:\/\/www.masandoia.com\/es\/actividades-y-experiencias\/#breadcrumb","itemListElement":[{"@type":"ListItem","position":1,"name":"Home","item":"https:\/\/www.masandoia.com\/es\/"},{"@type":"ListItem","position":2,"name":"ACTIVIDADES Y EXPERIENCIAS"}]},{"@type":"WebSite","@id":"https:\/\/www.masandoia.com\/es\/#website","url":"https:\/\/www.masandoia.com\/es\/","name":"Palais Masando\u00efa","description":"Boutique h\u00f4tel d&#039;exception \u00e0 Erfoud","potentialAction":[{"@type":"SearchAction","target":{"@type":"EntryPoint","urlTemplate":"https:\/\/www.masandoia.com\/es\/?s={search_term_string}"},"query-input":{"@type":"PropertyValueSpecification","valueRequired":true,"valueName":"search_term_string"}}],"inLanguage":"es"}]}},"_links":{"self":[{"href":"https:\/\/www.masandoia.com\/es\/wp-json\/wp\/v2\/pages\/850","targetHints":{"allow":["GET"]}}],"collection":[{"href":"https:\/\/www.masandoia.com\/es\/wp-json\/wp\/v2\/pages"}],"about":[{"href":"https:\/\/www.masandoia.com\/es\/wp-json\/wp\/v2\/types\/page"}],"author":[{"embeddable":true,"href":"https:\/\/www.masandoia.com\/es\/wp-json\/wp\/v2\/users\/1"}],"replies":[{"embeddable":true,"href":"https:\/\/www.masandoia.com\/es\/wp-json\/wp\/v2\/comments?post=850"}],"version-history":[{"count":2,"href":"https:\/\/www.masandoia.com\/es\/wp-json\/wp\/v2\/pages\/850\/revisions"}],"predecessor-version":[{"id":894,"href":"https:\/\/www.masandoia.com\/es\/wp-json\/wp\/v2\/pages\/850\/revisions\/894"}],"wp:attachment":[{"href":"https:\/\/www.masandoia.com\/es\/wp-json\/wp\/v2\/media?parent=850"}],"curies":[{"name":"wp","href":"https:\/\/api.w.org\/{rel}","templated":true}]}}