{"id":864,"date":"2022-08-31T15:04:09","date_gmt":"2022-08-31T13:04:09","guid":{"rendered":"http:\/\/www.masandoia.com\/deluxe-rooms\/"},"modified":"2022-12-12T10:23:02","modified_gmt":"2022-12-12T09:23:02","slug":"habitaciones-deluxe","status":"publish","type":"page","link":"https:\/\/www.masandoia.com\/es\/habitaciones-deluxe\/","title":{"rendered":"HABITACIONES DELUXE \u2013 DOBLE O TWIN"},"content":{"rendered":"[vc_row][vc_column width=\u00bb1\/6&#8243;][\/vc_column][vc_column width=\u00bb2\/3&#8243;][vc_row_inner][vc_column_inner width=\u00bb1\/3&#8243; css=\u00bb.vc_custom_1661951193434{margin-top: 40px !important;}\u00bb][vc_images_carousel images=\u00bb36,17,226,59,227&#8243; img_size=\u00bbfull\u00bb autoplay=\u00bbyes\u00bb hide_pagination_control=\u00bbyes\u00bb wrap=\u00bbyes\u00bb][\/vc_column_inner][vc_column_inner width=\u00bb2\/3&#8243;][vc_column_text]\n<h2 style=\"text-align: center;\">HABITACIONES DELUXE \u2013 DOBLE O TWIN<\/h2>\n[\/vc_column_text][vc_text_separator title=\u00bbA partir de 220,00\u20ac \/ Noche\u00bb color=\u00bbcustom\u00bb border_width=\u00bb2&#8243; accent_color=\u00bb#efefef\u00bb el_class=\u00bbtarif\u00bb][\/vc_column_inner][\/vc_row_inner][vc_row_inner][vc_column_inner width=\u00bb1\/6&#8243;][vc_icon type=\u00bbmaterial\u00bb icon_material=\u00bbvc-material vc-material-local_hotel\u00bb color=\u00bbcustom\u00bb size=\u00bbxl\u00bb align=\u00bbcenter\u00bb custom_color=\u00bb#4b4b4b\u00bb][vc_column_text]\n<p style=\"text-align: center;\">1 CAMA QUEEN SIZE<br \/>\nO 2 CAMAS INDIVIDUALES<\/p>\n[\/vc_column_text][\/vc_column_inner][vc_column_inner width=\u00bb1\/6&#8243;][vc_icon type=\u00bbmaterial\u00bb icon_material=\u00bbvc-material vc-material-people\u00bb color=\u00bbcustom\u00bb size=\u00bbxl\u00bb align=\u00bbcenter\u00bb custom_color=\u00bb#4b4b4b\u00bb][vc_column_text]\n<p style=\"text-align: center;\">POR 2 PERSONAS<\/p>\n[\/vc_column_text][\/vc_column_inner][vc_column_inner width=\u00bb1\/6&#8243;][vc_icon type=\u00bbmaterial\u00bb icon_material=\u00bbvc-material vc-material-wifi\u00bb color=\u00bbcustom\u00bb size=\u00bbxl\u00bb align=\u00bbcenter\u00bb custom_color=\u00bb#4b4b4b\u00bb][vc_column_text]\n<p style=\"text-align: center;\">WIFI<\/p>\n[\/vc_column_text][\/vc_column_inner][vc_column_inner width=\u00bb1\/6&#8243;][vc_icon type=\u00bbmaterial\u00bb icon_material=\u00bbvc-material vc-material-home\u00bb color=\u00bbcustom\u00bb size=\u00bbxl\u00bb align=\u00bbcenter\u00bb custom_color=\u00bb#4b4b4b\u00bb][vc_column_text]\n<p style=\"text-align: center;\">35 M\u00b2<\/p>\n[\/vc_column_text][\/vc_column_inner][vc_column_inner width=\u00bb1\/6&#8243;][vc_icon type=\u00bbmaterial\u00bb icon_material=\u00bbvc-material vc-material-local_airport\u00bb color=\u00bbcustom\u00bb size=\u00bbxl\u00bb align=\u00bbcenter\u00bb custom_color=\u00bb#4b4b4b\u00bb][vc_column_text]\n<p style=\"text-align: center;\">TRASLADO AEROPUERTO BAJO SOLICITUD<\/p>\n[\/vc_column_text][\/vc_column_inner][vc_column_inner width=\u00bb1\/6&#8243;][\/vc_column_inner][\/vc_row_inner][vc_row_inner][vc_column_inner][vc_separator color=\u00bbcustom\u00bb border_width=\u00bb2&#8243; accent_color=\u00bb#efefef\u00bb][vc_column_text]\n<h3>Las habitaciones Deluxe del Palais Masando\u00efa<\/h3>\n<p>El hotel dispone de doce habitaciones y tres suites, una capacidad de acogida controlada para llegar a un nivel de confort y de servicio de alta calidad y personalizado. Lejos del ambiente estandarizado de amplios complejos hoteleros, Masandoia recibe cada hu\u00e9sped de manera privilegiada.<\/p>\n<p>Las doce habitaciones, dobles o twin, fumadores o no, benefician de una superficie c\u00f3moda de 35m\u00b2. Verdadero nido luminoso y c\u00f3modo, est\u00e1n decoradas con estilo y unen s\u00fabitamente un mobiliario de dise\u00f1o a los elementos tradicionales.[\/vc_column_text][vc_btn title=\u00bbRESERVAD\u00bb style=\u00bbclassic\u00bb shape=\u00bbsquare\u00bb align=\u00bbcenter\u00bb link=\u00bburl:https%3A%2F%2Fwww.secure-direct-hotel-booking.com%2Fmodule_booking_engine%2Findex.php%3Fid_etab%3D8643afd3b8468f95f9aee21c7e36c4a9%26langue%3Denglish|title:RESERVAD|target:%20_blank|\u00bb el_class=\u00bbcustom-button\u00bb][vc_separator color=\u00bbcustom\u00bb border_width=\u00bb2&#8243; accent_color=\u00bb#efefef\u00bb][\/vc_column_inner][\/vc_row_inner][vc_row_inner][vc_column_inner width=\u00bb1\/3&#8243;][vc_column_text]<strong>Habitaci\u00f3n<\/strong>[\/vc_column_text][\/vc_column_inner][vc_column_inner width=\u00bb1\/3&#8243;][vc_column_text]Capacidad de acogida max : <strong>3<\/strong><br \/>\nBa\u00f1o : <strong>1<\/strong><br \/>\nHabitaci\u00f3n : <strong>1<\/strong><br \/>\nCamas :<strong> 1 cama Queen Size<\/strong> (Doble)<br \/>\no <strong>2 camas individuales<\/strong> (Twin)[\/vc_column_text][\/vc_column_inner][vc_column_inner width=\u00bb1\/3&#8243;][vc_column_text]Check In: <strong>14:00<\/strong><br \/>\nCheck Out:<strong> 12:00<br \/>\n<\/strong>[\/vc_column_text][\/vc_column_inner][\/vc_row_inner][vc_row_inner][vc_column_inner][vc_separator color=\u00bbcustom\u00bb border_width=\u00bb2&#8243; accent_color=\u00bb#efefef\u00bb][\/vc_column_inner][\/vc_row_inner][vc_row_inner][vc_column_inner width=\u00bb1\/3&#8243;][vc_column_text]<strong>Equipamiento<\/strong>[\/vc_column_text][\/vc_column_inner][vc_column_inner width=\u00bb1\/3&#8243;][vc_column_text]Wifi : <strong>S\u00ed<\/strong><br \/>\nSecador : <strong>S\u00ed<\/strong><br \/>\nAire acondicionado : <strong>S\u00ed<\/strong><br \/>\nMini bar : <strong>S\u00ed<\/strong>[\/vc_column_text][\/vc_column_inner][vc_column_inner width=\u00bb1\/3&#8243;][vc_column_text]Estacionamiento privado : <strong>S\u00ed<\/strong><br \/>\nTelevisi\u00f3n : <strong>S\u00ed<\/strong><br \/>\n(cadenas internacionales)[\/vc_column_text][\/vc_column_inner][\/vc_row_inner][vc_row_inner][vc_column_inner][vc_separator color=\u00bbcustom\u00bb border_width=\u00bb2&#8243; accent_color=\u00bb#efefef\u00bb][\/vc_column_inner][\/vc_row_inner][vc_row_inner][vc_column_inner][vc_btn title=\u00bbRESERVAD\u00bb style=\u00bbclassic\u00bb shape=\u00bbsquare\u00bb align=\u00bbcenter\u00bb link=\u00bburl:https%3A%2F%2Fwww.secure-direct-hotel-booking.com%2Fmodule_booking_engine%2Findex.php%3Fid_etab%3D8643afd3b8468f95f9aee21c7e36c4a9%26langue%3Denglish|title:RESERVAD|target:%20_blank|\u00bb el_class=\u00bbcustom-button\u00bb][vc_separator color=\u00bbcustom\u00bb border_width=\u00bb2&#8243; accent_color=\u00bb#efefef\u00bb][\/vc_column_inner][\/vc_row_inner][vc_column_text]\n<h4>Descripci\u00f3n<\/h4>\n<p>Despu\u00e9s del hamman, el placer del ocio se vive en bata de ba\u00f1o, con una mano en el mini bar y la otra en la bandeja de fruta de temporada ofrecida por el hotel.<\/p>\n<p>La climatizaci\u00f3n, la perfecta insonorizaci\u00f3n, la ropa de cama, las toallas de calidad y las velas perfumadas son una invitaci\u00f3n al descanso despu\u00e9s de los d\u00edas completos.<\/p>\n<p>Un despacho est\u00e1 a su disposici\u00f3n, al igual que una l\u00ednea de tel\u00e9fono directo, un acceso a Wifi gratuito, y una televisi\u00f3n de pantalla plana por cable sat\u00e9lite.<\/p>\n<p>Otro detalle cuidado que les encanta a los hu\u00e9spedes amantes de la decoraci\u00f3n son los ba\u00f1os, los cuales son un himno al Zelidge, \u0627\u0644\u0632\u0644\u064a\u062c (alzzalij), el arte marroqu\u00ed por el mosaico. Azul Marrakech, rosa, ocre, u otros tonos c\u00e1lidos, cada uno de ellos propone un ambiente diferente, con ducha o ba\u00f1era y una luz atenuada.<\/p>\n<p>Un servicio de lavander\u00eda est\u00e1 disponible, al igual que un \u201croom-service\u201d propuesto todos los d\u00edas desde las de 6:30 hasta las 23:30.[\/vc_column_text][vc_btn title=\u00bbHacer una reserva\u00bb style=\u00bbclassic\u00bb shape=\u00bbsquare\u00bb align=\u00bbcenter\u00bb link=\u00bburl:https%3A%2F%2Fwww.secure-direct-hotel-booking.com%2Fmodule_booking_engine%2Findex.php%3Fid_etab%3D8643afd3b8468f95f9aee21c7e36c4a9%26langue%3Denglish|title:Hacer%20una%20reserva|target:%20_blank|\u00bb el_class=\u00bbcustom-button\u00bb][\/vc_column][vc_column width=\u00bb1\/6&#8243;][\/vc_column][\/vc_row]\n","protected":false},"excerpt":{"rendered":"<p>[vc_row][vc_column width=\u00bb1\/6&#8243;][\/vc_column][vc_column width=\u00bb2\/3&#8243;][vc_row_inner][vc_column_inner width=\u00bb1\/3&#8243; css=\u00bb.vc_custom_1661951193434{margin-top: 40px !important;}\u00bb][vc_images_carousel images=\u00bb36,17,226,59,227&#8243; img_size=\u00bbfull\u00bb autoplay=\u00bbyes\u00bb hide_pagination_control=\u00bbyes\u00bb wrap=\u00bbyes\u00bb][\/vc_column_inner][vc_column_inner width=\u00bb2\/3&#8243;][vc_column_text] HABITACIONES DELUXE \u2013 DOBLE O TWIN [\/vc_column_text][vc_text_separator title=\u00bbA partir de 220,00\u20ac \/ Noche\u00bb color=\u00bbcustom\u00bb border_width=\u00bb2&#8243; accent_color=\u00bb#efefef\u00bb el_class=\u00bbtarif\u00bb][\/vc_column_inner][\/vc_row_inner][vc_row_inner][vc_column_inner width=\u00bb1\/6&#8243;][vc_icon type=\u00bbmaterial\u00bb icon_material=\u00bbvc-material vc-material-local_hotel\u00bb color=\u00bbcustom\u00bb size=\u00bbxl\u00bb align=\u00bbcenter\u00bb custom_color=\u00bb#4b4b4b\u00bb][vc_column_text] 1 CAMA QUEEN SIZE O 2 CAMAS INDIVIDUALES [\/vc_column_text][\/vc_column_inner][vc_column_inner width=\u00bb1\/6&#8243;][vc_icon type=\u00bbmaterial\u00bb icon_material=\u00bbvc-material vc-material-people\u00bb color=\u00bbcustom\u00bb size=\u00bbxl\u00bb align=\u00bbcenter\u00bb custom_color=\u00bb#4b4b4b\u00bb][vc_column_text] [&hellip;]<\/p>\n","protected":false},"author":1,"featured_media":0,"parent":0,"menu_order":0,"comment_status":"closed","ping_status":"closed","template":"page-templates\/page_without-sidebar.php","meta":{"_acf_changed":false,"footnotes":""},"class_list":["post-864","page","type-page","status-publish","hentry"],"acf":[],"yoast_head":"<!-- This site is optimized with the Yoast SEO plugin v27.1.1 - https:\/\/yoast.com\/product\/yoast-seo-wordpress\/ -->\n<title>Palais Masando\u00efa | HABITACIONES DELUXE \u2013 DOBLE O TWIN<\/title>\n<meta name=\"description\" content=\"El hotel dispone de doce habitaciones y tres suites, una capacidad de acogida controlada para llegar a un nivel de confort y de servicio de alta calidad y personalizado. Lejos del ambiente estandarizado de amplios complejos hoteleros, Masandoia recibe cada hu\u00e9sped de manera privilegiada.\" \/>\n<meta name=\"robots\" content=\"index, follow, max-snippet:-1, max-image-preview:large, max-video-preview:-1\" \/>\n<link rel=\"canonical\" href=\"https:\/\/www.masandoia.com\/es\/habitaciones-deluxe\/\" \/>\n<meta property=\"og:locale\" content=\"es_ES\" \/>\n<meta property=\"og:type\" content=\"article\" \/>\n<meta property=\"og:title\" content=\"Palais Masando\u00efa | HABITACIONES DELUXE \u2013 DOBLE O TWIN\" \/>\n<meta property=\"og:description\" content=\"El hotel dispone de doce habitaciones y tres suites, una capacidad de acogida controlada para llegar a un nivel de confort y de servicio de alta calidad y personalizado. Lejos del ambiente estandarizado de amplios complejos hoteleros, Masandoia recibe cada hu\u00e9sped de manera privilegiada.\" \/>\n<meta property=\"og:url\" content=\"https:\/\/www.masandoia.com\/es\/habitaciones-deluxe\/\" \/>\n<meta property=\"og:site_name\" content=\"Palais Masando\u00efa\" \/>\n<meta property=\"article:modified_time\" content=\"2022-12-12T09:23:02+00:00\" \/>\n<meta property=\"og:image\" content=\"https:\/\/www.masandoia.com\/wp-content\/uploads\/2022\/08\/hotel-palais-masandoia-chambre-deluxe-twin-ou-double.jpg\" \/>\n\t<meta property=\"og:image:width\" content=\"1140\" \/>\n\t<meta property=\"og:image:height\" content=\"757\" \/>\n\t<meta property=\"og:image:type\" content=\"image\/jpeg\" \/>\n<meta name=\"twitter:card\" content=\"summary_large_image\" \/>\n<meta name=\"twitter:label1\" content=\"Tiempo de lectura\" \/>\n\t<meta name=\"twitter:data1\" content=\"3 minutos\" \/>\n<script type=\"application\/ld+json\" class=\"yoast-schema-graph\">{\"@context\":\"https:\/\/schema.org\",\"@graph\":[{\"@type\":\"WebPage\",\"@id\":\"https:\/\/www.masandoia.com\/es\/habitaciones-deluxe\/\",\"url\":\"https:\/\/www.masandoia.com\/es\/habitaciones-deluxe\/\",\"name\":\"Palais Masando\u00efa | HABITACIONES DELUXE \u2013 DOBLE O TWIN\",\"isPartOf\":{\"@id\":\"https:\/\/www.masandoia.com\/es\/#website\"},\"datePublished\":\"2022-08-31T13:04:09+00:00\",\"dateModified\":\"2022-12-12T09:23:02+00:00\",\"description\":\"El hotel dispone de doce habitaciones y tres suites, una capacidad de acogida controlada para llegar a un nivel de confort y de servicio de alta calidad y personalizado. Lejos del ambiente estandarizado de amplios complejos hoteleros, Masandoia recibe cada hu\u00e9sped de manera privilegiada.\",\"breadcrumb\":{\"@id\":\"https:\/\/www.masandoia.com\/es\/habitaciones-deluxe\/#breadcrumb\"},\"inLanguage\":\"es\",\"potentialAction\":[{\"@type\":\"ReadAction\",\"target\":[\"https:\/\/www.masandoia.com\/es\/habitaciones-deluxe\/\"]}]},{\"@type\":\"BreadcrumbList\",\"@id\":\"https:\/\/www.masandoia.com\/es\/habitaciones-deluxe\/#breadcrumb\",\"itemListElement\":[{\"@type\":\"ListItem\",\"position\":1,\"name\":\"Home\",\"item\":\"https:\/\/www.masandoia.com\/es\/\"},{\"@type\":\"ListItem\",\"position\":2,\"name\":\"HABITACIONES DELUXE \u2013 DOBLE O TWIN\"}]},{\"@type\":\"WebSite\",\"@id\":\"https:\/\/www.masandoia.com\/es\/#website\",\"url\":\"https:\/\/www.masandoia.com\/es\/\",\"name\":\"Palais Masando\u00efa\",\"description\":\"Boutique h\u00f4tel d&#039;exception \u00e0 Erfoud\",\"potentialAction\":[{\"@type\":\"SearchAction\",\"target\":{\"@type\":\"EntryPoint\",\"urlTemplate\":\"https:\/\/www.masandoia.com\/es\/?s={search_term_string}\"},\"query-input\":{\"@type\":\"PropertyValueSpecification\",\"valueRequired\":true,\"valueName\":\"search_term_string\"}}],\"inLanguage\":\"es\"}]}<\/script>\n<!-- \/ Yoast SEO plugin. -->","yoast_head_json":{"title":"Palais Masando\u00efa | HABITACIONES DELUXE \u2013 DOBLE O TWIN","description":"El hotel dispone de doce habitaciones y tres suites, una capacidad de acogida controlada para llegar a un nivel de confort y de servicio de alta calidad y personalizado. Lejos del ambiente estandarizado de amplios complejos hoteleros, Masandoia recibe cada hu\u00e9sped de manera privilegiada.","robots":{"index":"index","follow":"follow","max-snippet":"max-snippet:-1","max-image-preview":"max-image-preview:large","max-video-preview":"max-video-preview:-1"},"canonical":"https:\/\/www.masandoia.com\/es\/habitaciones-deluxe\/","og_locale":"es_ES","og_type":"article","og_title":"Palais Masando\u00efa | HABITACIONES DELUXE \u2013 DOBLE O TWIN","og_description":"El hotel dispone de doce habitaciones y tres suites, una capacidad de acogida controlada para llegar a un nivel de confort y de servicio de alta calidad y personalizado. Lejos del ambiente estandarizado de amplios complejos hoteleros, Masandoia recibe cada hu\u00e9sped de manera privilegiada.","og_url":"https:\/\/www.masandoia.com\/es\/habitaciones-deluxe\/","og_site_name":"Palais Masando\u00efa","article_modified_time":"2022-12-12T09:23:02+00:00","og_image":[{"width":1140,"height":757,"url":"https:\/\/www.masandoia.com\/wp-content\/uploads\/2022\/08\/hotel-palais-masandoia-chambre-deluxe-twin-ou-double.jpg","type":"image\/jpeg"}],"twitter_card":"summary_large_image","twitter_misc":{"Tiempo de lectura":"3 minutos"},"schema":{"@context":"https:\/\/schema.org","@graph":[{"@type":"WebPage","@id":"https:\/\/www.masandoia.com\/es\/habitaciones-deluxe\/","url":"https:\/\/www.masandoia.com\/es\/habitaciones-deluxe\/","name":"Palais Masando\u00efa | HABITACIONES DELUXE \u2013 DOBLE O TWIN","isPartOf":{"@id":"https:\/\/www.masandoia.com\/es\/#website"},"datePublished":"2022-08-31T13:04:09+00:00","dateModified":"2022-12-12T09:23:02+00:00","description":"El hotel dispone de doce habitaciones y tres suites, una capacidad de acogida controlada para llegar a un nivel de confort y de servicio de alta calidad y personalizado. Lejos del ambiente estandarizado de amplios complejos hoteleros, Masandoia recibe cada hu\u00e9sped de manera privilegiada.","breadcrumb":{"@id":"https:\/\/www.masandoia.com\/es\/habitaciones-deluxe\/#breadcrumb"},"inLanguage":"es","potentialAction":[{"@type":"ReadAction","target":["https:\/\/www.masandoia.com\/es\/habitaciones-deluxe\/"]}]},{"@type":"BreadcrumbList","@id":"https:\/\/www.masandoia.com\/es\/habitaciones-deluxe\/#breadcrumb","itemListElement":[{"@type":"ListItem","position":1,"name":"Home","item":"https:\/\/www.masandoia.com\/es\/"},{"@type":"ListItem","position":2,"name":"HABITACIONES DELUXE \u2013 DOBLE O TWIN"}]},{"@type":"WebSite","@id":"https:\/\/www.masandoia.com\/es\/#website","url":"https:\/\/www.masandoia.com\/es\/","name":"Palais Masando\u00efa","description":"Boutique h\u00f4tel d&#039;exception \u00e0 Erfoud","potentialAction":[{"@type":"SearchAction","target":{"@type":"EntryPoint","urlTemplate":"https:\/\/www.masandoia.com\/es\/?s={search_term_string}"},"query-input":{"@type":"PropertyValueSpecification","valueRequired":true,"valueName":"search_term_string"}}],"inLanguage":"es"}]}},"_links":{"self":[{"href":"https:\/\/www.masandoia.com\/es\/wp-json\/wp\/v2\/pages\/864","targetHints":{"allow":["GET"]}}],"collection":[{"href":"https:\/\/www.masandoia.com\/es\/wp-json\/wp\/v2\/pages"}],"about":[{"href":"https:\/\/www.masandoia.com\/es\/wp-json\/wp\/v2\/types\/page"}],"author":[{"embeddable":true,"href":"https:\/\/www.masandoia.com\/es\/wp-json\/wp\/v2\/users\/1"}],"replies":[{"embeddable":true,"href":"https:\/\/www.masandoia.com\/es\/wp-json\/wp\/v2\/comments?post=864"}],"version-history":[{"count":2,"href":"https:\/\/www.masandoia.com\/es\/wp-json\/wp\/v2\/pages\/864\/revisions"}],"predecessor-version":[{"id":985,"href":"https:\/\/www.masandoia.com\/es\/wp-json\/wp\/v2\/pages\/864\/revisions\/985"}],"wp:attachment":[{"href":"https:\/\/www.masandoia.com\/es\/wp-json\/wp\/v2\/media?parent=864"}],"curies":[{"name":"wp","href":"https:\/\/api.w.org\/{rel}","templated":true}]}}