{"id":878,"date":"2022-08-30T17:10:54","date_gmt":"2022-08-30T15:10:54","guid":{"rendered":"http:\/\/www.masandoia.com\/well-being\/"},"modified":"2022-09-06T17:44:13","modified_gmt":"2022-09-06T15:44:13","slug":"bienestar","status":"publish","type":"page","link":"https:\/\/www.masandoia.com\/es\/bienestar\/","title":{"rendered":"BIENESTAR Y DESCANSO EN EL PALAIS MASANDO\u00cfA"},"content":{"rendered":"[vc_row][vc_column width=\u00bb1\/6&#8243;][\/vc_column][vc_column width=\u00bb2\/3&#8243;][vc_column_text]\n<h2 style=\"text-align: center;\">El Spa del Palais Masandoia, una invitacion al bienestar.<\/h2>\n[\/vc_column_text][vc_column_text]El ritual ancestral del hammam, es el m\u00e1s antiguo de los ritos de belleza orientales. Conocido por sus numerosos beneficios tales que la relajaci\u00f3n de los m\u00fasculos, la liberaci\u00f3n de las toxinas y la purificaci\u00f3n de la piel, es parte integral del arte de vivir marroqu\u00ed y de los placeres a ofrecerse en el Palais Masandoia.<\/p>\n<p>Seguido de una exfoliaci\u00f3n a base de jab\u00f3n negro, y de una m\u00e1scara al ghasoul (arcilla blanca) y de un masaje benefactor a base de aceite de arg\u00e1n, proporciona una relajaci\u00f3n inmensa, propicia para un descanso apacible en Masandoia. Experimentar este par\u00e9ntesis de pura relajaci\u00f3n en nuestro palacio es un incondicional, del cual os vamos a desvelar las principales fases, para daros un anticipo de lo que os espera.[\/vc_column_text][\/vc_column][vc_column width=\u00bb1\/6&#8243;][\/vc_column][\/vc_row][vc_row][vc_column width=\u00bb1\/6&#8243;][\/vc_column][vc_column width=\u00bb2\/3&#8243;][vc_single_image image=\u00bb267&#8243; img_size=\u00bbfull\u00bb alignment=\u00bbcenter\u00bb][\/vc_column][vc_column width=\u00bb1\/6&#8243;][\/vc_column][\/vc_row][vc_row css=\u00bb.vc_custom_1661956308595{margin-top: 40px !important;}\u00bb][vc_column width=\u00bb1\/6&#8243;][\/vc_column][vc_column width=\u00bb2\/3&#8243;][vc_column_text]\n<h2>Cuidados de excepci\u00f3n&#8230;<\/h2>\n[\/vc_column_text][vc_row_inner][vc_column_inner width=\u00bb1\/2&#8243;][vc_column_text]Todo masaje oriental tradicional esta en efecto precedido de una sesi\u00f3n de hammam de diez a quince minutos m\u00e1s o menos. Este ba\u00f1o de vapor acompa\u00f1ado por aceites esenciales de pino o de eucaliptus procura un bienestar calmante, tanto f\u00edsicamente como mentalmente. LA sudaci\u00f3n prepara la piel a la limpieza en profundidad, el cuerpo esta as\u00ed listo para la exfoliaci\u00f3n.<\/p>\n<p>El envolvimiento a base de jab\u00f3n negro prepara la piel a la exfoliaci\u00f3n de las c\u00e9lulas muertas realizada con un guante de ba\u00f1o llamado kassa, el cual deja la piel completamente suave, quit\u00e1ndole sus c\u00e9lulas muertes. Esta etapa estimula la regeneraci\u00f3n celular y la microcirculaci\u00f3n sangu\u00ednea de la superficie y precede el toque final.<\/p>\n<p>La aplicaci\u00f3n del ghassoul se hace en la piel y en el pelo, d\u00e1ndoles brillo y elasticidad sin alterar la queratina. Compuesto por numerosas propiedades \u2013 purificantes, emolientes, suavizantes e antioxidantes \u2013 el ghassoul da a la piel un aspecto satinado gracias a su poder ligeramente espumoso el cual favorece la penetraci\u00f3n de los principios activos de los aceites esenciales. La hora de la apoteosis se aproxima, es hora de pasar al masaje oriental[\/vc_column_text][\/vc_column_inner][vc_column_inner width=\u00bb1\/2&#8243;][vc_column_text]Etimol\u00f3gicamente hablando, masajear procede entre otros del \u00e1rabe \u201cmass\u201d, que significa amasar, palpar, presionar. En el Palais Masandoia, este masaje se realiza sobre la piel, desde la cabeza a los pies, siguiendo la l\u00ednea muscular con el aceite de arg\u00e1n caliente.<\/p>\n<p>El ritual toma fin con varios minutos de relajaci\u00f3n y de degustaci\u00f3n del tradicional te a la menta refrescante y digestivo. Por ultimo encuentra su epilogo a vuestra conveniencia, en una hamaca al borde de la piscina del hotel, en vuestra terraza o en vuestra habitaci\u00f3n.<\/p>\n<p>Las disponibilidades para un ritual tradicional, sult\u00e1n o royal siendo limitadas, es preferible reservar con antelaci\u00f3n a vuestra estancia. Pod\u00e9is consultarnos previamente sobre los dem\u00e1s tratamientos propuestos (tratamiento est\u00e9tico cl\u00e1sico, limpieza de cara, belleza de pies, peinados etc\u2026).[\/vc_column_text][\/vc_column_inner][\/vc_row_inner][\/vc_column][vc_column width=\u00bb1\/6&#8243;][\/vc_column][\/vc_row][vc_row][vc_column width=\u00bb1\/6&#8243;][\/vc_column][vc_column width=\u00bb2\/3&#8243;][vc_row_inner][vc_column_inner width=\u00bb1\/3&#8243; css=\u00bb.vc_custom_1661957290362{margin-top: 80px !important;}\u00bb][vc_gallery type=\u00bbimage_grid\u00bb images=\u00bb270,272,269,271,268,273&#8243; img_size=\u00bb100&#215;100&#8243; el_class=\u00bbgallery-home\u00bb][\/vc_column_inner][vc_column_inner width=\u00bb2\/3&#8243;][vc_column_text]\n<h3>Rituales bajo el respeto de las tradiciones\u2026<\/h3>\n<p>Durante todas estas etapas, las manos expertas del Palais Masando\u00efa utilizan productos tradicionales, preocupados en mantener el ritual tradicional, secreto de la belleza oriental.<\/p>\n<p>El jab\u00f3n negro, conocido tambi\u00e9n como el \u00abjab\u00f3n del pueblo\u00bb es un exfoliante oriental 100% natural sin colorante y sin perfume artificial, muy utilizado en el Magreb. Concebido a base de agua, aceite de olivas negras molidas, enriquecido en vitamina E y en potasa, se presenta bajo la forma de una pasta marr\u00f3n bastante densa, la cual una vez mezclada con agua se vuelve untuosa.<\/p>\n<p>El rhassoul o ghassoul, es una arcilla 100% natural de origen volc\u00e1nico. Compuesto de s\u00edlice, de magnesio, de hierro, de aluminio y de calcio, rica en sales minerales y en oligoelementos, el ghasoul ofrece a la vez una acci\u00f3n limpiadora, reafirmante, suavizante, purificante y desincrustante. Utilizada para el cuerpo como para el cabello, el rhassoul act\u00faa como un peeling suave purificador.<\/p>\n<p>Particularmente rico en \u00e1cidos grasos esenciales y en vitamina E, el aceite de arg\u00e1n refuerza las funciones celulares y nutre la piel la cual deja suave y satinada.<\/p>\n<p>Gracias a los antioxidantes que contiene, el t\u00e9 a la menta drena las toxinas liberadas durante el masaje y participa a la regeneraci\u00f3n del organismo.[\/vc_column_text][\/vc_column_inner][\/vc_row_inner][\/vc_column][vc_column width=\u00bb1\/6&#8243;][\/vc_column][\/vc_row][vc_row full_width=\u00bbstretch_row\u00bb css=\u00bb.vc_custom_1661956781683{margin-top: 20px !important;margin-bottom: 0px !important;padding-top: 20px !important;padding-right: 20px !important;padding-bottom: 20px !important;padding-left: 20px !important;background-color: #b89f80 !important;}\u00bb][vc_column width=\u00bb1\/6&#8243; el_class=\u00bbwhite-color\u00bb css=\u00bb.vc_custom_1662455238051{margin-bottom: 0px !important;}\u00bb][\/vc_column][vc_column width=\u00bb2\/3&#8243; css=\u00bb.vc_custom_1662455226877{margin-bottom: 0px !important;}\u00bb][vc_column_text el_class=\u00bbwhite-color\u00bb]\n<h4 style=\"text-align: center;\"><strong>Precisiones importantes<\/strong><\/h4>\n<p style=\"text-align: center;\">Os agradecemos de informaros con antelaci\u00f3n de cualquier situaci\u00f3n particular (embarazo, problemas de salud etc.) en tal caso algunos tratamientos podr\u00e1n ser desaconsejados o modificados.<\/p>\n<p style=\"text-align: center;\">Los masajes, realizados por masajistas profesionales o esteticistas, son tratamientos de belleza y no son tratamientos terap\u00e9uticos.<\/p>\n<p style=\"text-align: center;\">El Palais Masandoia utiliza la gama de productos naturales \u00ab Les Sens de marrakech \u00bb.<\/p>\n[\/vc_column_text][\/vc_column][vc_column width=\u00bb1\/6&#8243; css=\u00bb.vc_custom_1662455232528{margin-bottom: 0px !important;}\u00bb][\/vc_column][\/vc_row]\n","protected":false},"excerpt":{"rendered":"<p>[vc_row][vc_column width=\u00bb1\/6&#8243;][\/vc_column][vc_column width=\u00bb2\/3&#8243;][vc_column_text] El Spa del Palais Masandoia, una invitacion al bienestar. [\/vc_column_text][vc_column_text]El ritual ancestral del hammam, es el m\u00e1s antiguo de los ritos de belleza orientales. Conocido por sus numerosos beneficios tales que la relajaci\u00f3n de los m\u00fasculos, la liberaci\u00f3n de las toxinas y la purificaci\u00f3n de la piel, es parte integral del arte [&hellip;]<\/p>\n","protected":false},"author":1,"featured_media":0,"parent":0,"menu_order":0,"comment_status":"closed","ping_status":"closed","template":"page-templates\/page_without-sidebar.php","meta":{"_acf_changed":false,"footnotes":""},"class_list":["post-878","page","type-page","status-publish","hentry"],"acf":[],"yoast_head":"<!-- This site is optimized with the Yoast SEO plugin v27.1.1 - https:\/\/yoast.com\/product\/yoast-seo-wordpress\/ -->\n<title>Palais Masando\u00efa | BIENESTAR Y DESCANSO EN EL PALAIS MASANDO\u00cfA<\/title>\n<meta name=\"description\" content=\"El ritual ancestral del hammam, es el m\u00e1s antiguo de los ritos de belleza orientales.\" \/>\n<meta name=\"robots\" content=\"index, follow, max-snippet:-1, max-image-preview:large, max-video-preview:-1\" \/>\n<link rel=\"canonical\" href=\"https:\/\/www.masandoia.com\/es\/bienestar\/\" \/>\n<meta property=\"og:locale\" content=\"es_ES\" \/>\n<meta property=\"og:type\" content=\"article\" \/>\n<meta property=\"og:title\" content=\"Palais Masando\u00efa | BIENESTAR Y DESCANSO EN EL PALAIS MASANDO\u00cfA\" \/>\n<meta property=\"og:description\" content=\"El ritual ancestral del hammam, es el m\u00e1s antiguo de los ritos de belleza orientales.\" \/>\n<meta property=\"og:url\" content=\"https:\/\/www.masandoia.com\/es\/bienestar\/\" \/>\n<meta property=\"og:site_name\" content=\"Palais Masando\u00efa\" \/>\n<meta property=\"article:modified_time\" content=\"2022-09-06T15:44:13+00:00\" \/>\n<meta property=\"og:image\" content=\"https:\/\/www.masandoia.com\/wp-content\/uploads\/2022\/08\/hamman-du-palais-masandoia-scaled.jpg\" \/>\n\t<meta property=\"og:image:width\" content=\"2560\" \/>\n\t<meta property=\"og:image:height\" content=\"1703\" \/>\n\t<meta property=\"og:image:type\" content=\"image\/jpeg\" \/>\n<meta name=\"twitter:card\" content=\"summary_large_image\" \/>\n<meta name=\"twitter:label1\" content=\"Tiempo de lectura\" \/>\n\t<meta name=\"twitter:data1\" content=\"4 minutos\" \/>\n<script type=\"application\/ld+json\" class=\"yoast-schema-graph\">{\"@context\":\"https:\/\/schema.org\",\"@graph\":[{\"@type\":\"WebPage\",\"@id\":\"https:\/\/www.masandoia.com\/es\/bienestar\/\",\"url\":\"https:\/\/www.masandoia.com\/es\/bienestar\/\",\"name\":\"Palais Masando\u00efa | BIENESTAR Y DESCANSO EN EL PALAIS MASANDO\u00cfA\",\"isPartOf\":{\"@id\":\"https:\/\/www.masandoia.com\/es\/#website\"},\"datePublished\":\"2022-08-30T15:10:54+00:00\",\"dateModified\":\"2022-09-06T15:44:13+00:00\",\"description\":\"El ritual ancestral del hammam, es el m\u00e1s antiguo de los ritos de belleza orientales.\",\"breadcrumb\":{\"@id\":\"https:\/\/www.masandoia.com\/es\/bienestar\/#breadcrumb\"},\"inLanguage\":\"es\",\"potentialAction\":[{\"@type\":\"ReadAction\",\"target\":[\"https:\/\/www.masandoia.com\/es\/bienestar\/\"]}]},{\"@type\":\"BreadcrumbList\",\"@id\":\"https:\/\/www.masandoia.com\/es\/bienestar\/#breadcrumb\",\"itemListElement\":[{\"@type\":\"ListItem\",\"position\":1,\"name\":\"Home\",\"item\":\"https:\/\/www.masandoia.com\/es\/\"},{\"@type\":\"ListItem\",\"position\":2,\"name\":\"BIENESTAR Y DESCANSO EN EL PALAIS MASANDO\u00cfA\"}]},{\"@type\":\"WebSite\",\"@id\":\"https:\/\/www.masandoia.com\/es\/#website\",\"url\":\"https:\/\/www.masandoia.com\/es\/\",\"name\":\"Palais Masando\u00efa\",\"description\":\"Boutique h\u00f4tel d&#039;exception \u00e0 Erfoud\",\"potentialAction\":[{\"@type\":\"SearchAction\",\"target\":{\"@type\":\"EntryPoint\",\"urlTemplate\":\"https:\/\/www.masandoia.com\/es\/?s={search_term_string}\"},\"query-input\":{\"@type\":\"PropertyValueSpecification\",\"valueRequired\":true,\"valueName\":\"search_term_string\"}}],\"inLanguage\":\"es\"}]}<\/script>\n<!-- \/ Yoast SEO plugin. -->","yoast_head_json":{"title":"Palais Masando\u00efa | BIENESTAR Y DESCANSO EN EL PALAIS MASANDO\u00cfA","description":"El ritual ancestral del hammam, es el m\u00e1s antiguo de los ritos de belleza orientales.","robots":{"index":"index","follow":"follow","max-snippet":"max-snippet:-1","max-image-preview":"max-image-preview:large","max-video-preview":"max-video-preview:-1"},"canonical":"https:\/\/www.masandoia.com\/es\/bienestar\/","og_locale":"es_ES","og_type":"article","og_title":"Palais Masando\u00efa | BIENESTAR Y DESCANSO EN EL PALAIS MASANDO\u00cfA","og_description":"El ritual ancestral del hammam, es el m\u00e1s antiguo de los ritos de belleza orientales.","og_url":"https:\/\/www.masandoia.com\/es\/bienestar\/","og_site_name":"Palais Masando\u00efa","article_modified_time":"2022-09-06T15:44:13+00:00","og_image":[{"width":2560,"height":1703,"url":"https:\/\/www.masandoia.com\/wp-content\/uploads\/2022\/08\/hamman-du-palais-masandoia-scaled.jpg","type":"image\/jpeg"}],"twitter_card":"summary_large_image","twitter_misc":{"Tiempo de lectura":"4 minutos"},"schema":{"@context":"https:\/\/schema.org","@graph":[{"@type":"WebPage","@id":"https:\/\/www.masandoia.com\/es\/bienestar\/","url":"https:\/\/www.masandoia.com\/es\/bienestar\/","name":"Palais Masando\u00efa | BIENESTAR Y DESCANSO EN EL PALAIS MASANDO\u00cfA","isPartOf":{"@id":"https:\/\/www.masandoia.com\/es\/#website"},"datePublished":"2022-08-30T15:10:54+00:00","dateModified":"2022-09-06T15:44:13+00:00","description":"El ritual ancestral del hammam, es el m\u00e1s antiguo de los ritos de belleza orientales.","breadcrumb":{"@id":"https:\/\/www.masandoia.com\/es\/bienestar\/#breadcrumb"},"inLanguage":"es","potentialAction":[{"@type":"ReadAction","target":["https:\/\/www.masandoia.com\/es\/bienestar\/"]}]},{"@type":"BreadcrumbList","@id":"https:\/\/www.masandoia.com\/es\/bienestar\/#breadcrumb","itemListElement":[{"@type":"ListItem","position":1,"name":"Home","item":"https:\/\/www.masandoia.com\/es\/"},{"@type":"ListItem","position":2,"name":"BIENESTAR Y DESCANSO EN EL PALAIS MASANDO\u00cfA"}]},{"@type":"WebSite","@id":"https:\/\/www.masandoia.com\/es\/#website","url":"https:\/\/www.masandoia.com\/es\/","name":"Palais Masando\u00efa","description":"Boutique h\u00f4tel d&#039;exception \u00e0 Erfoud","potentialAction":[{"@type":"SearchAction","target":{"@type":"EntryPoint","urlTemplate":"https:\/\/www.masandoia.com\/es\/?s={search_term_string}"},"query-input":{"@type":"PropertyValueSpecification","valueRequired":true,"valueName":"search_term_string"}}],"inLanguage":"es"}]}},"_links":{"self":[{"href":"https:\/\/www.masandoia.com\/es\/wp-json\/wp\/v2\/pages\/878","targetHints":{"allow":["GET"]}}],"collection":[{"href":"https:\/\/www.masandoia.com\/es\/wp-json\/wp\/v2\/pages"}],"about":[{"href":"https:\/\/www.masandoia.com\/es\/wp-json\/wp\/v2\/types\/page"}],"author":[{"embeddable":true,"href":"https:\/\/www.masandoia.com\/es\/wp-json\/wp\/v2\/users\/1"}],"replies":[{"embeddable":true,"href":"https:\/\/www.masandoia.com\/es\/wp-json\/wp\/v2\/comments?post=878"}],"version-history":[{"count":2,"href":"https:\/\/www.masandoia.com\/es\/wp-json\/wp\/v2\/pages\/878\/revisions"}],"predecessor-version":[{"id":880,"href":"https:\/\/www.masandoia.com\/es\/wp-json\/wp\/v2\/pages\/878\/revisions\/880"}],"wp:attachment":[{"href":"https:\/\/www.masandoia.com\/es\/wp-json\/wp\/v2\/media?parent=878"}],"curies":[{"name":"wp","href":"https:\/\/api.w.org\/{rel}","templated":true}]}}