{"id":882,"date":"2022-08-30T17:16:05","date_gmt":"2022-08-30T15:16:05","guid":{"rendered":"http:\/\/www.masandoia.com\/your-event\/"},"modified":"2022-09-07T11:48:37","modified_gmt":"2022-09-07T09:48:37","slug":"vuestro-evento","status":"publish","type":"page","link":"https:\/\/www.masandoia.com\/es\/vuestro-evento\/","title":{"rendered":"PRIVATIZACI\u00d3N DEL HOTEL Y EVENTOS A MEDIDA"},"content":{"rendered":"[vc_row][vc_column width=\u00bb1\/6&#8243;][\/vc_column][vc_column width=\u00bb2\/3&#8243;][vc_column_text]\n<h2 style=\"text-align: center;\">Segun vuestras necesidades, el Palais se transforma para una prestacion a medida.<\/h2>\n[\/vc_column_text][\/vc_column][vc_column width=\u00bb1\/6&#8243;][\/vc_column][\/vc_row][vc_row][vc_column width=\u00bb1\/6&#8243;][\/vc_column][vc_column width=\u00bb2\/3&#8243;][vc_row_inner][vc_column_inner width=\u00bb1\/2&#8243;][vc_column_text]\n<h3>Un remanso de paz para los actores\u2026<\/h3>\n<p>La filosof\u00eda de Masandoia desea que vuestro paso tenga la particularidad de una estancia hecha a medida. Sea cual sea el evento, el personal del hotel se adapta y transforma el palacio y sus servicios para ofrecer una prestaci\u00f3n a medida.<\/p>\n<p>A t\u00edtulo de ejemplo, Masandoia se presta perfectamente a los rodajes de pel\u00edculas.<\/p>\n<p>En la primera del 2014, el hotel acogi\u00f3 el equipo de la pel\u00edcula \u00ab Les Chevalliers Blancs \u00bb de Joachim Lafosse, desde marzo hasta mayo. Los actores Vincent Lindon, Louise Bourgeoin y Valerie Donzelli, al igual que el realizador y los productores permanecieron con toda tranquilidad en el Palais Masandoia, al privatizar el establecimiento para ellos.<\/p>\n<p>En septiembre del mismo a\u00f1o, fue el equipo de la pel\u00edcula \u00ab Las aventuras de Aladino \u00bbel cual beneficio de la privatizaci\u00f3n del palacio durante una semana. Kev Adams, el actor principal, Arthur Benzaquen, el realizador y el productor pudieron as\u00ed disfrutar de Masandoia durante una semana en pensi\u00f3n completa.<\/p>\n<p>El hotel recibi\u00f3 al igual el equipo de la pel\u00edcula americana \u00ab Billy Lynn\u201d de Ang lee, en junio del 2015. Durante dos semanas, tuvimos el honor de poner el establecimiento a disposici\u00f3n de un director galardonado con tres Oscars, al igual que de sus actores, como fue Vin Diesel, uno de los m\u00e1s conocidos, y de sus productores (Sony).<\/p>\n<p>Por \u00faltimo, en mayo del 2016, fue el rodaje de una gran pel\u00edcula francesa la cual necesito de la privatizaci\u00f3n del hotel: \u201cLa promesse de l\u2019aube\u201d, largo metraje dirigido por Eric Barbier, basado en un libro autobiogr\u00e1fico de Romain Gary, sobre el amor fusional que le une con su madre. Charlotte Gainsbourg y Pierre Niney, los actores principales, al igual que el director y la producci\u00f3n pernoctaron en el Palais Masando\u00efa durante una semana.<\/p>\n<p>El personal de Masando\u00efa est\u00e1 de este modo acostumbrado a trabajar en paralelo con las empresas de producci\u00f3n para asegurarles la log\u00edstica y responder a las necesidades de los actores y equipos de rodaje.<\/p>\n<p><strong>Estas diferentes experiencias dieron la ocasi\u00f3n de demostrar a la vez la flexibilidad y la creatividad del equipo del hotel.<\/strong>[\/vc_column_text][vc_column_text el_class=\u00bbdisplay-none\u00bb]Le personnel de Masando\u00efa est d\u00e9sormais habitu\u00e9 \u00e0 \u0153uvrer main dans la main avec les <strong>soci\u00e9t\u00e9s de production<\/strong> pour assurer la logistique et r\u00e9pondre aux besoins des acteurs et des \u00e9quipes de tournage.<\/p>\n<p><strong>Ces diff\u00e9rentes exp\u00e9riences ont \u00e9t\u00e9 l\u2019occasion de d\u00e9montrer \u00e0 la fois la souplesse et la cr\u00e9ativit\u00e9 de l\u2019\u00e9quipe de l\u2019h\u00f4tel.<\/strong>[\/vc_column_text][\/vc_column_inner][vc_column_inner width=\u00bb1\/2&#8243; css=\u00bb.vc_custom_1661959349031{margin-top: 40px !important;}\u00bb][vc_images_carousel images=\u00bb280,281,282,283&#8243; img_size=\u00bbfull\u00bb onclick=\u00bblink_no\u00bb mode=\u00bbvertical\u00bb speed=\u00bb3000&#8243; autoplay=\u00bbyes\u00bb hide_pagination_control=\u00bbyes\u00bb wrap=\u00bbyes\u00bb][\/vc_column_inner][\/vc_row_inner][vc_btn title=\u00bbOrganizar vuestro evento\u00bb style=\u00bbclassic\u00bb shape=\u00bbsquare\u00bb align=\u00bbcenter\u00bb link=\u00bburl:http%3A%2F%2Fwww.masandoia.com%2Fes%2Fcontacto%2F|title:Organizar%20vuestro%20evento||\u00bb el_class=\u00bbcustom-button\u00bb][\/vc_column][vc_column width=\u00bb1\/6&#8243;][\/vc_column][\/vc_row][vc_row full_width=\u00bbstretch_row\u00bb css=\u00bb.vc_custom_1661958980175{background-color: #efefef !important;}\u00bb][vc_column width=\u00bb1\/6&#8243;][\/vc_column][vc_column width=\u00bb2\/3&#8243;][vc_column_text]\n<h2>Prestaciones realizadas por el equipo del Palais Masando\u00efa<\/h2>\n[\/vc_column_text][vc_row_inner][vc_column_inner width=\u00bb1\/2&#8243;][vc_column_text]\n<h4>INSTALACI\u00d3N DE UNA SALA DE CINE<\/h4>\n<p>Para el equipo americano en junio del 2015, la piscina interior fue vaciada para ser\u00e1 si transformada en una sala de proyecci\u00f3n durante 10 d\u00edas, permitiendo de este modo a los productores de visionar las escenas rodadas el mismo d\u00eda.<\/p>\n<p>&nbsp;<\/p>\n<h4>INSTALACI\u00d3N DE UNA SALA DE DEPORTE<\/h4>\n<p>En esta misma ocasi\u00f3n, el spa dejo sitio para instalar una sala de deporte con equipos de fitness y de musculaci\u00f3n, especialmente expatriados por la producci\u00f3n para el entrenamiento personal del actor principal Vin Diesel.<\/p>\n<p>&nbsp;<\/p>\n<h4>INSTALACI\u00d3N DE UNA SALA DE MONTAJE<\/h4>\n<p>El despacho del Palais Masando\u00efa se ha visto transformado en una incre\u00edble sala de montaje permitiendo a cuatro t\u00e9cnicos trabajar d\u00eda y noche en la pel\u00edcula.<\/p>\n<p>&nbsp;<\/p>\n<h4>RECEPCI\u00d3N DE NOCHE A LA CARTA<\/h4>\n<p>Para estos rodajes de prestigio, todos los d\u00edas organiz\u00e1bamos una recepci\u00f3n de noche para las cenas. Durante el rodaje en la primavera del 2014, fueron preparados para 100 comensales.[\/vc_column_text][\/vc_column_inner][vc_column_inner width=\u00bb1\/2&#8243;][vc_column_text]\n<h4>UN PARA\u00cdSO PARA LAS FAMILIAS<\/h4>\n<p>El rodaje de los \u00ab Chevaliers blancs \u00bb habiendo durado varias semanas, los hijos de los actores se unieron al equipo durante sus vacaciones escolares. Para crear su parte de magia, el equipo de Masandoia instalo una gran tienda de campa\u00f1a en el jard\u00edn con ochos camas para una estancia digna de las mil y una noches.<\/p>\n<p>Para estos peque\u00f1os cin\u00e9filos, el bar al igual se transform\u00f3 en una mini sala de cine dedicada con sus pel\u00edculas favoritas\u2026<\/p>\n<p>&nbsp;<\/p>\n<h4>FIN DE A\u00d1O EN EL DESIERTO<\/h4>\n<p>El Palais Masandoia tambi\u00e9n sabe de celebraciones y lo demostr\u00f3 durante otra recepci\u00f3n y fiesta privada con una cena especial realizada por un chef marroqu\u00ed, con productos franceses y marroqu\u00eds como son el foie gras, las ostras y el salm\u00f3n.<\/p>\n<p>&nbsp;<\/p>\n<h4>ALMUERZOS Y CENAS DE TRABAJO<\/h4>\n<p>Durante el Sal\u00f3n internacional de los D\u00e1tiles el cual se desarrolla al final del mes de octubre, una gran recepci\u00f3n privada fue organizada, la cena o comida fue concebida y realizada por un chef marroqu\u00ed.[\/vc_column_text][\/vc_column_inner][\/vc_row_inner][vc_column_text]\n<h4>NADA ES IMPOSIBLE<\/h4>\n<p>Raro son los lugares en el sud de marruecos donde es posible ofrecerse una degustaci\u00f3n de sushis, \u00a1en el Palais Masandoia, fue posible durante el fin de a\u00f1o!<\/p>\n<p>Una fiesta con Dj y un bar en el medio de las dunas, bajo las estrellas alrededor de dos grandes hogueras. \u00a1Tambi\u00e9n es posible! \u00a1Y simplemente m\u00e1gico cuando un grupo de bereberes toca al sonido de la m\u00fasica electro-house!<\/p>\n<p>Durante estas noches festivas, el traslado de los comensales hacia el lugar confidencial donde ser\u00e1 la noche, se encarga el hotel, al igual que de su vuelta a la hora que deseen.<\/p>\n<p>Los d\u00edas de despu\u00e9s a las fiestas son sin\u00f3nimo de Brunch para los que les gusta viajar. \u00bfQu\u00e9 dir\u00edais de un brunch en un oasis o en medio de las dunas?<\/p>\n<p>En el Palais Masandoia, permitiros liberar vuestros deseos. \u00a1Todo es posible, el \u00fanico l\u00edmite es vuestra imaginaci\u00f3n![\/vc_column_text][vc_btn title=\u00bbOrganizar vuestro evento\u00bb style=\u00bbclassic\u00bb shape=\u00bbsquare\u00bb size=\u00bblg\u00bb align=\u00bbcenter\u00bb link=\u00bburl:http%3A%2F%2Fwww.masandoia.com%2Fes%2Fcontacto%2F|title:Organizar%20vuestro%20evento||\u00bb el_class=\u00bbcustom-button\u00bb][\/vc_column][vc_column width=\u00bb1\/6&#8243;][\/vc_column][\/vc_row]\n","protected":false},"excerpt":{"rendered":"<p>[vc_row][vc_column width=\u00bb1\/6&#8243;][\/vc_column][vc_column width=\u00bb2\/3&#8243;][vc_column_text] Segun vuestras necesidades, el Palais se transforma para una prestacion a medida. [\/vc_column_text][\/vc_column][vc_column width=\u00bb1\/6&#8243;][\/vc_column][\/vc_row][vc_row][vc_column width=\u00bb1\/6&#8243;][\/vc_column][vc_column width=\u00bb2\/3&#8243;][vc_row_inner][vc_column_inner width=\u00bb1\/2&#8243;][vc_column_text] Un remanso de paz para los actores\u2026 La filosof\u00eda de Masandoia desea que vuestro paso tenga la particularidad de una estancia hecha a medida. Sea cual sea el evento, el personal del hotel se adapta [&hellip;]<\/p>\n","protected":false},"author":1,"featured_media":0,"parent":0,"menu_order":0,"comment_status":"closed","ping_status":"closed","template":"page-templates\/page_without-sidebar.php","meta":{"_acf_changed":false,"footnotes":""},"class_list":["post-882","page","type-page","status-publish","hentry"],"acf":[],"yoast_head":"<!-- This site is optimized with the Yoast SEO plugin v27.1.1 - https:\/\/yoast.com\/product\/yoast-seo-wordpress\/ -->\n<title>Palais Masando\u00efa | PRIVATIZACI\u00d3N DEL HOTEL Y EVENTOS A MEDIDA<\/title>\n<meta name=\"description\" content=\"En el Palais Masandoia, permitiros liberar vuestros deseos. \u00a1Todo es posible, el \u00fanico l\u00edmite es vuestra imaginaci\u00f3n!\" \/>\n<meta name=\"robots\" content=\"index, follow, max-snippet:-1, max-image-preview:large, max-video-preview:-1\" \/>\n<link rel=\"canonical\" href=\"https:\/\/www.masandoia.com\/es\/vuestro-evento\/\" \/>\n<meta property=\"og:locale\" content=\"es_ES\" \/>\n<meta property=\"og:type\" content=\"article\" \/>\n<meta property=\"og:title\" content=\"Palais Masando\u00efa | PRIVATIZACI\u00d3N DEL HOTEL Y EVENTOS A MEDIDA\" \/>\n<meta property=\"og:description\" content=\"En el Palais Masandoia, permitiros liberar vuestros deseos. \u00a1Todo es posible, el \u00fanico l\u00edmite es vuestra imaginaci\u00f3n!\" \/>\n<meta property=\"og:url\" content=\"https:\/\/www.masandoia.com\/es\/vuestro-evento\/\" \/>\n<meta property=\"og:site_name\" content=\"Palais Masando\u00efa\" \/>\n<meta property=\"article:modified_time\" content=\"2022-09-07T09:48:37+00:00\" \/>\n<meta property=\"og:image\" content=\"https:\/\/www.masandoia.com\/wp-content\/uploads\/2022\/08\/affiche-film-un-jour-dans-la-vie-de-billy-lynn.jpg\" \/>\n\t<meta property=\"og:image:width\" content=\"540\" \/>\n\t<meta property=\"og:image:height\" content=\"720\" \/>\n\t<meta property=\"og:image:type\" content=\"image\/jpeg\" \/>\n<meta name=\"twitter:card\" content=\"summary_large_image\" \/>\n<meta name=\"twitter:label1\" content=\"Tiempo de lectura\" \/>\n\t<meta name=\"twitter:data1\" content=\"5 minutos\" \/>\n<script type=\"application\/ld+json\" class=\"yoast-schema-graph\">{\"@context\":\"https:\/\/schema.org\",\"@graph\":[{\"@type\":\"WebPage\",\"@id\":\"https:\/\/www.masandoia.com\/es\/vuestro-evento\/\",\"url\":\"https:\/\/www.masandoia.com\/es\/vuestro-evento\/\",\"name\":\"Palais Masando\u00efa | PRIVATIZACI\u00d3N DEL HOTEL Y EVENTOS A MEDIDA\",\"isPartOf\":{\"@id\":\"https:\/\/www.masandoia.com\/es\/#website\"},\"datePublished\":\"2022-08-30T15:16:05+00:00\",\"dateModified\":\"2022-09-07T09:48:37+00:00\",\"description\":\"En el Palais Masandoia, permitiros liberar vuestros deseos. \u00a1Todo es posible, el \u00fanico l\u00edmite es vuestra imaginaci\u00f3n!\",\"breadcrumb\":{\"@id\":\"https:\/\/www.masandoia.com\/es\/vuestro-evento\/#breadcrumb\"},\"inLanguage\":\"es\",\"potentialAction\":[{\"@type\":\"ReadAction\",\"target\":[\"https:\/\/www.masandoia.com\/es\/vuestro-evento\/\"]}]},{\"@type\":\"BreadcrumbList\",\"@id\":\"https:\/\/www.masandoia.com\/es\/vuestro-evento\/#breadcrumb\",\"itemListElement\":[{\"@type\":\"ListItem\",\"position\":1,\"name\":\"Home\",\"item\":\"https:\/\/www.masandoia.com\/es\/\"},{\"@type\":\"ListItem\",\"position\":2,\"name\":\"PRIVATIZACI\u00d3N DEL HOTEL Y EVENTOS A MEDIDA\"}]},{\"@type\":\"WebSite\",\"@id\":\"https:\/\/www.masandoia.com\/es\/#website\",\"url\":\"https:\/\/www.masandoia.com\/es\/\",\"name\":\"Palais Masando\u00efa\",\"description\":\"Boutique h\u00f4tel d&#039;exception \u00e0 Erfoud\",\"potentialAction\":[{\"@type\":\"SearchAction\",\"target\":{\"@type\":\"EntryPoint\",\"urlTemplate\":\"https:\/\/www.masandoia.com\/es\/?s={search_term_string}\"},\"query-input\":{\"@type\":\"PropertyValueSpecification\",\"valueRequired\":true,\"valueName\":\"search_term_string\"}}],\"inLanguage\":\"es\"}]}<\/script>\n<!-- \/ Yoast SEO plugin. -->","yoast_head_json":{"title":"Palais Masando\u00efa | PRIVATIZACI\u00d3N DEL HOTEL Y EVENTOS A MEDIDA","description":"En el Palais Masandoia, permitiros liberar vuestros deseos. \u00a1Todo es posible, el \u00fanico l\u00edmite es vuestra imaginaci\u00f3n!","robots":{"index":"index","follow":"follow","max-snippet":"max-snippet:-1","max-image-preview":"max-image-preview:large","max-video-preview":"max-video-preview:-1"},"canonical":"https:\/\/www.masandoia.com\/es\/vuestro-evento\/","og_locale":"es_ES","og_type":"article","og_title":"Palais Masando\u00efa | PRIVATIZACI\u00d3N DEL HOTEL Y EVENTOS A MEDIDA","og_description":"En el Palais Masandoia, permitiros liberar vuestros deseos. \u00a1Todo es posible, el \u00fanico l\u00edmite es vuestra imaginaci\u00f3n!","og_url":"https:\/\/www.masandoia.com\/es\/vuestro-evento\/","og_site_name":"Palais Masando\u00efa","article_modified_time":"2022-09-07T09:48:37+00:00","og_image":[{"width":540,"height":720,"url":"https:\/\/www.masandoia.com\/wp-content\/uploads\/2022\/08\/affiche-film-un-jour-dans-la-vie-de-billy-lynn.jpg","type":"image\/jpeg"}],"twitter_card":"summary_large_image","twitter_misc":{"Tiempo de lectura":"5 minutos"},"schema":{"@context":"https:\/\/schema.org","@graph":[{"@type":"WebPage","@id":"https:\/\/www.masandoia.com\/es\/vuestro-evento\/","url":"https:\/\/www.masandoia.com\/es\/vuestro-evento\/","name":"Palais Masando\u00efa | PRIVATIZACI\u00d3N DEL HOTEL Y EVENTOS A MEDIDA","isPartOf":{"@id":"https:\/\/www.masandoia.com\/es\/#website"},"datePublished":"2022-08-30T15:16:05+00:00","dateModified":"2022-09-07T09:48:37+00:00","description":"En el Palais Masandoia, permitiros liberar vuestros deseos. \u00a1Todo es posible, el \u00fanico l\u00edmite es vuestra imaginaci\u00f3n!","breadcrumb":{"@id":"https:\/\/www.masandoia.com\/es\/vuestro-evento\/#breadcrumb"},"inLanguage":"es","potentialAction":[{"@type":"ReadAction","target":["https:\/\/www.masandoia.com\/es\/vuestro-evento\/"]}]},{"@type":"BreadcrumbList","@id":"https:\/\/www.masandoia.com\/es\/vuestro-evento\/#breadcrumb","itemListElement":[{"@type":"ListItem","position":1,"name":"Home","item":"https:\/\/www.masandoia.com\/es\/"},{"@type":"ListItem","position":2,"name":"PRIVATIZACI\u00d3N DEL HOTEL Y EVENTOS A MEDIDA"}]},{"@type":"WebSite","@id":"https:\/\/www.masandoia.com\/es\/#website","url":"https:\/\/www.masandoia.com\/es\/","name":"Palais Masando\u00efa","description":"Boutique h\u00f4tel d&#039;exception \u00e0 Erfoud","potentialAction":[{"@type":"SearchAction","target":{"@type":"EntryPoint","urlTemplate":"https:\/\/www.masandoia.com\/es\/?s={search_term_string}"},"query-input":{"@type":"PropertyValueSpecification","valueRequired":true,"valueName":"search_term_string"}}],"inLanguage":"es"}]}},"_links":{"self":[{"href":"https:\/\/www.masandoia.com\/es\/wp-json\/wp\/v2\/pages\/882","targetHints":{"allow":["GET"]}}],"collection":[{"href":"https:\/\/www.masandoia.com\/es\/wp-json\/wp\/v2\/pages"}],"about":[{"href":"https:\/\/www.masandoia.com\/es\/wp-json\/wp\/v2\/types\/page"}],"author":[{"embeddable":true,"href":"https:\/\/www.masandoia.com\/es\/wp-json\/wp\/v2\/users\/1"}],"replies":[{"embeddable":true,"href":"https:\/\/www.masandoia.com\/es\/wp-json\/wp\/v2\/comments?post=882"}],"version-history":[{"count":2,"href":"https:\/\/www.masandoia.com\/es\/wp-json\/wp\/v2\/pages\/882\/revisions"}],"predecessor-version":[{"id":896,"href":"https:\/\/www.masandoia.com\/es\/wp-json\/wp\/v2\/pages\/882\/revisions\/896"}],"wp:attachment":[{"href":"https:\/\/www.masandoia.com\/es\/wp-json\/wp\/v2\/media?parent=882"}],"curies":[{"name":"wp","href":"https:\/\/api.w.org\/{rel}","templated":true}]}}