{"id":886,"date":"2022-08-30T17:11:21","date_gmt":"2022-08-30T15:11:21","guid":{"rendered":"http:\/\/www.masandoia.com\/contact-us\/"},"modified":"2022-09-07T11:51:22","modified_gmt":"2022-09-07T09:51:22","slug":"contacto","status":"publish","type":"page","link":"https:\/\/www.masandoia.com\/es\/contacto\/","title":{"rendered":"CONT\u00c1CTENOS"},"content":{"rendered":"[vc_row][vc_column width=\u00bb1\/6&#8243;][\/vc_column][vc_column width=\u00bb2\/3&#8243;][vc_row_inner][vc_column_inner width=\u00bb1\/3&#8243; css=\u00bb.vc_custom_1661960872532{margin-right: 20px !important;padding-right: 20px !important;}\u00bb][vc_column_text]\n<h4>\u00bfNecesita informaci\u00f3n adicional?<\/h4>\n<p>Nuestro equipo est\u00e1 a vuestra disposici\u00f3n para responder a todas vuestras preguntas. Una pregunta en particular, \u00bfnecesita un consejero? \u00a1Cont\u00e1ctatenos![\/vc_column_text][vc_column_text css=\u00bb.vc_custom_1662544237227{margin-top: 40px !important;}\u00bb]\n<h4>Cont\u00e1ctenos<\/h4>\n<p>Palais Masando\u00efa, Erfourd, Marruecos.<\/p>\n<p>En la carretera de Er Rachidia hacia Erfoud, 5km antes de llegar a la ciudad de Erfoud.<\/p>\n<p><i class=\"fa fa-phone\"><\/i> 00 212 (0)5 35 57 60 48<\/p>\n<p><i class=\"fa fa-fax\"><\/i> 00 212 (0)5 35 57 60 44 (Fax)<\/p>\n<p><i class=\"fa fa-envelope\"><\/i> contact(a)masandoia.com[\/vc_column_text][vc_column_text css=\u00bb.vc_custom_1662544251300{margin-top: 40px !important;margin-bottom: 5px !important;}\u00bb]\n<h4>\u00a1\u00danete a nosotros!<\/h4>\n[\/vc_column_text][vc_icon type=\u00bbmonosocial\u00bb icon_monosocial=\u00bbvc-mono vc-mono-facebook\u00bb color=\u00bbcustom\u00bb align=\u00bbcenter\u00bb custom_color=\u00bb#444444&#8243; link=\u00bburl:https%3A%2F%2Fwww.facebook.com%2Fpalais.masandoia%2F||target:%20_blank|\u00bb el_class=\u00bbalign-icon\u00bb][vc_icon type=\u00bbmonosocial\u00bb icon_monosocial=\u00bbvc-mono vc-mono-instagram\u00bb color=\u00bbcustom\u00bb align=\u00bbcenter\u00bb custom_color=\u00bb#444444&#8243; link=\u00bburl:https%3A%2F%2Fwww.instagram.com%2Fhotelpalaismasandoia%2F||target:%20_blank|\u00bb el_class=\u00bbalign-icon\u00bb][vc_icon type=\u00bbmonosocial\u00bb icon_monosocial=\u00bbvc-mono vc-mono-twitterbird\u00bb color=\u00bbcustom\u00bb align=\u00bbcenter\u00bb custom_color=\u00bb#444444&#8243; link=\u00bburl:https%3A%2F%2Ftwitter.com%2Fmasandoia%2F||target:%20_blank|\u00bb el_class=\u00bbalign-icon\u00bb][vc_column_text css=\u00bb.vc_custom_1662544278540{margin-top: 40px !important;}\u00bb]\n<h4>Recomendo en Tripadvisor<\/h4>\n[\/vc_column_text][vc_raw_html]JTNDZGl2JTIwY2xhc3MlM0QlMjJ0ZXh0d2lkZ2V0JTIwY3VzdG9tLWh0bWwtd2lkZ2V0JTIyJTNFJTNDZGl2JTIwaWQlM0QlMjJUQV9jZXJ0aWZpY2F0ZU9mRXhjZWxsZW5jZTUwMyUyMiUyMGNsYXNzJTNEJTIyVEFfY2VydGlmaWNhdGVPZkV4Y2VsbGVuY2UlMjIlM0UlM0NkaXYlMjBpZCUzRCUyMkNEU1dJRENPRSUyMiUyMGNsYXNzJTNEJTIyd2lkQ09FJTIwY3hfYnJhbmRfcmVmcmVzaCUyMCUyMiUzRSUyMCUzQ2ElMjBjbGFzcyUzRCUyMndpZENPRUNsaWNrV3JhcCUyMiUyMHRhcmdldCUzRCUyMl9ibGFuayUyMiUyMGhyZWYlM0QlMjJodHRwcyUzQSUyRiUyRnd3dy50cmlwYWR2aXNvci5mciUyRkhvdGVsX1Jldmlldy1nMzE3MDcwLWQ0MzUxOTI5LVJldmlld3MtUGFsYWlzX01hc2FuZG9pYS1FcmZvdWRfTWVrbmVzX1RhZmlsYWxldF9SZWdpb24uaHRtbCUyMiUyMG9uY2xpY2slM0QlMjJ0YS5jZHMuaGFuZGxlVEFMaW5rJTI4MTQzNDglMkN0aGlzJTI5JTNCcmV0dXJuJTIwdHJ1ZSUzQiUyMiUzRSUzQyUyRmElM0UlMjAlM0NkaXYlMjBjbGFzcyUzRCUyMndpZENPRVRpdGxlJTIyJTNFJTIwQXR0ZXN0YXRpb24lMjBkJTI3RXhjZWxsZW5jZSUyMCUzQ3NwYW4lMjBjbGFzcyUzRCUyMndpZENPRURhdGVUZXh0JTIyJTNFMjAxNyUzQyUyRnNwYW4lM0UlMjAlM0MlMkZkaXYlM0UlMjAlM0NkaXYlMjBjbGFzcyUzRCUyMndpZENPRVJlYWRSZXZpZXdzJTIyJTNFJTIwTGlzZXolMjBsZXMlMjBhdmlzJTIwJTNDJTJGZGl2JTNFJTIwJTNDZGl2JTIwY2xhc3MlM0QlMjJ3aWRDT0VMb2dvJTIyJTNFJTIwJTNDYSUyMHRhcmdldCUzRCUyMl9ibGFuayUyMiUyMGhyZWYlM0QlMjJodHRwcyUzQSUyRiUyRnd3dy50cmlwYWR2aXNvci5mciUyRkhvdGVsX1Jldmlldy1nMzE3MDcwLWQ0MzUxOTI5LVJldmlld3MtUGFsYWlzX01hc2FuZG9pYS1FcmZvdWRfTWVrbmVzX1RhZmlsYWxldF9SZWdpb24uaHRtbCUyMiUyMHJlbCUzRCUyMm5vZm9sbG93JTIyJTNFJTNDaW1nJTIwc3JjJTNEJTIyaHR0cHMlM0ElMkYlMkZ3d3cudHJpcGFkdmlzb3IuZnIlMkZpbWclMkZjZHNpJTJGaW1nMiUyRmF3YXJkcyUyRnYyJTJGY29lLTE0MzQ4LTIucG5nJTIyJTIwYWx0JTNEJTIyVHJpcGFkdmlzb3IlMjIlMjBjbGFzcyUzRCUyMndpZENPRUltZyUyMiUyMGlkJTNEJTIyQ0RTV0lEQ09FTE9HTyUyMiUzRSUzQyUyRmElM0UlMjAlM0MlMkZkaXYlM0UlMjAlM0MlMkZkaXYlM0UlM0MlMjEtLSUyRiUyMCUyM0NEU1dJRENPRS0tJTNFJTIwJTNDJTJGZGl2JTNFJTBBJTNDc2NyaXB0JTIwYXN5bmMlM0QlMjIlMjIlMjBzcmMlM0QlMjJodHRwcyUzQSUyRiUyRnd3dy5qc2NhY2hlLmNvbSUyRndlanMlM0Z3dHlwZSUzRGNlcnRpZmljYXRlT2ZFeGNlbGxlbmNlJTI2YW1wJTNCdW5pcSUzRDUwMyUyNmFtcCUzQmxvY2F0aW9uSWQlM0Q0MzUxOTI5JTI2YW1wJTNCbGFuZyUzRGZyJTI2YW1wJTNCeWVhciUzRDIwMTclMjZhbXAlM0JkaXNwbGF5X3ZlcnNpb24lM0QyJTIyJTNFJTNDJTJGc2NyaXB0JTNFJTNDJTJGZGl2JTNF[\/vc_raw_html][\/vc_column_inner][vc_column_inner width=\u00bb2\/3&#8243;][vc_column_text]\n<h3>Gracias por complementar el formulario para contactarnos.<\/h3>\n[\/vc_column_text][vc_column_text]\n<div class=\"wpcf7 no-js\" id=\"wpcf7-f889-o1\" lang=\"es-ES\" dir=\"ltr\" data-wpcf7-id=\"889\">\n<div class=\"screen-reader-response\"><p role=\"status\" aria-live=\"polite\" aria-atomic=\"true\"><\/p> <ul><\/ul><\/div>\n<form action=\"\/es\/wp-json\/wp\/v2\/pages\/886#wpcf7-f889-o1\" method=\"post\" class=\"wpcf7-form init\" aria-label=\"Formulario de contacto\" novalidate=\"novalidate\" data-status=\"init\">\n<fieldset class=\"hidden-fields-container\"><input type=\"hidden\" name=\"_wpcf7\" value=\"889\" \/><input type=\"hidden\" name=\"_wpcf7_version\" value=\"6.1.5\" \/><input type=\"hidden\" name=\"_wpcf7_locale\" value=\"es_ES\" \/><input type=\"hidden\" name=\"_wpcf7_unit_tag\" value=\"wpcf7-f889-o1\" \/><input type=\"hidden\" name=\"_wpcf7_container_post\" value=\"0\" \/><input type=\"hidden\" name=\"_wpcf7_posted_data_hash\" value=\"\" \/>\n<\/fieldset>\n<p><label> Vuetros apellidos*<br \/>\n<span class=\"wpcf7-form-control-wrap\" data-name=\"votre-nom\"><input size=\"40\" maxlength=\"400\" class=\"wpcf7-form-control wpcf7-text wpcf7-validates-as-required\" aria-required=\"true\" aria-invalid=\"false\" value=\"\" type=\"text\" name=\"votre-nom\" \/><\/span> <\/label>\n<\/p>\n<p><label> Vuestro Nombre*<br \/>\n<span class=\"wpcf7-form-control-wrap\" data-name=\"votre-prenom\"><input size=\"40\" maxlength=\"400\" class=\"wpcf7-form-control wpcf7-text wpcf7-validates-as-required\" aria-required=\"true\" aria-invalid=\"false\" value=\"\" type=\"text\" name=\"votre-prenom\" \/><\/span> <\/label>\n<\/p>\n<p><label> Vuestro correo electr\u00f3nico*<br \/>\n<span class=\"wpcf7-form-control-wrap\" data-name=\"votre-email\"><input size=\"40\" maxlength=\"400\" class=\"wpcf7-form-control wpcf7-email wpcf7-validates-as-required wpcf7-text wpcf7-validates-as-email\" aria-required=\"true\" aria-invalid=\"false\" value=\"\" type=\"email\" name=\"votre-email\" \/><\/span> <\/label>\n<\/p>\n<p><label> Vuestro numero de tel\u00e9fono<br \/>\n<span class=\"wpcf7-form-control-wrap\" data-name=\"votre-numero\"><input size=\"40\" maxlength=\"400\" class=\"wpcf7-form-control wpcf7-text\" aria-invalid=\"false\" value=\"\" type=\"text\" name=\"votre-numero\" \/><\/span> <\/label>\n<\/p>\n<p><label> Vuestro mensaje<br \/>\n<span class=\"wpcf7-form-control-wrap\" data-name=\"votre-message\"><textarea cols=\"40\" rows=\"10\" maxlength=\"2000\" class=\"wpcf7-form-control wpcf7-textarea\" aria-invalid=\"false\" name=\"votre-message\"><\/textarea><\/span> <\/label>\n<\/p>\n<p><span class=\"wpcf7-form-control-wrap\" data-name=\"checkbox-45\"><span class=\"wpcf7-form-control wpcf7-checkbox wpcf7-validates-as-required\"><span class=\"wpcf7-list-item first last\"><input type=\"checkbox\" name=\"checkbox-45[]\" value=\"Al enviar este formulario, acepto que la informaci\u00f3n ingresada en este formulario ser\u00e1 procesada y utilizada en el contexto de la relaci\u00f3n comercial que resulte de esta solicitud de informaci\u00f3n.\" \/><span class=\"wpcf7-list-item-label\">Al enviar este formulario, acepto que la informaci\u00f3n ingresada en este formulario ser\u00e1 procesada y utilizada en el contexto de la relaci\u00f3n comercial que resulte de esta solicitud de informaci\u00f3n.<\/span><\/span><\/span><\/span>\n<\/p>\n<p><span id=\"wpcf7-69f5b3e6d3979-wrapper\" class=\"wpcf7-form-control-wrap email-confirmation-wrap\" style=\"display:none !important; visibility:hidden !important;\"><label for=\"wpcf7-69f5b3e6d3979-field\" class=\"hp-message\">Por favor, deja este campo vac\u00edo.<\/label><input id=\"wpcf7-69f5b3e6d3979-field\"  class=\"wpcf7-form-control wpcf7-text\" type=\"text\" name=\"email-confirmation\" value=\"\" size=\"40\" tabindex=\"-1\" autocomplete=\"new-password\" \/><\/span>\n<\/p>\n<p><input class=\"wpcf7-form-control wpcf7-submit has-spinner\" type=\"submit\" value=\"Enviar\" \/>\n<\/p><div class=\"wpcf7-response-output\" aria-hidden=\"true\"><\/div>\n<\/form>\n<\/div>\n[\/vc_column_text][\/vc_column_inner][\/vc_row_inner][\/vc_column][vc_column width=\u00bb1\/6&#8243;][\/vc_column][\/vc_row]\n","protected":false},"excerpt":{"rendered":"<p>[vc_row][vc_column width=\u00bb1\/6&#8243;][\/vc_column][vc_column width=\u00bb2\/3&#8243;][vc_row_inner][vc_column_inner width=\u00bb1\/3&#8243; css=\u00bb.vc_custom_1661960872532{margin-right: 20px !important;padding-right: 20px !important;}\u00bb][vc_column_text] \u00bfNecesita informaci\u00f3n adicional? Nuestro equipo est\u00e1 a vuestra disposici\u00f3n para responder a todas vuestras preguntas. Una pregunta en particular, \u00bfnecesita un consejero? \u00a1Cont\u00e1ctatenos![\/vc_column_text][vc_column_text css=\u00bb.vc_custom_1662544237227{margin-top: 40px !important;}\u00bb] Cont\u00e1ctenos Palais Masando\u00efa, Erfourd, Marruecos. En la carretera de Er Rachidia hacia Erfoud, 5km antes de llegar a la ciudad [&hellip;]<\/p>\n","protected":false},"author":1,"featured_media":0,"parent":0,"menu_order":0,"comment_status":"closed","ping_status":"closed","template":"page-templates\/page_without-sidebar.php","meta":{"_acf_changed":false,"footnotes":""},"class_list":["post-886","page","type-page","status-publish","hentry"],"acf":[],"yoast_head":"<!-- This site is optimized with the Yoast SEO plugin v27.1.1 - https:\/\/yoast.com\/product\/yoast-seo-wordpress\/ -->\n<title>Palais Masando\u00efa | CONT\u00c1CTENOS<\/title>\n<meta name=\"description\" content=\"Nuestro equipo est\u00e1 a vuestra disposici\u00f3n para responder a todas vuestras preguntas. Una pregunta en particular, \u00bfnecesita un consejero? \u00a1Cont\u00e1ctatenos!\" \/>\n<meta name=\"robots\" content=\"index, follow, max-snippet:-1, max-image-preview:large, max-video-preview:-1\" \/>\n<link rel=\"canonical\" href=\"https:\/\/www.masandoia.com\/es\/contacto\/\" \/>\n<meta property=\"og:locale\" content=\"es_ES\" \/>\n<meta property=\"og:type\" content=\"article\" \/>\n<meta property=\"og:title\" content=\"Palais Masando\u00efa | CONT\u00c1CTENOS\" \/>\n<meta property=\"og:description\" content=\"Nuestro equipo est\u00e1 a vuestra disposici\u00f3n para responder a todas vuestras preguntas. Una pregunta en particular, \u00bfnecesita un consejero? \u00a1Cont\u00e1ctatenos!\" \/>\n<meta property=\"og:url\" content=\"https:\/\/www.masandoia.com\/es\/contacto\/\" \/>\n<meta property=\"og:site_name\" content=\"Palais Masando\u00efa\" \/>\n<meta property=\"article:modified_time\" content=\"2022-09-07T09:51:22+00:00\" \/>\n<meta property=\"og:image\" content=\"https:\/\/www.masandoia.com\/wp-content\/uploads\/2022\/08\/hotel-exception-maroc-palais-masandoia.jpg\" \/>\n\t<meta property=\"og:image:width\" content=\"2000\" \/>\n\t<meta property=\"og:image:height\" content=\"1333\" \/>\n\t<meta property=\"og:image:type\" content=\"image\/jpeg\" \/>\n<meta name=\"twitter:card\" content=\"summary_large_image\" \/>\n<meta name=\"twitter:label1\" content=\"Tiempo de lectura\" \/>\n\t<meta name=\"twitter:data1\" content=\"1 minuto\" \/>\n<script type=\"application\/ld+json\" class=\"yoast-schema-graph\">{\"@context\":\"https:\/\/schema.org\",\"@graph\":[{\"@type\":\"WebPage\",\"@id\":\"https:\/\/www.masandoia.com\/es\/contacto\/\",\"url\":\"https:\/\/www.masandoia.com\/es\/contacto\/\",\"name\":\"Palais Masando\u00efa | CONT\u00c1CTENOS\",\"isPartOf\":{\"@id\":\"https:\/\/www.masandoia.com\/es\/#website\"},\"datePublished\":\"2022-08-30T15:11:21+00:00\",\"dateModified\":\"2022-09-07T09:51:22+00:00\",\"description\":\"Nuestro equipo est\u00e1 a vuestra disposici\u00f3n para responder a todas vuestras preguntas. Una pregunta en particular, \u00bfnecesita un consejero? \u00a1Cont\u00e1ctatenos!\",\"breadcrumb\":{\"@id\":\"https:\/\/www.masandoia.com\/es\/contacto\/#breadcrumb\"},\"inLanguage\":\"es\",\"potentialAction\":[{\"@type\":\"ReadAction\",\"target\":[\"https:\/\/www.masandoia.com\/es\/contacto\/\"]}]},{\"@type\":\"BreadcrumbList\",\"@id\":\"https:\/\/www.masandoia.com\/es\/contacto\/#breadcrumb\",\"itemListElement\":[{\"@type\":\"ListItem\",\"position\":1,\"name\":\"Home\",\"item\":\"https:\/\/www.masandoia.com\/es\/\"},{\"@type\":\"ListItem\",\"position\":2,\"name\":\"CONT\u00c1CTENOS\"}]},{\"@type\":\"WebSite\",\"@id\":\"https:\/\/www.masandoia.com\/es\/#website\",\"url\":\"https:\/\/www.masandoia.com\/es\/\",\"name\":\"Palais Masando\u00efa\",\"description\":\"Boutique h\u00f4tel d&#039;exception \u00e0 Erfoud\",\"potentialAction\":[{\"@type\":\"SearchAction\",\"target\":{\"@type\":\"EntryPoint\",\"urlTemplate\":\"https:\/\/www.masandoia.com\/es\/?s={search_term_string}\"},\"query-input\":{\"@type\":\"PropertyValueSpecification\",\"valueRequired\":true,\"valueName\":\"search_term_string\"}}],\"inLanguage\":\"es\"}]}<\/script>\n<!-- \/ Yoast SEO plugin. -->","yoast_head_json":{"title":"Palais Masando\u00efa | CONT\u00c1CTENOS","description":"Nuestro equipo est\u00e1 a vuestra disposici\u00f3n para responder a todas vuestras preguntas. Una pregunta en particular, \u00bfnecesita un consejero? \u00a1Cont\u00e1ctatenos!","robots":{"index":"index","follow":"follow","max-snippet":"max-snippet:-1","max-image-preview":"max-image-preview:large","max-video-preview":"max-video-preview:-1"},"canonical":"https:\/\/www.masandoia.com\/es\/contacto\/","og_locale":"es_ES","og_type":"article","og_title":"Palais Masando\u00efa | CONT\u00c1CTENOS","og_description":"Nuestro equipo est\u00e1 a vuestra disposici\u00f3n para responder a todas vuestras preguntas. Una pregunta en particular, \u00bfnecesita un consejero? \u00a1Cont\u00e1ctatenos!","og_url":"https:\/\/www.masandoia.com\/es\/contacto\/","og_site_name":"Palais Masando\u00efa","article_modified_time":"2022-09-07T09:51:22+00:00","og_image":[{"width":2000,"height":1333,"url":"https:\/\/www.masandoia.com\/wp-content\/uploads\/2022\/08\/hotel-exception-maroc-palais-masandoia.jpg","type":"image\/jpeg"}],"twitter_card":"summary_large_image","twitter_misc":{"Tiempo de lectura":"1 minuto"},"schema":{"@context":"https:\/\/schema.org","@graph":[{"@type":"WebPage","@id":"https:\/\/www.masandoia.com\/es\/contacto\/","url":"https:\/\/www.masandoia.com\/es\/contacto\/","name":"Palais Masando\u00efa | CONT\u00c1CTENOS","isPartOf":{"@id":"https:\/\/www.masandoia.com\/es\/#website"},"datePublished":"2022-08-30T15:11:21+00:00","dateModified":"2022-09-07T09:51:22+00:00","description":"Nuestro equipo est\u00e1 a vuestra disposici\u00f3n para responder a todas vuestras preguntas. Una pregunta en particular, \u00bfnecesita un consejero? \u00a1Cont\u00e1ctatenos!","breadcrumb":{"@id":"https:\/\/www.masandoia.com\/es\/contacto\/#breadcrumb"},"inLanguage":"es","potentialAction":[{"@type":"ReadAction","target":["https:\/\/www.masandoia.com\/es\/contacto\/"]}]},{"@type":"BreadcrumbList","@id":"https:\/\/www.masandoia.com\/es\/contacto\/#breadcrumb","itemListElement":[{"@type":"ListItem","position":1,"name":"Home","item":"https:\/\/www.masandoia.com\/es\/"},{"@type":"ListItem","position":2,"name":"CONT\u00c1CTENOS"}]},{"@type":"WebSite","@id":"https:\/\/www.masandoia.com\/es\/#website","url":"https:\/\/www.masandoia.com\/es\/","name":"Palais Masando\u00efa","description":"Boutique h\u00f4tel d&#039;exception \u00e0 Erfoud","potentialAction":[{"@type":"SearchAction","target":{"@type":"EntryPoint","urlTemplate":"https:\/\/www.masandoia.com\/es\/?s={search_term_string}"},"query-input":{"@type":"PropertyValueSpecification","valueRequired":true,"valueName":"search_term_string"}}],"inLanguage":"es"}]}},"_links":{"self":[{"href":"https:\/\/www.masandoia.com\/es\/wp-json\/wp\/v2\/pages\/886","targetHints":{"allow":["GET"]}}],"collection":[{"href":"https:\/\/www.masandoia.com\/es\/wp-json\/wp\/v2\/pages"}],"about":[{"href":"https:\/\/www.masandoia.com\/es\/wp-json\/wp\/v2\/types\/page"}],"author":[{"embeddable":true,"href":"https:\/\/www.masandoia.com\/es\/wp-json\/wp\/v2\/users\/1"}],"replies":[{"embeddable":true,"href":"https:\/\/www.masandoia.com\/es\/wp-json\/wp\/v2\/comments?post=886"}],"version-history":[{"count":2,"href":"https:\/\/www.masandoia.com\/es\/wp-json\/wp\/v2\/pages\/886\/revisions"}],"predecessor-version":[{"id":897,"href":"https:\/\/www.masandoia.com\/es\/wp-json\/wp\/v2\/pages\/886\/revisions\/897"}],"wp:attachment":[{"href":"https:\/\/www.masandoia.com\/es\/wp-json\/wp\/v2\/media?parent=886"}],"curies":[{"name":"wp","href":"https:\/\/api.w.org\/{rel}","templated":true}]}}