{"id":898,"date":"2022-08-29T15:32:32","date_gmt":"2022-08-29T13:32:32","guid":{"rendered":"http:\/\/www.masandoia.com\/palais-masandoia\/"},"modified":"2022-09-07T15:51:26","modified_gmt":"2022-09-07T13:51:26","slug":"palais-masandoia","status":"publish","type":"page","link":"https:\/\/www.masandoia.com\/zh-hant\/","title":{"rendered":"Palais Masando\u00efa"},"content":{"rendered":"[vc_row full_width=&#8221;stretch_row_content&#8221; css=&#8221;.vc_custom_1662375728680{margin-top: -60px !important;margin-right: 0px !important;margin-bottom: 0px !important;margin-left: 0px !important;padding-top: 0px !important;padding-right: 0px !important;padding-bottom: 0px !important;padding-left: 0px !important;}&#8221;][vc_column css_animation=&#8221;none&#8221; css=&#8221;.vc_custom_1662375722150{margin-top: 0px !important;margin-right: 0px !important;margin-bottom: 0px !important;margin-left: 0px !important;padding-top: 0px !important;padding-right: 0px !important;padding-bottom: 0px !important;padding-left: 0px !important;}&#8221;][rev_slider_vc alias=&#8221;chinois&#8221;][\/vc_column][\/vc_row][vc_row][vc_column width=&#8221;1\/6&#8243; css=&#8221;.vc_custom_1661851071313{margin-top: 20px !important;margin-bottom: 20px !important;}&#8221;][\/vc_column][vc_column width=&#8221;2\/3&#8243;][vc_column_text]\n<h2 style=\"text-align: center;\">\u9a6c\u6851\u591a\u4e9a\u5bab\u9152\u5e97\uff08Palais Masando\u00efa\uff09\u662f\u6469\u6d1b\u54e5\u6c99\u6f20\u8fb9\u7f18\u4e00\u4e2a\u795e\u5947\u7684\u4f11\u61a9\u4e4b\u6240\u3002<\/h2>\n[\/vc_column_text][vc_column_text]\n<p style=\"text-align: left;\">\u9a6c\u6851\u591a\u4e9a\u5bab\u9152\u5e97\uff08Palais Masando\u00efa\uff09\u662f\u4e00\u4e2a\u795e\u5947\u7684\u5730\u65b9\uff0c\u968f\u65f6\u6b22\u8fce\u60a8\u7684\u5149\u4e34\u3002\u8be5\u9152\u5e97\u5efa\u4e8e\u6492\u54c8\u62c9\u6c99\u6f20\u8fb9\u7f18\uff0c\u98ce\u683c\u4e0e\u4f17\u4e0d\u540c\u3002\u5728\u8fd9\u91cc\u60a8\u4f1a\u611f\u5230\u8212\u5fc3\u60ec\u610f\uff0c\u4f53\u9a8c\u5230\u6469\u6d1b\u54e5\u4eba\u7684\u70ed\u60c5\u597d\u5ba2\u3002 \u9152\u5e97\u5750\u843d\u5728\u4f0a\u5c14\u5bcc\u5fb7\uff08Erfoud\uff09\u5e02\u90ca\uff0c\u88c5\u9970\u8c6a\u534e\u53c8\u4e0d\u5931\u7b80\u7ea6\u3002\u5982\u679c\u60a8\u6765\u8fd9\u91cc\u65c5\u6e38\u53c2\u89c2\uff0c\u6211\u4eec\u4fdd\u8bc1\u60a8\u80fd\u6b23\u8d4f\u5230\u6574\u4e2a\u6469\u6d1b\u54e5\u5357\u90e8\u7684\u98ce\u5149\u3002\u4e00\u6b21\u4f53\u9a8c\uff0c\u7ec8\u751f\u96be\u5fd8\u3002<\/p>\n<p>\u60a8\u53ef\u4ee5\u5728\u6211\u4eec\u4f20\u7edf\u7684\u6469\u6d1b\u54e5\u98ce\u683c\u4f11\u606f\u5ba4\u7ec6\u7ec6\u54c1\u5473\u8584\u8377\u8336\u7684\u65b0\u9c9c\u82b3\u9999\uff0c\u4f53\u9a8c\u827a\u672f\u5bb6\u9152\u5427\uff08Bar des Artistes\uff09\u8212\u9002\u60ec\u610f\u7684\u6c1b\u56f4\uff0c\u4e5f\u53ef\u4ee5\u5728\u84dd\u8272\u7684\u9732\u53f0\u4e0a\u611f\u53d7\u51c9\u98ce\u7684\u8f7b\u8f7b\u5439\u62c2\uff0c\u6216\u8005\u5728\u8bbe\u8ba1\u7cbe\u7f8e\u7684SPA\u573a\u9986\u4eab\u53d7\u6c34\u7597\u3002\u6b64\u5916\uff0c\u9152\u5e97\u7684\u82b1\u56ed\u3001\u6e38\u6cf3\u6c60\u3001\u67cf\u67cf\u5c14\u5e10\u7bf7\u53ca\u7bdd\u706b\u9732\u8425\u533a\u4e5f\u4f1a\u5e26\u7ed9\u60a8\u7530\u56ed\u8bd7\u4e00\u822c\u7684\u5e73\u548c\u611f\u53d7\u3002<\/p>\n<p>\u9152\u5e97\u7684\u5efa\u7b51\u98ce\u683c\u4f1a\u8ba9\u60a8\u611f\u5230\u53d1\u81ea\u5185\u5fc3\u7684\u9707\u64bc\uff0c\u5b83\u770b\u8d77\u6765\u71a0\u71a0\u751f\u8f89\uff1b\u670d\u52a1\u66f4\u662f\u4e3a\u987e\u5ba2\u91cf\u8eab\u5b9a\u5236\uff0c\u54c1\u8d28\u4e00\u6d41\u3002\u8fd9\u4e9b\u90fd\u8db3\u4ee5\u4f7f\u5176\u6210\u4e3a\u6885\u5c14\u7956\u5361\uff08Merzouga\uff09\u6700\u72ec\u5177\u7279\u8272\u7684\u4f11\u61a9\u4e4b\u6240\u3002\u5979\u5c31\u50cf\u4e00\u5757\u7f9e\u63a9\u5149\u534e\u7684\u5b9d\u77f3\uff0c\u6839\u636e\u987e\u5ba2\u7684\u4e0d\u540c\u9700\u6c42\u5411\u5176\u63d0\u4f9b\u72ec\u4e00\u65e0\u4e8c\u7684\u795e\u5947\u4f53\u9a8c\u3002<\/p>\n[\/vc_column_text][\/vc_column][vc_column width=&#8221;1\/6&#8243;][\/vc_column][\/vc_row][vc_row][vc_column width=&#8221;1\/6&#8243;][\/vc_column][vc_column width=&#8221;2\/3&#8243; css=&#8221;.vc_custom_1661852132363{margin-top: 20px !important;margin-bottom: 20px !important;}&#8221;][vc_separator color=&#8221;custom&#8221; border_width=&#8221;2&#8243; el_width=&#8221;10&#8243; accent_color=&#8221;#e5e5e5&#8243; el_class=&#8221;separator&#8221;][\/vc_column][vc_column width=&#8221;1\/6&#8243;][\/vc_column][\/vc_row][vc_row][vc_column width=&#8221;1\/6&#8243;][\/vc_column][vc_column width=&#8221;2\/3&#8243;][vc_column_text]\n<h2 style=\"text-align: center;\">\u5957\u95f4&amp;\u5ba2\u623f<\/h2>\n[\/vc_column_text][vc_row_inner][vc_column_inner el_class=&#8221;rooms&#8221; width=&#8221;1\/2&#8243; css=&#8221;.vc_custom_1661873453462{margin-right: 10px !important;margin-bottom: 10px !important;}&#8221;][vc_single_image image=&#8221;36&#8243; img_size=&#8221;700&#215;400&#8243; alignment=&#8221;center&#8221; onclick=&#8221;custom_link&#8221; css_animation=&#8221;none&#8221; link=&#8221;http:\/\/www.masandoia.com\/zh-hant\/deluxe-rooms\/&#8221;][vc_column_text]\n<h3 style=\"text-align: center;\"><a href=\"http:\/\/www.masandoia.com\/zh-hant\/deluxe-rooms\/\">\u8c6a\u534e\u5957\u95f4<\/a><\/h3>\n[\/vc_column_text][vc_btn title=&#8221;Check Details&#8221; style=&#8221;flat&#8221; shape=&#8221;square&#8221; color=&#8221;white&#8221; align=&#8221;center&#8221; i_align=&#8221;right&#8221; i_icon_fontawesome=&#8221;fa fa-angle-right&#8221; add_icon=&#8221;true&#8221; link=&#8221;url:http%3A%2F%2Fwww.masandoia.com%2Fzh-hant%2Fdeluxe-rooms%2F|title:Check%20Details||&#8221;][\/vc_column_inner][vc_column_inner el_class=&#8221;rooms&#8221; width=&#8221;1\/2&#8243; css=&#8221;.vc_custom_1661873459799{margin-top: 0px !important;margin-bottom: 10px !important;margin-left: 10px !important;}&#8221;][vc_single_image image=&#8221;40&#8243; img_size=&#8221;700&#215;400&#8243; alignment=&#8221;center&#8221; onclick=&#8221;custom_link&#8221; css_animation=&#8221;none&#8221; link=&#8221;http:\/\/www.masandoia.com\/zh-hant\/well-being\/&#8221;][vc_column_text]\n<h3 style=\"text-align: center;\"><a href=\"http:\/\/www.masandoia.com\/zh-hant\/well-being\/\">\u8c6a\u534e\u5ba2\u623f-\u53cc\u4eba\u5927\u5e8a\u6216\u53cc\u5e8a<\/a><\/h3>\n[\/vc_column_text][vc_btn title=&#8221;Check Details&#8221; style=&#8221;flat&#8221; shape=&#8221;square&#8221; color=&#8221;white&#8221; align=&#8221;center&#8221; i_align=&#8221;right&#8221; i_icon_fontawesome=&#8221;fa fa-angle-right&#8221; add_icon=&#8221;true&#8221; link=&#8221;url:http%3A%2F%2Fwww.masandoia.com%2Fzh-hant%2Fwell-being%2F|title:Check%20Details||&#8221;][\/vc_column_inner][\/vc_row_inner][\/vc_column][vc_column width=&#8221;1\/6&#8243;][\/vc_column][\/vc_row][vc_row full_width=&#8221;stretch_row&#8221; css=&#8221;.vc_custom_1661855986029{background-color: #f2f2f2 !important;}&#8221;][vc_column width=&#8221;1\/6&#8243;][\/vc_column][vc_column width=&#8221;2\/3&#8243;][vc_row_inner][vc_column_inner width=&#8221;1\/2&#8243; css=&#8221;.vc_custom_1661856252275{margin-right: 0px !important;margin-bottom: 0px !important;padding-top: 5px !important;padding-right: 5px !important;padding-bottom: 5px !important;padding-left: 5px !important;}&#8221;][vc_column_text css=&#8221;.vc_custom_1662546864387{margin-bottom: 10px !important;}&#8221;]\n<h4>\u56fe\u96c6<\/h4>\n[\/vc_column_text][vc_separator color=&#8221;custom&#8221; align=&#8221;align_left&#8221; border_width=&#8221;2&#8243; el_width=&#8221;10&#8243; accent_color=&#8221;#b89f80&#8243; el_class=&#8221;separator-left&#8221; css=&#8221;.vc_custom_1661856697227{margin-bottom: 20px !important;margin-left: 5px !important;}&#8221;][vc_gallery type=&#8221;image_grid&#8221; images=&#8221;56,64,58,57,62,63,60,59,61&#8243; img_size=&#8221;120&#215;100&#8243; el_class=&#8221;gallery-home&#8221;][\/vc_column_inner][vc_column_inner width=&#8221;1\/2&#8243; css=&#8221;.vc_custom_1661856259091{padding-top: 5px !important;padding-right: 5px !important;padding-bottom: 5px !important;padding-left: 5px !important;}&#8221;][vc_column_text css=&#8221;.vc_custom_1662546871917{margin-bottom: 10px !important;}&#8221;]\n<h4>\u5f15\u5bfc\u53c2\u89c2<\/h4>\n[\/vc_column_text][vc_separator color=&#8221;custom&#8221; align=&#8221;align_left&#8221; border_width=&#8221;2&#8243; el_width=&#8221;10&#8243; accent_color=&#8221;#b89f80&#8243; el_class=&#8221;separator-left&#8221; css=&#8221;.vc_custom_1661856701723{margin-bottom: 20px !important;margin-left: 5px !important;}&#8221;][vc_video link=&#8221;https:\/\/vimeo.com\/64380209&#8243; align=&#8221;center&#8221;][vc_column_text]\u88c5\u9970\u5962\u534e\uff0c\u73af\u5883\u9759\u8c27\uff0c\u4ee4\u4eba\u5fc3\u65f7\u795e\u6021<\/p>\n<p>\u5728\u6492\u54c8\u62c9\u6c99\u6f20\u7684\u5927\u9580\u63a2\u7d22\u4e00\u500b\u7368\u7279\u7684\u9152\u5e97\u3002[\/vc_column_text][\/vc_column_inner][\/vc_row_inner][\/vc_column][vc_column width=&#8221;1\/6&#8243;][\/vc_column][\/vc_row][vc_row full_width=&#8221;stretch_row&#8221; css=&#8221;.vc_custom_1661863657099{background-image: url(http:\/\/www.masandoia.com\/wp-content\/uploads\/2022\/08\/luxe-calme-et-volupte-au-maroc-palais-masandoia.jpg?id=76) !important;background-position: center !important;background-repeat: no-repeat !important;background-size: cover !important;}&#8221; el_class=&#8221;white-color&#8221;][vc_column width=&#8221;1\/2&#8243; el_class=&#8221;white-color&#8221; css=&#8221;.vc_custom_1661863503148{margin-top: 20px !important;margin-right: 20px !important;margin-bottom: 20px !important;margin-left: 20px !important;}&#8221;][vc_column_text css=&#8221;.vc_custom_1662546925179{padding-top: 20px !important;padding-right: 20px !important;padding-bottom: 20px !important;padding-left: 20px !important;}&#8221;]\n<h3>\u793c\u5bbe\u670d\u52a1<\/h3>\n<p>\u6211\u4eec\u7684\u793c\u5bbe\u56e2\u961f\u90fd\u7ecf\u8fc7\u4e13\u95e8\u57f9\u8bad\u3002\u5728\u60a8\u6574\u4e2a\u5165\u4f4f\u671f\u95f4\uff0c\u65e0\u8bba\u60a8\u8fdb\u884c\u4efb\u4f55\u6d3b\u52a8\uff0c\u6216\u662f\u77ed\u9014\u65c5\u884c\uff0c\u6211\u4eec\u90fd\u4f1a\u4e3a\u60a8\u63d0\u4f9b\u4e2a\u6027\u5316\u7684\u9ad8\u54c1\u8d28\u670d\u52a1\uff0c\u7aed\u5c3d\u5168\u529b\u5e2e\u60a8\u5b9e\u73b0\u613f\u671b\u3002<\/p>\n<p>\u9a6c\u6851\u591a\u4e9a\u5bab\u9152\u5e97\uff08Palais Masando\u00efa\uff09\u4f4d\u4e8e\u5927\u4f17\u6e38\u89c8\u533a\u4e4b\u5916\u3002 \u867d\u7136\u53ea\u670912\u95f4\u5ba2\u623f\uff0c3\u4e2a\u5957\u95f4\uff0c\u4f46\u5374\u5360\u636e\u4e86\u6b23\u8d4f\u5468\u8fb9\u98ce\u666f\u6781\u5176\u7406\u60f3\u7684\u4f4d\u7f6e\u3002\u5728\u8fd9\u91cc\uff0c\u60a8\u53ef\u4ee5\u9886\u7565\u4e30\u5bcc\u591a\u5f69\u7684\u6469\u6d1b\u54e5\u6587\u5316\uff0c\u6b23\u8d4f\u7f8e\u5999\u7684\u6c99\u6f20\u98ce\u5149[\/vc_column_text][\/vc_column][vc_column width=&#8221;1\/2&#8243; css=&#8221;.vc_custom_1661863510716{margin-top: 20px !important;margin-right: 20px !important;margin-bottom: 20px !important;margin-left: 20px !important;}&#8221;][vc_column_text css=&#8221;.vc_custom_1662546939038{padding-top: 20px !important;padding-right: 20px !important;padding-left: 20px !important;}&#8221;]\n<h3>\u79c1\u4eba\u79df\u8d41<\/h3>\n<p>\u9a6c\u6851\u591a\u4e9a\u5bab\u9152\u5e97\uff08Palais Masando\u00efa\uff09\u5f00\u5c55\u6574\u4f53\u51fa\u79df\u4e1a\u52a1\uff0c\u53ef\u4e3a\u79df\u8d41\u8005\u8fdb\u884c\u6539\u9020\uff0c\u4ee5\u4fbf\u5176\u4e3e\u529e\u5404\u79cd\u7c7b\u578b\u7684\u6d3b\u52a8\u3002\u65e0\u8bba\u662f\u7ae5\u8bdd\u822c\u7684\u5a5a\u793c\uff0c\u8fd8\u662f\u7535\u5f71\u62cd\u6444\uff0c\u9152\u5e97\u5de5\u4f5c\u56e2\u961f\u90fd\u4f1a\u5c3d\u53ef\u80fd\u9002\u5e94\u5ba2\u6237\u9700\u6c42\uff0c\u6ee1\u8db3\u5ba2\u6237\u8981\u6c42\uff0c\u5373\u4fbf\u662f\u6700\u5927\u80c6\u75af\u72c2\u7684\u8981\u6c42\uff0c\u6211\u4eec\u4e5f\u4f1a\u5c3d\u529b\u529e\u5230\u3002[\/vc_column_text][vc_btn title=&#8221;Reservad&#8221; style=&#8221;classic&#8221; shape=&#8221;square&#8221; color=&#8221;white&#8221; align=&#8221;center&#8221; link=&#8221;url:http%3A%2F%2Fwww.masandoia.com%2Fzh-hant%2Fyour-event%2F|title:Private%20rental||&#8221; css=&#8221;.vc_custom_1662558681728{padding-right: 20px !important;padding-bottom: 20px !important;padding-left: 20px !important;}&#8221;][\/vc_column][\/vc_row][vc_row][vc_column width=&#8221;1\/6&#8243;][\/vc_column][vc_column width=&#8221;2\/3&#8243;][vc_column_text]\n<h2 style=\"text-align: center;\">\u4e86\u89e3\u66f4\u591a<\/h2>\n[\/vc_column_text][vc_posts_slider type=&#8221;flexslider_slide&#8221; count=&#8221;All&#8221; interval=&#8221;10&#8243; slides_content=&#8221;teaser&#8221; slides_title=&#8221;1&#8243; link=&#8221;link_no&#8221; orderby=&#8221;date&#8221; posttypes=&#8221;post&#8221; categories=&#8221;T\u00e9moignages&#8221; el_class=&#8221;temoignages&#8221;][\/vc_column][vc_column width=&#8221;1\/6&#8243;][\/vc_column][\/vc_row]\n","protected":false},"excerpt":{"rendered":"<p>[vc_row full_width=&#8221;stretch_row_content&#8221; cs [&hellip;]<\/p>\n","protected":false},"author":1,"featured_media":0,"parent":0,"menu_order":0,"comment_status":"closed","ping_status":"open","template":"page-templates\/page_without-sidebar.php","meta":{"_acf_changed":false,"footnotes":""},"class_list":["post-898","page","type-page","status-publish","hentry"],"acf":[],"yoast_head":"<!-- This site is optimized with the Yoast SEO plugin v27.1.1 - https:\/\/yoast.com\/product\/yoast-seo-wordpress\/ -->\n<title>Palais Masando\u00efa | Hotel de excepcion en Erfoud<\/title>\n<meta name=\"description\" content=\"The Masando\u00efa hotel is a magical and timeless place. Experience comfort and Moroccan hospitality in an exceptional hotel built on the edge of the Sahara.\" \/>\n<meta name=\"robots\" content=\"index, follow, max-snippet:-1, max-image-preview:large, max-video-preview:-1\" \/>\n<link rel=\"canonical\" href=\"https:\/\/www.masandoia.com\/zh-hant\/\" \/>\n<meta property=\"og:locale\" content=\"zh_TW\" \/>\n<meta property=\"og:type\" content=\"article\" \/>\n<meta property=\"og:title\" content=\"Palais Masando\u00efa | Hotel de excepcion a las puertas del desierto\" \/>\n<meta property=\"og:description\" content=\"El Palais Masandoia es la promesa de una escala de ensue\u00f1o y fuera del tiempo a las puertas del desierto del Sahara.\" \/>\n<meta property=\"og:url\" content=\"https:\/\/www.masandoia.com\/zh-hant\/\" \/>\n<meta property=\"og:site_name\" content=\"Palais Masando\u00efa\" \/>\n<meta property=\"article:modified_time\" content=\"2022-09-07T13:51:26+00:00\" \/>\n<meta property=\"og:image\" content=\"http:\/\/www.masandoia.com\/wp-content\/uploads\/2022\/08\/hotel-palais-masandoia-exterieur-1-1024x448.jpg\" \/>\n<meta name=\"twitter:card\" content=\"summary_large_image\" \/>\n<meta name=\"twitter:title\" content=\"Palais Masando\u00efa | Hotel de excepcion a las puertas del desierto\" \/>\n<meta name=\"twitter:label1\" content=\"\u9810\u4f30\u95b1\u8b80\u6642\u9593\" \/>\n\t<meta name=\"twitter:data1\" content=\"2 \u5206\u9418\" \/>\n<script type=\"application\/ld+json\" class=\"yoast-schema-graph\">{\"@context\":\"https:\/\/schema.org\",\"@graph\":[{\"@type\":\"WebPage\",\"@id\":\"https:\/\/www.masandoia.com\/zh-hant\/\",\"url\":\"https:\/\/www.masandoia.com\/zh-hant\/\",\"name\":\"Palais Masando\u00efa | Hotel de excepcion en Erfoud\",\"isPartOf\":{\"@id\":\"https:\/\/www.masandoia.com\/zh-hant\/#website\"},\"datePublished\":\"2022-08-29T13:32:32+00:00\",\"dateModified\":\"2022-09-07T13:51:26+00:00\",\"description\":\"The Masando\u00efa hotel is a magical and timeless place. Experience comfort and Moroccan hospitality in an exceptional hotel built on the edge of the Sahara.\",\"breadcrumb\":{\"@id\":\"https:\/\/www.masandoia.com\/zh-hant\/#breadcrumb\"},\"inLanguage\":\"zh-TW\",\"potentialAction\":[{\"@type\":\"ReadAction\",\"target\":[\"https:\/\/www.masandoia.com\/zh-hant\/\"]}]},{\"@type\":\"BreadcrumbList\",\"@id\":\"https:\/\/www.masandoia.com\/zh-hant\/#breadcrumb\",\"itemListElement\":[{\"@type\":\"ListItem\",\"position\":1,\"name\":\"Home\",\"item\":\"https:\/\/www.masandoia.com\/zh-hant\/\"},{\"@type\":\"ListItem\",\"position\":2,\"name\":\"Palais Masando\u00efa\"}]},{\"@type\":\"WebSite\",\"@id\":\"https:\/\/www.masandoia.com\/zh-hant\/#website\",\"url\":\"https:\/\/www.masandoia.com\/zh-hant\/\",\"name\":\"Palais Masando\u00efa\",\"description\":\"Boutique h\u00f4tel d&#039;exception \u00e0 Erfoud\",\"potentialAction\":[{\"@type\":\"SearchAction\",\"target\":{\"@type\":\"EntryPoint\",\"urlTemplate\":\"https:\/\/www.masandoia.com\/zh-hant\/?s={search_term_string}\"},\"query-input\":{\"@type\":\"PropertyValueSpecification\",\"valueRequired\":true,\"valueName\":\"search_term_string\"}}],\"inLanguage\":\"zh-TW\"}]}<\/script>\n<!-- \/ Yoast SEO plugin. -->","yoast_head_json":{"title":"Palais Masando\u00efa | Hotel de excepcion en Erfoud","description":"The Masando\u00efa hotel is a magical and timeless place. Experience comfort and Moroccan hospitality in an exceptional hotel built on the edge of the Sahara.","robots":{"index":"index","follow":"follow","max-snippet":"max-snippet:-1","max-image-preview":"max-image-preview:large","max-video-preview":"max-video-preview:-1"},"canonical":"https:\/\/www.masandoia.com\/zh-hant\/","og_locale":"zh_TW","og_type":"article","og_title":"Palais Masando\u00efa | Hotel de excepcion a las puertas del desierto","og_description":"El Palais Masandoia es la promesa de una escala de ensue\u00f1o y fuera del tiempo a las puertas del desierto del Sahara.","og_url":"https:\/\/www.masandoia.com\/zh-hant\/","og_site_name":"Palais Masando\u00efa","article_modified_time":"2022-09-07T13:51:26+00:00","og_image":[{"url":"http:\/\/www.masandoia.com\/wp-content\/uploads\/2022\/08\/hotel-palais-masandoia-exterieur-1-1024x448.jpg","type":"","width":"","height":""}],"twitter_card":"summary_large_image","twitter_title":"Palais Masando\u00efa | Hotel de excepcion a las puertas del desierto","twitter_misc":{"\u9810\u4f30\u95b1\u8b80\u6642\u9593":"2 \u5206\u9418"},"schema":{"@context":"https:\/\/schema.org","@graph":[{"@type":"WebPage","@id":"https:\/\/www.masandoia.com\/zh-hant\/","url":"https:\/\/www.masandoia.com\/zh-hant\/","name":"Palais Masando\u00efa | Hotel de excepcion en Erfoud","isPartOf":{"@id":"https:\/\/www.masandoia.com\/zh-hant\/#website"},"datePublished":"2022-08-29T13:32:32+00:00","dateModified":"2022-09-07T13:51:26+00:00","description":"The Masando\u00efa hotel is a magical and timeless place. Experience comfort and Moroccan hospitality in an exceptional hotel built on the edge of the Sahara.","breadcrumb":{"@id":"https:\/\/www.masandoia.com\/zh-hant\/#breadcrumb"},"inLanguage":"zh-TW","potentialAction":[{"@type":"ReadAction","target":["https:\/\/www.masandoia.com\/zh-hant\/"]}]},{"@type":"BreadcrumbList","@id":"https:\/\/www.masandoia.com\/zh-hant\/#breadcrumb","itemListElement":[{"@type":"ListItem","position":1,"name":"Home","item":"https:\/\/www.masandoia.com\/zh-hant\/"},{"@type":"ListItem","position":2,"name":"Palais Masando\u00efa"}]},{"@type":"WebSite","@id":"https:\/\/www.masandoia.com\/zh-hant\/#website","url":"https:\/\/www.masandoia.com\/zh-hant\/","name":"Palais Masando\u00efa","description":"Boutique h\u00f4tel d&#039;exception \u00e0 Erfoud","potentialAction":[{"@type":"SearchAction","target":{"@type":"EntryPoint","urlTemplate":"https:\/\/www.masandoia.com\/zh-hant\/?s={search_term_string}"},"query-input":{"@type":"PropertyValueSpecification","valueRequired":true,"valueName":"search_term_string"}}],"inLanguage":"zh-TW"}]}},"_links":{"self":[{"href":"https:\/\/www.masandoia.com\/zh-hant\/wp-json\/wp\/v2\/pages\/898","targetHints":{"allow":["GET"]}}],"collection":[{"href":"https:\/\/www.masandoia.com\/zh-hant\/wp-json\/wp\/v2\/pages"}],"about":[{"href":"https:\/\/www.masandoia.com\/zh-hant\/wp-json\/wp\/v2\/types\/page"}],"author":[{"embeddable":true,"href":"https:\/\/www.masandoia.com\/zh-hant\/wp-json\/wp\/v2\/users\/1"}],"replies":[{"embeddable":true,"href":"https:\/\/www.masandoia.com\/zh-hant\/wp-json\/wp\/v2\/comments?post=898"}],"version-history":[{"count":2,"href":"https:\/\/www.masandoia.com\/zh-hant\/wp-json\/wp\/v2\/pages\/898\/revisions"}],"predecessor-version":[{"id":961,"href":"https:\/\/www.masandoia.com\/zh-hant\/wp-json\/wp\/v2\/pages\/898\/revisions\/961"}],"wp:attachment":[{"href":"https:\/\/www.masandoia.com\/zh-hant\/wp-json\/wp\/v2\/media?parent=898"}],"curies":[{"name":"wp","href":"https:\/\/api.w.org\/{rel}","templated":true}]}}