{"id":920,"date":"2022-08-30T17:13:46","date_gmt":"2022-08-30T15:13:46","guid":{"rendered":"http:\/\/www.masandoia.com\/exceptionnal-hotel-on-the-edge-of-the-desert\/"},"modified":"2022-09-07T12:54:44","modified_gmt":"2022-09-07T10:54:44","slug":"exceptionnal-hotel-on-the-edge-of-the-desert","status":"publish","type":"page","link":"https:\/\/www.masandoia.com\/zh-hant\/exceptionnal-hotel-on-the-edge-of-the-desert\/","title":{"rendered":"\u9a6c\u6851\u591a\u4e9a\u5bab\u9152\u5e97\uff08PALAIS MASANDO\u00cfA)\uff0c\u4f4d\u4e8e\u6492\u54c8\u62c9\u6c99\u6f20\u8fb9\u7f18\u98ce\u683c\u72ec\u7279\u7684\u9152\u5e97\u3002"},"content":{"rendered":"[vc_row css=&#8221;.vc_custom_1661934283908{margin-top: 40px !important;}&#8221;][vc_column width=&#8221;1\/6&#8243;][\/vc_column][vc_column width=&#8221;2\/3&#8243;][vc_column_text]\n<blockquote><p><em><span style=\"font-size: 18px;\">\u00ab \u6211\u4e00\u76f4\u5f88\u559c\u6b22\u6c99\u6f20\u98ce\u5149\u3002\u4e00\u4e2a\u4eba\u5750\u5728\u6c99\u4e18\u4e0a\uff0c\u773c\u524d\u7a7a\u65e0\u4e00\u7269\uff0c\u8033\u4e2d\u5bc2\u7136\u65e0\u58f0\u3002\u7136\u800c\uff0c\u900f\u8fc7\u8fd9\u79cd\u6c89\u5bc2\uff0c\u60a8\u4f1a\u611f\u53d7\u5230\u5185\u5fc3\u7684\u60b8\u52a8\uff0c\u548c\u5239\u90a3\u7684\u7075\u5149\u4e4d\u73b0\u2026\u2026 \u00bb<\/span><\/em><\/p><\/blockquote>\n<p style=\"text-align: right;\">Antoine de Saint-Exupery<\/p>\n[\/vc_column_text][\/vc_column][vc_column width=&#8221;1\/6&#8243;][\/vc_column][\/vc_row][vc_row css=&#8221;.vc_custom_1661935472340{margin-top: 20px !important;}&#8221;][vc_column width=&#8221;1\/6&#8243;][\/vc_column][vc_column width=&#8221;2\/3&#8243;][vc_row_inner][vc_column_inner width=&#8221;1\/2&#8243; css=&#8221;.vc_custom_1661935455025{margin-bottom: 20px !important;padding-right: 10px !important;padding-left: 10px !important;}&#8221;][vc_column_text]\u79bb\u58ee\u89c2\u7684\u5c14\u683c\u8c22\u6bd4\u6c99\u4e18\uff08Erg Chebbi\uff09\u4e0d\u8fdc\u5904\uff0c\u9690\u6620\u7740\u4e00\u4e2a\u72ec\u5177\u7279\u8272\u7684\u9152\u5e97\uff1a\u9a6c\u6851\u591a\u4e9a\u5bab\u9152\u5e97\uff08Palais Masando\u00efa\uff09\u3002<\/p>\n<p>\u9152\u5e97\u5efa\u5728\u4f0a\u5c14\u5bcc\u5fb7\uff08Erfoud\uff09\u5e02\u90ca\uff0c\u8fdc\u79bb\u5927\u4f17\u65c5\u6e38\u666f\u70b9\uff0c\u98ce\u683c\u8fe5\u5f02\u3002\u5bf9\u4e8e\u559c\u6b22\u5f00\u9614\u7a7a\u95f4\u3001\u60f3\u8981\u4e00\u63a2\u6469\u6d1b\u54e5\u5357\u90e8\u6700\u72ec\u7279\u98ce\u5149\u7684\u6e38\u5ba2\u6765\u8bf4\uff0c\u9152\u5e97\u662f\u7edd\u4f73\u7684\u9a7b\u8db3\u70b9\u3002\u8fd9\u7247\u5b9c\u4eba\u7684\u7eff\u6d32\uff0c\u4ee5\u5f00\u653e\u7684\u59ff\u6001\u6b22\u8fce\u60a8\u7684\u5230\u6765\u3002\u5b83\u88c5\u9970\u534e\u4e3d\uff0c\u8272\u5f69\u7f24\u7eb7\uff0c\u8bf1\u4eba\u7684\u9b45\u529b\u6bcb\u5eb8\u7f6e\u7591\u3002[\/vc_column_text][\/vc_column_inner][vc_column_inner width=&#8221;1\/2&#8243; css=&#8221;.vc_custom_1661935465961{margin-bottom: 20px !important;padding-right: 10px !important;padding-left: 10px !important;}&#8221;][vc_column_text]\u9152\u5e97\u8ddd\u57c3\u62c9\u5951\u8fea\u4e9a\u673a\u573a(Errachidia Airport)\u53ea\u670945\u5206\u949f\u7684\u8def\u7a0b\uff0c\u62e5\u6709\u4e16\u754c\u4e0a\u6700\u6e05\u65b0\u6574\u6d01\u800c\u53c8\u8fd4\u749e\u5f52\u771f\u7684\u73af\u5883\u3002\u5979\u5c31\u50cf\u4e00\u9996\u5c0f\u8bd7\uff0c\u65e2\u8212\u9002\u60ec\u610f\uff0c\u53c8\u5bcc\u4e3d\u5802\u7687\uff0c\u65e2\u8ba9\u60a8\u9886\u7565\u5230\u4e30\u5bcc\u7684\u6469\u6d1b\u54e5\u6587\u5316\uff0c\u53c8\u8ba9\u60a8\u611f\u53d7\u5230\u771f\u6b63\u7684\u5b81\u8c27\u5b89\u8be6\u3002\u4e00\u6d41\u7684\u670d\u52a1\u5728\u6885\u5c14\u7956\u5361\uff08Merzouga\uff09\u5730\u533a\u7edd\u65e0\u4ec5\u6709\uff0c\u662f\u60a8\u6c99\u6f20\u63a2\u9669\u524d\u540e\u7406\u60f3\u7684\u5c45\u7559\u4f11\u61a9\u573a\u6240\u3002<\/p>\n<p>\u9a6c\u6851\u591a\u4e9a\u5bab\u9152\u5e97\uff08Palais Masando\u00efa\uff09\u623f\u95f4\u5962\u534e\uff0c\u670d\u52a1\u529b\u6c42\u4e2a\u6027\u5316\uff0c\u73af\u5883\u5b9c\u4eba\u3002\u5979\u77e5\u9053\u5982\u4f55\u8ba9\u60a8\u5728\u6492\u54c8\u62c9\u6c99\u6f20\u8fb9\u7f18\u83b7\u5f97\u5f7b\u5e95\u7684\u653e\u677e\u3002[\/vc_column_text][\/vc_column_inner][\/vc_row_inner][\/vc_column][vc_column width=&#8221;1\/6&#8243;][\/vc_column][\/vc_row][vc_row full_width=&#8221;stretch_row&#8221; css=&#8221;.vc_custom_1661937739728{margin-top: 40px !important;background-color: #f2f2f2 !important;}&#8221;][vc_column width=&#8221;1\/6&#8243;][\/vc_column][vc_column width=&#8221;2\/3&#8243;][vc_column_text]\n<h2 style=\"text-align: center;\">\u9a6c\u6851\u591a\u4e9a\u5bab\u9152\u5e97\uff08Palais Masando\u00efa\uff09\u4f4d\u4e8e\u6469\u6d1b\u54e5\u5357\u90e8\uff0c\u88c5\u9970\u5962\u534e\uff0c\u73af\u5883\u5b81\u8c27\u3002<\/h2>\n[\/vc_column_text][vc_row_inner][vc_column_inner width=&#8221;2\/3&#8243;][vc_column_text]\n<h3>\u9732\u53f0\u3001\u9910\u9986 &amp;\u9152\u5427<\/h3>\n<p>\u9a6c\u6851\u591a\u4e9a\u5bab\u9152\u5e97\uff08Palais Masando\u00efa\uff09\u8c61\u4e00\u4e2a\u5b81\u9759\u7684\u7eff\u6d32\uff0c\u8ba9\u60a8\u611f\u5230\u548c\u4e50\u5b89\u8be6\u3002 \u65e2\u4e3a\u60a8\u63d0\u4f9b\u5962\u534e\u7684\u7269\u8d28\u4eab\u53d7\uff0c\u53c8\u8ba9\u60a8\u611f\u53d7\u5230\u7cbe\u795e\u7684\u8212\u9002\u60ec\u610f\u3002\u8fd9\u91cc\u8272\u5f69\u7f24\u7eb7\uff0c\u4ece\u6d45\u6de1\u7684\u8910\u8272\uff0c\u5230\u6df1\u6d53\u7684\u7d2b\u8272\uff0c\u518d\u5230\u9759\u8c27\u7684\u84dd\u8272\uff0c\u6bcf\u65f6\u6bcf\u523b\uff0c\u6bcf\u4e2a\u5b63\u8282\u90fd\u5728\u6d41\u52a8\u53d8\u5316\u3002\u9152\u5e97\u7684\u4e2d\u95f4\u662f\u4e00\u4e2a\u9662\u843d\uff0c\u53bb\u6bcf\u4e2a\u623f\u95f4\u90fd\u5f88\u65b9\u4fbf\u3002<\/p>\n<p>\u9152\u5e97\u7684\u4e2d\u5fc3\u4f4d\u7f6e\u662f\u4e00\u4e2a\u84dd\u8272\u7684\u9732\u53f0\uff0c\u767d\u5929\u6c90\u6d74\u5728\u9633\u5149\u4e0b\uff0c\u591c\u665a\u6295\u4e0b\u6e05\u723d\u7684\u9634\u51c9\u3002\u4e0d\u7ba1\u60a8\u5728\u4eab\u7528\u4e00\u4efd\u7f8e\u5473\u7684\u65e9\u70b9\uff0c\u8fd8\u662f\u6d6a\u6f2b\u7684\u70db\u5149\u665a\u9910\uff0c\u5b83\u90fd\u662f\u4e00\u4e2a\u582a\u79f0\u5b8c\u7f8e\u7684\u80cc\u666f\u886c\u6258\u3002<\/p>\n<p>\u827a\u672f\u5bb6\u9152\u5427\uff08Bar des Artistes\uff09\uff0c\u5145\u6ee1\u7f8e\u56fd\u98ce\u60c5\uff0c\u6c14\u6c1b\u6021\u4eba\uff0c\u9152\u5355\u4e0a\u4ee4\u4eba\u5370\u8c61\u9887\u6df1\u7684\u7ea2\u9152\u548c\u4e00\u7cfb\u5217\u7f8e\u5473\u7684\u9e21\u5c3e\u9152\u4f7f\u5176\u5f15\u4ee5\u4e3a\u8c6a\u3002\u8fd9\u4e9b\u9152\u6709\u7684\u542b\u6709\u9152\u7cbe\uff0c\u6709\u7684\u4e0d\u542b\u3002\u9152\u5427\u73af\u5883\u4f18\u7f8e\uff0c\u60a8\u53ef\u4ee5\u7f6e\u8eab\u5176\u4e2d\u4e3a\u63a5\u4e0b\u6765\u7684\u6c99\u6f20\u63a2\u9669\u4f5c\u51fa\u7cbe\u5fc3\u8ba1\u5212\u3002<\/p>\n<p>\u79bb\u6b64\u51e0\u6b65\u4e4b\u9065\u7684\u5730\u65b9\uff0c\u6709\u4e00\u4e2a\u4f20\u7edf\u7684\u6469\u6d1b\u54e5\u6c99\u9f99\u2014\u2014\u56fe\u963f\u96f7\u683c\u6c99\u9f99\uff08Salon Touareg\uff09\u3002\u5728\u8fd9\u91cc\uff0c\u60a8\u4e0d\u4ec5\u53ef\u4ee5\u53c2\u52a0\u4f20\u7edf\u7684\u8584\u8377\u8336\u4eea\u5f0f\uff0c\u8fd8\u53ef\u4ee5\u4eab\u7528\u7cbe\u81f4\u7684\u83dc\u80b4\u3002\u8fd9\u4e9b\u83dc\u80b4\u90fd\u662f\u7528\u4f0a\u5c14\u5bcc\u5fb7\uff08Erfoud\uff09\u5e02\u573a\u5fc5\u552e\u7684\u672c\u5730\u6700\u597d\u7279\u4ea7\u70f9\u5236\u800c\u6210\u3002\u6b64\u5916\uff0c\u60a8\u8fd8\u53ef\u4ee5\u5728\u5404\u79cd\u4e0d\u540c\u7684\u6d3b\u52a8\u671f\u95f4\uff0c\u53bb\u6bd7\u90bb\u7684\u996d\u5e97\u4e00\u7aa5\u4f20\u7edf\u6469\u6d1b\u54e5\u70f9\u8c03\u7684\u79d8\u6cd5\u3002<\/p>\n[\/vc_column_text][\/vc_column_inner][vc_column_inner el_class=&#8221;gallery-home&#8221; width=&#8221;1\/3&#8243; css=&#8221;.vc_custom_1661937666102{margin-top: 40px !important;}&#8221;][vc_gallery type=&#8221;image_grid&#8221; images=&#8221;155,156,157,162,166,164,158,163,161,165,160,159&#8243; img_size=&#8221;90&#215;90&#8243;][\/vc_column_inner][\/vc_row_inner][\/vc_column][vc_column width=&#8221;1\/6&#8243;][\/vc_column][\/vc_row][vc_row full_width=&#8221;stretch_row_content&#8221; css=&#8221;.vc_custom_1661939743735{margin-bottom: 0px !important;padding-top: 0px !important;padding-right: 0px !important;padding-bottom: 0px !important;padding-left: 0px !important;}&#8221;][vc_column css=&#8221;.vc_custom_1661939748224{margin-top: 0px !important;margin-right: 0px !important;margin-bottom: 0px !important;margin-left: 0px !important;padding-top: 0px !important;padding-right: 0px !important;padding-bottom: 0px !important;padding-left: 0px !important;}&#8221;][vc_images_carousel images=&#8221;177,178,179,180,181,182,183,184,185&#8243; img_size=&#8221;full&#8221; onclick=&#8221;link_no&#8221; autoplay=&#8221;yes&#8221; wrap=&#8221;yes&#8221; el_class=&#8221;piscine-et-spa&#8221; css=&#8221;.vc_custom_1661939759020{margin-right: 0px !important;margin-bottom: 0px !important;margin-left: 0px !important;padding-right: 0px !important;padding-bottom: 0px !important;padding-left: 0px !important;}&#8221;][\/vc_column][\/vc_row][vc_row css=&#8221;.vc_custom_1661940413694{margin-top: 0px !important;margin-right: 0px !important;margin-bottom: 40px !important;margin-left: 0px !important;padding-top: 0px !important;padding-right: 0px !important;padding-left: 0px !important;}&#8221;][vc_column width=&#8221;1\/6&#8243; css=&#8221;.vc_custom_1661939699022{margin-top: 0px !important;margin-right: 0px !important;margin-left: 0px !important;padding-top: 0px !important;padding-right: 0px !important;padding-bottom: 0px !important;padding-left: 0px !important;}&#8221;][\/vc_column][vc_column width=&#8221;2\/3&#8243; css=&#8221;.vc_custom_1661939688831{margin-top: 0px !important;margin-right: 0px !important;margin-left: 0px !important;padding-top: 0px !important;padding-right: 0px !important;padding-bottom: 0px !important;padding-left: 0px !important;}&#8221;][vc_column_text]\n<h2>\u6e38\u6cf3\u6c60\u3001\u84b8\u6c7d\u6d74 &amp; Spa\u6c34\u7597<\/h2>\n<p>\u9a6c\u6851\u591a\u4e9a\u5bab\u9152\u5e97\uff08Palais Masando\u00efa\uff09\u62e5\u6709\u4e00\u4e2a\u7edd\u4f73\u7684\u5ba4\u5185\u6e29\u6c34\u6c60\uff0c\u8bbe\u65bd\u5b8c\u5584\uff0c\u914d\u5907\u6309\u6469\u6d74\u7f38\uff0c\u53ef\u8fdb\u884cSPA\u6c34\u7597\u3002\u6c34\u6c60\u8bbe\u8ba1\u5947\u5999\uff0c\u5929\u82b1\u677f\u4e0a\u661f\u5149\u71a0\u71a0\uff0c\u4e00\u5b9a\u4f1a\u5438\u5f15\u60a8\u6d41\u8fde\u5fd8\u8fd4\u3002\u60a8\u8fd8\u53ef\u4ee5\u8d81\u6b64\u673a\u4f1a\u8ba9\u81ea\u5df1\u653e\u677e\u8eab\u5fc3\uff0c\u4eab\u53d7\u4e00\u6b21\u4f20\u7edf\u7684\u6469\u6d1b\u54e5\u5168\u8eab\u62a4\u7406\u3002<\/p>\n<p>\u9a6c\u6851\u591a\u4e9a\u5bab\u9152\u5e97\uff08Palais Masando\u00efa\uff09\u8fd8\u6709\u4e00\u4e2a\u6f02\u4eae\u7684\u5ba4\u5916\u6cf3\u6c60\uff0c\u5efa\u5728\u68d5\u6988\u56ed\u4e2d\u5fc3\u5730\u5e26\uff0c\u5468\u56f4\u73af\u7ed5\u7740\u65e5\u5149\u6d74\u8bbe\u65bd\uff0c\u662f\u767d\u5929\u60a0\u95f2\u6f2b\u6b65\u3001\u665a\u4e0a\u6b23\u8d4f\u95ea\u70c1\u661f\u5149\u7684\u7406\u60f3\u573a\u6240\uff0c\u4e5f\u4e3a\u5728\u6708\u5149\u4e0b\u7545\u8c08\u54f2\u7406\u7684\u4eba\u4eec\u63d0\u4f9b\u4e86\u5b8c\u7f8e\u7684\u80cc\u666f\u886c\u6258\u3002[\/vc_column_text][\/vc_column][vc_column width=&#8221;1\/6&#8243; css=&#8221;.vc_custom_1661939708455{margin-top: 0px !important;margin-right: 0px !important;margin-bottom: 0px !important;margin-left: 0px !important;padding-top: 0px !important;padding-right: 0px !important;padding-bottom: 0px !important;padding-left: 0px !important;}&#8221;][\/vc_column][\/vc_row][vc_row full_width=&#8221;stretch_row&#8221; css=&#8221;.vc_custom_1661940472873{padding-top: 20px !important;padding-bottom: 40px !important;background-color: #b89f80 !important;}&#8221;][vc_column width=&#8221;1\/6&#8243;][\/vc_column][vc_column width=&#8221;2\/3&#8243;][vc_row_inner][vc_column_inner width=&#8221;1\/6&#8243; css=&#8221;.vc_custom_1661940324699{margin-top: 70px !important;}&#8221;][vc_icon type=&#8221;material&#8221; icon_material=&#8221;vc-material vc-material-notifications&#8221; color=&#8221;white&#8221; size=&#8221;xl&#8221; align=&#8221;center&#8221; link=&#8221;url:http%3A%2F%2Fwww.masandoia.com%2Fcontactez-nous%2F|||&#8221;][\/vc_column_inner][vc_column_inner width=&#8221;5\/6&#8243;][vc_column_text el_class=&#8221;white-color&#8221;]\n<h2>\u9152\u5e97\u73af\u5883\u8d34\u5fc3\u5468\u5230<\/h2>\n<p>\u9152\u5e97\u7528\u4e8e\u63a5\u5f85\u4e3a\u6570\u4e0d\u591a\u7684\u987e\u5ba2\u5e76\u4e3a\u5176\u4e3e\u529e\u76f8\u5173\u6d3b\u52a8\u3002\u867d\u7136\u53ea\u670912\u95f4\u5ba2\u623f\uff0c2\u4e2a\u5957\u95f4\uff0c\u4f46\u9152\u5e97\u4f1a\u4ee5\u8d34\u5fc3\u7684\u5e03\u7f6e\uff0c\u4e3a\u60a8\u63d0\u4f9b\u6e05\u51c0\u3001\u5962\u534e\u3001\u5468\u5230\u53ca\u8fdc\u8d85\u6807\u51c6\u9501\u9152\u5e97\u7684\u4e2a\u6027\u5316\u670d\u52a1\u3002<\/p>\n<p>\u6211\u4eec\u7684\u670d\u52a1\u56e2\u961f\u90fd\u7ecf\u8fc7\u7279\u522b\u57f9\u8bad\uff0c\u53ef\u4ee5\u5e2e\u52a9\u60a8\u5b9e\u73b0\u6240\u6709\u7684\u613f\u671b\u3002<\/p>\n[\/vc_column_text][\/vc_column_inner][\/vc_row_inner][\/vc_column][vc_column width=&#8221;1\/6&#8243;][\/vc_column][\/vc_row]\n","protected":false},"excerpt":{"rendered":"<p>[vc_row css=&#8221;.vc_custom_1661934283908{margin-top: [&hellip;]<\/p>\n","protected":false},"author":1,"featured_media":0,"parent":0,"menu_order":0,"comment_status":"closed","ping_status":"closed","template":"page-templates\/page_without-sidebar.php","meta":{"_acf_changed":false,"footnotes":""},"class_list":["post-920","page","type-page","status-publish","hentry"],"acf":[],"yoast_head":"<!-- This site is optimized with the Yoast SEO plugin v27.1.1 - https:\/\/yoast.com\/product\/yoast-seo-wordpress\/ -->\n<title>Palais Masando\u00efa | \u9a6c\u6851\u591a\u4e9a\u5bab\u9152\u5e97\uff08PALAIS MASANDO\u00cfA)\uff0c\u4f4d\u4e8e\u6492\u54c8\u62c9\u6c99\u6f20\u8fb9\u7f18\u98ce\u683c\u72ec\u7279\u7684\u9152\u5e97\u3002<\/title>\n<meta name=\"description\" content=\"Built on the outskirts of Erfoud and away from common tourist attractions, this exceptional hotel is the ideal location for those who love open spaces and wish to explore South Morocco\u2019s most unique locations.\" \/>\n<meta name=\"robots\" content=\"index, follow, max-snippet:-1, max-image-preview:large, max-video-preview:-1\" \/>\n<link rel=\"canonical\" href=\"https:\/\/www.masandoia.com\/zh-hant\/exceptionnal-hotel-on-the-edge-of-the-desert\/\" \/>\n<meta property=\"og:locale\" content=\"zh_TW\" \/>\n<meta property=\"og:type\" content=\"article\" \/>\n<meta property=\"og:title\" content=\"Palais Masando\u00efa | \u9a6c\u6851\u591a\u4e9a\u5bab\u9152\u5e97\uff08PALAIS MASANDO\u00cfA)\uff0c\u4f4d\u4e8e\u6492\u54c8\u62c9\u6c99\u6f20\u8fb9\u7f18\u98ce\u683c\u72ec\u7279\u7684\u9152\u5e97\u3002\" \/>\n<meta property=\"og:description\" content=\"Situ\u00e9 \u00e0 45 minutes de l&#039;a\u00e9roport d&#039;Errachidia, le Palais Masando\u00efa vous propose un s\u00e9jour plac\u00e9 sous le signe du calme et du luxe.\" \/>\n<meta property=\"og:url\" content=\"https:\/\/www.masandoia.com\/zh-hant\/exceptionnal-hotel-on-the-edge-of-the-desert\/\" \/>\n<meta property=\"og:site_name\" content=\"Palais Masando\u00efa\" \/>\n<meta property=\"article:modified_time\" content=\"2022-09-07T10:54:44+00:00\" \/>\n<meta property=\"og:image\" content=\"https:\/\/www.masandoia.com\/wp-content\/uploads\/2022\/08\/pisicine-exterieure-palais-masandoia.jpg\" \/>\n\t<meta property=\"og:image:width\" content=\"1600\" \/>\n\t<meta property=\"og:image:height\" content=\"700\" \/>\n\t<meta property=\"og:image:type\" content=\"image\/jpeg\" \/>\n<meta name=\"twitter:card\" content=\"summary_large_image\" \/>\n<meta name=\"twitter:label1\" content=\"\u9810\u4f30\u95b1\u8b80\u6642\u9593\" \/>\n\t<meta name=\"twitter:data1\" content=\"2 \u5206\u9418\" \/>\n<script type=\"application\/ld+json\" class=\"yoast-schema-graph\">{\"@context\":\"https:\/\/schema.org\",\"@graph\":[{\"@type\":\"WebPage\",\"@id\":\"https:\/\/www.masandoia.com\/zh-hant\/exceptionnal-hotel-on-the-edge-of-the-desert\/\",\"url\":\"https:\/\/www.masandoia.com\/zh-hant\/exceptionnal-hotel-on-the-edge-of-the-desert\/\",\"name\":\"Palais Masando\u00efa | \u9a6c\u6851\u591a\u4e9a\u5bab\u9152\u5e97\uff08PALAIS MASANDO\u00cfA)\uff0c\u4f4d\u4e8e\u6492\u54c8\u62c9\u6c99\u6f20\u8fb9\u7f18\u98ce\u683c\u72ec\u7279\u7684\u9152\u5e97\u3002\",\"isPartOf\":{\"@id\":\"https:\/\/www.masandoia.com\/zh-hant\/#website\"},\"datePublished\":\"2022-08-30T15:13:46+00:00\",\"dateModified\":\"2022-09-07T10:54:44+00:00\",\"description\":\"Built on the outskirts of Erfoud and away from common tourist attractions, this exceptional hotel is the ideal location for those who love open spaces and wish to explore South Morocco\u2019s most unique locations.\",\"breadcrumb\":{\"@id\":\"https:\/\/www.masandoia.com\/zh-hant\/exceptionnal-hotel-on-the-edge-of-the-desert\/#breadcrumb\"},\"inLanguage\":\"zh-TW\",\"potentialAction\":[{\"@type\":\"ReadAction\",\"target\":[\"https:\/\/www.masandoia.com\/zh-hant\/exceptionnal-hotel-on-the-edge-of-the-desert\/\"]}]},{\"@type\":\"BreadcrumbList\",\"@id\":\"https:\/\/www.masandoia.com\/zh-hant\/exceptionnal-hotel-on-the-edge-of-the-desert\/#breadcrumb\",\"itemListElement\":[{\"@type\":\"ListItem\",\"position\":1,\"name\":\"Home\",\"item\":\"https:\/\/www.masandoia.com\/zh-hant\/\"},{\"@type\":\"ListItem\",\"position\":2,\"name\":\"\u9a6c\u6851\u591a\u4e9a\u5bab\u9152\u5e97\uff08PALAIS MASANDO\u00cfA)\uff0c\u4f4d\u4e8e\u6492\u54c8\u62c9\u6c99\u6f20\u8fb9\u7f18\u98ce\u683c\u72ec\u7279\u7684\u9152\u5e97\u3002\"}]},{\"@type\":\"WebSite\",\"@id\":\"https:\/\/www.masandoia.com\/zh-hant\/#website\",\"url\":\"https:\/\/www.masandoia.com\/zh-hant\/\",\"name\":\"Palais Masando\u00efa\",\"description\":\"Boutique h\u00f4tel d&#039;exception \u00e0 Erfoud\",\"potentialAction\":[{\"@type\":\"SearchAction\",\"target\":{\"@type\":\"EntryPoint\",\"urlTemplate\":\"https:\/\/www.masandoia.com\/zh-hant\/?s={search_term_string}\"},\"query-input\":{\"@type\":\"PropertyValueSpecification\",\"valueRequired\":true,\"valueName\":\"search_term_string\"}}],\"inLanguage\":\"zh-TW\"}]}<\/script>\n<!-- \/ Yoast SEO plugin. -->","yoast_head_json":{"title":"Palais Masando\u00efa | \u9a6c\u6851\u591a\u4e9a\u5bab\u9152\u5e97\uff08PALAIS MASANDO\u00cfA)\uff0c\u4f4d\u4e8e\u6492\u54c8\u62c9\u6c99\u6f20\u8fb9\u7f18\u98ce\u683c\u72ec\u7279\u7684\u9152\u5e97\u3002","description":"Built on the outskirts of Erfoud and away from common tourist attractions, this exceptional hotel is the ideal location for those who love open spaces and wish to explore South Morocco\u2019s most unique locations.","robots":{"index":"index","follow":"follow","max-snippet":"max-snippet:-1","max-image-preview":"max-image-preview:large","max-video-preview":"max-video-preview:-1"},"canonical":"https:\/\/www.masandoia.com\/zh-hant\/exceptionnal-hotel-on-the-edge-of-the-desert\/","og_locale":"zh_TW","og_type":"article","og_title":"Palais Masando\u00efa | \u9a6c\u6851\u591a\u4e9a\u5bab\u9152\u5e97\uff08PALAIS MASANDO\u00cfA)\uff0c\u4f4d\u4e8e\u6492\u54c8\u62c9\u6c99\u6f20\u8fb9\u7f18\u98ce\u683c\u72ec\u7279\u7684\u9152\u5e97\u3002","og_description":"Situ\u00e9 \u00e0 45 minutes de l'a\u00e9roport d'Errachidia, le Palais Masando\u00efa vous propose un s\u00e9jour plac\u00e9 sous le signe du calme et du luxe.","og_url":"https:\/\/www.masandoia.com\/zh-hant\/exceptionnal-hotel-on-the-edge-of-the-desert\/","og_site_name":"Palais Masando\u00efa","article_modified_time":"2022-09-07T10:54:44+00:00","og_image":[{"width":1600,"height":700,"url":"https:\/\/www.masandoia.com\/wp-content\/uploads\/2022\/08\/pisicine-exterieure-palais-masandoia.jpg","type":"image\/jpeg"}],"twitter_card":"summary_large_image","twitter_misc":{"\u9810\u4f30\u95b1\u8b80\u6642\u9593":"2 \u5206\u9418"},"schema":{"@context":"https:\/\/schema.org","@graph":[{"@type":"WebPage","@id":"https:\/\/www.masandoia.com\/zh-hant\/exceptionnal-hotel-on-the-edge-of-the-desert\/","url":"https:\/\/www.masandoia.com\/zh-hant\/exceptionnal-hotel-on-the-edge-of-the-desert\/","name":"Palais Masando\u00efa | \u9a6c\u6851\u591a\u4e9a\u5bab\u9152\u5e97\uff08PALAIS MASANDO\u00cfA)\uff0c\u4f4d\u4e8e\u6492\u54c8\u62c9\u6c99\u6f20\u8fb9\u7f18\u98ce\u683c\u72ec\u7279\u7684\u9152\u5e97\u3002","isPartOf":{"@id":"https:\/\/www.masandoia.com\/zh-hant\/#website"},"datePublished":"2022-08-30T15:13:46+00:00","dateModified":"2022-09-07T10:54:44+00:00","description":"Built on the outskirts of Erfoud and away from common tourist attractions, this exceptional hotel is the ideal location for those who love open spaces and wish to explore South Morocco\u2019s most unique locations.","breadcrumb":{"@id":"https:\/\/www.masandoia.com\/zh-hant\/exceptionnal-hotel-on-the-edge-of-the-desert\/#breadcrumb"},"inLanguage":"zh-TW","potentialAction":[{"@type":"ReadAction","target":["https:\/\/www.masandoia.com\/zh-hant\/exceptionnal-hotel-on-the-edge-of-the-desert\/"]}]},{"@type":"BreadcrumbList","@id":"https:\/\/www.masandoia.com\/zh-hant\/exceptionnal-hotel-on-the-edge-of-the-desert\/#breadcrumb","itemListElement":[{"@type":"ListItem","position":1,"name":"Home","item":"https:\/\/www.masandoia.com\/zh-hant\/"},{"@type":"ListItem","position":2,"name":"\u9a6c\u6851\u591a\u4e9a\u5bab\u9152\u5e97\uff08PALAIS MASANDO\u00cfA)\uff0c\u4f4d\u4e8e\u6492\u54c8\u62c9\u6c99\u6f20\u8fb9\u7f18\u98ce\u683c\u72ec\u7279\u7684\u9152\u5e97\u3002"}]},{"@type":"WebSite","@id":"https:\/\/www.masandoia.com\/zh-hant\/#website","url":"https:\/\/www.masandoia.com\/zh-hant\/","name":"Palais Masando\u00efa","description":"Boutique h\u00f4tel d&#039;exception \u00e0 Erfoud","potentialAction":[{"@type":"SearchAction","target":{"@type":"EntryPoint","urlTemplate":"https:\/\/www.masandoia.com\/zh-hant\/?s={search_term_string}"},"query-input":{"@type":"PropertyValueSpecification","valueRequired":true,"valueName":"search_term_string"}}],"inLanguage":"zh-TW"}]}},"_links":{"self":[{"href":"https:\/\/www.masandoia.com\/zh-hant\/wp-json\/wp\/v2\/pages\/920","targetHints":{"allow":["GET"]}}],"collection":[{"href":"https:\/\/www.masandoia.com\/zh-hant\/wp-json\/wp\/v2\/pages"}],"about":[{"href":"https:\/\/www.masandoia.com\/zh-hant\/wp-json\/wp\/v2\/types\/page"}],"author":[{"embeddable":true,"href":"https:\/\/www.masandoia.com\/zh-hant\/wp-json\/wp\/v2\/users\/1"}],"replies":[{"embeddable":true,"href":"https:\/\/www.masandoia.com\/zh-hant\/wp-json\/wp\/v2\/comments?post=920"}],"version-history":[{"count":2,"href":"https:\/\/www.masandoia.com\/zh-hant\/wp-json\/wp\/v2\/pages\/920\/revisions"}],"predecessor-version":[{"id":922,"href":"https:\/\/www.masandoia.com\/zh-hant\/wp-json\/wp\/v2\/pages\/920\/revisions\/922"}],"wp:attachment":[{"href":"https:\/\/www.masandoia.com\/zh-hant\/wp-json\/wp\/v2\/media?parent=920"}],"curies":[{"name":"wp","href":"https:\/\/api.w.org\/{rel}","templated":true}]}}