{"id":924,"date":"2022-08-30T17:09:31","date_gmt":"2022-08-30T15:09:31","guid":{"rendered":"http:\/\/www.masandoia.com\/experiences-and-activities\/"},"modified":"2022-09-07T15:52:23","modified_gmt":"2022-09-07T13:52:23","slug":"experiences-and-activities","status":"publish","type":"page","link":"https:\/\/www.masandoia.com\/zh-hant\/experiences-and-activities\/","title":{"rendered":"\u4f53\u9a8c &#038; \u6d3b\u52a8"},"content":{"rendered":"[vc_row][vc_column width=&#8221;1\/6&#8243;][\/vc_column][vc_column width=&#8221;2\/3&#8243;][vc_column_text]\n<h2 style=\"text-align: center;\">\u4e86\u89e3\u6211\u4eec\u7684\u4f53\u9a8c\u548c\u6d3b\u52a8<\/h2>\n[\/vc_column_text][\/vc_column][vc_column width=&#8221;1\/6&#8243;][\/vc_column][\/vc_row][vc_row][vc_column width=&#8221;1\/6&#8243;][\/vc_column][vc_column width=&#8221;2\/3&#8243;][vc_column_text]\n<blockquote><p>\u6ca1\u6709\u4eba\u80fd\u4e00\u8f88\u5b50\u4fdd\u6301\u4e0d\u53d8\u3002\u591a\u591a\u5c11\u5c11\uff0c\u6bcf\u4e2a\u4eba\u90fd\u4f1a\u5bf9\u6c99\u6f20\u98ce\u5149\u3001\u6e38\u7267\u6c11\u65cf\u7684\u751f\u6d3b\uff0c\u6709\u4e00\u70b9\u4e86\u89e3\uff0c\u5fc3\u91cc\u4f1a\u6709\u4e9b\u8bb8\u5bf9\u8fd4\u749e\u5f52\u771f\u7684\u5411\u5f80\uff0c\u8fd9\u70b9\u56e0\u4eba\u800c\u5f02\u3002\u56e0\u4e3a\u8fd9\u7247\u571f\u5730\u73af\u5883\u4e25\u9177\uff0c\u5176\u4ed6\u4efb\u4f55\u5730\u65b9\u7684\u6e29\u5ea6\u6c14\u5019\u6761\u4ef6\u90fd\u65e0\u6cd5\u6bd4\u62df\u3002<\/p><\/blockquote>\n<p style=\"text-align: right;\">Wilfred Thesiger (Le D\u00e9sert des D\u00e9serts, Plon)<\/p>\n[\/vc_column_text][\/vc_column][vc_column width=&#8221;1\/6&#8243;][\/vc_column][\/vc_row][vc_row][vc_column width=&#8221;1\/6&#8243;][\/vc_column][vc_column width=&#8221;2\/3&#8243;][vc_column_text]\u867d\u7136\u6c99\u6f20\u770b\u8d77\u6765\u73af\u5883\u4e25\u9177\uff0c\u4e0d\u9002\u5b9c\u751f\u5b58\uff0c\u5b9e\u9645\u4e0a\uff0c\u5b83\u4e5f\u5145\u6ee1\u4e86\u795e\u5947\u548c\u8ff7\u4eba\u4e4b\u5904\u3002\u9a6c\u6851\u591a\u4e9a\u5bab\u9152\u5e97\uff08Palais Masando\u00efa\uff09\u53ef\u4f7f\u60a8\u901a\u8fc7\u4e0d\u540c\u7684\u65b9\u5f0f\u53d1\u73b0\u5e76\u6b23\u8d4f\u6c99\u6f20\u4e4b\u7f8e\uff0c\u5176\u4e2d\u5305\u62ec\u5404\u79cd\u8fd0\u52a8\u4ee5\u53ca\u7cbe\u795e\u6587\u5316\u9879\u76ee\uff0c\u751a\u81f3\u662f\u7f8e\u5999\u6d6a\u6f2b\u7684\u6d3b\u52a8\u3002\u8fd9\u4e9b\u90fd\u53ef\u4ee5\u6839\u636e\u60a8\u7684\u4e2a\u4eba\u559c\u597d\u4f5c\u51fa\u8ba1\u5212\u3002\u6bcf\u9879\u6d3b\u52a8\u90fd\u7ecf\u8fc7\u7cbe\u7ec6\u7684\u8003\u91cf\uff0c\u4ee5\u5e2e\u52a9\u60a8\u63a2\u7d22\u5c14\u683c\u8c22\u6bd4\uff08Erg Chebbi \uff09\u6c99\u4e18\u53ca\u5176\u5468\u8fb9\u5bbd\u5e7f\u5b8f\u9614\u7684\u58ee\u89c2\u666f\u8c61\u3002[\/vc_column_text][\/vc_column][vc_column width=&#8221;1\/6&#8243;][\/vc_column][\/vc_row][vc_row css=&#8221;.vc_custom_1661942332163{margin-top: 40px !important;}&#8221;][vc_column width=&#8221;1\/6&#8243;][\/vc_column][vc_column width=&#8221;2\/3&#8243;][vc_row_inner][vc_column_inner width=&#8221;1\/3&#8243;][vc_gallery interval=&#8221;3&#8243; images=&#8221;209,210,211,208,206&#8243; img_size=&#8221;full&#8221;][\/vc_column_inner][vc_column_inner el_class=&#8221;activites-list&#8221; width=&#8221;2\/3&#8243;][vc_toggle title=&#8221;4&#215;4 \u516c\u8def\u6e38&#8221; open=&#8221;true&#8221;]\u5bf9\u4e8e\u65f6\u95f4\u6709\u9650\u7684\u6e38\u5ba2\u6765\u8bf4\uff0c\u516c\u8def\u4e00\u65e5\u6e38\u662f\u5feb\u901f\u63a2\u7d22\u6c99\u6f20\u98ce\u5149\u7684\u7406\u60f3\u65b9\u5f0f\u3002\u5730\u5e73\u7ebf\u65e0\u8fb9\u65e0\u9645\u5730\u5728\u773c\u524d\u5ef6\u4f38\uff0c\u4e0d\u4ec5\u4f7f\u60a8\u7684\u5185\u5fc3\u53d8\u5f97\u67d4\u548c\u5b81\u9759\uff0c\u4e5f\u4e00\u5b9a\u4f1a\u4e3a\u60a8\u6309\u90e8\u5c31\u73ed\u67af\u71e5\u4e4f\u5473\u7684\u751f\u6d3b\u589e\u6dfb\u4e0d\u4e00\u6837\u7684\u8da3\u5473\u3002\u60a8\u53ef\u4ee5\u6c89\u6d78\u5728\u6c99\u6f20\u4e2d\uff0c\u6b23\u8d4f\u7740\u68a6\u5e7b\u7684\u666f\u89c2\uff0c\u9ec4\u8910\u8272\u7684\u6c99\u4e18\uff0c\u5c0f\u5c0f\u7684\u6751\u843d\uff0c\u4ee5\u53ca\u7edc\u7ece\u7684\u9a7c\u961f\u3002<\/p>\n<p>\u65e9\u9910\uff0c\u60a8\u53ef\u4ee5\u9009\u62e9\u5728\u504f\u8fdc\u7684\u6c99\u6f20\u4e2d\u91ce\u9910\uff0c\u4e5f\u53ef\u4ee5\u9009\u62e9\u5728\u6f02\u4eae\u7684\u77f3\u5934\u9910\u9986\u5403\u4e00\u987f\u4f20\u7edf\u98ce\u5473\uff0c\u8fd9\u79cd\u77f3\u5934\u9910\u9986\u4e00\u822c\u90fd\u5efa\u5728\u6bd4\u8f83\u9690\u79d8\u7684\u5730\u65b9\uff01[\/vc_toggle][vc_toggle title=&#8221;\u6df1\u5165\u6c99\u6f20&#8221;]\u60a8\u53ef\u4ee5\u7528\u4e24\u5929\u65f6\u95f4\u7a7f\u8d8a\u58ee\u7f8e\u7684\u6885\u5c14\u7956\u5361\uff08Merzouga\uff09\u6c99\u4e18\u7fa4\uff0c\u9886\u7565\u4ee4\u4eba\u632f\u594b\u53c8\u8ba9\u4eba\u656c\u754f\u7684\u6c99\u6f20\u843d\u65e5\u7f8e\u666f\u3002\u5728\u95ea\u70c1\u7684\u661f\u5149\u4e0b\uff0c\u5728\u7bdd\u706b\u8425\u5730\u65c1\uff0c\u4eab\u7528\u665a\u9910\uff1b\u5728\u67cf\u67cf\u5c14\u5e10\u7bf7\u91cc\u6c89\u6c89\u5165\u7720\uff1b\u5728\u91d1\u8272\u95ea\u8000\u7684\u58ee\u4e3d\u65e5\u51fa\u4e2d\u9192\u6765\u3002[\/vc_toggle][vc_toggle title=&#8221;\u6c99\u6f20\u843d\u65e5\u665a\u9910&#8221;]\u5373\u4fbf\u65f6\u95f4\u6bd4\u8f83\u7d27\u8feb\uff0c\u60a8\u4e5f\u53ef\u4ee5\u6b23\u8d4f\u4e00\u4e0b\u6d6a\u6f2b\u7684\u6c99\u6f20\u843d\u65e5\u7f8e\u666f\uff0c\u5728\u661f\u5149\u4e0b\u4eab\u7528\u4e00\u987f\u7687\u5ba4\u822c\u7f8e\u5473\u7684\u665a\u9910\uff0c\u7136\u540e\u56de\u5230\u9a6c\u6851\u591a\u4e9a\u5bab\u9152\u5e97\u8fc7\u591c\u3002[\/vc_toggle][vc_toggle title=&#8221;\u65e5\u51fa\u548c\u745c\u4f3d&#8221;]\u5982\u679c\u8d77\u5e8a\u65e9\uff0c\u60a8\u53ef\u4ee5\u9009\u62e9\u51cc\u66685:30\u7684\u53eb\u9192\u670d\u52a1\uff0c\u5750\u5728\u6c99\u4e18\u9876\u4e0a\uff0c\u6b23\u8d4f\u65e5\u51fa\u7f8e\u666f\u3002\u65e9\u6668\u68b3\u7406\u5b8c\u6bd5\u540e\u53ef\u4ee5\u4e0a\u4e00\u8282\u745c\u4f3d\u8bfe\uff0c\u5403\u4e00\u987f\u6492\u54c8\u62c9\u7684\u7279\u8272\u65e9\u9910\uff0c\u65e2\u6ee1\u8db3\u8eab\u4f53\u6240\u9700\uff0c\u53c8\u8ba9\u81ea\u5df1\u7cbe\u795e\u7115\u53d1\uff0c\u540c\u65f6\u53c8\u6b23\u8d4f\u4e86\u4e16\u754c\u4e0a\u6700\u7f8e\u5999\u7684\u98ce\u666f\u3002[\/vc_toggle][vc_toggle title=&#8221;\u6c99\u6d74&#8221;]\u6c99\u6d74\uff0c\u4e5f\u79f0\u4e4b\u4e3a\u6c99\u7c92\u7597\u6cd5\u6216\u6c99\u5730\u7597\u6cd5\uff0c\u4e5f\u662f\u4e00\u79cd\u5f88\u68d2\u7684\u5168\u8eab\u62a4\u7406\u7597\u6cd5\u3002\u60a8\u53ef\u4ee5\u5229\u7528\u5047\u671f\u6765\u6c99\u6f20\u4e2d\u5c1d\u8bd5\u4e00\u4e0b\u3002\u5728\u6469\u6d1b\u54e5\u3001\u7a81\u5c3c\u65af\u3001\u963f\u5c14\u53ca\u5229\u4e9a\u548c\u57c3\u53ca\uff0c\u8fd9\u79cd\u7597\u6cd5\u5341\u5206\u666e\u53ca\u3002\u5b83\u662f\u5229\u7528\u70ed\u6c99\u5b50\u7684\u6cbb\u7597\u4f5c\u7528\u7f13\u89e3\u5173\u8282\u75db\u548c\u98ce\u6e7f\u75c5\u3002\u6469\u6d1b\u54e5\u5317\u90e8\u6c14\u5019\u6f6e\u6e7f\uff0c\u6240\u4ee5\u5927\u591a\u6570\u57ce\u5e02\u5c45\u6c11\u90fd\u666e\u904d\u60a3\u6709\u8fd9\u7c7b\u75be\u75c5\u3002\u70ed\u6c99\u5b50\u6e29\u5ea6\u9700\u8981\u8fbe\u523070\u00b0 \u523080\u00b0 \u624d\u6709\u6cbb\u7597\u4f5c\u7528\uff0c\u56e0\u6b64\u53ea\u6709\u5728\u590f\u5929\u624d\u80fd\u505a\u6c99\u6d74\u3002[\/vc_toggle][vc_toggle title=&#8221;\u5f92\u6b65\u4e00\u65e5\u6e38&#8221;]\u4f0a\u5c14\u5bcc\u5fb7\uff08Erfoud\uff09\u5730\u533a\u662f\u5f92\u6b65\u65c5\u884c\u7684\u7406\u60f3\u4e4b\u5730\uff0c\u901a\u8fc7\u591a\u5ca9\u77f3\u7684\u5c0f\u5f84\u3001\u6c99\u4e18\u548c\u677e\u8f6f\u7684\u6c99\u8d28\u6c99\u6f20\uff0c\u63a2\u7d22\u6469\u6d1b\u54e5\u5357\u90e8\u591a\u79cd\u591a\u6837\u7684\u5730\u5f62\u5730\u8c8c\u3002\u60a8\u53ef\u4ee5\u6839\u636e\u81ea\u5df1\u7684\u7ecf\u9a8c\u6c34\u5e73\u9009\u62e9\u4e0d\u540c\u7684\u7ebf\u8def\u3002\u65e0\u8bba\u60a8\u662f\u4e00\u4e2a\u521d\u7ea7\u4f53\u9a8c\u8005\uff0c\u8fd8\u662f\u4e00\u4e2a\u7ecf\u9a8c\u4e30\u5bcc\u7684\u6237\u5916\u5f92\u6b65\u6e38\u5ba2\uff0c\u90fd\u4e00\u5b9a\u80fd\u627e\u5230\u9002\u5408\u81ea\u5df1\u7684\u65c5\u6e38\u7ebf\u8def\u3002[\/vc_toggle][vc_toggle title=&#8221;\u9732\u5929\u5e02\u573a\u4e4b\u65c5&#8221;]\u9732\u5929\u5e02\u573a\u662f\u4e00\u4e2a\u5f88\u68d2\u7684\u5730\u65b9\u3002\u60a8\u5728\u8fd9\u91cc\u80fd\u591f\u9082\u9005\u8bb8\u591a\u672c\u5730\u624b\u827a\u4eba\u548c\u96f6\u552e\u5e97\u4e3b\uff0c\u8fd8\u80fd\u4e86\u89e3\u53e4\u8001\u7684\u6469\u6d1b\u54e5\u8ba8\u4ef7\u8fd8\u4ef7\u7684\u6280\u5de7\uff0c\u4e3a\u6240\u7231\u7684\u4eba\uff08\u6216\u81ea\u5df1\uff01\uff09\u4e70\u5230\u6700\u5408\u5fc3\u610f\u7684\u7eaa\u5ff5\u54c1\u3002\u5730\u6bef\u3001\u6728\u8d28\u5de5\u827a\u54c1\u3001\u94dc\u5236\u54c1\u3001\u76ae\u9769\u5236\u54c1\u3001\u5f02\u56fd\u98ce\u5473\u7684\u9999\u6599\u7b49\u7b49\uff0c\u8fd9\u91cc\u6709\u592a\u591a\u4e1c\u897f\u503c\u5f97\u60a8\u53bb\u770b\u53bb\u9009\u8d2d\uff01[\/vc_toggle][vc_btn title=&#8221;\u4e0b\u8f7d\u5ba3\u4f20\u518c&#8221; style=&#8221;classic&#8221; shape=&#8221;square&#8221; color=&#8221;white&#8221; align=&#8221;center&#8221; i_align=&#8221;right&#8221; i_icon_fontawesome=&#8221;fa fa-file-pdf-o&#8221; add_icon=&#8221;true&#8221; link=&#8221;url:http%3A%2F%2Fwww.masandoia.com%2Fwp-content%2Fuploads%2F2022%2F09%2FPalais-Masandoia_Adventures-deals.pdf|title:Adventures%20deals|target:%20_blank|&#8221;][\/vc_column_inner][\/vc_row_inner][\/vc_column][vc_column width=&#8221;1\/6&#8243;][\/vc_column][\/vc_row][vc_row][vc_column width=&#8221;1\/6&#8243;][\/vc_column][vc_column width=&#8221;2\/3&#8243;][vc_column_text]\u6c99\u6f20\u98ce\u5149\uff0c\u65e2\u53ef\u4ee5\u5728\u767d\u5929\u6b23\u8d4f\uff0c\u4e5f\u53ef\u4ee5\u5728\u665a\u4e0a\u53bb\u63a2\u7d22\uff1b\u65e2\u53ef\u4ee5\u5750\u5728\u9a7c\u80cc\u4e0a\u6162\u6162\u54c1\u5473\uff0c\u4e5f\u53ef\u4ee5\u5750\u76f4\u5347\u673a\u8d70\u9a6c\u89c2\u82b1\u3002\u9a6c\u6851\u591a\u4e9a\u5bab\u9152\u5e97\u8fd8\u63d0\u4f9b\u591a\u59ff\u591a\u5f69\u7684\u6d3b\u52a8\uff0c\u4f7f\u60a8\u5728\u8fd9\u91cc\u5ea6\u8fc7\u96be\u5fd8\u7684\u65f6\u5149\u3002\u6d3b\u52a8\u5305\u62ec\uff1a\u5b66\u4e60\u9ad8\u5c14\u592b\u3001\u6bcf\u65e5\u5b9a\u5411\u7684\u62c9\u529b\u8d5b\u3001\u4e13\u4e1a\u98de\u884c\u5458\u6559\u6388\u7684\u6c99\u4e18\u9a7e\u9a76\u8bfe\u3001\u6469\u6d1b\u54e5\u53a8\u5e08\u6559\u6388\u7684\u70f9\u8c03\u8bfe\u3001\u7ec4\u961f\u6216\u7528\u8d5b\u8f66\u73a9\u6c99\u4e18\u7a81\u88ad\u3001\u9a91\u9a86\u9a7c\u89c2\u5149\uff0c\u4ee5\u53ca\u5750\u76f4\u5347\u673a\u98de\u8dc3\u5c14\u683c\u8c22\u6bd4\u6c99\u6f20\u3002\u4e0d\u8981\u72b9\u8c6b\uff0c\u52a8\u8eab\u524d\u7acb\u5373\u8054\u7cfb\u6211\u4eec\uff0c\u6211\u4eec\u7684\u56e2\u961f\u4f1a\u5e2e\u60a8\u5236\u8ba2\u6700\u4e2a\u6027\u5316\u7684\u5047\u671f\u65c5\u6e38\u884c\u7a0b\u3002[\/vc_column_text][vc_btn title=&#8221;\u8054\u7cfb\u6211\u4eec&#8221; style=&#8221;classic&#8221; size=&#8221;lg&#8221; align=&#8221;center&#8221; link=&#8221;url:http%3A%2F%2Fwww.masandoia.com%2Fzh-hant%2Fcontact-us%2F|||&#8221; el_class=&#8221;custom-button&#8221;][\/vc_column][vc_column width=&#8221;1\/6&#8243;][\/vc_column][\/vc_row]\n","protected":false},"excerpt":{"rendered":"<p>[vc_row][vc_column width=&#8221;1\/6&#8243;][\/vc_column] [&hellip;]<\/p>\n","protected":false},"author":1,"featured_media":0,"parent":0,"menu_order":0,"comment_status":"closed","ping_status":"closed","template":"page-templates\/page_without-sidebar.php","meta":{"_acf_changed":false,"footnotes":""},"class_list":["post-924","page","type-page","status-publish","hentry"],"acf":[],"yoast_head":"<!-- This site is optimized with the Yoast SEO plugin v27.1.1 - https:\/\/yoast.com\/product\/yoast-seo-wordpress\/ -->\n<title>Palais Masando\u00efa | \u4f53\u9a8c &amp; \u6d3b\u52a8<\/title>\n<meta name=\"description\" content=\"Le Palais Masando\u00efa vous propose diverses activit\u00e9s (4x4 dans les dunes, trek d&#039;une journ\u00e9e, visite du souk, ...) ainsi que d&#039;organiser votre \u00e9v\u00e9nement.\" \/>\n<meta name=\"robots\" content=\"index, follow, max-snippet:-1, max-image-preview:large, max-video-preview:-1\" \/>\n<link rel=\"canonical\" href=\"https:\/\/www.masandoia.com\/zh-hant\/experiences-and-activities\/\" \/>\n<meta property=\"og:locale\" content=\"zh_TW\" \/>\n<meta property=\"og:type\" content=\"article\" \/>\n<meta property=\"og:title\" content=\"Palais Masando\u00efa | \u4f53\u9a8c &amp; \u6d3b\u52a8\" \/>\n<meta property=\"og:description\" content=\"Le Palais Masando\u00efa vous propose diverses activit\u00e9s (4x4 dans les dunes, trek d&#039;une journ\u00e9e, visite du souk, ...) ainsi que d&#039;organiser votre \u00e9v\u00e9nement.\" \/>\n<meta property=\"og:url\" content=\"https:\/\/www.masandoia.com\/zh-hant\/experiences-and-activities\/\" \/>\n<meta property=\"og:site_name\" content=\"Palais Masando\u00efa\" \/>\n<meta property=\"article:modified_time\" content=\"2022-09-07T13:52:23+00:00\" \/>\n<meta property=\"og:image\" content=\"https:\/\/www.masandoia.com\/wp-content\/uploads\/2022\/08\/activites-et-experiences-masandoia-trek-desert.jpg\" \/>\n\t<meta property=\"og:image:width\" content=\"365\" \/>\n\t<meta property=\"og:image:height\" content=\"600\" \/>\n\t<meta property=\"og:image:type\" content=\"image\/jpeg\" \/>\n<meta name=\"twitter:card\" content=\"summary_large_image\" \/>\n<meta name=\"twitter:title\" content=\"Palais Masando\u00efa | \u4f53\u9a8c &amp; \u6d3b\u52a8\" \/>\n<meta name=\"twitter:description\" content=\"Le Palais Masando\u00efa vous propose diverses activit\u00e9s (4x4 dans les dunes, trek d&#039;une journ\u00e9e, visite du souk, ...) ainsi que d&#039;organiser votre \u00e9v\u00e9nement.\" \/>\n<meta name=\"twitter:label1\" content=\"\u9810\u4f30\u95b1\u8b80\u6642\u9593\" \/>\n\t<meta name=\"twitter:data1\" content=\"1 \u5206\u9418\" \/>\n<script type=\"application\/ld+json\" class=\"yoast-schema-graph\">{\"@context\":\"https:\/\/schema.org\",\"@graph\":[{\"@type\":\"WebPage\",\"@id\":\"https:\/\/www.masandoia.com\/zh-hant\/experiences-and-activities\/\",\"url\":\"https:\/\/www.masandoia.com\/zh-hant\/experiences-and-activities\/\",\"name\":\"Palais Masando\u00efa | \u4f53\u9a8c & \u6d3b\u52a8\",\"isPartOf\":{\"@id\":\"https:\/\/www.masandoia.com\/zh-hant\/#website\"},\"datePublished\":\"2022-08-30T15:09:31+00:00\",\"dateModified\":\"2022-09-07T13:52:23+00:00\",\"description\":\"Le Palais Masando\u00efa vous propose diverses activit\u00e9s (4x4 dans les dunes, trek d'une journ\u00e9e, visite du souk, ...) ainsi que d'organiser votre \u00e9v\u00e9nement.\",\"breadcrumb\":{\"@id\":\"https:\/\/www.masandoia.com\/zh-hant\/experiences-and-activities\/#breadcrumb\"},\"inLanguage\":\"zh-TW\",\"potentialAction\":[{\"@type\":\"ReadAction\",\"target\":[\"https:\/\/www.masandoia.com\/zh-hant\/experiences-and-activities\/\"]}]},{\"@type\":\"BreadcrumbList\",\"@id\":\"https:\/\/www.masandoia.com\/zh-hant\/experiences-and-activities\/#breadcrumb\",\"itemListElement\":[{\"@type\":\"ListItem\",\"position\":1,\"name\":\"Home\",\"item\":\"https:\/\/www.masandoia.com\/zh-hant\/\"},{\"@type\":\"ListItem\",\"position\":2,\"name\":\"\u4f53\u9a8c &#038; \u6d3b\u52a8\"}]},{\"@type\":\"WebSite\",\"@id\":\"https:\/\/www.masandoia.com\/zh-hant\/#website\",\"url\":\"https:\/\/www.masandoia.com\/zh-hant\/\",\"name\":\"Palais Masando\u00efa\",\"description\":\"Boutique h\u00f4tel d&#039;exception \u00e0 Erfoud\",\"potentialAction\":[{\"@type\":\"SearchAction\",\"target\":{\"@type\":\"EntryPoint\",\"urlTemplate\":\"https:\/\/www.masandoia.com\/zh-hant\/?s={search_term_string}\"},\"query-input\":{\"@type\":\"PropertyValueSpecification\",\"valueRequired\":true,\"valueName\":\"search_term_string\"}}],\"inLanguage\":\"zh-TW\"}]}<\/script>\n<!-- \/ Yoast SEO plugin. -->","yoast_head_json":{"title":"Palais Masando\u00efa | \u4f53\u9a8c & \u6d3b\u52a8","description":"Le Palais Masando\u00efa vous propose diverses activit\u00e9s (4x4 dans les dunes, trek d'une journ\u00e9e, visite du souk, ...) ainsi que d'organiser votre \u00e9v\u00e9nement.","robots":{"index":"index","follow":"follow","max-snippet":"max-snippet:-1","max-image-preview":"max-image-preview:large","max-video-preview":"max-video-preview:-1"},"canonical":"https:\/\/www.masandoia.com\/zh-hant\/experiences-and-activities\/","og_locale":"zh_TW","og_type":"article","og_title":"Palais Masando\u00efa | \u4f53\u9a8c & \u6d3b\u52a8","og_description":"Le Palais Masando\u00efa vous propose diverses activit\u00e9s (4x4 dans les dunes, trek d'une journ\u00e9e, visite du souk, ...) ainsi que d'organiser votre \u00e9v\u00e9nement.","og_url":"https:\/\/www.masandoia.com\/zh-hant\/experiences-and-activities\/","og_site_name":"Palais Masando\u00efa","article_modified_time":"2022-09-07T13:52:23+00:00","og_image":[{"width":365,"height":600,"url":"https:\/\/www.masandoia.com\/wp-content\/uploads\/2022\/08\/activites-et-experiences-masandoia-trek-desert.jpg","type":"image\/jpeg"}],"twitter_card":"summary_large_image","twitter_title":"Palais Masando\u00efa | \u4f53\u9a8c & \u6d3b\u52a8","twitter_description":"Le Palais Masando\u00efa vous propose diverses activit\u00e9s (4x4 dans les dunes, trek d'une journ\u00e9e, visite du souk, ...) ainsi que d'organiser votre \u00e9v\u00e9nement.","twitter_misc":{"\u9810\u4f30\u95b1\u8b80\u6642\u9593":"1 \u5206\u9418"},"schema":{"@context":"https:\/\/schema.org","@graph":[{"@type":"WebPage","@id":"https:\/\/www.masandoia.com\/zh-hant\/experiences-and-activities\/","url":"https:\/\/www.masandoia.com\/zh-hant\/experiences-and-activities\/","name":"Palais Masando\u00efa | \u4f53\u9a8c & \u6d3b\u52a8","isPartOf":{"@id":"https:\/\/www.masandoia.com\/zh-hant\/#website"},"datePublished":"2022-08-30T15:09:31+00:00","dateModified":"2022-09-07T13:52:23+00:00","description":"Le Palais Masando\u00efa vous propose diverses activit\u00e9s (4x4 dans les dunes, trek d'une journ\u00e9e, visite du souk, ...) ainsi que d'organiser votre \u00e9v\u00e9nement.","breadcrumb":{"@id":"https:\/\/www.masandoia.com\/zh-hant\/experiences-and-activities\/#breadcrumb"},"inLanguage":"zh-TW","potentialAction":[{"@type":"ReadAction","target":["https:\/\/www.masandoia.com\/zh-hant\/experiences-and-activities\/"]}]},{"@type":"BreadcrumbList","@id":"https:\/\/www.masandoia.com\/zh-hant\/experiences-and-activities\/#breadcrumb","itemListElement":[{"@type":"ListItem","position":1,"name":"Home","item":"https:\/\/www.masandoia.com\/zh-hant\/"},{"@type":"ListItem","position":2,"name":"\u4f53\u9a8c &#038; \u6d3b\u52a8"}]},{"@type":"WebSite","@id":"https:\/\/www.masandoia.com\/zh-hant\/#website","url":"https:\/\/www.masandoia.com\/zh-hant\/","name":"Palais Masando\u00efa","description":"Boutique h\u00f4tel d&#039;exception \u00e0 Erfoud","potentialAction":[{"@type":"SearchAction","target":{"@type":"EntryPoint","urlTemplate":"https:\/\/www.masandoia.com\/zh-hant\/?s={search_term_string}"},"query-input":{"@type":"PropertyValueSpecification","valueRequired":true,"valueName":"search_term_string"}}],"inLanguage":"zh-TW"}]}},"_links":{"self":[{"href":"https:\/\/www.masandoia.com\/zh-hant\/wp-json\/wp\/v2\/pages\/924","targetHints":{"allow":["GET"]}}],"collection":[{"href":"https:\/\/www.masandoia.com\/zh-hant\/wp-json\/wp\/v2\/pages"}],"about":[{"href":"https:\/\/www.masandoia.com\/zh-hant\/wp-json\/wp\/v2\/types\/page"}],"author":[{"embeddable":true,"href":"https:\/\/www.masandoia.com\/zh-hant\/wp-json\/wp\/v2\/users\/1"}],"replies":[{"embeddable":true,"href":"https:\/\/www.masandoia.com\/zh-hant\/wp-json\/wp\/v2\/comments?post=924"}],"version-history":[{"count":2,"href":"https:\/\/www.masandoia.com\/zh-hant\/wp-json\/wp\/v2\/pages\/924\/revisions"}],"predecessor-version":[{"id":962,"href":"https:\/\/www.masandoia.com\/zh-hant\/wp-json\/wp\/v2\/pages\/924\/revisions\/962"}],"wp:attachment":[{"href":"https:\/\/www.masandoia.com\/zh-hant\/wp-json\/wp\/v2\/media?parent=924"}],"curies":[{"name":"wp","href":"https:\/\/api.w.org\/{rel}","templated":true}]}}