{"id":928,"date":"2022-08-30T17:12:59","date_gmt":"2022-08-30T15:12:59","guid":{"rendered":"http:\/\/www.masandoia.com\/concierge-services\/"},"modified":"2022-09-07T15:53:00","modified_gmt":"2022-09-07T13:53:00","slug":"concierge-services","status":"publish","type":"page","link":"https:\/\/www.masandoia.com\/zh-hant\/concierge-services\/","title":{"rendered":"\u793c\u5bbe\u670d\u52a1"},"content":{"rendered":"[vc_row][vc_column width=&#8221;1\/6&#8243;][\/vc_column][vc_column width=&#8221;2\/3&#8243;][vc_row_inner][vc_column_inner width=&#8221;1\/3&#8243; css=&#8221;.vc_custom_1661949018702{margin-top: 40px !important;}&#8221;][vc_single_image image=&#8221;221&#8243; img_size=&#8221;full&#8221; alignment=&#8221;center&#8221;][\/vc_column_inner][vc_column_inner width=&#8221;2\/3&#8243;][vc_column_text]\n<h2>\u4e00\u652f\u968f\u65f6\u5f85\u547d\u3001\u4e3a\u60a8\u63d0\u4f9b\u8d34\u5fc3\u670d\u52a1\u7684\u56e2\u961f<\/h2>\n<p>\u6211\u4eec\u7684\u793c\u5bbe\u56e2\u961f\u90fd\u7ecf\u8fc7\u4e13\u95e8\u57f9\u8bad\u3002\u5728\u60a8\u6574\u4e2a\u5165\u4f4f\u671f\u95f4\uff0c\u65e0\u8bba\u60a8\u8fdb\u884c\u4efb\u4f55\u6d3b\u52a8\uff0c\u6216\u662f\u77ed\u9014\u65c5\u884c\uff0c\u6211\u4eec\u90fd\u4f1a\u4e3a\u60a8\u63d0\u4f9b\u4e2a\u6027\u5316\u7684\u9ad8\u54c1\u8d28\u670d\u52a1\uff0c\u7aed\u5c3d\u5168\u529b\u5e2e\u60a8\u5b9e\u73b0\u613f\u671b\u3002[\/vc_column_text][vc_btn title=&#8221;\u8054\u7cfb\u9152\u5e97&#8221; style=&#8221;classic&#8221; shape=&#8221;square&#8221; align=&#8221;left&#8221; link=&#8221;url:http%3A%2F%2Fwww.masandoia.com%2Fzh-hant%2Fcontact-us%2F|||&#8221; el_class=&#8221;custom-button&#8221;][vc_separator color=&#8221;custom&#8221; border_width=&#8221;2&#8243; accent_color=&#8221;#efefef&#8221;][vc_column_text]\u9a6c\u6851\u591a\u4e9a\u5bab\u9152\u5e97\uff08Palais Masando\u00efa\uff09\u4f4d\u4e8e\u5927\u4f17\u6e38\u89c8\u533a\u4e4b\u5916\u3002\u867d\u7136\u53ea\u670912\u95f4\u5ba2\u623f\uff0c3\u4e2a\u5957\u95f4\uff0c\u4f46\u5374\u5360\u636e\u4e86\u6b23\u8d4f\u5468\u8fb9\u98ce\u666f\u6781\u5176\u7406\u60f3\u7684\u4f4d\u7f6e\u3002\u5728\u8fd9\u91cc\uff0c\u60a8\u53ef\u4ee5\u9886\u7565\u4e30\u5bcc\u591a\u5f69\u7684\u6469\u6d1b\u54e5\u6587\u5316\uff0c\u6b23\u8d4f\u7f8e\u5999\u7684\u6c99\u6f20\u98ce\u5149[\/vc_column_text][vc_btn title=&#8221;\u7ec4\u7ec7\u60a8\u7684\u6d3b\u52a8&#8221; style=&#8221;classic&#8221; shape=&#8221;square&#8221; align=&#8221;left&#8221; link=&#8221;url:http%3A%2F%2Fwww.masandoia.com%2Fzh-hant%2Fcontact-us%2F|title:Organize%20your%20event||&#8221; el_class=&#8221;custom-button&#8221;][\/vc_column_inner][\/vc_row_inner][\/vc_column][vc_column width=&#8221;1\/6&#8243;][\/vc_column][\/vc_row]\n","protected":false},"excerpt":{"rendered":"<p>[vc_row][vc_column width=&#8221;1\/6&#8243;][\/vc_column] [&hellip;]<\/p>\n","protected":false},"author":1,"featured_media":0,"parent":0,"menu_order":0,"comment_status":"closed","ping_status":"closed","template":"page-templates\/page_without-sidebar.php","meta":{"_acf_changed":false,"footnotes":""},"class_list":["post-928","page","type-page","status-publish","hentry"],"acf":[],"yoast_head":"<!-- This site is optimized with the Yoast SEO plugin v27.1.1 - https:\/\/yoast.com\/product\/yoast-seo-wordpress\/ -->\n<title>Palais Masando\u00efa | \u793c\u5bbe\u670d\u52a1<\/title>\n<meta name=\"description\" content=\"Our concierge team is specially trained to provide individualized quality services throughout your stay as well as during activities and excursions. We do everything in our power to turn your wishes into reality.\" \/>\n<meta name=\"robots\" content=\"index, follow, max-snippet:-1, max-image-preview:large, max-video-preview:-1\" \/>\n<link rel=\"canonical\" href=\"https:\/\/www.masandoia.com\/zh-hant\/concierge-services\/\" \/>\n<meta property=\"og:locale\" content=\"zh_TW\" \/>\n<meta property=\"og:type\" content=\"article\" \/>\n<meta property=\"og:title\" content=\"Palais Masando\u00efa | \u793c\u5bbe\u670d\u52a1\" \/>\n<meta property=\"og:description\" content=\"Our concierge team is specially trained to provide individualized quality services throughout your stay as well as during activities and excursions. We do everything in our power to turn your wishes into reality.\" \/>\n<meta property=\"og:url\" content=\"https:\/\/www.masandoia.com\/zh-hant\/concierge-services\/\" \/>\n<meta property=\"og:site_name\" content=\"Palais Masando\u00efa\" \/>\n<meta property=\"article:modified_time\" content=\"2022-09-07T13:53:00+00:00\" \/>\n<meta property=\"og:image\" content=\"https:\/\/www.masandoia.com\/wp-content\/uploads\/2022\/08\/conciergerie-hotel-palais-masandoia.jpg\" \/>\n\t<meta property=\"og:image:width\" content=\"350\" \/>\n\t<meta property=\"og:image:height\" content=\"472\" \/>\n\t<meta property=\"og:image:type\" content=\"image\/jpeg\" \/>\n<meta name=\"twitter:card\" content=\"summary_large_image\" \/>\n<meta name=\"twitter:title\" content=\"Palais Masando\u00efa | \u793c\u5bbe\u670d\u52a1\" \/>\n<meta name=\"twitter:label1\" content=\"\u9810\u4f30\u95b1\u8b80\u6642\u9593\" \/>\n\t<meta name=\"twitter:data1\" content=\"1 \u5206\u9418\" \/>\n<script type=\"application\/ld+json\" class=\"yoast-schema-graph\">{\"@context\":\"https:\/\/schema.org\",\"@graph\":[{\"@type\":\"WebPage\",\"@id\":\"https:\/\/www.masandoia.com\/zh-hant\/concierge-services\/\",\"url\":\"https:\/\/www.masandoia.com\/zh-hant\/concierge-services\/\",\"name\":\"Palais Masando\u00efa | \u793c\u5bbe\u670d\u52a1\",\"isPartOf\":{\"@id\":\"https:\/\/www.masandoia.com\/zh-hant\/#website\"},\"datePublished\":\"2022-08-30T15:12:59+00:00\",\"dateModified\":\"2022-09-07T13:53:00+00:00\",\"description\":\"Our concierge team is specially trained to provide individualized quality services throughout your stay as well as during activities and excursions. We do everything in our power to turn your wishes into reality.\",\"breadcrumb\":{\"@id\":\"https:\/\/www.masandoia.com\/zh-hant\/concierge-services\/#breadcrumb\"},\"inLanguage\":\"zh-TW\",\"potentialAction\":[{\"@type\":\"ReadAction\",\"target\":[\"https:\/\/www.masandoia.com\/zh-hant\/concierge-services\/\"]}]},{\"@type\":\"BreadcrumbList\",\"@id\":\"https:\/\/www.masandoia.com\/zh-hant\/concierge-services\/#breadcrumb\",\"itemListElement\":[{\"@type\":\"ListItem\",\"position\":1,\"name\":\"Home\",\"item\":\"https:\/\/www.masandoia.com\/zh-hant\/\"},{\"@type\":\"ListItem\",\"position\":2,\"name\":\"\u793c\u5bbe\u670d\u52a1\"}]},{\"@type\":\"WebSite\",\"@id\":\"https:\/\/www.masandoia.com\/zh-hant\/#website\",\"url\":\"https:\/\/www.masandoia.com\/zh-hant\/\",\"name\":\"Palais Masando\u00efa\",\"description\":\"Boutique h\u00f4tel d&#039;exception \u00e0 Erfoud\",\"potentialAction\":[{\"@type\":\"SearchAction\",\"target\":{\"@type\":\"EntryPoint\",\"urlTemplate\":\"https:\/\/www.masandoia.com\/zh-hant\/?s={search_term_string}\"},\"query-input\":{\"@type\":\"PropertyValueSpecification\",\"valueRequired\":true,\"valueName\":\"search_term_string\"}}],\"inLanguage\":\"zh-TW\"}]}<\/script>\n<!-- \/ Yoast SEO plugin. -->","yoast_head_json":{"title":"Palais Masando\u00efa | \u793c\u5bbe\u670d\u52a1","description":"Our concierge team is specially trained to provide individualized quality services throughout your stay as well as during activities and excursions. We do everything in our power to turn your wishes into reality.","robots":{"index":"index","follow":"follow","max-snippet":"max-snippet:-1","max-image-preview":"max-image-preview:large","max-video-preview":"max-video-preview:-1"},"canonical":"https:\/\/www.masandoia.com\/zh-hant\/concierge-services\/","og_locale":"zh_TW","og_type":"article","og_title":"Palais Masando\u00efa | \u793c\u5bbe\u670d\u52a1","og_description":"Our concierge team is specially trained to provide individualized quality services throughout your stay as well as during activities and excursions. We do everything in our power to turn your wishes into reality.","og_url":"https:\/\/www.masandoia.com\/zh-hant\/concierge-services\/","og_site_name":"Palais Masando\u00efa","article_modified_time":"2022-09-07T13:53:00+00:00","og_image":[{"width":350,"height":472,"url":"https:\/\/www.masandoia.com\/wp-content\/uploads\/2022\/08\/conciergerie-hotel-palais-masandoia.jpg","type":"image\/jpeg"}],"twitter_card":"summary_large_image","twitter_title":"Palais Masando\u00efa | \u793c\u5bbe\u670d\u52a1","twitter_misc":{"\u9810\u4f30\u95b1\u8b80\u6642\u9593":"1 \u5206\u9418"},"schema":{"@context":"https:\/\/schema.org","@graph":[{"@type":"WebPage","@id":"https:\/\/www.masandoia.com\/zh-hant\/concierge-services\/","url":"https:\/\/www.masandoia.com\/zh-hant\/concierge-services\/","name":"Palais Masando\u00efa | \u793c\u5bbe\u670d\u52a1","isPartOf":{"@id":"https:\/\/www.masandoia.com\/zh-hant\/#website"},"datePublished":"2022-08-30T15:12:59+00:00","dateModified":"2022-09-07T13:53:00+00:00","description":"Our concierge team is specially trained to provide individualized quality services throughout your stay as well as during activities and excursions. We do everything in our power to turn your wishes into reality.","breadcrumb":{"@id":"https:\/\/www.masandoia.com\/zh-hant\/concierge-services\/#breadcrumb"},"inLanguage":"zh-TW","potentialAction":[{"@type":"ReadAction","target":["https:\/\/www.masandoia.com\/zh-hant\/concierge-services\/"]}]},{"@type":"BreadcrumbList","@id":"https:\/\/www.masandoia.com\/zh-hant\/concierge-services\/#breadcrumb","itemListElement":[{"@type":"ListItem","position":1,"name":"Home","item":"https:\/\/www.masandoia.com\/zh-hant\/"},{"@type":"ListItem","position":2,"name":"\u793c\u5bbe\u670d\u52a1"}]},{"@type":"WebSite","@id":"https:\/\/www.masandoia.com\/zh-hant\/#website","url":"https:\/\/www.masandoia.com\/zh-hant\/","name":"Palais Masando\u00efa","description":"Boutique h\u00f4tel d&#039;exception \u00e0 Erfoud","potentialAction":[{"@type":"SearchAction","target":{"@type":"EntryPoint","urlTemplate":"https:\/\/www.masandoia.com\/zh-hant\/?s={search_term_string}"},"query-input":{"@type":"PropertyValueSpecification","valueRequired":true,"valueName":"search_term_string"}}],"inLanguage":"zh-TW"}]}},"_links":{"self":[{"href":"https:\/\/www.masandoia.com\/zh-hant\/wp-json\/wp\/v2\/pages\/928","targetHints":{"allow":["GET"]}}],"collection":[{"href":"https:\/\/www.masandoia.com\/zh-hant\/wp-json\/wp\/v2\/pages"}],"about":[{"href":"https:\/\/www.masandoia.com\/zh-hant\/wp-json\/wp\/v2\/types\/page"}],"author":[{"embeddable":true,"href":"https:\/\/www.masandoia.com\/zh-hant\/wp-json\/wp\/v2\/users\/1"}],"replies":[{"embeddable":true,"href":"https:\/\/www.masandoia.com\/zh-hant\/wp-json\/wp\/v2\/comments?post=928"}],"version-history":[{"count":2,"href":"https:\/\/www.masandoia.com\/zh-hant\/wp-json\/wp\/v2\/pages\/928\/revisions"}],"predecessor-version":[{"id":963,"href":"https:\/\/www.masandoia.com\/zh-hant\/wp-json\/wp\/v2\/pages\/928\/revisions\/963"}],"wp:attachment":[{"href":"https:\/\/www.masandoia.com\/zh-hant\/wp-json\/wp\/v2\/media?parent=928"}],"curies":[{"name":"wp","href":"https:\/\/api.w.org\/{rel}","templated":true}]}}