{"id":932,"date":"2022-08-31T15:04:09","date_gmt":"2022-08-31T13:04:09","guid":{"rendered":"http:\/\/www.masandoia.com\/deluxe-rooms\/"},"modified":"2022-12-12T10:22:07","modified_gmt":"2022-12-12T09:22:07","slug":"deluxe-rooms","status":"publish","type":"page","link":"https:\/\/www.masandoia.com\/zh-hant\/deluxe-rooms\/","title":{"rendered":"\u8c6a\u534e\u5ba2\u623f-\u53cc\u4eba\u5927\u5e8a\u6216\u53cc\u5e8a"},"content":{"rendered":"[vc_row][vc_column width=&#8221;1\/6&#8243;][\/vc_column][vc_column width=&#8221;2\/3&#8243;][vc_row_inner][vc_column_inner width=&#8221;1\/3&#8243; css=&#8221;.vc_custom_1661951193434{margin-top: 40px !important;}&#8221;][vc_images_carousel images=&#8221;36,17,226,59,227&#8243; img_size=&#8221;full&#8221; autoplay=&#8221;yes&#8221; hide_pagination_control=&#8221;yes&#8221; wrap=&#8221;yes&#8221;][\/vc_column_inner][vc_column_inner width=&#8221;2\/3&#8243;][vc_column_text]\n<h2 style=\"text-align: center;\">\u8c6a\u534e\u5ba2\u623f-\u53cc\u4eba\u5927\u5e8a\u6216\u53cc\u5e8a<\/h2>\n[\/vc_column_text][vc_text_separator title=&#8221;Start From 220.00\u20ac \/ Night&#8221; color=&#8221;custom&#8221; border_width=&#8221;2&#8243; accent_color=&#8221;#efefef&#8221; el_class=&#8221;tarif&#8221;][\/vc_column_inner][\/vc_row_inner][vc_row_inner][vc_column_inner width=&#8221;1\/6&#8243;][vc_icon type=&#8221;material&#8221; icon_material=&#8221;vc-material vc-material-local_hotel&#8221; color=&#8221;custom&#8221; size=&#8221;xl&#8221; align=&#8221;center&#8221; custom_color=&#8221;#4b4b4b&#8221;][vc_column_text]\n<p style=\"text-align: center;\">\u5e8a\u5177\uff1a1\u5f20\u5927\u53cc\u4eba\u5e8a\u62162\u5f20\u5355\u4eba\u5e8a<\/p>\n[\/vc_column_text][\/vc_column_inner][vc_column_inner width=&#8221;1\/6&#8243;][vc_icon type=&#8221;material&#8221; icon_material=&#8221;vc-material vc-material-people&#8221; color=&#8221;custom&#8221; size=&#8221;xl&#8221; align=&#8221;center&#8221; custom_color=&#8221;#4b4b4b&#8221;][vc_column_text]\n<p style=\"text-align: center;\">\u5bb9\u7eb32\u4eba<\/p>\n[\/vc_column_text][\/vc_column_inner][vc_column_inner width=&#8221;1\/6&#8243;][vc_icon type=&#8221;material&#8221; icon_material=&#8221;vc-material vc-material-wifi&#8221; color=&#8221;custom&#8221; size=&#8221;xl&#8221; align=&#8221;center&#8221; custom_color=&#8221;#4b4b4b&#8221;][vc_column_text]\n<p style=\"text-align: center;\">WIFI<\/p>\n[\/vc_column_text][\/vc_column_inner][vc_column_inner width=&#8221;1\/6&#8243;][vc_icon type=&#8221;material&#8221; icon_material=&#8221;vc-material vc-material-home&#8221; color=&#8221;custom&#8221; size=&#8221;xl&#8221; align=&#8221;center&#8221; custom_color=&#8221;#4b4b4b&#8221;][vc_column_text]\n<p style=\"text-align: center;\">35 M\u00b2<\/p>\n[\/vc_column_text][\/vc_column_inner][vc_column_inner width=&#8221;1\/6&#8243;][vc_icon type=&#8221;material&#8221; icon_material=&#8221;vc-material vc-material-local_airport&#8221; color=&#8221;custom&#8221; size=&#8221;xl&#8221; align=&#8221;center&#8221; custom_color=&#8221;#4b4b4b&#8221;][vc_column_text]\n<p style=\"text-align: center;\">\u6839\u636e\u8981\u6c42\u63d0\u4f9b\u673a\u573a\u63a5\u9001\u670d\u52a1<\/p>\n[\/vc_column_text][\/vc_column_inner][vc_column_inner width=&#8221;1\/6&#8243;][\/vc_column_inner][\/vc_row_inner][vc_row_inner][vc_column_inner][vc_separator color=&#8221;custom&#8221; border_width=&#8221;2&#8243; accent_color=&#8221;#efefef&#8221;][vc_column_text]\n<h3>\u9a6c\u6851\u591a\u4e9a\u5bab\u9152\u5e97\uff08Palais Masando\u00efa\uff09\u5ba2\u623f<\/h3>\n<p>\u9152\u5e97\u670912\u95f4\u5ba2\u623f\u548c3\u4e2a\u5957\u95f4\u3002\u89c4\u6a21\u5c0f\uff0c\u4f46\u4e5f\u4fdd\u8bc1\u4e86\u9ad8\u5ea6\u7684\u8212\u9002\u6027\u548c\u670d\u52a1\u7684\u4e2a\u6027\u5316\u3002\u9a6c\u6851\u591a\u4e9a\u5bab\u9152\u5e97\uff08Palais Masando\u00efa\uff09\u4e0e\u4e00\u822c\u8fde\u9501\u9152\u5e97\u98ce\u683c\u8fe5\u5f02\uff0c\u5b83\u4f1a\u6309\u7167\u6bcf\u4e2a\u5ba2\u4eba\u7684\u4e2a\u6027\u5316\u9700\u6c42\u63d0\u4f9b\u91cf\u8eab\u5b9a\u5236\u7684\u670d\u52a1\u3002<\/p>\n<p>\u6211\u4eec\u7684\u6bcf\u4e2a\u5927\u623f\u95f4\uff08\u53cc\u4eba\u5927\u5e8a\u623f\u6216\u53cc\u5e8a\u623f\uff0c\u62bd\u70df\u623f\u548c\u7981\u70df\u623f\uff09\u90fd\u7ecf\u8fc7\u4e86\u7cbe\u5fc3\u5e03\u7f6e\uff0c\u4f20\u7edf\u6469\u6d1b\u54e5\u88c5\u9970\u98ce\u683c\u4e0e\u73b0\u4ee3\u8bbe\u8ba1\u5b8c\u7f8e\u5730\u878d\u4e3a\u4e00\u4f53\u3002\u6240\u6709\u623f\u95f4\u90fd\u8ba9\u4eba\u611f\u5230\u8212\u9002\u60ec\u610f\u3002\u5728\u623f\u95f4\u91cc\u4e5f\u80fd\u6574\u4e2a\u767d\u5929\u6c90\u6d74\u5728\u9633\u5149\u4e0b\u3002[\/vc_column_text][vc_btn title=&#8221;\u9884\u5b9a&#8221; style=&#8221;classic&#8221; shape=&#8221;square&#8221; align=&#8221;center&#8221; link=&#8221;url:https%3A%2F%2Fwww.secure-direct-hotel-booking.com%2Fmodule_booking_engine%2Findex.php%3Fid_etab%3D8643afd3b8468f95f9aee21c7e36c4a9%26langue%3Denglish|title:BOOK|target:%20_blank|&#8221; el_class=&#8221;custom-button&#8221;][vc_separator color=&#8221;custom&#8221; border_width=&#8221;2&#8243; accent_color=&#8221;#efefef&#8221;][\/vc_column_inner][\/vc_row_inner][vc_row_inner][vc_column_inner width=&#8221;1\/3&#8243;][vc_column_text]<strong>\u7a7a\u95f4<\/strong>[\/vc_column_text][\/vc_column_inner][vc_column_inner width=&#8221;1\/3&#8243;][vc_column_text]\u6700\u591a\u53ef\u5bb9\u7eb3: <strong>3<\/strong><br \/>\n\u6d74\u5ba4: <strong>1<\/strong><br \/>\nBedroom: <strong>1<\/strong><br \/>\n\u5367\u5ba4: <strong>1\u5f20\u5927\u53cc\u4eba\u5e8a\u6216<\/strong><br \/>\n<strong>2\u5f20\u5355\u4eba\u5e8a<\/strong>[\/vc_column_text][\/vc_column_inner][vc_column_inner width=&#8221;1\/3&#8243;][vc_column_text]\u5165\u4f4f: <strong>\u4e0b\u534802:00<\/strong><br \/>\n\u79bb\u5e97: <strong>\u4e2d\u534812:00<\/strong>[\/vc_column_text][\/vc_column_inner][\/vc_row_inner][vc_row_inner][vc_column_inner][vc_separator color=&#8221;custom&#8221; border_width=&#8221;2&#8243; accent_color=&#8221;#efefef&#8221;][\/vc_column_inner][\/vc_row_inner][vc_row_inner][vc_column_inner width=&#8221;1\/3&#8243;][vc_column_text]<strong>\u8bbe\u65bd<\/strong>[\/vc_column_text][\/vc_column_inner][vc_column_inner width=&#8221;1\/3&#8243;][vc_column_text]Wifi: <strong>\u6709<\/strong><br \/>\n\u5439\u98ce\u673a: <strong>\u6709<\/strong><br \/>\n\u7a7a\u8c03: <strong>\u6709<\/strong><br \/>\n\u5c0f\u51b0\u7bb1: <strong>\u6709<\/strong>[\/vc_column_text][\/vc_column_inner][vc_column_inner width=&#8221;1\/3&#8243;][vc_column_text]\u79c1\u4eba\u505c\u8f66\u573a: <strong>\u6709<\/strong><br \/>\n\u7535\u89c6: <strong>\u6709<\/strong><br \/>\n(\u56fd\u9645\u9891\u9053)[\/vc_column_text][\/vc_column_inner][\/vc_row_inner][vc_row_inner][vc_column_inner][vc_separator color=&#8221;custom&#8221; border_width=&#8221;2&#8243; accent_color=&#8221;#efefef&#8221;][\/vc_column_inner][\/vc_row_inner][vc_row_inner][vc_column_inner][vc_btn title=&#8221;\u9884\u5b9a&#8221; style=&#8221;classic&#8221; shape=&#8221;square&#8221; align=&#8221;center&#8221; link=&#8221;url:https%3A%2F%2Fwww.secure-direct-hotel-booking.com%2Fmodule_booking_engine%2Findex.php%3Fid_etab%3D8643afd3b8468f95f9aee21c7e36c4a9%26langue%3Denglish|title:%E9%A2%84%E5%AE%9A|target:%20_blank|&#8221; el_class=&#8221;custom-button&#8221;][vc_separator color=&#8221;custom&#8221; border_width=&#8221;2&#8243; accent_color=&#8221;#efefef&#8221;][\/vc_column_inner][\/vc_row_inner][vc_column_text]\n<h4>\u4ecb\u7ecd<\/h4>\n<p>\u60a8\u53ef\u4ee5\u5148\u4f5c\u4e00\u4e2a\u653e\u677e\u8eab\u5fc3\u7684\u84b8\u6c7d\u6d74\uff0c\u7136\u540e\u5728\u8212\u9002\u7684\u623f\u95f4\u91cc\u8d70\u4e00\u8d70\u3002\u4e0d\u8981\u5fd8\u8bb0\uff0c\u5c0f\u51b0\u7bb1\u91cc\u7684\u4e1c\u897f\u53ef\u4f9b\u60a8\u6d88\u9063\uff0c\u9152\u5e97\u8fd8\u4f1a\u63d0\u4f9b\u7684\u4e00\u7bee\u65b0\u9c9c\u6c34\u679c\u3002<\/p>\n<p>\u6bcf\u4e2a\u623f\u95f4\u90fd\u8fdb\u884c\u4e86\u9694\u97f3\u5904\u7406\uff0c\u914d\u5907\u6709\u7a7a\u8c03\u3001\u8f6f\u548c\u7684\u5e8a\u5177\u548c\u9999\u5473\u8721\u70db\uff0c\u4fdd\u8bc1\u8ba9\u60a8\u75b2\u60eb\u4e0d\u582a\u5730\u4ece\u6c99\u6f20\u5f52\u6765\u540e\uff0c\u5728\u8fd9\u91cc\u5f97\u5230\u6700\u5927\u9650\u5ea6\u7684\u653e\u677e\u3002<\/p>\n<p>\u623f\u95f4\u91cc\u8fd8\u5b89\u88c5\u4e86\u53ef\u4ee5\u76f4\u63a5\u62e8\u51fa\u7684\u7535\u8bdd\u7ebf\u3001\u514d\u8d39Wi-Fi\uff0c\u4ee5\u53ca\u53ef\u4ee5\u6536\u770b\u536b\u661f\u8282\u76ee\u7684\u5e73\u677f\u7535\u89c6\u3002<\/p>\n<p>\u6bcb\u5eb8\u7f6e\u7591\uff0c\u6d74\u5ba4\u662f\u6211\u4eec\u9152\u5e97\u6700\u6709\u540d\u7684\u7279\u8272\u3002\u6bcf\u4e2a\u6d74\u5ba4\u90fd\u7528\u4e00\u79cd\u88ab\u79f0\u4e3a\u201czellige\u201d\u7684\u6469\u6d1b\u54e5\u4f20\u7edf\u74f7\u7816\u8fdb\u884c\u8bbe\u8ba1\uff0c\u201czellige\u201d\u662f\u4e00\u79cd\u8273\u4e3d\u7684\u9a6c\u8d5b\u514b\u74f7\u7816\uff0c\u7ecf\u5e38\u88ab\u7528\u6765\u4f5c\u5ba4\u5185\u88c5\u9970\u3002\u74f7\u7816\u989c\u8272\u5206\u9a6c\u7ea6\u5c14\u84dd\u3001\u7c89\u7ea2\u3001\u9ec4\u8910\u8272\u53ca\u8bb8\u591a\u5176\u5b83\u6696\u8272\u8c03\uff0c\u6bcf\u4e2a\u6d74\u5ba4\u7684\u6c14\u6c1b\u5404\u4e0d\u76f8\u540c\uff0c\u800c\u4e14\u90fd\u914d\u5907\u6709\u6dcb\u6d74\u548c\u6c60\u6d74\u3002<\/p>\n<p>\u6bcf\u54687\u5929\uff0c\u6bcf\u5929\u4e0a\u53486:30\u523011:30\uff0c\u9152\u5e97\u90fd\u4f1a\u63d0\u4f9b\u6d17\u8863\u670d\u52a1\u548c\u5ba2\u623f\u670d\u52a1\u3002<\/p>\n[\/vc_column_text][vc_btn title=&#8221;\u9884\u5b9a&#8221; style=&#8221;classic&#8221; shape=&#8221;square&#8221; align=&#8221;center&#8221; link=&#8221;url:https%3A%2F%2Fwww.secure-direct-hotel-booking.com%2Fmodule_booking_engine%2Findex.php%3Fid_etab%3D8643afd3b8468f95f9aee21c7e36c4a9%26langue%3Denglish|title:MAKE%20A%20RESERVATION|target:%20_blank|&#8221; el_class=&#8221;custom-button&#8221;][\/vc_column][vc_column width=&#8221;1\/6&#8243;][\/vc_column][\/vc_row]\n","protected":false},"excerpt":{"rendered":"<p>[vc_row][vc_column width=&#8221;1\/6&#8243;][\/vc_column] [&hellip;]<\/p>\n","protected":false},"author":1,"featured_media":0,"parent":0,"menu_order":0,"comment_status":"closed","ping_status":"closed","template":"page-templates\/page_without-sidebar.php","meta":{"_acf_changed":false,"footnotes":""},"class_list":["post-932","page","type-page","status-publish","hentry"],"acf":[],"yoast_head":"<!-- This site is optimized with the Yoast SEO plugin v27.1.1 - https:\/\/yoast.com\/product\/yoast-seo-wordpress\/ -->\n<title>Palais Masando\u00efa | \u8c6a\u534e\u5ba2\u623f-\u53cc\u4eba\u5927\u5e8a\u6216\u53cc\u5e8a<\/title>\n<meta name=\"description\" content=\"The hotel offers twelve rooms and three suites. This small size ensures a high level of comfort and personalized treatment. Far different from the usual standardized hotel chains, the Masando\u00efa hotel offers services that are tailored to the individual needs of each guest.\" \/>\n<meta name=\"robots\" content=\"index, follow, max-snippet:-1, max-image-preview:large, max-video-preview:-1\" \/>\n<link rel=\"canonical\" href=\"https:\/\/www.masandoia.com\/zh-hant\/deluxe-rooms\/\" \/>\n<meta property=\"og:locale\" content=\"zh_TW\" \/>\n<meta property=\"og:type\" content=\"article\" \/>\n<meta property=\"og:title\" content=\"Palais Masando\u00efa | \u8c6a\u534e\u5ba2\u623f-\u53cc\u4eba\u5927\u5e8a\u6216\u53cc\u5e8a\" \/>\n<meta property=\"og:description\" content=\"The hotel offers twelve rooms and three suites. This small size ensures a high level of comfort and personalized treatment. Far different from the usual standardized hotel chains, the Masando\u00efa hotel offers services that are tailored to the individual needs of each guest.\" \/>\n<meta property=\"og:url\" content=\"https:\/\/www.masandoia.com\/zh-hant\/deluxe-rooms\/\" \/>\n<meta property=\"og:site_name\" content=\"Palais Masando\u00efa\" \/>\n<meta property=\"article:modified_time\" content=\"2022-12-12T09:22:07+00:00\" \/>\n<meta property=\"og:image\" content=\"https:\/\/www.masandoia.com\/wp-content\/uploads\/2022\/08\/hotel-palais-masandoia-chambre-deluxe-twin-ou-double.jpg\" \/>\n\t<meta property=\"og:image:width\" content=\"1140\" \/>\n\t<meta property=\"og:image:height\" content=\"757\" \/>\n\t<meta property=\"og:image:type\" content=\"image\/jpeg\" \/>\n<meta name=\"twitter:card\" content=\"summary_large_image\" \/>\n<meta name=\"twitter:label1\" content=\"\u9810\u4f30\u95b1\u8b80\u6642\u9593\" \/>\n\t<meta name=\"twitter:data1\" content=\"1 \u5206\u9418\" \/>\n<script type=\"application\/ld+json\" class=\"yoast-schema-graph\">{\"@context\":\"https:\/\/schema.org\",\"@graph\":[{\"@type\":\"WebPage\",\"@id\":\"https:\/\/www.masandoia.com\/zh-hant\/deluxe-rooms\/\",\"url\":\"https:\/\/www.masandoia.com\/zh-hant\/deluxe-rooms\/\",\"name\":\"Palais Masando\u00efa | \u8c6a\u534e\u5ba2\u623f-\u53cc\u4eba\u5927\u5e8a\u6216\u53cc\u5e8a\",\"isPartOf\":{\"@id\":\"https:\/\/www.masandoia.com\/zh-hant\/#website\"},\"datePublished\":\"2022-08-31T13:04:09+00:00\",\"dateModified\":\"2022-12-12T09:22:07+00:00\",\"description\":\"The hotel offers twelve rooms and three suites. This small size ensures a high level of comfort and personalized treatment. Far different from the usual standardized hotel chains, the Masando\u00efa hotel offers services that are tailored to the individual needs of each guest.\",\"breadcrumb\":{\"@id\":\"https:\/\/www.masandoia.com\/zh-hant\/deluxe-rooms\/#breadcrumb\"},\"inLanguage\":\"zh-TW\",\"potentialAction\":[{\"@type\":\"ReadAction\",\"target\":[\"https:\/\/www.masandoia.com\/zh-hant\/deluxe-rooms\/\"]}]},{\"@type\":\"BreadcrumbList\",\"@id\":\"https:\/\/www.masandoia.com\/zh-hant\/deluxe-rooms\/#breadcrumb\",\"itemListElement\":[{\"@type\":\"ListItem\",\"position\":1,\"name\":\"Home\",\"item\":\"https:\/\/www.masandoia.com\/zh-hant\/\"},{\"@type\":\"ListItem\",\"position\":2,\"name\":\"\u8c6a\u534e\u5ba2\u623f-\u53cc\u4eba\u5927\u5e8a\u6216\u53cc\u5e8a\"}]},{\"@type\":\"WebSite\",\"@id\":\"https:\/\/www.masandoia.com\/zh-hant\/#website\",\"url\":\"https:\/\/www.masandoia.com\/zh-hant\/\",\"name\":\"Palais Masando\u00efa\",\"description\":\"Boutique h\u00f4tel d&#039;exception \u00e0 Erfoud\",\"potentialAction\":[{\"@type\":\"SearchAction\",\"target\":{\"@type\":\"EntryPoint\",\"urlTemplate\":\"https:\/\/www.masandoia.com\/zh-hant\/?s={search_term_string}\"},\"query-input\":{\"@type\":\"PropertyValueSpecification\",\"valueRequired\":true,\"valueName\":\"search_term_string\"}}],\"inLanguage\":\"zh-TW\"}]}<\/script>\n<!-- \/ Yoast SEO plugin. -->","yoast_head_json":{"title":"Palais Masando\u00efa | \u8c6a\u534e\u5ba2\u623f-\u53cc\u4eba\u5927\u5e8a\u6216\u53cc\u5e8a","description":"The hotel offers twelve rooms and three suites. This small size ensures a high level of comfort and personalized treatment. Far different from the usual standardized hotel chains, the Masando\u00efa hotel offers services that are tailored to the individual needs of each guest.","robots":{"index":"index","follow":"follow","max-snippet":"max-snippet:-1","max-image-preview":"max-image-preview:large","max-video-preview":"max-video-preview:-1"},"canonical":"https:\/\/www.masandoia.com\/zh-hant\/deluxe-rooms\/","og_locale":"zh_TW","og_type":"article","og_title":"Palais Masando\u00efa | \u8c6a\u534e\u5ba2\u623f-\u53cc\u4eba\u5927\u5e8a\u6216\u53cc\u5e8a","og_description":"The hotel offers twelve rooms and three suites. This small size ensures a high level of comfort and personalized treatment. Far different from the usual standardized hotel chains, the Masando\u00efa hotel offers services that are tailored to the individual needs of each guest.","og_url":"https:\/\/www.masandoia.com\/zh-hant\/deluxe-rooms\/","og_site_name":"Palais Masando\u00efa","article_modified_time":"2022-12-12T09:22:07+00:00","og_image":[{"width":1140,"height":757,"url":"https:\/\/www.masandoia.com\/wp-content\/uploads\/2022\/08\/hotel-palais-masandoia-chambre-deluxe-twin-ou-double.jpg","type":"image\/jpeg"}],"twitter_card":"summary_large_image","twitter_misc":{"\u9810\u4f30\u95b1\u8b80\u6642\u9593":"1 \u5206\u9418"},"schema":{"@context":"https:\/\/schema.org","@graph":[{"@type":"WebPage","@id":"https:\/\/www.masandoia.com\/zh-hant\/deluxe-rooms\/","url":"https:\/\/www.masandoia.com\/zh-hant\/deluxe-rooms\/","name":"Palais Masando\u00efa | \u8c6a\u534e\u5ba2\u623f-\u53cc\u4eba\u5927\u5e8a\u6216\u53cc\u5e8a","isPartOf":{"@id":"https:\/\/www.masandoia.com\/zh-hant\/#website"},"datePublished":"2022-08-31T13:04:09+00:00","dateModified":"2022-12-12T09:22:07+00:00","description":"The hotel offers twelve rooms and three suites. This small size ensures a high level of comfort and personalized treatment. Far different from the usual standardized hotel chains, the Masando\u00efa hotel offers services that are tailored to the individual needs of each guest.","breadcrumb":{"@id":"https:\/\/www.masandoia.com\/zh-hant\/deluxe-rooms\/#breadcrumb"},"inLanguage":"zh-TW","potentialAction":[{"@type":"ReadAction","target":["https:\/\/www.masandoia.com\/zh-hant\/deluxe-rooms\/"]}]},{"@type":"BreadcrumbList","@id":"https:\/\/www.masandoia.com\/zh-hant\/deluxe-rooms\/#breadcrumb","itemListElement":[{"@type":"ListItem","position":1,"name":"Home","item":"https:\/\/www.masandoia.com\/zh-hant\/"},{"@type":"ListItem","position":2,"name":"\u8c6a\u534e\u5ba2\u623f-\u53cc\u4eba\u5927\u5e8a\u6216\u53cc\u5e8a"}]},{"@type":"WebSite","@id":"https:\/\/www.masandoia.com\/zh-hant\/#website","url":"https:\/\/www.masandoia.com\/zh-hant\/","name":"Palais Masando\u00efa","description":"Boutique h\u00f4tel d&#039;exception \u00e0 Erfoud","potentialAction":[{"@type":"SearchAction","target":{"@type":"EntryPoint","urlTemplate":"https:\/\/www.masandoia.com\/zh-hant\/?s={search_term_string}"},"query-input":{"@type":"PropertyValueSpecification","valueRequired":true,"valueName":"search_term_string"}}],"inLanguage":"zh-TW"}]}},"_links":{"self":[{"href":"https:\/\/www.masandoia.com\/zh-hant\/wp-json\/wp\/v2\/pages\/932","targetHints":{"allow":["GET"]}}],"collection":[{"href":"https:\/\/www.masandoia.com\/zh-hant\/wp-json\/wp\/v2\/pages"}],"about":[{"href":"https:\/\/www.masandoia.com\/zh-hant\/wp-json\/wp\/v2\/types\/page"}],"author":[{"embeddable":true,"href":"https:\/\/www.masandoia.com\/zh-hant\/wp-json\/wp\/v2\/users\/1"}],"replies":[{"embeddable":true,"href":"https:\/\/www.masandoia.com\/zh-hant\/wp-json\/wp\/v2\/comments?post=932"}],"version-history":[{"count":2,"href":"https:\/\/www.masandoia.com\/zh-hant\/wp-json\/wp\/v2\/pages\/932\/revisions"}],"predecessor-version":[{"id":981,"href":"https:\/\/www.masandoia.com\/zh-hant\/wp-json\/wp\/v2\/pages\/932\/revisions\/981"}],"wp:attachment":[{"href":"https:\/\/www.masandoia.com\/zh-hant\/wp-json\/wp\/v2\/media?parent=932"}],"curies":[{"name":"wp","href":"https:\/\/api.w.org\/{rel}","templated":true}]}}