{"id":941,"date":"2022-08-30T17:16:31","date_gmt":"2022-08-30T15:16:31","guid":{"rendered":"http:\/\/www.masandoia.com\/bar-and-restaurant\/"},"modified":"2022-09-07T15:00:11","modified_gmt":"2022-09-07T13:00:11","slug":"bar-and-restaurant","status":"publish","type":"page","link":"https:\/\/www.masandoia.com\/zh-hant\/bar-and-restaurant\/","title":{"rendered":"\u9152\u5427&#038; \u9910\u9986"},"content":{"rendered":"[vc_row][vc_column width=&#8221;1\/6&#8243;][\/vc_column][vc_column width=&#8221;2\/3&#8243; css=&#8221;.vc_custom_1662555607279{margin-top: 40px !important;}&#8221;][vc_row_inner][vc_column_inner width=&#8221;1\/3&#8243; css=&#8221;.vc_custom_1661955704795{margin-top: 40px !important;}&#8221;][vc_images_carousel images=&#8221;254,255,256,257&#8243; img_size=&#8221;full&#8221; autoplay=&#8221;yes&#8221; wrap=&#8221;yes&#8221;][\/vc_column_inner][vc_column_inner width=&#8221;2\/3&#8243;][vc_column_text]\u827a\u672f\u5bb6\u9152\u5427\u7684\u88c5\u4fee\u98ce\u683c\u5145\u6ee1\u4e86\u7f8e\u56fd\u8001\u7535\u5f71\u7684\u6000\u65e7\u6c1b\u56f4\u3002\u5982\u679c\u60a8\u60f3\u8c08\u8c08\u81ea\u5df1\u6700\u8fd1\u7684\u6c99\u6f20\u63a2\u9669\u7ecf\u5386\uff0c\u8fd9\u91cc\u4f1a\u662f\u4e00\u4e2a\u7edd\u4f73\u53bb\u5904\u3002\u9152\u5427\u88ab\u5206\u4e3a\u4e09\u4e2a\u4e0d\u540c\u7684\u533a\u57df\uff0c\u6bcf\u4e2a\u533a\u57df\u6726\u80e7\u7684\u706f\u5149\u6563\u53d1\u7740\u5176\u7279\u6709\u7684\u9759\u8c27\u6c1b\u56f4\u3002\u60a8\u53ef\u4ee5\u5750\u5728\u58c1\u7089\u65c1\u4eab\u53d7\u8d34\u5fc3\u5b89\u9038\u7684\u665a\u9910\uff0c\u5728\u5427\u53f0\u54c1\u5473\u6e05\u723d\u63d0\u795e\u7684\u9e21\u5c3e\u9152\uff0c\u6b23\u8d4f\u6781\u5176\u7cbe\u7f8e\u7684\u73bb\u7483\u6a71\u67dc\uff0c\u6216\u8005\u56f4\u5750\u5728\u6f02\u4eae\u7684\u91d1\u8272\u53f0\u684c\u65c1\u4e0e\u670b\u53cb\u4e00\u8d77\u6d88\u78e8\u65f6\u5149\u3002<\/p>\n<p>\u827a\u672f\u5bb6\u9152\u5427\u662f\u9a6c\u6851\u591a\u4e9a\u5bab\u9152\u5e97\u987e\u5ba2\u975e\u5e38\u949f\u7231\u7684\u5730\u65b9\uff0c\u4e5f\u662f\u987e\u5ba2\u4e0d\u5f97\u4e0d\u53bb\u7684\u7279\u8272\u573a\u6240\u3002\u8fd9\u91cc\u9664\u4e86\u79cd\u7c7b\u7e41\u591a\u7684\u7ea2\u9152\uff08\u5176\u4e2d\u5305\u62ec\u6765\u6cd5\u56fd\u3001\u897f\u73ed\u7259\u548c\u6469\u6d1b\u54e5\u7684\u7ea2\u9152\uff09\uff0c\u8fd8\u4f9b\u5e94\u5564\u9152\u3001\u70c8\u9152\uff0c\u4ee5\u53ca\u7528\u672c\u5730\u6c34\u679c\u917f\u5236\u7684\u9e21\u5c3e\u9152\uff08\u6709\u7684\u542b\u9152\u7cbe\uff0c\u6709\u7684\u4e0d\u542b\uff09\u3002<\/p>\n<p>\u7ecf\u8fc7\u4e00\u5929\u7684\u6c99\u6f20\u63a2\u7d22\uff0c\u5148\u6d17\u4e00\u4e2a\u84b8\u6c7d\u6d74\u6d88\u9664\u75b2\u60eb\uff0c\u968f\u540e\u60a8\u53ef\u4ee5\u9760\u5750\u5728\u8212\u9002\u7684\u7ea2\u6c99\u53d1\u4e0a\uff0c\u624b\u4e2d\u62ff\u4e00\u676f\u9999\u69df\u6216\u83ab\u5409\u6258\uff08mojito\uff09\u6d45\u555c\u6162\u996e\uff0c\u8033\u8fb9\u98d8\u8361\u7740\u8212\u7f13\u7684\u7235\u58eb\u4e50\u66f2\uff0c\u8212\u5fc3\u800c\u60ec\u610f\u3002[\/vc_column_text][\/vc_column_inner][\/vc_row_inner][\/vc_column][vc_column width=&#8221;1\/6&#8243;][\/vc_column][\/vc_row][vc_row full_width=&#8221;stretch_row&#8221; css=&#8221;.vc_custom_1662454227784{margin-bottom: 0px !important;padding-top: 40px !important;background-color: #efefef !important;}&#8221;][vc_column width=&#8221;1\/6&#8243;][\/vc_column][vc_column width=&#8221;2\/3&#8243; css=&#8221;.vc_custom_1662454253303{margin-bottom: 0px !important;}&#8221;][vc_images_carousel images=&#8221;258,259,260,261,262,263&#8243; img_size=&#8221;full&#8221; autoplay=&#8221;yes&#8221; wrap=&#8221;yes&#8221;][vc_column_text]\n<h2>\u9a6c\u6851\u591a\u4e9a\u5bab\u9152\u5e97\u9910\u5385\u4e3b\u8425\u81ea\u5236\u83dc\u80b4\uff0c\u4e5f\u53ef\u4ee5\u8ba2\u505a\u6469\u6d1b\u54e5\u83dc\u80b4\u3002<\/h2>\n[\/vc_column_text][vc_row_inner css=&#8221;.vc_custom_1662454319368{margin-bottom: 0px !important;}&#8221;][vc_column_inner width=&#8221;1\/3&#8243;][vc_column_text]\u9910\u5385\u4e3b\u8425\u81ea\u5236\u6469\u6d1b\u54e5\u83dc\uff0c\u4e5f\u63d0\u4f9b\u6309\u5355\u5b9a\u5236\u670d\u52a1\u3002<\/p>\n<p>\u6bcf\u9053\u83dc\u90fd\u662f\u7528\u6bcf\u5929\u4ece\u4f0a\u5c14\u5bcc\u5fb7\u5e02\u573a\u7cbe\u5fc3\u6311\u9009\u7684\u5f53\u5730\u7279\u4ea7\u70f9\u5236\u800c\u6210\u3002\u6211\u4eec\u7684\u83dc\u5355\u4e5f\u4e0e\u4f17\u4e0d\u540c\uff0c\u65e2\u6709\u4f20\u7edf\u83dc\u80b4\u7279\u8272\uff0c\u53c8\u878d\u5408\u4e86\u5f02\u56fd\u98ce\u5473\u3002\u7f8e\u98df\u662f\u6469\u6d1b\u54e5\u6587\u5316\u91cd\u8981\u7684\u7ec4\u6210\u90e8\u5206\uff0c\u65e2\u8868\u8fbe\u4e86\u70ed\u60c5\u597d\u5ba2\u7684\u6001\u5ea6\uff0c\u53c8\u5f70\u663e\u4e86\u5bf9\u751f\u6d3b\u7684\u70ed\u7231\uff0c\u8fd9\u4e5f\u662f\u6469\u6d1b\u54e5\u4ee4\u4eba\u60ca\u5947\u7684\u9b45\u529b\u6240\u5728\u3002<\/p>\n<p>\u6bcf\u5929\u6e05\u6668\uff0c\u60a8\u53ef\u4ee5\u4eab\u53d7\u7f8e\u5999\u82ac\u82b3\u8584\u8377\u8336\u548c\u9999\u751c\u65b0\u9c9c\u7684\u6469\u6d1b\u54e5\u4f20\u7edf\u53ef\u4e3d\u997c\uff08\u5c0f\u5706\u997c, \u65b9\u714e\u997c\uff09\uff0c\u60a8\u8fd8\u53ef\u4ee5\u7ed9\u81ea\u5df1\u70b9\u4e00\u4efd\u7cbe\u81f4\u7684\u70b9\u5fc3\u3001\u52fe\u4eba\u98df\u6b32\u7684\u86cb\u7cd5\uff0c\u6216\u8005\u672c\u5e97\u65b0\u9c9c\u51fa\u7089\u7684\u739b\u5fb7\u7433\u751c\u70b9\uff0c\u518d\u914d\u4e00\u4efd\u7092\u86cb\u3001\u9c9c\u69a8\u6a58\u6c41\u6216\u5496\u5561\u3002[\/vc_column_text][\/vc_column_inner][vc_column_inner width=&#8221;1\/3&#8243;][vc_column_text]\u5982\u679c\u60a8\u559c\u6b22\u4f11\u95f2\u6c1b\u56f4\uff0c\u60a8\u53ef\u4ee5\u53bb\u56fe\u963f\u96f7\u683c\u6c99\u9f99\uff08Salon Touareg\uff09\u3002\u8fd9\u91cc\u4e5f\u4f9b\u5e94\u8584\u8377\u8336\u548c\u7279\u8272\u7cd5\u70b9\u3002<\/p>\n<p>\u6211\u4eec\u6bcf\u5929\u90fd\u73b0\u573a\u5236\u4f5c\u9762\u5305\u548c\u70b9\u5fc3\u3002<\/p>\n<p>\u6211\u4eec\u7684\u4e3b\u83dc\u5355\u65e2\u5305\u542b\u8457\u540d\u7684\u6469\u6d1b\u54e5\u83dc\uff0c\u4e5f\u6709\u72ec\u5bb6\u79d8\u5236\u83dc\u80b4\u3002\u6839\u636e\u5e02\u573a\u98df\u6750\u4f9b\u5e94\u60c5\u51b5\uff0c\u6bcf\u5929\u90fd\u6709\u53d8\u5316\u3002\u6211\u4eec\u63d0\u4f9b\u7116\u7f8a\u8089\uff08tajine\uff09\u3001\u53e4\u65af\u53e4\u65af\u996d\uff08couscous\uff09\u3001\u70e4\u8089\u4e32\u548c\u5df4\u65af\u63d0\u62c9\u997c\uff08pastillas\uff09\u7b49\u4f20\u7edf\u6469\u6d1b\u54e5\u83dc\uff0c\u540c\u65f6\u4e5f\u6709harira\u6d53\u6c64\uff08\u658b\u6708\u671f\u95f4\u98df\u7528\u7684\u4e00\u79cd\u4f20\u7edf\u6c64\u7fb9\uff09\u3001medfouna\u62ab\u8428 \uff08\u4e00\u79cd\u67cf\u67cf\u5c14\u62ab\u8428\uff09\u7b49\u672c\u5730\u996e\u98df\u53ca\u5176\u4ed6\u5f02\u57df\u7f8e\u98df\u3002[\/vc_column_text][\/vc_column_inner][vc_column_inner width=&#8221;1\/3&#8243;][vc_column_text]\u9910\u5385\u8fd8\u914d\u5907\u4e86\u4f20\u7edf\u7684\u6728\u67f4\u70e4\u7089\uff0c\u7528\u4e8e\u5236\u4f5c\u6709\u540d\u7684\u70e4\u5168\u7f8a\uff08\u70e4\u7ef5\u7f8a\u6216\u7f94\u7f8a\uff09\u3002\u5403\u70e4\u5168\u7f8a\u9700\u8981\u63d0\u524d\u9884\u7ea6\u8ba2\u5236\u3002<\/p>\n<p>\u5bf9\u4e8e\u56e2\u4f53\u665a\u5bb4\uff08\u4e3a\u9664\u5915\u3001\u5c55\u4f1a\u3001\u7814\u8ba8\u4f1a\u3001\u7535\u5f71\u62cd\u6444\u3001\u751f\u65e5\u6d3e\u5bf9\u7b49\u4e3e\u529e\u7684\u665a\u5bb4\uff09\uff0c\u9910\u5385\u901a\u5e38\u90fd\u4f1a\u5236\u8ba2\u4e3b\u9898\u83dc\u5355\u3002\u6211\u4eec\u4e5f\u6b22\u8fce\u60a8\u63d0\u51fa\u7279\u6b8a\u8981\u6c42\uff08\u7261\u86ce\u3001\u9e45\u809d\u3001\u5bff\u53f8\u7b49\uff09\u3002<\/p>\n<p>\u6211\u4eec\u7684\u53a8\u5e08\u4f1a\u6ee1\u8db3\u60a8\u63d0\u51fa\u7684\u5404\u79cd\u996e\u98df\u8981\u6c42\u3002\u6211\u4eec\u4e5f\u53ef\u4ee5\u4e3a\u7d20\u98df\u4e3b\u4e49\u8005\uff0c\u5305\u62ec\u4e25\u683c\u610f\u4e49\u7684\u7d20\u98df\u4e3b\u4e49\u8005\u63d0\u4f9b\u670d\u52a1\uff0c\u751a\u81f3\u63d0\u4f9b\u5f02\u56fd\u83dc\u80b4\u3002[\/vc_column_text][\/vc_column_inner][\/vc_row_inner][\/vc_column][vc_column width=&#8221;1\/6&#8243;][\/vc_column][\/vc_row]\n","protected":false},"excerpt":{"rendered":"<p>[vc_row][vc_column width=&#8221;1\/6&#8243;][\/vc_column] [&hellip;]<\/p>\n","protected":false},"author":1,"featured_media":0,"parent":0,"menu_order":0,"comment_status":"closed","ping_status":"closed","template":"page-templates\/page_without-sidebar.php","meta":{"_acf_changed":false,"footnotes":""},"class_list":["post-941","page","type-page","status-publish","hentry"],"acf":[],"yoast_head":"<!-- This site is optimized with the Yoast SEO plugin v27.1.1 - https:\/\/yoast.com\/product\/yoast-seo-wordpress\/ -->\n<title>Palais Masando\u00efa | \u9152\u5427&amp; \u9910\u9986<\/title>\n<meta name=\"description\" content=\"Masando\u00efa Restaurant highlights homemade and custom-made Moroccan cuisine.\" \/>\n<meta name=\"robots\" content=\"index, follow, max-snippet:-1, max-image-preview:large, max-video-preview:-1\" \/>\n<link rel=\"canonical\" href=\"https:\/\/www.masandoia.com\/zh-hant\/bar-and-restaurant\/\" \/>\n<meta property=\"og:locale\" content=\"zh_TW\" \/>\n<meta property=\"og:type\" content=\"article\" \/>\n<meta property=\"og:title\" content=\"Palais Masando\u00efa | \u9152\u5427&amp; \u9910\u9986\" \/>\n<meta property=\"og:description\" content=\"Masando\u00efa Restaurant highlights homemade and custom-made Moroccan cuisine.\" \/>\n<meta property=\"og:url\" content=\"https:\/\/www.masandoia.com\/zh-hant\/bar-and-restaurant\/\" \/>\n<meta property=\"og:site_name\" content=\"Palais Masando\u00efa\" \/>\n<meta property=\"article:modified_time\" content=\"2022-09-07T13:00:11+00:00\" \/>\n<meta property=\"og:image\" content=\"https:\/\/www.masandoia.com\/wp-content\/uploads\/2022\/08\/hotel-palais-masandoia-chambre-deluxe-twin-ou-double-700x400-1.jpg\" \/>\n\t<meta property=\"og:image:width\" content=\"1600\" \/>\n\t<meta property=\"og:image:height\" content=\"700\" \/>\n\t<meta property=\"og:image:type\" content=\"image\/jpeg\" \/>\n<meta name=\"twitter:card\" content=\"summary_large_image\" \/>\n<meta name=\"twitter:label1\" content=\"\u9810\u4f30\u95b1\u8b80\u6642\u9593\" \/>\n\t<meta name=\"twitter:data1\" content=\"1 \u5206\u9418\" \/>\n<script type=\"application\/ld+json\" class=\"yoast-schema-graph\">{\"@context\":\"https:\/\/schema.org\",\"@graph\":[{\"@type\":\"WebPage\",\"@id\":\"https:\/\/www.masandoia.com\/zh-hant\/bar-and-restaurant\/\",\"url\":\"https:\/\/www.masandoia.com\/zh-hant\/bar-and-restaurant\/\",\"name\":\"Palais Masando\u00efa | \u9152\u5427& \u9910\u9986\",\"isPartOf\":{\"@id\":\"https:\/\/www.masandoia.com\/zh-hant\/#website\"},\"datePublished\":\"2022-08-30T15:16:31+00:00\",\"dateModified\":\"2022-09-07T13:00:11+00:00\",\"description\":\"Masando\u00efa Restaurant highlights homemade and custom-made Moroccan cuisine.\",\"breadcrumb\":{\"@id\":\"https:\/\/www.masandoia.com\/zh-hant\/bar-and-restaurant\/#breadcrumb\"},\"inLanguage\":\"zh-TW\",\"potentialAction\":[{\"@type\":\"ReadAction\",\"target\":[\"https:\/\/www.masandoia.com\/zh-hant\/bar-and-restaurant\/\"]}]},{\"@type\":\"BreadcrumbList\",\"@id\":\"https:\/\/www.masandoia.com\/zh-hant\/bar-and-restaurant\/#breadcrumb\",\"itemListElement\":[{\"@type\":\"ListItem\",\"position\":1,\"name\":\"Home\",\"item\":\"https:\/\/www.masandoia.com\/zh-hant\/\"},{\"@type\":\"ListItem\",\"position\":2,\"name\":\"\u9152\u5427&#038; \u9910\u9986\"}]},{\"@type\":\"WebSite\",\"@id\":\"https:\/\/www.masandoia.com\/zh-hant\/#website\",\"url\":\"https:\/\/www.masandoia.com\/zh-hant\/\",\"name\":\"Palais Masando\u00efa\",\"description\":\"Boutique h\u00f4tel d&#039;exception \u00e0 Erfoud\",\"potentialAction\":[{\"@type\":\"SearchAction\",\"target\":{\"@type\":\"EntryPoint\",\"urlTemplate\":\"https:\/\/www.masandoia.com\/zh-hant\/?s={search_term_string}\"},\"query-input\":{\"@type\":\"PropertyValueSpecification\",\"valueRequired\":true,\"valueName\":\"search_term_string\"}}],\"inLanguage\":\"zh-TW\"}]}<\/script>\n<!-- \/ Yoast SEO plugin. -->","yoast_head_json":{"title":"Palais Masando\u00efa | \u9152\u5427& \u9910\u9986","description":"Masando\u00efa Restaurant highlights homemade and custom-made Moroccan cuisine.","robots":{"index":"index","follow":"follow","max-snippet":"max-snippet:-1","max-image-preview":"max-image-preview:large","max-video-preview":"max-video-preview:-1"},"canonical":"https:\/\/www.masandoia.com\/zh-hant\/bar-and-restaurant\/","og_locale":"zh_TW","og_type":"article","og_title":"Palais Masando\u00efa | \u9152\u5427& \u9910\u9986","og_description":"Masando\u00efa Restaurant highlights homemade and custom-made Moroccan cuisine.","og_url":"https:\/\/www.masandoia.com\/zh-hant\/bar-and-restaurant\/","og_site_name":"Palais Masando\u00efa","article_modified_time":"2022-09-07T13:00:11+00:00","og_image":[{"width":1600,"height":700,"url":"https:\/\/www.masandoia.com\/wp-content\/uploads\/2022\/08\/hotel-palais-masandoia-chambre-deluxe-twin-ou-double-700x400-1.jpg","type":"image\/jpeg"}],"twitter_card":"summary_large_image","twitter_misc":{"\u9810\u4f30\u95b1\u8b80\u6642\u9593":"1 \u5206\u9418"},"schema":{"@context":"https:\/\/schema.org","@graph":[{"@type":"WebPage","@id":"https:\/\/www.masandoia.com\/zh-hant\/bar-and-restaurant\/","url":"https:\/\/www.masandoia.com\/zh-hant\/bar-and-restaurant\/","name":"Palais Masando\u00efa | \u9152\u5427& \u9910\u9986","isPartOf":{"@id":"https:\/\/www.masandoia.com\/zh-hant\/#website"},"datePublished":"2022-08-30T15:16:31+00:00","dateModified":"2022-09-07T13:00:11+00:00","description":"Masando\u00efa Restaurant highlights homemade and custom-made Moroccan cuisine.","breadcrumb":{"@id":"https:\/\/www.masandoia.com\/zh-hant\/bar-and-restaurant\/#breadcrumb"},"inLanguage":"zh-TW","potentialAction":[{"@type":"ReadAction","target":["https:\/\/www.masandoia.com\/zh-hant\/bar-and-restaurant\/"]}]},{"@type":"BreadcrumbList","@id":"https:\/\/www.masandoia.com\/zh-hant\/bar-and-restaurant\/#breadcrumb","itemListElement":[{"@type":"ListItem","position":1,"name":"Home","item":"https:\/\/www.masandoia.com\/zh-hant\/"},{"@type":"ListItem","position":2,"name":"\u9152\u5427&#038; \u9910\u9986"}]},{"@type":"WebSite","@id":"https:\/\/www.masandoia.com\/zh-hant\/#website","url":"https:\/\/www.masandoia.com\/zh-hant\/","name":"Palais Masando\u00efa","description":"Boutique h\u00f4tel d&#039;exception \u00e0 Erfoud","potentialAction":[{"@type":"SearchAction","target":{"@type":"EntryPoint","urlTemplate":"https:\/\/www.masandoia.com\/zh-hant\/?s={search_term_string}"},"query-input":{"@type":"PropertyValueSpecification","valueRequired":true,"valueName":"search_term_string"}}],"inLanguage":"zh-TW"}]}},"_links":{"self":[{"href":"https:\/\/www.masandoia.com\/zh-hant\/wp-json\/wp\/v2\/pages\/941","targetHints":{"allow":["GET"]}}],"collection":[{"href":"https:\/\/www.masandoia.com\/zh-hant\/wp-json\/wp\/v2\/pages"}],"about":[{"href":"https:\/\/www.masandoia.com\/zh-hant\/wp-json\/wp\/v2\/types\/page"}],"author":[{"embeddable":true,"href":"https:\/\/www.masandoia.com\/zh-hant\/wp-json\/wp\/v2\/users\/1"}],"replies":[{"embeddable":true,"href":"https:\/\/www.masandoia.com\/zh-hant\/wp-json\/wp\/v2\/comments?post=941"}],"version-history":[{"count":2,"href":"https:\/\/www.masandoia.com\/zh-hant\/wp-json\/wp\/v2\/pages\/941\/revisions"}],"predecessor-version":[{"id":946,"href":"https:\/\/www.masandoia.com\/zh-hant\/wp-json\/wp\/v2\/pages\/941\/revisions\/946"}],"wp:attachment":[{"href":"https:\/\/www.masandoia.com\/zh-hant\/wp-json\/wp\/v2\/media?parent=941"}],"curies":[{"name":"wp","href":"https:\/\/api.w.org\/{rel}","templated":true}]}}