{"id":951,"date":"2022-08-30T17:16:05","date_gmt":"2022-08-30T15:16:05","guid":{"rendered":"http:\/\/www.masandoia.com\/your-event\/"},"modified":"2022-09-07T15:54:26","modified_gmt":"2022-09-07T13:54:26","slug":"your-event","status":"publish","type":"page","link":"https:\/\/www.masandoia.com\/zh-hant\/your-event\/","title":{"rendered":"\u5305\u7528\u9152\u5e97\u548c\u4e2a\u6027\u5316\u6d3b\u52a8"},"content":{"rendered":"[vc_row][vc_column width=&#8221;1\/6&#8243;][\/vc_column][vc_column width=&#8221;2\/3&#8243;][vc_column_text]\n<h2 style=\"text-align: center;\">\u9152\u5e97\u53ef\u6839\u636e\u5ba2\u6237\u9700\u6c42\u8fdb\u884c\u6539\u88c5\u6539\u9020\u4ee5\u4fbf\u5176\u7ec4\u7ec7\u76f8\u5173\u6d3b\u52a8<\/h2>\n[\/vc_column_text][\/vc_column][vc_column width=&#8221;1\/6&#8243;][\/vc_column][\/vc_row][vc_row][vc_column width=&#8221;1\/6&#8243;][\/vc_column][vc_column width=&#8221;2\/3&#8243;][vc_row_inner][vc_column_inner width=&#8221;1\/2&#8243;][vc_column_text]\u65e0\u8bba\u662f\u4ec0\u4e48\u6d3b\u52a8\uff0c\u9a6c\u6851\u591a\u4e9a\u5bab\u9152\u5e97\u90fd\u53ef\u4ee5\u6309\u7167\u60a8\u7684\u60f3\u6cd5\u8fdb\u884c\u6539\u88c5\u6539\u9020\uff0c\u4e3a\u60a8\u63d0\u4f9b\u4e2a\u6027\u5316\u670d\u52a1\u3002<\/p>\n<p>\u4f8b\u5982\uff0c\u524d\u51e0\u5e74\uff0c\u5728\u9152\u5e97\u5c31\u62cd\u6444\u8fc7\u597d\u591a\u90e8\u7535\u5f71\u3002<\/p>\n<p>2014\u5e743\u6708\u52304\u6708\uff0c\u9152\u5e97\u63a5\u5f85\u4e86\u7535\u5f71\u300a\u767d\u9a91\u58eb\u300b\uff08White Knights\uff09\u6444\u5236\u7ec4\uff0c\u5bfc\u6f14\u4e3aJoachim Lafosse\u3002\u5f53\u65f6\uff0c\u9152\u5e97\u6574\u4f53\u51fa\u79df\uff0c\u4ee5\u4fdd\u8bc1\u6f14\u5458Vincent Lindon\u3001Louise Bourgoing\u3001 Valerie Donzelli \u4ee5\u53ca\u5176\u4ed6\u6444\u5236\u7ec4\u6210\u5458\u5728\u8fd9\u91cc\u5ea6\u8fc7\u4e00\u6bb5\u6e05\u51c0\u53c8\u79c1\u5bc6\u7684\u65f6\u5149\u3002<\/p>\n<p>\u968f\u540e\u4ecd\u662f\u5728\u540c\u5e74\uff0c\u9152\u5e97\u63a5\u5f85\u4e86\u300a\u963f\u62c9\u4e01\u4e0e\u795e\u706f\u300b\uff08Adventures of Aladin\uff09\u6444\u5236\u7ec4\u3002\u7535\u5f71\u7684\u4e3b\u6f14Kev Adams\u3001\u5bfc\u6f14Arthur Bensaquen\u548c\u5236\u7247\u4eba\u4e00\u8d77\u5728\u9152\u5e97\u5f85\u4e86\u4e00\u5468\uff0c\u98df\u5bbf\u5747\u5728\u9152\u5e97\u3002<\/p>\n<p>2015\u5e746\u6708\uff0c\u9152\u5e97\u63a5\u5f85\u4e86\u7f8e\u56fd\u7535\u5f71\u300a\u6bd4\u5229.\u6797\u6069\u7684\u4e2d\u573a\u6218\u4e8b\u300b\uff08 Billy Lynn\u2019s Long Halftime Walk\uff09\u6444\u5236\u7ec4\u3002\u8be5\u7535\u5f71\u5bfc\u6f14\u3001\u5965\u65af\u5361\u83b7\u5f97\u8005\u674e\u5b89\u548c\u5305\u62ecVin Diesel\u5728\u5185\u7684\u6f14\u5458l\u4ee5\u53ca\u5236\u7247\u4ebaSony\u5728\u9152\u5e97\u5446\u4e86\u4e24\u5468\u3002<\/p>\n<p>\u6700\u8fd1\u4e00\u6b21\uff0c\u662f2016\u5e745\u6708\uff0c\u7531Charlotte Gainsbourg\u4e3b\u6f14\u7684\u6cd5\u56fd\u7535\u5f71\u300a\u7ae5\u5e74\u7684\u627f\u8bfa\u300b\uff08La promesse de l\u2019aube\uff09\u5728\u9152\u5e97\u62cd\u6444\u3002\u9152\u5e97\u6574\u4f53\u51fa\u79df\u4e86\u4e00\u5468\u3002<\/p>\n<p>\u73b0\u5728\uff0c\u6211\u4eec\u5df2\u7ecf\u4e60\u60ef\u4e86\u4e0e\u5236\u7247\u516c\u53f8\u8fdb\u884c\u5408\u4f5c\uff0c\u4fdd\u8bc1\u63d0\u4f9b\u5230\u4f4d\u7684\u540e\u52e4\u670d\u52a1\uff0c\u6ee1\u8db3\u6f14\u5458\u548c\u6444\u5236\u7ec4\u4eba\u5458\u7684\u9700\u6c42\u3002<\/p>\n<p><strong>\u6bcf\u6b21\u627f\u63a5\u8fd9\u7c7b\u6d3b\u52a8\uff0c\u9a6c\u6851\u591a\u4e9a\u5bab\u9152\u5e97\u53ca\u5176\u56e2\u961f\u90fd\u4f1a\u5c06\u5176\u89c6\u4e3a\u4e00\u6b21\u5c55\u793a\u81ea\u5df1\u521b\u9020\u529b\u548c\u7075\u6d3b\u6027\u7684\u673a\u4f1a\u3002<\/strong>[\/vc_column_text][\/vc_column_inner][vc_column_inner width=&#8221;1\/2&#8243; css=&#8221;.vc_custom_1661959349031{margin-top: 40px !important;}&#8221;][vc_images_carousel images=&#8221;280,281,282,283&#8243; img_size=&#8221;full&#8221; onclick=&#8221;link_no&#8221; mode=&#8221;vertical&#8221; speed=&#8221;3000&#8243; autoplay=&#8221;yes&#8221; hide_pagination_control=&#8221;yes&#8221; wrap=&#8221;yes&#8221;][\/vc_column_inner][\/vc_row_inner][vc_btn title=&#8221;\u7ec4\u7ec7\u60a8\u7684\u6d3b\u52a8&#8221; style=&#8221;classic&#8221; shape=&#8221;square&#8221; align=&#8221;center&#8221; link=&#8221;url:http%3A%2F%2Fwww.masandoia.com%2Fzh-hant%2Fcontact-us%2F|title:Organize%20your%20event||&#8221; el_class=&#8221;custom-button&#8221;][\/vc_column][vc_column width=&#8221;1\/6&#8243;][\/vc_column][\/vc_row][vc_row full_width=&#8221;stretch_row&#8221; css=&#8221;.vc_custom_1661958980175{background-color: #efefef !important;}&#8221;][vc_column width=&#8221;1\/6&#8243;][\/vc_column][vc_column width=&#8221;2\/3&#8243;][vc_column_text]\n<h2>\u9a6c\u6851\u591a\u4e9a\u5bab\u9152\u5e97\u5de5\u4f5c\u56e2\u961f\u63d0\u4f9b\u7684\u670d\u52a1\u9879\u76ee<\/h2>\n[\/vc_column_text][vc_row_inner][vc_column_inner width=&#8221;1\/2&#8243;][vc_column_text]\n<h4>\u653e\u6620\u5ba4<\/h4>\n<p>2015\u5e74\uff0c\u5728\u7535\u5f71\u300a\u6bd4\u5229.\u6797\u6069\u7684\u4e2d\u573a\u6218\u4e8b\u300b\u62cd\u6444\u671f\u95f4\uff0c\u9152\u5e97\u6e38\u6cf3\u6c60\u88ab\u6539\u9020\u6210\u4e86\u653e\u6620\u5ba4\uff0c\u5236\u7247\u4eba\u4eec\u53ef\u4ee5\u5728\u8fd9\u91cc\u89c2\u770b\u524d\u4e00\u5929\u62cd\u6444\u7684\u573a\u666f\u3002<\/p>\n<p>&nbsp;<\/p>\n<h4>\u5065\u8eab\u623f<\/h4>\n<p>\u6b64\u95f4\uff0cSPA\u6c34\u7597\u573a\u6240\u4e5f\u88ab\u6539\u9020\u6210\u4e86\u5065\u8eab\u623f\u3002\u5e94\u62cd\u6444\u56e2\u961f\uff0c\u5c24\u5176\u662f\u6f14\u5458 Vin Diesel\u7684\u8981\u6c42\uff0c\u8bbe\u5907\u88ab\u7a7a\u8fd0\u5230\u9152\u5e97\uff0c\u4ee5\u4fbf\u4ed6\u53ef\u4ee5\u575a\u6301\u5065\u8eab\u8bad\u7ec3\u3002<\/p>\n<p>&nbsp;<\/p>\n<h4>\u526a\u8f91\u5ba4<\/h4>\n<p>\u9152\u5e97\u529e\u516c\u5ba4\u4e00\u5ea6\u88ab\u6539\u9020\u6210\u4e86\u526a\u8f91\u5ba4\uff0c\u4ee5\u4fbf\u526a\u8f91\u5e08\u4eec\u80fd\u591f\u65e5\u4ee5\u7ee7\u591c\u5730\u8fdb\u884c\u7535\u5f71\u526a\u8f91\u5de5\u4f5c\u3002<\/p>\n<p>&nbsp;<\/p>\n<h4>\u9e21\u5c3e\u9152\u4f1a<\/h4>\n<p>\u5728\u6bcf\u90e8\u7535\u5f71\u62cd\u6444\u671f\u95f4\uff0c\u6bcf\u5929\u90fd\u4f1a\u4e3e\u529e\u9e21\u5c3e\u9152\u4f1a\u3002\u9152\u5e97\u751a\u81f3\u7b79\u5907\u4e86\u4e00\u6b21\u6765\u5bbe\u8fc7\u767e\u4eba\u7684\u9e21\u5c3e\u9152\u4f1a\u3002[\/vc_column_text][\/vc_column_inner][vc_column_inner width=&#8221;1\/2&#8243;][vc_column_text]\n<h4>\u513f\u7ae5\u5929\u5802<\/h4>\n<p>\u56e0\u4e3a\u7535\u5f71\u300a\u767d\u9a91\u58eb\u300b\u7684\u62cd\u6444\u5de5\u4f5c\u6301\u7eed\u4e86\u597d\u51e0\u5468\uff0c\u6691\u5047\u671f\u95f4\uff0c\u6f14\u5458\u4eec\u628a\u4ed6\u4eec\u7684\u5b69\u5b50\u4e5f\u5e26\u5230\u4e86\u9152\u5e97\u3002\u9152\u5e97\u5de5\u4f5c\u56e2\u961f\u5728\u82b1\u56ed\u91cc\u642d\u5efa\u4e86\u4e00\u4e2a\u5de8\u578b\u5e10\u7bf7\uff0c\u8ba9\u5b69\u5b50\u4eec\u5728\u91cc\u9762\u7761\u89c9\u3002\u6211\u4eec\u8fd8\u628a\u4e00\u90e8\u5206\u9152\u5427\u6539\u9020\u6210\u4e86\u5c0f\u5267\u9662\uff0c\u8ba9\u5b69\u5b50\u4eec\u5728\u90a3\u91cc\u770b\u7535\u5f71\u3002<\/p>\n<p>&nbsp;<\/p>\n<h4>\u9664\u5915\u591c<\/h4>\n<p>\u9a6c\u6851\u591a\u4e9a\u5bab\u9152\u5e97\u4e5f\u975e\u5e38\u4e86\u89e3\u5982\u4f55\u5e86\u795d\u9664\u5915\u7684\u6765\u4e34\uff0c\u4e5f\u66fe\u7ecf\u4e3e\u529e\u8fc7\u4e00\u6b21\u522b\u5f00\u751f\u9762\u7684\u9664\u5915\u665a\u5bb4\u6d3e\u5bf9\u3002\u4e00\u4f4d\u6469\u6d1b\u54e5\u53a8\u5e08\u62df\u5236\u4e86\u4e00\u4efd\u83dc\u5355\u3002\u8fd9\u4efd\u83dc\u5355\u4e3b\u6253\u83dc\u662f\u6cd5\u56fd\u8fdb\u53e3\u7684\u9e45\u809d\u3001\u7261\u86ce\u548c\u9c91\u9c7c\u3002<\/p>\n<p>&nbsp;<\/p>\n<h4>\u5546\u52a1\u5348\u9910<\/h4>\n<p>\u572810\u6708\u5e95\u4e3e\u529e\u7684\u56fd\u9645\u6930\u67a3\u5c55\u4f1a\u671f\u95f4\uff0c\u9152\u5e97\u4e3e\u529e\u4e86\u4e00\u4e2a\u79c1\u4eba\u665a\u4f1a\uff0c\u7531\u4e00\u4e2a\u6469\u6d1b\u54e5\u53a8\u5e08\u8d1f\u8d23\u7b79\u5907\u98df\u7269[\/vc_column_text][\/vc_column_inner][\/vc_row_inner][vc_column_text]\n<h4>\u5176\u4f59\u6d3b\u52a8&#8230;<\/h4>\n<p>\u60f3\u6765\u70b9\u5bff\u53f8\u5417\uff1f\u6211\u4eec\u9152\u5e97\u53ef\u4ee5\u6ee1\u8db3\u60a8\u7684\u8981\u6c42\uff01<\/p>\n<p>\u9a6c\u6851\u591a\u4e9a\u5bab\u9152\u5e97\u8fd8\u53ef\u4ee5\u5229\u7528\u6574\u4e2a\u9152\u5427\uff0c\u5728\u6c99\u4e18\u7fa4\u4e4b\u95f4\uff0c\u4e3e\u529eDJ\u7bdd\u706b\u4e4b\u591c\u3002\u4f34\u968f\u7740\u73b0\u573a\u7684\u67cf\u67cf\u5c14\u97f3\u4e50\u548c\u70ed\u8fa3\u7684\u7535\u5b50\u4e50\u8282\u594f\uff0c\u5728\u661f\u5149\u4e0b\u8df3\u821e\uff0c\u4f1a\u8ba9\u60a8\u5ea6\u8fc7\u4e00\u4e2a\u96be\u5fd8\u7684\u591c\u665a\u3002\u9152\u5e97\u4f1a\u8d1f\u8d23\u6240\u6709\u5ba2\u4eba\u53c2\u52a0\u504f\u50fb\u5730\u70b9\u6d3e\u5bf9\u7684\u63a5\u9001\u5de5\u4f5c\u3002\u7ecf\u8fc7\u4e00\u665a\u7684\u72c2\u6b22\u6d3e\u5bf9\u540e\uff0c\u60a8\u8fd8\u53ef\u4ee5\u5728\u7eff\u6d32\u4e2d\u4eab\u7528\u4e00\u987f\u65e9\u5348\u9910\u3002<\/p>\n<p>\u6c38\u8fdc\u4e0d\u8981\u4e0d\u597d\u610f\u601d\u8bf4\u51fa\u60a8\u7684\u613f\u671b\u3002\u5728\u9a6c\u6851\u591a\u4e9a\u5bab\u9152\u5e97\uff0c\u4e00\u5207\u90fd\u662f\u53ef\u80fd\u7684\u3002\u53ea\u6709\u60a8\u60f3\u4e0d\u5230\uff0c\u6ca1\u6709\u6211\u4eec\u505a\u4e0d\u5230\u3002<\/p>\n[\/vc_column_text][vc_btn title=&#8221;\u7ec4\u7ec7\u60a8\u7684\u6d3b\u52a8&#8221; style=&#8221;classic&#8221; shape=&#8221;square&#8221; size=&#8221;lg&#8221; align=&#8221;center&#8221; link=&#8221;url:http%3A%2F%2Fwww.masandoia.com%2Fzh-hant%2Fcontact-us%2F|title:Organize%20your%20event||&#8221; el_class=&#8221;custom-button&#8221;][\/vc_column][vc_column width=&#8221;1\/6&#8243;][\/vc_column][\/vc_row]\n","protected":false},"excerpt":{"rendered":"<p>[vc_row][vc_column width=&#8221;1\/6&#8243;][\/vc_column] [&hellip;]<\/p>\n","protected":false},"author":1,"featured_media":0,"parent":0,"menu_order":0,"comment_status":"closed","ping_status":"closed","template":"page-templates\/page_without-sidebar.php","meta":{"_acf_changed":false,"footnotes":""},"class_list":["post-951","page","type-page","status-publish","hentry"],"acf":[],"yoast_head":"<!-- This site is optimized with the Yoast SEO plugin v27.1.1 - https:\/\/yoast.com\/product\/yoast-seo-wordpress\/ -->\n<title>Palais Masando\u00efa | PRIVATIZATION OF THE HOTEL<\/title>\n<meta name=\"description\" content=\"On each of these occasions, The Palais Masando\u00efa hotel and its team were given a chance to shine and to demonstrate creativity and flexibility.\" \/>\n<meta name=\"robots\" content=\"index, follow, max-snippet:-1, max-image-preview:large, max-video-preview:-1\" \/>\n<link rel=\"canonical\" href=\"https:\/\/www.masandoia.com\/zh-hant\/your-event\/\" \/>\n<meta property=\"og:locale\" content=\"zh_TW\" \/>\n<meta property=\"og:type\" content=\"article\" \/>\n<meta property=\"og:title\" content=\"Palais Masando\u00efa | PRIVATIZATION OF THE HOTEL\" \/>\n<meta property=\"og:description\" content=\"On each of these occasions, The Palais Masando\u00efa hotel and its team were given a chance to shine and to demonstrate creativity and flexibility.\" \/>\n<meta property=\"og:url\" content=\"https:\/\/www.masandoia.com\/zh-hant\/your-event\/\" \/>\n<meta property=\"og:site_name\" content=\"Palais Masando\u00efa\" \/>\n<meta property=\"article:modified_time\" content=\"2022-09-07T13:54:26+00:00\" \/>\n<meta property=\"og:image\" content=\"https:\/\/www.masandoia.com\/wp-content\/uploads\/2022\/08\/affiche-film-un-jour-dans-la-vie-de-billy-lynn.jpg\" \/>\n\t<meta property=\"og:image:width\" content=\"540\" \/>\n\t<meta property=\"og:image:height\" content=\"720\" \/>\n\t<meta property=\"og:image:type\" content=\"image\/jpeg\" \/>\n<meta name=\"twitter:card\" content=\"summary_large_image\" \/>\n<meta name=\"twitter:label1\" content=\"\u9810\u4f30\u95b1\u8b80\u6642\u9593\" \/>\n\t<meta name=\"twitter:data1\" content=\"1 \u5206\u9418\" \/>\n<script type=\"application\/ld+json\" class=\"yoast-schema-graph\">{\"@context\":\"https:\/\/schema.org\",\"@graph\":[{\"@type\":\"WebPage\",\"@id\":\"https:\/\/www.masandoia.com\/zh-hant\/your-event\/\",\"url\":\"https:\/\/www.masandoia.com\/zh-hant\/your-event\/\",\"name\":\"Palais Masando\u00efa | PRIVATIZATION OF THE HOTEL\",\"isPartOf\":{\"@id\":\"https:\/\/www.masandoia.com\/zh-hant\/#website\"},\"datePublished\":\"2022-08-30T15:16:05+00:00\",\"dateModified\":\"2022-09-07T13:54:26+00:00\",\"description\":\"On each of these occasions, The Palais Masando\u00efa hotel and its team were given a chance to shine and to demonstrate creativity and flexibility.\",\"breadcrumb\":{\"@id\":\"https:\/\/www.masandoia.com\/zh-hant\/your-event\/#breadcrumb\"},\"inLanguage\":\"zh-TW\",\"potentialAction\":[{\"@type\":\"ReadAction\",\"target\":[\"https:\/\/www.masandoia.com\/zh-hant\/your-event\/\"]}]},{\"@type\":\"BreadcrumbList\",\"@id\":\"https:\/\/www.masandoia.com\/zh-hant\/your-event\/#breadcrumb\",\"itemListElement\":[{\"@type\":\"ListItem\",\"position\":1,\"name\":\"Home\",\"item\":\"https:\/\/www.masandoia.com\/zh-hant\/\"},{\"@type\":\"ListItem\",\"position\":2,\"name\":\"\u5305\u7528\u9152\u5e97\u548c\u4e2a\u6027\u5316\u6d3b\u52a8\"}]},{\"@type\":\"WebSite\",\"@id\":\"https:\/\/www.masandoia.com\/zh-hant\/#website\",\"url\":\"https:\/\/www.masandoia.com\/zh-hant\/\",\"name\":\"Palais Masando\u00efa\",\"description\":\"Boutique h\u00f4tel d&#039;exception \u00e0 Erfoud\",\"potentialAction\":[{\"@type\":\"SearchAction\",\"target\":{\"@type\":\"EntryPoint\",\"urlTemplate\":\"https:\/\/www.masandoia.com\/zh-hant\/?s={search_term_string}\"},\"query-input\":{\"@type\":\"PropertyValueSpecification\",\"valueRequired\":true,\"valueName\":\"search_term_string\"}}],\"inLanguage\":\"zh-TW\"}]}<\/script>\n<!-- \/ Yoast SEO plugin. -->","yoast_head_json":{"title":"Palais Masando\u00efa | PRIVATIZATION OF THE HOTEL","description":"On each of these occasions, The Palais Masando\u00efa hotel and its team were given a chance to shine and to demonstrate creativity and flexibility.","robots":{"index":"index","follow":"follow","max-snippet":"max-snippet:-1","max-image-preview":"max-image-preview:large","max-video-preview":"max-video-preview:-1"},"canonical":"https:\/\/www.masandoia.com\/zh-hant\/your-event\/","og_locale":"zh_TW","og_type":"article","og_title":"Palais Masando\u00efa | PRIVATIZATION OF THE HOTEL","og_description":"On each of these occasions, The Palais Masando\u00efa hotel and its team were given a chance to shine and to demonstrate creativity and flexibility.","og_url":"https:\/\/www.masandoia.com\/zh-hant\/your-event\/","og_site_name":"Palais Masando\u00efa","article_modified_time":"2022-09-07T13:54:26+00:00","og_image":[{"width":540,"height":720,"url":"https:\/\/www.masandoia.com\/wp-content\/uploads\/2022\/08\/affiche-film-un-jour-dans-la-vie-de-billy-lynn.jpg","type":"image\/jpeg"}],"twitter_card":"summary_large_image","twitter_misc":{"\u9810\u4f30\u95b1\u8b80\u6642\u9593":"1 \u5206\u9418"},"schema":{"@context":"https:\/\/schema.org","@graph":[{"@type":"WebPage","@id":"https:\/\/www.masandoia.com\/zh-hant\/your-event\/","url":"https:\/\/www.masandoia.com\/zh-hant\/your-event\/","name":"Palais Masando\u00efa | PRIVATIZATION OF THE HOTEL","isPartOf":{"@id":"https:\/\/www.masandoia.com\/zh-hant\/#website"},"datePublished":"2022-08-30T15:16:05+00:00","dateModified":"2022-09-07T13:54:26+00:00","description":"On each of these occasions, The Palais Masando\u00efa hotel and its team were given a chance to shine and to demonstrate creativity and flexibility.","breadcrumb":{"@id":"https:\/\/www.masandoia.com\/zh-hant\/your-event\/#breadcrumb"},"inLanguage":"zh-TW","potentialAction":[{"@type":"ReadAction","target":["https:\/\/www.masandoia.com\/zh-hant\/your-event\/"]}]},{"@type":"BreadcrumbList","@id":"https:\/\/www.masandoia.com\/zh-hant\/your-event\/#breadcrumb","itemListElement":[{"@type":"ListItem","position":1,"name":"Home","item":"https:\/\/www.masandoia.com\/zh-hant\/"},{"@type":"ListItem","position":2,"name":"\u5305\u7528\u9152\u5e97\u548c\u4e2a\u6027\u5316\u6d3b\u52a8"}]},{"@type":"WebSite","@id":"https:\/\/www.masandoia.com\/zh-hant\/#website","url":"https:\/\/www.masandoia.com\/zh-hant\/","name":"Palais Masando\u00efa","description":"Boutique h\u00f4tel d&#039;exception \u00e0 Erfoud","potentialAction":[{"@type":"SearchAction","target":{"@type":"EntryPoint","urlTemplate":"https:\/\/www.masandoia.com\/zh-hant\/?s={search_term_string}"},"query-input":{"@type":"PropertyValueSpecification","valueRequired":true,"valueName":"search_term_string"}}],"inLanguage":"zh-TW"}]}},"_links":{"self":[{"href":"https:\/\/www.masandoia.com\/zh-hant\/wp-json\/wp\/v2\/pages\/951","targetHints":{"allow":["GET"]}}],"collection":[{"href":"https:\/\/www.masandoia.com\/zh-hant\/wp-json\/wp\/v2\/pages"}],"about":[{"href":"https:\/\/www.masandoia.com\/zh-hant\/wp-json\/wp\/v2\/types\/page"}],"author":[{"embeddable":true,"href":"https:\/\/www.masandoia.com\/zh-hant\/wp-json\/wp\/v2\/users\/1"}],"replies":[{"embeddable":true,"href":"https:\/\/www.masandoia.com\/zh-hant\/wp-json\/wp\/v2\/comments?post=951"}],"version-history":[{"count":2,"href":"https:\/\/www.masandoia.com\/zh-hant\/wp-json\/wp\/v2\/pages\/951\/revisions"}],"predecessor-version":[{"id":964,"href":"https:\/\/www.masandoia.com\/zh-hant\/wp-json\/wp\/v2\/pages\/951\/revisions\/964"}],"wp:attachment":[{"href":"https:\/\/www.masandoia.com\/zh-hant\/wp-json\/wp\/v2\/media?parent=951"}],"curies":[{"name":"wp","href":"https:\/\/api.w.org\/{rel}","templated":true}]}}