{"id":955,"date":"2022-08-30T17:11:21","date_gmt":"2022-08-30T15:11:21","guid":{"rendered":"http:\/\/www.masandoia.com\/contact-us\/"},"modified":"2022-09-07T15:40:57","modified_gmt":"2022-09-07T13:40:57","slug":"contact-us","status":"publish","type":"page","link":"https:\/\/www.masandoia.com\/zh-hant\/contact-us\/","title":{"rendered":"\u8054\u7cfb\u6211\u4eec"},"content":{"rendered":"[vc_row][vc_column width=&#8221;1\/6&#8243;][\/vc_column][vc_column width=&#8221;2\/3&#8243;][vc_row_inner][vc_column_inner width=&#8221;1\/3&#8243; css=&#8221;.vc_custom_1661960872532{margin-right: 20px !important;padding-right: 20px !important;}&#8221;][vc_column_text]\n<h4>\u9700\u8981\u76f8\u5173\u4fe1\u606f\uff1f<\/h4>\n<p>\u6211\u4eec\u7684\u56e2\u961f\u968f\u65f6\u51c6\u5907\u56de\u7b54\u60a8\u7684\u4efb\u4f55\u95ee\u9898\u3002 \u5982\u679c\u60a8\u6709\u7279\u6b8a\u8981\u6c42\u6216\u9700\u8981\u4e00\u4e9b\u5efa\u8bae\uff0c\u8bf7\u8054\u7cfb\u6211\u4eec\uff01[\/vc_column_text][vc_column_text css=&#8221;.vc_custom_1662558004985{margin-top: 40px !important;}&#8221;]\n<h4>\u8054\u7cfb\u6211\u4eec<\/h4>\n<p>\u9a6c\u6851\u591a\u4e9a\u5bab\u9152\u5e97\uff08Palais Masando\u00efa\uff09\uff0c\u4f0a\u5c14\u5bcc\u5fb7, \u6469\u6d1b\u54e5<\/p>\n<p>\u4ece\u62c9\u5e0c\u8fea\u8036\uff08Er Rachidia\uff09\u5230\u4f0a\u5c14\u5bcc\u5fb7\uff08Erfoud\uff09\u8def\u4e0a\uff0c\u8ddd\u4f0a\u5c14\u5bcc\u5fb7\u5e025\u516c\u91cc\u3002<\/p>\n<p><i class=\"fa fa-phone\"><\/i> 00 212 (0)5 35 57 60 48<\/p>\n<p><i class=\"fa fa-fax\"><\/i> 00 212 (0)5 35 57 60 44 (Fax)<\/p>\n<p><i class=\"fa fa-envelope\"><\/i> contact(a)masandoia.com[\/vc_column_text][vc_column_text css=&#8221;.vc_custom_1662558017408{margin-top: 40px !important;margin-bottom: 5px !important;}&#8221;]\n<h4>\u52a0\u5165\u6211\u4eec\u7684\u793e\u4ea4\u7f51\u7edc<\/h4>\n[\/vc_column_text][vc_icon type=&#8221;monosocial&#8221; icon_monosocial=&#8221;vc-mono vc-mono-facebook&#8221; color=&#8221;custom&#8221; align=&#8221;center&#8221; custom_color=&#8221;#444444&#8243; link=&#8221;url:https%3A%2F%2Fwww.facebook.com%2Fpalais.masandoia%2F||target:%20_blank|&#8221; el_class=&#8221;align-icon&#8221;][vc_icon type=&#8221;monosocial&#8221; icon_monosocial=&#8221;vc-mono vc-mono-instagram&#8221; color=&#8221;custom&#8221; align=&#8221;center&#8221; custom_color=&#8221;#444444&#8243; link=&#8221;url:https%3A%2F%2Fwww.instagram.com%2Fhotelpalaismasandoia%2F||target:%20_blank|&#8221; el_class=&#8221;align-icon&#8221;][vc_icon type=&#8221;monosocial&#8221; icon_monosocial=&#8221;vc-mono vc-mono-twitterbird&#8221; color=&#8221;custom&#8221; align=&#8221;center&#8221; custom_color=&#8221;#444444&#8243; link=&#8221;url:https%3A%2F%2Ftwitter.com%2Fmasandoia%2F||target:%20_blank|&#8221; el_class=&#8221;align-icon&#8221;][vc_column_text css=&#8221;.vc_custom_1662558028629{margin-top: 40px !important;}&#8221;]\n<h4>\u732b\u9014\u9e70\uff08TRIPADVISOR\uff09\u7f51\u7ad9\u63a8\u8350<\/h4>\n[\/vc_column_text][vc_raw_html]JTNDZGl2JTIwY2xhc3MlM0QlMjJ0ZXh0d2lkZ2V0JTIwY3VzdG9tLWh0bWwtd2lkZ2V0JTIyJTNFJTNDZGl2JTIwaWQlM0QlMjJUQV9jZXJ0aWZpY2F0ZU9mRXhjZWxsZW5jZTUwMyUyMiUyMGNsYXNzJTNEJTIyVEFfY2VydGlmaWNhdGVPZkV4Y2VsbGVuY2UlMjIlM0UlM0NkaXYlMjBpZCUzRCUyMkNEU1dJRENPRSUyMiUyMGNsYXNzJTNEJTIyd2lkQ09FJTIwY3hfYnJhbmRfcmVmcmVzaCUyMCUyMiUzRSUyMCUzQ2ElMjBjbGFzcyUzRCUyMndpZENPRUNsaWNrV3JhcCUyMiUyMHRhcmdldCUzRCUyMl9ibGFuayUyMiUyMGhyZWYlM0QlMjJodHRwcyUzQSUyRiUyRnd3dy50cmlwYWR2aXNvci5mciUyRkhvdGVsX1Jldmlldy1nMzE3MDcwLWQ0MzUxOTI5LVJldmlld3MtUGFsYWlzX01hc2FuZG9pYS1FcmZvdWRfTWVrbmVzX1RhZmlsYWxldF9SZWdpb24uaHRtbCUyMiUyMG9uY2xpY2slM0QlMjJ0YS5jZHMuaGFuZGxlVEFMaW5rJTI4MTQzNDglMkN0aGlzJTI5JTNCcmV0dXJuJTIwdHJ1ZSUzQiUyMiUzRSUzQyUyRmElM0UlMjAlM0NkaXYlMjBjbGFzcyUzRCUyMndpZENPRVRpdGxlJTIyJTNFJTIwQXR0ZXN0YXRpb24lMjBkJTI3RXhjZWxsZW5jZSUyMCUzQ3NwYW4lMjBjbGFzcyUzRCUyMndpZENPRURhdGVUZXh0JTIyJTNFMjAxNyUzQyUyRnNwYW4lM0UlMjAlM0MlMkZkaXYlM0UlMjAlM0NkaXYlMjBjbGFzcyUzRCUyMndpZENPRVJlYWRSZXZpZXdzJTIyJTNFJTIwTGlzZXolMjBsZXMlMjBhdmlzJTIwJTNDJTJGZGl2JTNFJTIwJTNDZGl2JTIwY2xhc3MlM0QlMjJ3aWRDT0VMb2dvJTIyJTNFJTIwJTNDYSUyMHRhcmdldCUzRCUyMl9ibGFuayUyMiUyMGhyZWYlM0QlMjJodHRwcyUzQSUyRiUyRnd3dy50cmlwYWR2aXNvci5mciUyRkhvdGVsX1Jldmlldy1nMzE3MDcwLWQ0MzUxOTI5LVJldmlld3MtUGFsYWlzX01hc2FuZG9pYS1FcmZvdWRfTWVrbmVzX1RhZmlsYWxldF9SZWdpb24uaHRtbCUyMiUyMHJlbCUzRCUyMm5vZm9sbG93JTIyJTNFJTNDaW1nJTIwc3JjJTNEJTIyaHR0cHMlM0ElMkYlMkZ3d3cudHJpcGFkdmlzb3IuZnIlMkZpbWclMkZjZHNpJTJGaW1nMiUyRmF3YXJkcyUyRnYyJTJGY29lLTE0MzQ4LTIucG5nJTIyJTIwYWx0JTNEJTIyVHJpcGFkdmlzb3IlMjIlMjBjbGFzcyUzRCUyMndpZENPRUltZyUyMiUyMGlkJTNEJTIyQ0RTV0lEQ09FTE9HTyUyMiUzRSUzQyUyRmElM0UlMjAlM0MlMkZkaXYlM0UlMjAlM0MlMkZkaXYlM0UlM0MlMjEtLSUyRiUyMCUyM0NEU1dJRENPRS0tJTNFJTIwJTNDJTJGZGl2JTNFJTBBJTNDc2NyaXB0JTIwYXN5bmMlM0QlMjIlMjIlMjBzcmMlM0QlMjJodHRwcyUzQSUyRiUyRnd3dy5qc2NhY2hlLmNvbSUyRndlanMlM0Z3dHlwZSUzRGNlcnRpZmljYXRlT2ZFeGNlbGxlbmNlJTI2YW1wJTNCdW5pcSUzRDUwMyUyNmFtcCUzQmxvY2F0aW9uSWQlM0Q0MzUxOTI5JTI2YW1wJTNCbGFuZyUzRGZyJTI2YW1wJTNCeWVhciUzRDIwMTclMjZhbXAlM0JkaXNwbGF5X3ZlcnNpb24lM0QyJTIyJTNFJTNDJTJGc2NyaXB0JTNFJTNDJTJGZGl2JTNF[\/vc_raw_html][\/vc_column_inner][vc_column_inner width=&#8221;2\/3&#8243;][vc_column_text]\n<h3>\u8bf7\u586b\u5199\u4e0b\u9762\u8868\u683c\u8054\u7cfb\u6211\u4eec.<\/h3>\n[\/vc_column_text][vc_column_text]\n<div class=\"wpcf7 no-js\" id=\"wpcf7-f958-o1\" lang=\"zh-TW\" dir=\"ltr\" data-wpcf7-id=\"958\">\n<div class=\"screen-reader-response\"><p role=\"status\" aria-live=\"polite\" aria-atomic=\"true\"><\/p> <ul><\/ul><\/div>\n<form action=\"\/zh-hant\/wp-json\/wp\/v2\/pages\/955#wpcf7-f958-o1\" method=\"post\" class=\"wpcf7-form init\" aria-label=\"\u806f\u7d61\u8868\u55ae\" novalidate=\"novalidate\" data-status=\"init\">\n<fieldset class=\"hidden-fields-container\"><input type=\"hidden\" name=\"_wpcf7\" value=\"958\" \/><input type=\"hidden\" name=\"_wpcf7_version\" value=\"6.1.5\" \/><input type=\"hidden\" name=\"_wpcf7_locale\" value=\"zh_TW\" \/><input type=\"hidden\" name=\"_wpcf7_unit_tag\" value=\"wpcf7-f958-o1\" \/><input type=\"hidden\" name=\"_wpcf7_container_post\" value=\"0\" \/><input type=\"hidden\" name=\"_wpcf7_posted_data_hash\" value=\"\" \/>\n<\/fieldset>\n<p><label> \u59d3*<br \/>\n<span class=\"wpcf7-form-control-wrap\" data-name=\"your-name\"><input size=\"40\" maxlength=\"400\" class=\"wpcf7-form-control wpcf7-text wpcf7-validates-as-required\" aria-required=\"true\" aria-invalid=\"false\" value=\"\" type=\"text\" name=\"your-name\" \/><\/span> <\/label>\n<\/p>\n<p><label> \u540d*<br \/>\n<span class=\"wpcf7-form-control-wrap\" data-name=\"your-firstname\"><input size=\"40\" maxlength=\"400\" class=\"wpcf7-form-control wpcf7-text wpcf7-validates-as-required\" aria-required=\"true\" aria-invalid=\"false\" value=\"\" type=\"text\" name=\"your-firstname\" \/><\/span> <\/label>\n<\/p>\n<p><label> \u7535\u5b50\u90ae\u4ef6*<br \/>\n<span class=\"wpcf7-form-control-wrap\" data-name=\"your-email\"><input size=\"40\" maxlength=\"400\" class=\"wpcf7-form-control wpcf7-email wpcf7-validates-as-required wpcf7-text wpcf7-validates-as-email\" aria-required=\"true\" aria-invalid=\"false\" value=\"\" type=\"email\" name=\"your-email\" \/><\/span> <\/label>\n<\/p>\n<p><label> \u7535\u8bdd\u53f7\u7801<br \/>\n<span class=\"wpcf7-form-control-wrap\" data-name=\"your-number\"><input size=\"40\" maxlength=\"400\" class=\"wpcf7-form-control wpcf7-text wpcf7-validates-as-required\" aria-required=\"true\" aria-invalid=\"false\" value=\"\" type=\"text\" name=\"your-number\" \/><\/span> <\/label>\n<\/p>\n<p><label> \u4fe1\u606f<br \/>\n<span class=\"wpcf7-form-control-wrap\" data-name=\"your-message\"><textarea cols=\"40\" rows=\"10\" maxlength=\"2000\" class=\"wpcf7-form-control wpcf7-textarea\" aria-invalid=\"false\" name=\"your-message\"><\/textarea><\/span> <\/label>\n<\/p>\n<p><span class=\"wpcf7-form-control-wrap\" data-name=\"checkbox-197\"><span class=\"wpcf7-form-control wpcf7-checkbox wpcf7-validates-as-required\"><span class=\"wpcf7-list-item first last\"><input type=\"checkbox\" name=\"checkbox-197[]\" value=\"\u63d0\u4ea4\u6b64\u8868\u683c\uff0c\u8868\u793a\u60a8\u540c\u610f\u6211\u4eec\u5904\u7406\u5e76\u4f7f\u7528\u8868\u4e2d\u586b\u5199\u7684\u4fe1\u606f\u4e0e\u60a8\u8054\u7cfb\u6216\u8fdb\u884c\u7531\u672c\u4fe1\u606f\u8bf7\u6c42\u800c\u4ea7\u751f\u7684\u4e1a\u52a1\u5f80\u6765\u3002\" \/><span class=\"wpcf7-list-item-label\">\u63d0\u4ea4\u6b64\u8868\u683c\uff0c\u8868\u793a\u60a8\u540c\u610f\u6211\u4eec\u5904\u7406\u5e76\u4f7f\u7528\u8868\u4e2d\u586b\u5199\u7684\u4fe1\u606f\u4e0e\u60a8\u8054\u7cfb\u6216\u8fdb\u884c\u7531\u672c\u4fe1\u606f\u8bf7\u6c42\u800c\u4ea7\u751f\u7684\u4e1a\u52a1\u5f80\u6765\u3002<\/span><\/span><\/span><\/span>\n<\/p>\n<p><span id=\"wpcf7-69e49d25671d0-wrapper\" class=\"wpcf7-form-control-wrap contact-email-wrap\" style=\"display:none !important; visibility:hidden !important;\"><label for=\"wpcf7-69e49d25671d0-field\" class=\"hp-message\">\u8acb\u5c07\u9019\u500b\u6b04\u4f4d\u7559\u7a7a\u3002<\/label><input id=\"wpcf7-69e49d25671d0-field\"  class=\"wpcf7-form-control wpcf7-text\" type=\"text\" name=\"contact-email\" value=\"\" size=\"40\" tabindex=\"-1\" autocomplete=\"new-password\" \/><\/span>\n<\/p>\n<p><input class=\"wpcf7-form-control wpcf7-submit has-spinner\" type=\"submit\" value=\"\u63d0\u4ea4\" \/>\n<\/p><div class=\"wpcf7-response-output\" aria-hidden=\"true\"><\/div>\n<\/form>\n<\/div>\n[\/vc_column_text][\/vc_column_inner][\/vc_row_inner][\/vc_column][vc_column width=&#8221;1\/6&#8243;][\/vc_column][\/vc_row]\n","protected":false},"excerpt":{"rendered":"<p>[vc_row][vc_column width=&#8221;1\/6&#8243;][\/vc_column] [&hellip;]<\/p>\n","protected":false},"author":1,"featured_media":0,"parent":0,"menu_order":0,"comment_status":"closed","ping_status":"closed","template":"page-templates\/page_without-sidebar.php","meta":{"_acf_changed":false,"footnotes":""},"class_list":["post-955","page","type-page","status-publish","hentry"],"acf":[],"yoast_head":"<!-- This site is optimized with the Yoast SEO plugin v27.1.1 - https:\/\/yoast.com\/product\/yoast-seo-wordpress\/ -->\n<title>Palais Masando\u00efa | \u8054\u7cfb\u6211\u4eec<\/title>\n<meta name=\"description\" content=\"Notre \u00e9quipe est \u00e0 votre disposition pour r\u00e9pondre \u00e0 toutes vos questions. Une demande Our team stays at your disposal for any questions. If you have a special request or need advice, contact us!\" \/>\n<meta name=\"robots\" content=\"index, follow, max-snippet:-1, max-image-preview:large, max-video-preview:-1\" \/>\n<link rel=\"canonical\" href=\"https:\/\/www.masandoia.com\/zh-hant\/contact-us\/\" \/>\n<meta property=\"og:locale\" content=\"zh_TW\" \/>\n<meta property=\"og:type\" content=\"article\" \/>\n<meta property=\"og:title\" content=\"Palais Masando\u00efa | \u8054\u7cfb\u6211\u4eec\" \/>\n<meta property=\"og:description\" content=\"Notre \u00e9quipe est \u00e0 votre disposition pour r\u00e9pondre \u00e0 toutes vos questions. Une demande Our team stays at your disposal for any questions. If you have a special request or need advice, contact us!\" \/>\n<meta property=\"og:url\" content=\"https:\/\/www.masandoia.com\/zh-hant\/contact-us\/\" \/>\n<meta property=\"og:site_name\" content=\"Palais Masando\u00efa\" \/>\n<meta property=\"article:modified_time\" content=\"2022-09-07T13:40:57+00:00\" \/>\n<meta property=\"og:image\" content=\"https:\/\/www.masandoia.com\/wp-content\/uploads\/2022\/08\/hotel-exception-maroc-palais-masandoia.jpg\" \/>\n\t<meta property=\"og:image:width\" content=\"2000\" \/>\n\t<meta property=\"og:image:height\" content=\"1333\" \/>\n\t<meta property=\"og:image:type\" content=\"image\/jpeg\" \/>\n<meta name=\"twitter:card\" content=\"summary_large_image\" \/>\n<meta name=\"twitter:label1\" content=\"\u9810\u4f30\u95b1\u8b80\u6642\u9593\" \/>\n\t<meta name=\"twitter:data1\" content=\"1 \u5206\u9418\" \/>\n<script type=\"application\/ld+json\" class=\"yoast-schema-graph\">{\"@context\":\"https:\/\/schema.org\",\"@graph\":[{\"@type\":\"WebPage\",\"@id\":\"https:\/\/www.masandoia.com\/zh-hant\/contact-us\/\",\"url\":\"https:\/\/www.masandoia.com\/zh-hant\/contact-us\/\",\"name\":\"Palais Masando\u00efa | \u8054\u7cfb\u6211\u4eec\",\"isPartOf\":{\"@id\":\"https:\/\/www.masandoia.com\/zh-hant\/#website\"},\"datePublished\":\"2022-08-30T15:11:21+00:00\",\"dateModified\":\"2022-09-07T13:40:57+00:00\",\"description\":\"Notre \u00e9quipe est \u00e0 votre disposition pour r\u00e9pondre \u00e0 toutes vos questions. Une demande Our team stays at your disposal for any questions. If you have a special request or need advice, contact us!\",\"breadcrumb\":{\"@id\":\"https:\/\/www.masandoia.com\/zh-hant\/contact-us\/#breadcrumb\"},\"inLanguage\":\"zh-TW\",\"potentialAction\":[{\"@type\":\"ReadAction\",\"target\":[\"https:\/\/www.masandoia.com\/zh-hant\/contact-us\/\"]}]},{\"@type\":\"BreadcrumbList\",\"@id\":\"https:\/\/www.masandoia.com\/zh-hant\/contact-us\/#breadcrumb\",\"itemListElement\":[{\"@type\":\"ListItem\",\"position\":1,\"name\":\"Home\",\"item\":\"https:\/\/www.masandoia.com\/zh-hant\/\"},{\"@type\":\"ListItem\",\"position\":2,\"name\":\"\u8054\u7cfb\u6211\u4eec\"}]},{\"@type\":\"WebSite\",\"@id\":\"https:\/\/www.masandoia.com\/zh-hant\/#website\",\"url\":\"https:\/\/www.masandoia.com\/zh-hant\/\",\"name\":\"Palais Masando\u00efa\",\"description\":\"Boutique h\u00f4tel d&#039;exception \u00e0 Erfoud\",\"potentialAction\":[{\"@type\":\"SearchAction\",\"target\":{\"@type\":\"EntryPoint\",\"urlTemplate\":\"https:\/\/www.masandoia.com\/zh-hant\/?s={search_term_string}\"},\"query-input\":{\"@type\":\"PropertyValueSpecification\",\"valueRequired\":true,\"valueName\":\"search_term_string\"}}],\"inLanguage\":\"zh-TW\"}]}<\/script>\n<!-- \/ Yoast SEO plugin. -->","yoast_head_json":{"title":"Palais Masando\u00efa | \u8054\u7cfb\u6211\u4eec","description":"Notre \u00e9quipe est \u00e0 votre disposition pour r\u00e9pondre \u00e0 toutes vos questions. Une demande Our team stays at your disposal for any questions. If you have a special request or need advice, contact us!","robots":{"index":"index","follow":"follow","max-snippet":"max-snippet:-1","max-image-preview":"max-image-preview:large","max-video-preview":"max-video-preview:-1"},"canonical":"https:\/\/www.masandoia.com\/zh-hant\/contact-us\/","og_locale":"zh_TW","og_type":"article","og_title":"Palais Masando\u00efa | \u8054\u7cfb\u6211\u4eec","og_description":"Notre \u00e9quipe est \u00e0 votre disposition pour r\u00e9pondre \u00e0 toutes vos questions. Une demande Our team stays at your disposal for any questions. If you have a special request or need advice, contact us!","og_url":"https:\/\/www.masandoia.com\/zh-hant\/contact-us\/","og_site_name":"Palais Masando\u00efa","article_modified_time":"2022-09-07T13:40:57+00:00","og_image":[{"width":2000,"height":1333,"url":"https:\/\/www.masandoia.com\/wp-content\/uploads\/2022\/08\/hotel-exception-maroc-palais-masandoia.jpg","type":"image\/jpeg"}],"twitter_card":"summary_large_image","twitter_misc":{"\u9810\u4f30\u95b1\u8b80\u6642\u9593":"1 \u5206\u9418"},"schema":{"@context":"https:\/\/schema.org","@graph":[{"@type":"WebPage","@id":"https:\/\/www.masandoia.com\/zh-hant\/contact-us\/","url":"https:\/\/www.masandoia.com\/zh-hant\/contact-us\/","name":"Palais Masando\u00efa | \u8054\u7cfb\u6211\u4eec","isPartOf":{"@id":"https:\/\/www.masandoia.com\/zh-hant\/#website"},"datePublished":"2022-08-30T15:11:21+00:00","dateModified":"2022-09-07T13:40:57+00:00","description":"Notre \u00e9quipe est \u00e0 votre disposition pour r\u00e9pondre \u00e0 toutes vos questions. Une demande Our team stays at your disposal for any questions. If you have a special request or need advice, contact us!","breadcrumb":{"@id":"https:\/\/www.masandoia.com\/zh-hant\/contact-us\/#breadcrumb"},"inLanguage":"zh-TW","potentialAction":[{"@type":"ReadAction","target":["https:\/\/www.masandoia.com\/zh-hant\/contact-us\/"]}]},{"@type":"BreadcrumbList","@id":"https:\/\/www.masandoia.com\/zh-hant\/contact-us\/#breadcrumb","itemListElement":[{"@type":"ListItem","position":1,"name":"Home","item":"https:\/\/www.masandoia.com\/zh-hant\/"},{"@type":"ListItem","position":2,"name":"\u8054\u7cfb\u6211\u4eec"}]},{"@type":"WebSite","@id":"https:\/\/www.masandoia.com\/zh-hant\/#website","url":"https:\/\/www.masandoia.com\/zh-hant\/","name":"Palais Masando\u00efa","description":"Boutique h\u00f4tel d&#039;exception \u00e0 Erfoud","potentialAction":[{"@type":"SearchAction","target":{"@type":"EntryPoint","urlTemplate":"https:\/\/www.masandoia.com\/zh-hant\/?s={search_term_string}"},"query-input":{"@type":"PropertyValueSpecification","valueRequired":true,"valueName":"search_term_string"}}],"inLanguage":"zh-TW"}]}},"_links":{"self":[{"href":"https:\/\/www.masandoia.com\/zh-hant\/wp-json\/wp\/v2\/pages\/955","targetHints":{"allow":["GET"]}}],"collection":[{"href":"https:\/\/www.masandoia.com\/zh-hant\/wp-json\/wp\/v2\/pages"}],"about":[{"href":"https:\/\/www.masandoia.com\/zh-hant\/wp-json\/wp\/v2\/types\/page"}],"author":[{"embeddable":true,"href":"https:\/\/www.masandoia.com\/zh-hant\/wp-json\/wp\/v2\/users\/1"}],"replies":[{"embeddable":true,"href":"https:\/\/www.masandoia.com\/zh-hant\/wp-json\/wp\/v2\/comments?post=955"}],"version-history":[{"count":2,"href":"https:\/\/www.masandoia.com\/zh-hant\/wp-json\/wp\/v2\/pages\/955\/revisions"}],"predecessor-version":[{"id":957,"href":"https:\/\/www.masandoia.com\/zh-hant\/wp-json\/wp\/v2\/pages\/955\/revisions\/957"}],"wp:attachment":[{"href":"https:\/\/www.masandoia.com\/zh-hant\/wp-json\/wp\/v2\/media?parent=955"}],"curies":[{"name":"wp","href":"https:\/\/api.w.org\/{rel}","templated":true}]}}